{"id":1893,"date":"2025-11-12T07:13:34","date_gmt":"2025-11-12T07:13:34","guid":{"rendered":"https:\/\/www.topchinapack.com\/?post_type=product&#038;p=1893"},"modified":"2025-11-17T07:28:39","modified_gmt":"2025-11-17T07:28:39","slug":"wholesale-custom-spout-bags","status":"publish","type":"product","link":"https:\/\/www.topchinapack.com\/es\/producto\/wholesale-custom-spout-bags\/","title":{"rendered":"Venta al por mayor de bolsas con boquilla personalizadas para marcas de bebidas, fabricantes de alimentos y distribuidores"},"content":{"rendered":"<div class=\"wp-block-columns is-layout-flex wp-container-core-columns-is-layout-9d6595d7 wp-block-columns-is-layout-flex\">\n<div class=\"wp-block-column is-layout-flow wp-block-column-is-layout-flow\">\n<figure class=\"wp-block-image size-full\"><img decoding=\"async\" width=\"1280\" height=\"1280\" src=\"https:\/\/www.topchinapack.com\/wp-content\/uploads\/2025\/11\/custom-juice-packaging-3.webp\" alt=\"custom juice packaging (3)\" class=\"wp-image-2858\" srcset=\"https:\/\/www.topchinapack.com\/wp-content\/uploads\/2025\/11\/custom-juice-packaging-3.webp 1280w, https:\/\/www.topchinapack.com\/wp-content\/uploads\/2025\/11\/custom-juice-packaging-3-300x300.webp 300w, https:\/\/www.topchinapack.com\/wp-content\/uploads\/2025\/11\/custom-juice-packaging-3-150x150.webp 150w, https:\/\/www.topchinapack.com\/wp-content\/uploads\/2025\/11\/custom-juice-packaging-3-768x768.webp 768w, https:\/\/www.topchinapack.com\/wp-content\/uploads\/2025\/11\/custom-juice-packaging-3-12x12.webp 12w, https:\/\/www.topchinapack.com\/wp-content\/uploads\/2025\/11\/custom-juice-packaging-3-1200x1200.webp 1200w, https:\/\/www.topchinapack.com\/wp-content\/uploads\/2025\/11\/custom-juice-packaging-3-600x600.webp 600w, https:\/\/www.topchinapack.com\/wp-content\/uploads\/2025\/11\/custom-juice-packaging-3-100x100.webp 100w\" sizes=\"(max-width: 1280px) 100vw, 1280px\" \/><\/figure>\n<\/div>\n\n\n\n<div class=\"wp-block-column is-layout-flow wp-block-column-is-layout-flow\">\n<figure class=\"wp-block-image size-full\"><img decoding=\"async\" width=\"2048\" height=\"2048\" src=\"https:\/\/www.topchinapack.com\/wp-content\/uploads\/2025\/11\/custom-juice-packaging-4.webp\" alt=\"custom juice packaging (4)\" class=\"wp-image-2859\" srcset=\"https:\/\/www.topchinapack.com\/wp-content\/uploads\/2025\/11\/custom-juice-packaging-4.webp 2048w, https:\/\/www.topchinapack.com\/wp-content\/uploads\/2025\/11\/custom-juice-packaging-4-300x300.webp 300w, https:\/\/www.topchinapack.com\/wp-content\/uploads\/2025\/11\/custom-juice-packaging-4-150x150.webp 150w, https:\/\/www.topchinapack.com\/wp-content\/uploads\/2025\/11\/custom-juice-packaging-4-768x768.webp 768w, https:\/\/www.topchinapack.com\/wp-content\/uploads\/2025\/11\/custom-juice-packaging-4-12x12.webp 12w, https:\/\/www.topchinapack.com\/wp-content\/uploads\/2025\/11\/custom-juice-packaging-4-1200x1200.webp 1200w, https:\/\/www.topchinapack.com\/wp-content\/uploads\/2025\/11\/custom-juice-packaging-4-600x600.webp 600w, https:\/\/www.topchinapack.com\/wp-content\/uploads\/2025\/11\/custom-juice-packaging-4-100x100.webp 100w\" sizes=\"(max-width: 2048px) 100vw, 2048px\" \/><\/figure>\n<\/div>\n<\/div>","protected":false},"excerpt":{"rendered":"<p>Vendemos al por mayor bolsas con boquilla personalizadas dise\u00f1adas para marcas de bebidas, fabricantes de alimentos y distribuidores. Nuestras bolsas con pico a prueba de fugas de calidad alimentaria cuentan con una vibrante impresi\u00f3n en huecograbado de diez colores, y los tama\u00f1os, materiales y formas se pueden personalizar seg\u00fan los requisitos de su marca. Como proveedor directo de f\u00e1brica, ofrecemos precios muy competitivos, calidad fiable y servicios completos de OEM y ODM para pedidos al por mayor. Ideales para envasar zumos, salsas y otros productos l\u00edquidos o semil\u00edquidos.<\/p>\n<h2>Caracter\u00edsticas de las bolsas de ca\u00f1o personalizadas<\/h2>\n<p><strong>Servicio personalizado:<\/strong>\u00a0material, tama\u00f1o, impresi\u00f3n, patr\u00f3n y opciones adicionales<br \/><strong>Proceso de impresi\u00f3n:<\/strong>\u00a0impresi\u00f3n en huecograbado, hasta 10 colores, admite impresi\u00f3n personalizada<br \/><strong>Caracter\u00edsticas:<\/strong>\u00a0duradero, impermeable<br \/><strong>Plazo de entrega:<\/strong>\u00a010-20 d\u00edas<br \/><strong>Soporte gratuito para muestras<\/strong><br \/><strong>Certificaci\u00f3n:<\/strong>\u00a0ISO, FDA, sin BPA, LFGB, normas de la UE<\/p>\n<p><strong>Tapa resellable:<\/strong> The spout pouch&#8217;s screw cap seals the pouch for later use, minimizing spills and food waste.<\/p>\n<p><strong>Propiedades de barrera:<\/strong> Our wholesale spout pouches use a flexible film material that provides excellent barrier properties against oxygen, moisture, and light, preserving the product&#8217;s flavor, nutrients, and color.<\/p>\n<p><strong>Diferenciaci\u00f3n de productos:<\/strong> GQ PACK admite la personalizaci\u00f3n completa de las bolsas con boquilla, lo que permite a las marcas destacar en el lineal con formas personalizadas y vibrantes efectos de impresi\u00f3n.<\/p>\n<p><strong>Precio directo de f\u00e1brica:<\/strong> GQ PACK cuenta con avanzadas m\u00e1quinas de impresi\u00f3n en huecograbado de diez colores, l\u00edneas de producci\u00f3n de bolsas automatizadas y un completo sistema de control de calidad. Ofrecemos precios directos de f\u00e1brica rentables a clientes de todo el mundo.<\/p>","protected":false},"featured_media":2856,"comment_status":"closed","ping_status":"closed","template":"","meta":{"_acf_changed":false},"product_brand":[],"product_cat":[22,39],"product_tag":[],"class_list":{"0":"post-1893","1":"product","2":"type-product","3":"status-publish","4":"has-post-thumbnail","6":"product_cat-custom-spout-pouches","7":"product_cat-custom-juice-spout-pouches","9":"first","10":"instock","11":"shipping-taxable","12":"product-type-simple"},"acf":[],"_links":{"self":[{"href":"https:\/\/www.topchinapack.com\/es\/wp-json\/wp\/v2\/product\/1893","targetHints":{"allow":["GET"]}}],"collection":[{"href":"https:\/\/www.topchinapack.com\/es\/wp-json\/wp\/v2\/product"}],"about":[{"href":"https:\/\/www.topchinapack.com\/es\/wp-json\/wp\/v2\/types\/product"}],"replies":[{"embeddable":true,"href":"https:\/\/www.topchinapack.com\/es\/wp-json\/wp\/v2\/comments?post=1893"}],"wp:featuredmedia":[{"embeddable":true,"href":"https:\/\/www.topchinapack.com\/es\/wp-json\/wp\/v2\/media\/2856"}],"wp:attachment":[{"href":"https:\/\/www.topchinapack.com\/es\/wp-json\/wp\/v2\/media?parent=1893"}],"wp:term":[{"taxonomy":"product_brand","embeddable":true,"href":"https:\/\/www.topchinapack.com\/es\/wp-json\/wp\/v2\/product_brand?post=1893"},{"taxonomy":"product_cat","embeddable":true,"href":"https:\/\/www.topchinapack.com\/es\/wp-json\/wp\/v2\/product_cat?post=1893"},{"taxonomy":"product_tag","embeddable":true,"href":"https:\/\/www.topchinapack.com\/es\/wp-json\/wp\/v2\/product_tag?post=1893"}],"curies":[{"name":"wp","href":"https:\/\/api.w.org\/{rel}","templated":true}]}}