{"id":1894,"date":"2025-08-06T06:58:41","date_gmt":"2025-08-06T06:58:41","guid":{"rendered":"https:\/\/www.topchinapack.com\/?post_type=product&#038;p=1894"},"modified":"2025-11-17T07:37:48","modified_gmt":"2025-11-17T07:37:48","slug":"custom-spout-pouches-for-beverages","status":"publish","type":"product","link":"https:\/\/www.topchinapack.com\/es\/producto\/custom-spout-pouches-for-beverages\/","title":{"rendered":"Bolsas con boquilla personalizadas para bebidas - Envasado de bebidas a base de zumo"},"content":{"rendered":"<div class=\"wp-block-columns is-layout-flex wp-container-core-columns-is-layout-9d6595d7 wp-block-columns-is-layout-flex\">\n<div class=\"wp-block-column is-layout-flow wp-block-column-is-layout-flow\">\n<figure class=\"wp-block-image size-full\"><img decoding=\"async\" width=\"800\" height=\"807\" src=\"https:\/\/www.topchinapack.com\/wp-content\/uploads\/2025\/08\/custom-spout-pouches-for-juice-5.webp\" alt=\"bolsas con boquilla a medida para zumo (5)\" class=\"wp-image-1923\" srcset=\"https:\/\/www.topchinapack.com\/wp-content\/uploads\/2025\/08\/custom-spout-pouches-for-juice-5.webp 800w, https:\/\/www.topchinapack.com\/wp-content\/uploads\/2025\/08\/custom-spout-pouches-for-juice-5-297x300.webp 297w, https:\/\/www.topchinapack.com\/wp-content\/uploads\/2025\/08\/custom-spout-pouches-for-juice-5-150x150.webp 150w, https:\/\/www.topchinapack.com\/wp-content\/uploads\/2025\/08\/custom-spout-pouches-for-juice-5-768x775.webp 768w, https:\/\/www.topchinapack.com\/wp-content\/uploads\/2025\/08\/custom-spout-pouches-for-juice-5-12x12.webp 12w, https:\/\/www.topchinapack.com\/wp-content\/uploads\/2025\/08\/custom-spout-pouches-for-juice-5-600x605.webp 600w, https:\/\/www.topchinapack.com\/wp-content\/uploads\/2025\/08\/custom-spout-pouches-for-juice-5-100x100.webp 100w\" sizes=\"(max-width: 800px) 100vw, 800px\" \/><\/figure>\n<\/div>\n\n\n\n<div class=\"wp-block-column is-layout-flow wp-block-column-is-layout-flow\">\n<figure class=\"wp-block-image size-full\"><img decoding=\"async\" width=\"800\" height=\"807\" src=\"https:\/\/www.topchinapack.com\/wp-content\/uploads\/2025\/08\/custom-spout-pouches-for-juice-6.webp\" alt=\"bolsas con boquilla a medida para zumo (6)\" class=\"wp-image-1924\" srcset=\"https:\/\/www.topchinapack.com\/wp-content\/uploads\/2025\/08\/custom-spout-pouches-for-juice-6.webp 800w, https:\/\/www.topchinapack.com\/wp-content\/uploads\/2025\/08\/custom-spout-pouches-for-juice-6-297x300.webp 297w, https:\/\/www.topchinapack.com\/wp-content\/uploads\/2025\/08\/custom-spout-pouches-for-juice-6-150x150.webp 150w, https:\/\/www.topchinapack.com\/wp-content\/uploads\/2025\/08\/custom-spout-pouches-for-juice-6-768x775.webp 768w, https:\/\/www.topchinapack.com\/wp-content\/uploads\/2025\/08\/custom-spout-pouches-for-juice-6-12x12.webp 12w, https:\/\/www.topchinapack.com\/wp-content\/uploads\/2025\/08\/custom-spout-pouches-for-juice-6-600x605.webp 600w, https:\/\/www.topchinapack.com\/wp-content\/uploads\/2025\/08\/custom-spout-pouches-for-juice-6-100x100.webp 100w\" sizes=\"(max-width: 800px) 100vw, 800px\" \/><\/figure>\n<\/div>\n<\/div>\n\n\n\n<div class=\"wp-block-columns is-layout-flex wp-container-core-columns-is-layout-9d6595d7 wp-block-columns-is-layout-flex\">\n<div class=\"wp-block-column is-layout-flow wp-block-column-is-layout-flow\"><\/div>\n\n\n\n<div class=\"wp-block-column is-layout-flow wp-block-column-is-layout-flow\"><\/div>\n<\/div>","protected":false},"excerpt":{"rendered":"<p>Nuestras bolsas con boquilla personalizadas son la soluci\u00f3n de envasado ideal para zumos y bebidas. Fabricadas con PET y PE de calidad alimentaria, estas bolsas ofrecen una excelente resistencia a la humedad, lo que garantiza que su producto se mantenga fresco. Ofrecemos opciones de personalizaci\u00f3n total en cuanto a tama\u00f1o, color y dise\u00f1o. P\u00f3ngase en contacto con nosotros para obtener un presupuesto de f\u00e1brica de nuestros servicios de bolsas con boquilla personalizadas.<\/p>\n<h2>Caracter\u00edsticas de las bolsas con boquilla a medida para bebidas<\/h2>\n<p><strong>Servicio personalizado:<\/strong>\u00a0material, tama\u00f1o, impresi\u00f3n, patr\u00f3n y opciones adicionales<br \/><strong>Proceso de impresi\u00f3n:<\/strong>\u00a0impresi\u00f3n en huecograbado, hasta 10 colores, admite impresi\u00f3n personalizada<br \/><strong>Caracter\u00edsticas:<\/strong>\u00a0duradero, impermeable<br \/><strong>Plazo de entrega:<\/strong>\u00a010-20 d\u00edas<br \/><strong>Soporte gratuito para muestras<\/strong><br \/><strong>Certificaci\u00f3n:<\/strong> ISO, FDA, sin BPA, LFGB, normas de la UE<\/p>\n<ul>\n<li><strong>PET\/PE blanco Material:<\/strong> Las bolsas con boquilla est\u00e1n fabricadas con PET de alta calidad y PE blanco para ofrecer una mayor solidez y resistencia a la humedad.<\/li>\n<li><strong>Grado alimentario:<\/strong> Las bolsas con pico est\u00e1n fabricadas con material certificado apto para uso alimentario, lo que las hace seguras para el contacto directo con bebidas. Esto proporciona tranquilidad a fabricantes y consumidores.<\/li>\n<li><strong>Personalizable:<\/strong> Estas bolsas con pico pueden personalizarse totalmente con su marca y elementos de dise\u00f1o. Desde el logotipo de su empresa hasta el nombre del producto o ilustraciones intrincadas, le ofrecemos la libertad de crear un dise\u00f1o \u00fanico y llamativo.<\/li>\n<li><strong>Multiextrusi\u00f3n:<\/strong> Estas bolsas se fabrican mediante un proceso de multiextrusi\u00f3n que garantiza la uni\u00f3n uniforme de todas las capas de la bolsa para aumentar la resistencia y la estanqueidad.<\/li>\n<li><strong>Servicio de impresi\u00f3n en huecograbado a diez colores:<\/strong> Nuestro servicio de bolsas con boquilla personalizadas utiliza tecnolog\u00eda de impresi\u00f3n en huecograbado, lo que hace que sus gr\u00e1ficos personalizados sean n\u00edtidos, vibrantes y duraderos a pesar de la manipulaci\u00f3n, la luz solar y la humedad.<\/li>\n<\/ul>","protected":false},"featured_media":1919,"comment_status":"closed","ping_status":"closed","template":"","meta":{"_acf_changed":false},"product_brand":[],"product_cat":[22,39],"product_tag":[],"class_list":{"0":"post-1894","1":"product","2":"type-product","3":"status-publish","4":"has-post-thumbnail","6":"product_cat-custom-spout-pouches","7":"product_cat-custom-juice-spout-pouches","9":"first","10":"instock","11":"shipping-taxable","12":"product-type-simple"},"acf":[],"_links":{"self":[{"href":"https:\/\/www.topchinapack.com\/es\/wp-json\/wp\/v2\/product\/1894","targetHints":{"allow":["GET"]}}],"collection":[{"href":"https:\/\/www.topchinapack.com\/es\/wp-json\/wp\/v2\/product"}],"about":[{"href":"https:\/\/www.topchinapack.com\/es\/wp-json\/wp\/v2\/types\/product"}],"replies":[{"embeddable":true,"href":"https:\/\/www.topchinapack.com\/es\/wp-json\/wp\/v2\/comments?post=1894"}],"wp:featuredmedia":[{"embeddable":true,"href":"https:\/\/www.topchinapack.com\/es\/wp-json\/wp\/v2\/media\/1919"}],"wp:attachment":[{"href":"https:\/\/www.topchinapack.com\/es\/wp-json\/wp\/v2\/media?parent=1894"}],"wp:term":[{"taxonomy":"product_brand","embeddable":true,"href":"https:\/\/www.topchinapack.com\/es\/wp-json\/wp\/v2\/product_brand?post=1894"},{"taxonomy":"product_cat","embeddable":true,"href":"https:\/\/www.topchinapack.com\/es\/wp-json\/wp\/v2\/product_cat?post=1894"},{"taxonomy":"product_tag","embeddable":true,"href":"https:\/\/www.topchinapack.com\/es\/wp-json\/wp\/v2\/product_tag?post=1894"}],"curies":[{"name":"wp","href":"https:\/\/api.w.org\/{rel}","templated":true}]}}