{"id":1895,"date":"2025-08-07T03:43:33","date_gmt":"2025-08-07T03:43:33","guid":{"rendered":"https:\/\/www.topchinapack.com\/?post_type=product&#038;p=1895"},"modified":"2025-11-17T07:36:23","modified_gmt":"2025-11-17T07:36:23","slug":"custom-spouted-stand-up-pouches","status":"publish","type":"product","link":"https:\/\/www.topchinapack.com\/es\/producto\/custom-spouted-stand-up-pouches\/","title":{"rendered":"Bolsa con boquilla para envases flexibles personalizados de bebidas"},"content":{"rendered":"<div class=\"wp-block-columns is-layout-flex wp-container-core-columns-is-layout-9d6595d7 wp-block-columns-is-layout-flex\">\n<div class=\"wp-block-column is-layout-flow wp-block-column-is-layout-flow\">\n<figure class=\"wp-block-image size-full\"><img decoding=\"async\" width=\"800\" height=\"800\" src=\"https:\/\/www.topchinapack.com\/wp-content\/uploads\/2025\/08\/spouted-stand-up-pouch-5-1.webp\" alt=\"bolsa de pie con boquilla (5)\" class=\"wp-image-1937\" srcset=\"https:\/\/www.topchinapack.com\/wp-content\/uploads\/2025\/08\/spouted-stand-up-pouch-5-1.webp 800w, https:\/\/www.topchinapack.com\/wp-content\/uploads\/2025\/08\/spouted-stand-up-pouch-5-1-300x300.webp 300w, https:\/\/www.topchinapack.com\/wp-content\/uploads\/2025\/08\/spouted-stand-up-pouch-5-1-150x150.webp 150w, https:\/\/www.topchinapack.com\/wp-content\/uploads\/2025\/08\/spouted-stand-up-pouch-5-1-768x768.webp 768w, https:\/\/www.topchinapack.com\/wp-content\/uploads\/2025\/08\/spouted-stand-up-pouch-5-1-12x12.webp 12w, https:\/\/www.topchinapack.com\/wp-content\/uploads\/2025\/08\/spouted-stand-up-pouch-5-1-600x600.webp 600w, https:\/\/www.topchinapack.com\/wp-content\/uploads\/2025\/08\/spouted-stand-up-pouch-5-1-100x100.webp 100w\" sizes=\"(max-width: 800px) 100vw, 800px\" \/><\/figure>\n<\/div>\n\n\n\n<div class=\"wp-block-column is-layout-flow wp-block-column-is-layout-flow\">\n<figure class=\"wp-block-image size-full\"><img decoding=\"async\" width=\"800\" height=\"807\" src=\"https:\/\/www.topchinapack.com\/wp-content\/uploads\/2025\/08\/spouted-stand-up-pouch-6-1.webp\" alt=\"bolsa de pie con boquilla (6)\" class=\"wp-image-1938\" srcset=\"https:\/\/www.topchinapack.com\/wp-content\/uploads\/2025\/08\/spouted-stand-up-pouch-6-1.webp 800w, https:\/\/www.topchinapack.com\/wp-content\/uploads\/2025\/08\/spouted-stand-up-pouch-6-1-297x300.webp 297w, https:\/\/www.topchinapack.com\/wp-content\/uploads\/2025\/08\/spouted-stand-up-pouch-6-1-150x150.webp 150w, https:\/\/www.topchinapack.com\/wp-content\/uploads\/2025\/08\/spouted-stand-up-pouch-6-1-768x775.webp 768w, https:\/\/www.topchinapack.com\/wp-content\/uploads\/2025\/08\/spouted-stand-up-pouch-6-1-12x12.webp 12w, https:\/\/www.topchinapack.com\/wp-content\/uploads\/2025\/08\/spouted-stand-up-pouch-6-1-600x605.webp 600w, https:\/\/www.topchinapack.com\/wp-content\/uploads\/2025\/08\/spouted-stand-up-pouch-6-1-100x100.webp 100w\" sizes=\"(max-width: 800px) 100vw, 800px\" \/><\/figure>\n<\/div>\n<\/div>","protected":false},"excerpt":{"rendered":"<p>GQ PACK ofrece bolsas con boquilla personalizadas para una gran variedad de bebidas, incluidos zumos y refrescos. Nuestras bolsas flexibles de alta calidad est\u00e1n dise\u00f1adas para proporcionar una frescura y comodidad \u00f3ptimas. Se pueden personalizar en tama\u00f1o, dise\u00f1o y material, y son ideales para el envasado al por menor y a granel. P\u00f3ngase en contacto con nosotros para obtener un presupuesto de un fabricante de bolsas con boquilla fiable.<\/p>\n<h2>Caracter\u00edsticas de Spouted Stand up Pouch<\/h2>\n<p><strong>Servicio personalizado:<\/strong>\u00a0material, tama\u00f1o, impresi\u00f3n, patr\u00f3n y opciones adicionales<br \/><strong>Proceso de impresi\u00f3n:<\/strong>\u00a0impresi\u00f3n en huecograbado, hasta 10 colores, admite impresi\u00f3n personalizada<br \/><strong>Caracter\u00edsticas:<\/strong>\u00a0duradero, impermeable<br \/><strong>Plazo de entrega:<\/strong>\u00a010-20 d\u00edas<br \/><strong>Soporte gratuito para muestras<\/strong><br \/><strong>Certificaci\u00f3n:<\/strong>\u00a0ISO, FDA, sin BPA, LFGB, normas de la UE<\/p>\n<ul>\n<li><strong>Vida \u00fatil prolongada:<\/strong> La combinaci\u00f3n de PET, AL, PA y PE proporciona una barrera eficaz contra la humedad y el ox\u00edgeno, ayudando a prolongar la vida \u00fatil de las bebidas, incluidos zumos, batidos y bebidas l\u00e1cteas.<\/li>\n<li><strong>Ahorro de espacio y ligereza:<\/strong> En comparaci\u00f3n con los envases r\u00edgidos, como las botellas de vidrio o pl\u00e1stico, las bolsas con boquilla son ligeras y flexibles. Esto ayuda a reducir el espacio de almacenamiento y los costes de env\u00edo, adem\u00e1s de ser m\u00e1s respetuosas con el medio ambiente.<\/li>\n<li><strong>Resellable:<\/strong> La bolsa con boquilla tiene un dise\u00f1o resellable que permite a los consumidores volver a cerrar la bolsa despu\u00e9s de abrirla.<\/li>\n<li><strong>Soluci\u00f3n de envasado rentable:<\/strong> Los materiales flexibles, como las bolsas con boquilla, son m\u00e1s baratos de fabricar y ligeros, lo que reduce los costes de env\u00edo.<\/li>\n<li><strong>Servicio integral de bolsas de ca\u00f1o personalizadas:<\/strong> Mediante la impresi\u00f3n en huecograbado de diez colores, producimos gr\u00e1ficos de alta calidad para mejorar la experiencia del consumidor. Tambi\u00e9n podemos personalizar el tama\u00f1o, los accesorios, el material y otras dimensiones.<\/li>\n<\/ul>","protected":false},"featured_media":1933,"comment_status":"closed","ping_status":"closed","template":"","meta":{"_acf_changed":false},"product_brand":[],"product_cat":[22,39],"product_tag":[],"class_list":{"0":"post-1895","1":"product","2":"type-product","3":"status-publish","4":"has-post-thumbnail","6":"product_cat-custom-spout-pouches","7":"product_cat-custom-juice-spout-pouches","9":"first","10":"instock","11":"shipping-taxable","12":"product-type-simple"},"acf":[],"_links":{"self":[{"href":"https:\/\/www.topchinapack.com\/es\/wp-json\/wp\/v2\/product\/1895","targetHints":{"allow":["GET"]}}],"collection":[{"href":"https:\/\/www.topchinapack.com\/es\/wp-json\/wp\/v2\/product"}],"about":[{"href":"https:\/\/www.topchinapack.com\/es\/wp-json\/wp\/v2\/types\/product"}],"replies":[{"embeddable":true,"href":"https:\/\/www.topchinapack.com\/es\/wp-json\/wp\/v2\/comments?post=1895"}],"wp:featuredmedia":[{"embeddable":true,"href":"https:\/\/www.topchinapack.com\/es\/wp-json\/wp\/v2\/media\/1933"}],"wp:attachment":[{"href":"https:\/\/www.topchinapack.com\/es\/wp-json\/wp\/v2\/media?parent=1895"}],"wp:term":[{"taxonomy":"product_brand","embeddable":true,"href":"https:\/\/www.topchinapack.com\/es\/wp-json\/wp\/v2\/product_brand?post=1895"},{"taxonomy":"product_cat","embeddable":true,"href":"https:\/\/www.topchinapack.com\/es\/wp-json\/wp\/v2\/product_cat?post=1895"},{"taxonomy":"product_tag","embeddable":true,"href":"https:\/\/www.topchinapack.com\/es\/wp-json\/wp\/v2\/product_tag?post=1895"}],"curies":[{"name":"wp","href":"https:\/\/api.w.org\/{rel}","templated":true}]}}