{"id":1896,"date":"2025-08-07T04:34:59","date_gmt":"2025-08-07T04:34:59","guid":{"rendered":"https:\/\/www.topchinapack.com\/?post_type=product&#038;p=1896"},"modified":"2025-11-17T07:35:53","modified_gmt":"2025-11-17T07:35:53","slug":"custom-unique-shaped-spout-pouches","status":"publish","type":"product","link":"https:\/\/www.topchinapack.com\/es\/producto\/custom-unique-shaped-spout-pouches\/","title":{"rendered":"Bolsas con boquilla de forma \u00fanica personalizadas para envasar zumos"},"content":{"rendered":"<div class=\"wp-block-columns is-layout-flex wp-container-core-columns-is-layout-9d6595d7 wp-block-columns-is-layout-flex\">\n<div class=\"wp-block-column is-layout-flow wp-block-column-is-layout-flow\">\n<figure class=\"wp-block-image size-full\"><img decoding=\"async\" width=\"800\" height=\"800\" src=\"https:\/\/www.topchinapack.com\/wp-content\/uploads\/2025\/08\/custom-unique-shaped-spout-pouches-5.webp\" alt=\"bolsas con boquilla de forma \u00fanica personalizadas (5)\" class=\"wp-image-1945\" srcset=\"https:\/\/www.topchinapack.com\/wp-content\/uploads\/2025\/08\/custom-unique-shaped-spout-pouches-5.webp 800w, https:\/\/www.topchinapack.com\/wp-content\/uploads\/2025\/08\/custom-unique-shaped-spout-pouches-5-300x300.webp 300w, https:\/\/www.topchinapack.com\/wp-content\/uploads\/2025\/08\/custom-unique-shaped-spout-pouches-5-150x150.webp 150w, https:\/\/www.topchinapack.com\/wp-content\/uploads\/2025\/08\/custom-unique-shaped-spout-pouches-5-768x768.webp 768w, https:\/\/www.topchinapack.com\/wp-content\/uploads\/2025\/08\/custom-unique-shaped-spout-pouches-5-12x12.webp 12w, https:\/\/www.topchinapack.com\/wp-content\/uploads\/2025\/08\/custom-unique-shaped-spout-pouches-5-600x600.webp 600w, https:\/\/www.topchinapack.com\/wp-content\/uploads\/2025\/08\/custom-unique-shaped-spout-pouches-5-100x100.webp 100w\" sizes=\"(max-width: 800px) 100vw, 800px\" \/><\/figure>\n<\/div>\n\n\n\n<div class=\"wp-block-column is-layout-flow wp-block-column-is-layout-flow\">\n<figure class=\"wp-block-image size-full\"><img decoding=\"async\" width=\"800\" height=\"807\" src=\"https:\/\/www.topchinapack.com\/wp-content\/uploads\/2025\/08\/custom-unique-shaped-spout-pouches-6.webp\" alt=\"bolsas con pico de forma \u00fanica personalizadas (6)\" class=\"wp-image-1946\" srcset=\"https:\/\/www.topchinapack.com\/wp-content\/uploads\/2025\/08\/custom-unique-shaped-spout-pouches-6.webp 800w, https:\/\/www.topchinapack.com\/wp-content\/uploads\/2025\/08\/custom-unique-shaped-spout-pouches-6-297x300.webp 297w, https:\/\/www.topchinapack.com\/wp-content\/uploads\/2025\/08\/custom-unique-shaped-spout-pouches-6-150x150.webp 150w, https:\/\/www.topchinapack.com\/wp-content\/uploads\/2025\/08\/custom-unique-shaped-spout-pouches-6-768x775.webp 768w, https:\/\/www.topchinapack.com\/wp-content\/uploads\/2025\/08\/custom-unique-shaped-spout-pouches-6-12x12.webp 12w, https:\/\/www.topchinapack.com\/wp-content\/uploads\/2025\/08\/custom-unique-shaped-spout-pouches-6-600x605.webp 600w, https:\/\/www.topchinapack.com\/wp-content\/uploads\/2025\/08\/custom-unique-shaped-spout-pouches-6-100x100.webp 100w\" sizes=\"(max-width: 800px) 100vw, 800px\" \/><\/figure>\n<\/div>\n<\/div>\n\n\n\n<div class=\"wp-block-columns is-layout-flex wp-container-core-columns-is-layout-9d6595d7 wp-block-columns-is-layout-flex\">\n<div class=\"wp-block-column is-layout-flow wp-block-column-is-layout-flow\"><\/div>\n\n\n\n<div class=\"wp-block-column is-layout-flow wp-block-column-is-layout-flow\"><\/div>\n<\/div>","protected":false},"excerpt":{"rendered":"<p>Las bolsas con boquilla personalizadas para uso alimentario son una soluci\u00f3n de envasado de bebidas c\u00f3moda y rentable. Fabricadas con materiales de alta calidad resistentes a la humedad, ayudan a conservar la frescura del producto al tiempo que facilitan la extracci\u00f3n del contenido y su cierre.<\/p>\n<p>GQ PACK ofrece un servicio totalmente personalizable para las bolsas con pico personalizadas, incluyendo la personalizaci\u00f3n del logotipo, el tama\u00f1o y el material. P\u00f3ngase en contacto con nosotros para obtener un presupuesto de f\u00e1brica.<\/p>\n<h2>Caracter\u00edsticas de la bolsa de ca\u00f1o alto personalizada<\/h2>\n<p><strong>Servicio personalizado:<\/strong>\u00a0material, tama\u00f1o, impresi\u00f3n, patr\u00f3n y opciones adicionales<br \/><strong>Proceso de impresi\u00f3n:<\/strong>\u00a0impresi\u00f3n en huecograbado, hasta 10 colores, admite impresi\u00f3n personalizada<br \/><strong>Caracter\u00edsticas:<\/strong>\u00a0duradero, impermeable<br \/><strong>Plazo de entrega:<\/strong>\u00a010-20 d\u00edas<br \/><strong>Soporte gratuito para muestras<\/strong><br \/><strong>Certificaci\u00f3n:<\/strong>\u00a0ISO, FDA, sin BPA, LFGB, normas de la UE<\/p>\n<ul>\n<li><strong>C\u00f3modo y f\u00e1cil de usar:<\/strong> El dise\u00f1o de la boquilla permite verter y volver a cerrar f\u00e1cilmente, reduciendo el riesgo de derrames y residuos para bebidas como zumos, batidos y salsas.<\/li>\n<li><strong>Vida \u00fatil prolongada:<\/strong> Fabricadas con materiales PET\/AL\/PET\/PE aptos para uso alimentario, estas bolsas ofrecen una excelente protecci\u00f3n contra la humedad, el ox\u00edgeno y la luz. Conservan la frescura y calidad de las bebidas durante m\u00e1s tiempo, incluso sin refrigeraci\u00f3n.<\/li>\n<li><strong>Dise\u00f1o que ahorra espacio:<\/strong> Las bolsas con pico son compactas y flexibles, por lo que son m\u00e1s f\u00e1ciles de almacenar y transportar que las botellas o los cartones tradicionales. Su forma puede adaptarse a distintas necesidades de envasado, lo que reduce los costes de almacenamiento.<\/li>\n<li><strong>Personalizaci\u00f3n:<\/strong> Estas bolsas son totalmente personalizables en tama\u00f1o, forma, material y marca. Las empresas pueden dise\u00f1ar bolsas que se adapten a la est\u00e9tica de su marca y a las caracter\u00edsticas de su producto, creando una opci\u00f3n de envasado \u00fanica y est\u00e9ticamente agradable.<\/li>\n<li><strong>Respetuoso con el consumidor:<\/strong> El dise\u00f1o de la boquilla permite a los consumidores controlar f\u00e1cilmente la cantidad de l\u00edquido dispensado, garantizando que obtengan la cantidad adecuada sin esfuerzo.<\/li>\n<\/ul>","protected":false},"featured_media":1941,"comment_status":"closed","ping_status":"closed","template":"","meta":{"_acf_changed":false},"product_brand":[],"product_cat":[22,39],"product_tag":[],"class_list":{"0":"post-1896","1":"product","2":"type-product","3":"status-publish","4":"has-post-thumbnail","6":"product_cat-custom-spout-pouches","7":"product_cat-custom-juice-spout-pouches","9":"first","10":"instock","11":"shipping-taxable","12":"product-type-simple"},"acf":[],"_links":{"self":[{"href":"https:\/\/www.topchinapack.com\/es\/wp-json\/wp\/v2\/product\/1896","targetHints":{"allow":["GET"]}}],"collection":[{"href":"https:\/\/www.topchinapack.com\/es\/wp-json\/wp\/v2\/product"}],"about":[{"href":"https:\/\/www.topchinapack.com\/es\/wp-json\/wp\/v2\/types\/product"}],"replies":[{"embeddable":true,"href":"https:\/\/www.topchinapack.com\/es\/wp-json\/wp\/v2\/comments?post=1896"}],"wp:featuredmedia":[{"embeddable":true,"href":"https:\/\/www.topchinapack.com\/es\/wp-json\/wp\/v2\/media\/1941"}],"wp:attachment":[{"href":"https:\/\/www.topchinapack.com\/es\/wp-json\/wp\/v2\/media?parent=1896"}],"wp:term":[{"taxonomy":"product_brand","embeddable":true,"href":"https:\/\/www.topchinapack.com\/es\/wp-json\/wp\/v2\/product_brand?post=1896"},{"taxonomy":"product_cat","embeddable":true,"href":"https:\/\/www.topchinapack.com\/es\/wp-json\/wp\/v2\/product_cat?post=1896"},{"taxonomy":"product_tag","embeddable":true,"href":"https:\/\/www.topchinapack.com\/es\/wp-json\/wp\/v2\/product_tag?post=1896"}],"curies":[{"name":"wp","href":"https:\/\/api.w.org\/{rel}","templated":true}]}}