{"id":1897,"date":"2025-08-07T06:22:53","date_gmt":"2025-08-07T06:22:53","guid":{"rendered":"https:\/\/www.topchinapack.com\/?post_type=product&#038;p=1897"},"modified":"2025-11-17T07:35:07","modified_gmt":"2025-11-17T07:35:07","slug":"custom-printed-spout-pouches-for-drinks","status":"publish","type":"product","link":"https:\/\/www.topchinapack.com\/es\/producto\/custom-printed-spout-pouches-for-drinks\/","title":{"rendered":"Bolsas con boquilla impresas a medida para bebidas, zumos y alimentos infantiles"},"content":{"rendered":"<div class=\"wp-block-columns is-layout-flex wp-container-core-columns-is-layout-9d6595d7 wp-block-columns-is-layout-flex\">\n<div class=\"wp-block-column is-layout-flow wp-block-column-is-layout-flow\">\n<figure class=\"wp-block-image size-full\"><img decoding=\"async\" width=\"800\" height=\"800\" src=\"https:\/\/www.topchinapack.com\/wp-content\/uploads\/2025\/08\/custom-printed-spout-pouches-4.webp\" alt=\"bolsas de ca\u00f1o con impresi\u00f3n personalizada (4)\" class=\"wp-image-1952\" srcset=\"https:\/\/www.topchinapack.com\/wp-content\/uploads\/2025\/08\/custom-printed-spout-pouches-4.webp 800w, https:\/\/www.topchinapack.com\/wp-content\/uploads\/2025\/08\/custom-printed-spout-pouches-4-300x300.webp 300w, https:\/\/www.topchinapack.com\/wp-content\/uploads\/2025\/08\/custom-printed-spout-pouches-4-150x150.webp 150w, https:\/\/www.topchinapack.com\/wp-content\/uploads\/2025\/08\/custom-printed-spout-pouches-4-768x768.webp 768w, https:\/\/www.topchinapack.com\/wp-content\/uploads\/2025\/08\/custom-printed-spout-pouches-4-12x12.webp 12w, https:\/\/www.topchinapack.com\/wp-content\/uploads\/2025\/08\/custom-printed-spout-pouches-4-600x600.webp 600w, https:\/\/www.topchinapack.com\/wp-content\/uploads\/2025\/08\/custom-printed-spout-pouches-4-100x100.webp 100w\" sizes=\"(max-width: 800px) 100vw, 800px\" \/><\/figure>\n<\/div>\n\n\n\n<div class=\"wp-block-column is-layout-flow wp-block-column-is-layout-flow\">\n<figure class=\"wp-block-image size-full\"><img decoding=\"async\" width=\"800\" height=\"800\" src=\"https:\/\/www.topchinapack.com\/wp-content\/uploads\/2025\/08\/custom-printed-spout-pouches-5.webp\" alt=\"bolsas con boquilla impresas a medida (5)\" class=\"wp-image-1953\" srcset=\"https:\/\/www.topchinapack.com\/wp-content\/uploads\/2025\/08\/custom-printed-spout-pouches-5.webp 800w, https:\/\/www.topchinapack.com\/wp-content\/uploads\/2025\/08\/custom-printed-spout-pouches-5-300x300.webp 300w, https:\/\/www.topchinapack.com\/wp-content\/uploads\/2025\/08\/custom-printed-spout-pouches-5-150x150.webp 150w, https:\/\/www.topchinapack.com\/wp-content\/uploads\/2025\/08\/custom-printed-spout-pouches-5-768x768.webp 768w, https:\/\/www.topchinapack.com\/wp-content\/uploads\/2025\/08\/custom-printed-spout-pouches-5-12x12.webp 12w, https:\/\/www.topchinapack.com\/wp-content\/uploads\/2025\/08\/custom-printed-spout-pouches-5-600x600.webp 600w, https:\/\/www.topchinapack.com\/wp-content\/uploads\/2025\/08\/custom-printed-spout-pouches-5-100x100.webp 100w\" sizes=\"(max-width: 800px) 100vw, 800px\" \/><\/figure>\n<\/div>\n<\/div>\n\n\n\n<div class=\"wp-block-columns is-layout-flex wp-container-core-columns-is-layout-9d6595d7 wp-block-columns-is-layout-flex\">\n<div class=\"wp-block-column is-layout-flow wp-block-column-is-layout-flow\"><\/div>\n\n\n\n<div class=\"wp-block-column is-layout-flow wp-block-column-is-layout-flow\"><\/div>\n<\/div>","protected":false},"excerpt":{"rendered":"<p>Nuestro servicio de bolsas con boquilla personalizadas mejora el envasado de sus productos. Ideales para bebidas, zumos, alimentos infantiles y mucho m\u00e1s, estas bolsas con boquilla personalizables presentan una impresi\u00f3n vibrante y de alta calidad, materiales ecol\u00f3gicos y un dise\u00f1o a prueba de fugas. Disponemos de tama\u00f1os, formas y materiales personalizados para garantizar la funcionalidad y el reconocimiento de la marca.<\/p>\n<h2>Caracter\u00edsticas de las bolsas con boquilla impresas a medida<\/h2>\n<p><strong>Servicio personalizado:<\/strong>\u00a0material, tama\u00f1o, impresi\u00f3n, patr\u00f3n y opciones adicionales<br \/><strong>Proceso de impresi\u00f3n:<\/strong>\u00a0impresi\u00f3n en huecograbado, hasta 10 colores, admite impresi\u00f3n personalizada<br \/><strong>Caracter\u00edsticas:<\/strong>\u00a0duradero, impermeable<br \/><strong>Plazo de entrega:<\/strong>\u00a010-20 d\u00edas<br \/><strong>Soporte gratuito para muestras<\/strong><br \/><strong>Certificaci\u00f3n:<\/strong>\u00a0ISO, FDA, sin BPA, LFGB, normas de la UE<\/p>\n<ul>\n<li><strong>C\u00f3modo y port\u00e1til:<\/strong> La bolsa con boquilla tiene un dise\u00f1o de vertido f\u00e1cil. Esto lo hace port\u00e1til y pr\u00e1ctico para beber sobre la marcha. Es perfecto para bebidas, zumos y alimentos infantiles. Los padres ocupados y los viajeros se benefician especialmente de ello.<\/li>\n<li><strong>Marca personalizada:<\/strong> Estas bolsas ofrecen grandes posibilidades de personalizaci\u00f3n. Las marcas pueden imprimir en ellas sus logotipos, dise\u00f1os e informaci\u00f3n sobre el producto. Esto ayuda a mejorar la visibilidad del producto y su alcance en el mercado.<\/li>\n<li><strong>Ligero y ahorra espacio:<\/strong> Las bolsas con pico son m\u00e1s ligeras y compactas que las botellas o tarros tradicionales. Ocupan menos espacio para su almacenamiento y transporte. Esta caracter\u00edstica es ideal para la venta al por menor y la distribuci\u00f3n.<\/li>\n<li><strong>Vida \u00fatil prolongada:<\/strong> El material multicapa de la bolsa con boquilla protege contra la humedad, el ox\u00edgeno y la luz. Esto ayuda a mantener el contenido fresco y de alta calidad. Es especialmente \u00fatil para zumos, alimentos infantiles y otros productos que se estropean con facilidad.<\/li>\n<li><strong>Servicio de bolsas de ca\u00f1o personalizadas:<\/strong> Puede elegir el tama\u00f1o, la forma y el material de la bolsa con boquilla en funci\u00f3n de las necesidades espec\u00edficas de su producto. Tanto si necesita una bolsa autoportante, una bolsa con boquilla de fondo plano o un dise\u00f1o m\u00e1s innovador.<\/li>\n<\/ul>","protected":false},"featured_media":1949,"comment_status":"closed","ping_status":"closed","template":"","meta":{"_acf_changed":true},"product_brand":[],"product_cat":[22,39],"product_tag":[],"class_list":{"0":"post-1897","1":"product","2":"type-product","3":"status-publish","4":"has-post-thumbnail","6":"product_cat-custom-spout-pouches","7":"product_cat-custom-juice-spout-pouches","9":"first","10":"instock","11":"shipping-taxable","12":"product-type-simple"},"acf":[],"_links":{"self":[{"href":"https:\/\/www.topchinapack.com\/es\/wp-json\/wp\/v2\/product\/1897","targetHints":{"allow":["GET"]}}],"collection":[{"href":"https:\/\/www.topchinapack.com\/es\/wp-json\/wp\/v2\/product"}],"about":[{"href":"https:\/\/www.topchinapack.com\/es\/wp-json\/wp\/v2\/types\/product"}],"replies":[{"embeddable":true,"href":"https:\/\/www.topchinapack.com\/es\/wp-json\/wp\/v2\/comments?post=1897"}],"wp:featuredmedia":[{"embeddable":true,"href":"https:\/\/www.topchinapack.com\/es\/wp-json\/wp\/v2\/media\/1949"}],"wp:attachment":[{"href":"https:\/\/www.topchinapack.com\/es\/wp-json\/wp\/v2\/media?parent=1897"}],"wp:term":[{"taxonomy":"product_brand","embeddable":true,"href":"https:\/\/www.topchinapack.com\/es\/wp-json\/wp\/v2\/product_brand?post=1897"},{"taxonomy":"product_cat","embeddable":true,"href":"https:\/\/www.topchinapack.com\/es\/wp-json\/wp\/v2\/product_cat?post=1897"},{"taxonomy":"product_tag","embeddable":true,"href":"https:\/\/www.topchinapack.com\/es\/wp-json\/wp\/v2\/product_tag?post=1897"}],"curies":[{"name":"wp","href":"https:\/\/api.w.org\/{rel}","templated":true}]}}