{"id":1899,"date":"2025-08-07T13:42:59","date_gmt":"2025-08-07T13:42:59","guid":{"rendered":"https:\/\/www.topchinapack.com\/?post_type=product&#038;p=1899"},"modified":"2025-11-17T07:33:47","modified_gmt":"2025-11-17T07:33:47","slug":"custom-stand-up-spout-bag","status":"publish","type":"product","link":"https:\/\/www.topchinapack.com\/es\/producto\/custom-stand-up-spout-bag\/","title":{"rendered":"Bolsa con boquilla de pie personalizada, bolsa con boquilla para alimentos, zumos y bebidas para beb\u00e9s"},"content":{"rendered":"<div class=\"wp-block-columns is-layout-flex wp-container-core-columns-is-layout-9d6595d7 wp-block-columns-is-layout-flex\">\n<div class=\"wp-block-column is-layout-flow wp-block-column-is-layout-flow\">\n<figure class=\"wp-block-image size-full\"><img decoding=\"async\" width=\"800\" height=\"800\" src=\"https:\/\/www.topchinapack.com\/wp-content\/uploads\/2025\/08\/custom-stand-up-spout-bag-5.webp\" alt=\"bolsa de ca\u00f1o de pie personalizada (5)\" class=\"wp-image-1960\" srcset=\"https:\/\/www.topchinapack.com\/wp-content\/uploads\/2025\/08\/custom-stand-up-spout-bag-5.webp 800w, https:\/\/www.topchinapack.com\/wp-content\/uploads\/2025\/08\/custom-stand-up-spout-bag-5-300x300.webp 300w, https:\/\/www.topchinapack.com\/wp-content\/uploads\/2025\/08\/custom-stand-up-spout-bag-5-150x150.webp 150w, https:\/\/www.topchinapack.com\/wp-content\/uploads\/2025\/08\/custom-stand-up-spout-bag-5-768x768.webp 768w, https:\/\/www.topchinapack.com\/wp-content\/uploads\/2025\/08\/custom-stand-up-spout-bag-5-12x12.webp 12w, https:\/\/www.topchinapack.com\/wp-content\/uploads\/2025\/08\/custom-stand-up-spout-bag-5-600x600.webp 600w, https:\/\/www.topchinapack.com\/wp-content\/uploads\/2025\/08\/custom-stand-up-spout-bag-5-100x100.webp 100w\" sizes=\"(max-width: 800px) 100vw, 800px\" \/><\/figure>\n<\/div>\n\n\n\n<div class=\"wp-block-column is-layout-flow wp-block-column-is-layout-flow\">\n<figure class=\"wp-block-image size-full\"><img decoding=\"async\" width=\"800\" height=\"800\" src=\"https:\/\/www.topchinapack.com\/wp-content\/uploads\/2025\/08\/custom-stand-up-spout-bag-6.webp\" alt=\"bolsa de ca\u00f1o de pie personalizada (6)\" class=\"wp-image-1961\" srcset=\"https:\/\/www.topchinapack.com\/wp-content\/uploads\/2025\/08\/custom-stand-up-spout-bag-6.webp 800w, https:\/\/www.topchinapack.com\/wp-content\/uploads\/2025\/08\/custom-stand-up-spout-bag-6-300x300.webp 300w, https:\/\/www.topchinapack.com\/wp-content\/uploads\/2025\/08\/custom-stand-up-spout-bag-6-150x150.webp 150w, https:\/\/www.topchinapack.com\/wp-content\/uploads\/2025\/08\/custom-stand-up-spout-bag-6-768x768.webp 768w, https:\/\/www.topchinapack.com\/wp-content\/uploads\/2025\/08\/custom-stand-up-spout-bag-6-12x12.webp 12w, https:\/\/www.topchinapack.com\/wp-content\/uploads\/2025\/08\/custom-stand-up-spout-bag-6-600x600.webp 600w, https:\/\/www.topchinapack.com\/wp-content\/uploads\/2025\/08\/custom-stand-up-spout-bag-6-100x100.webp 100w\" sizes=\"(max-width: 800px) 100vw, 800px\" \/><\/figure>\n<\/div>\n<\/div>\n\n\n\n<div class=\"wp-block-columns is-layout-flex wp-container-core-columns-is-layout-9d6595d7 wp-block-columns-is-layout-flex\">\n<div class=\"wp-block-column is-layout-flow wp-block-column-is-layout-flow\"><\/div>\n\n\n\n<div class=\"wp-block-column is-layout-flow wp-block-column-is-layout-flow\"><\/div>\n<\/div>","protected":false},"excerpt":{"rendered":"<p>GQ PACK ofrece a usuarios de todo el mundo el servicio de bolsas con boquilla personalizadas. Fabricadas con material apto para uso alimentario y sin BPA, estas bolsas con boquilla son adecuadas para envasar alimentos infantiles, zumos, batidos y otros productos l\u00edquidos. El tama\u00f1o, la forma, la impresi\u00f3n y los accesorios son totalmente personalizables para adaptarse a las necesidades de su marca.<\/p>\n<h2>Caracter\u00edsticas de Custom Stand up Spout Bag<\/h2>\n<p><strong>Servicio personalizado:<\/strong>\u00a0material, tama\u00f1o, impresi\u00f3n, patr\u00f3n y opciones adicionales<br \/><strong>Proceso de impresi\u00f3n:<\/strong>\u00a0impresi\u00f3n en huecograbado, hasta 10 colores, admite impresi\u00f3n personalizada<br \/><strong>Caracter\u00edsticas:<\/strong>\u00a0duradero, impermeable<br \/><strong>Plazo de entrega:<\/strong>\u00a010-20 d\u00edas<br \/><strong>Soporte gratuito para muestras<\/strong><br \/><strong>Certificaci\u00f3n:<\/strong>\u00a0ISO, FDA, sin BPA, LFGB, normas de la UE<\/p>\n<ul>\n<li><strong>C\u00f3modo y f\u00e1cil de usar:<\/strong> La boquilla incorporada en la bolsa facilita verter, beber o exprimir el contenido, lo que la hace perfecta para los ni\u00f1os o para llevar.<\/li>\n<li><strong>Fuerte barrera de protecci\u00f3n:<\/strong> Nuestras bolsas de ca\u00f1o alto personalizadas est\u00e1n fabricadas con una pel\u00edcula compuesta multicapa que bloquea eficazmente el ox\u00edgeno, la humedad y los rayos UV.<\/li>\n<li><strong>Estabilidad de pie:<\/strong> El fuelle inferior permite que la bolsa se mantenga erguida en la estanter\u00eda, mejorando la visibilidad del producto y la eficacia del almacenamiento.<\/li>\n<li><strong>Apto para alimentos:<\/strong> Nuestras bolsas con boquilla est\u00e1n fabricadas con materiales aptos para uso alimentario y sin BPA que cumplen las normas internacionales de seguridad para alimentos y bebidas infantiles.<\/li>\n<li><strong>Dise\u00f1os personalizables:<\/strong> Ofrecemos impresi\u00f3n personalizada a todo color, una gran variedad de tama\u00f1os y ubicaciones de los pitorros para adaptarnos a los requisitos de su marca y producto.<\/li>\n<\/ul>","protected":false},"featured_media":1956,"comment_status":"closed","ping_status":"closed","template":"","meta":{"_acf_changed":true},"product_brand":[],"product_cat":[22,39],"product_tag":[],"class_list":{"0":"post-1899","1":"product","2":"type-product","3":"status-publish","4":"has-post-thumbnail","6":"product_cat-custom-spout-pouches","7":"product_cat-custom-juice-spout-pouches","9":"first","10":"instock","11":"shipping-taxable","12":"product-type-simple"},"acf":[],"_links":{"self":[{"href":"https:\/\/www.topchinapack.com\/es\/wp-json\/wp\/v2\/product\/1899","targetHints":{"allow":["GET"]}}],"collection":[{"href":"https:\/\/www.topchinapack.com\/es\/wp-json\/wp\/v2\/product"}],"about":[{"href":"https:\/\/www.topchinapack.com\/es\/wp-json\/wp\/v2\/types\/product"}],"replies":[{"embeddable":true,"href":"https:\/\/www.topchinapack.com\/es\/wp-json\/wp\/v2\/comments?post=1899"}],"wp:featuredmedia":[{"embeddable":true,"href":"https:\/\/www.topchinapack.com\/es\/wp-json\/wp\/v2\/media\/1956"}],"wp:attachment":[{"href":"https:\/\/www.topchinapack.com\/es\/wp-json\/wp\/v2\/media?parent=1899"}],"wp:term":[{"taxonomy":"product_brand","embeddable":true,"href":"https:\/\/www.topchinapack.com\/es\/wp-json\/wp\/v2\/product_brand?post=1899"},{"taxonomy":"product_cat","embeddable":true,"href":"https:\/\/www.topchinapack.com\/es\/wp-json\/wp\/v2\/product_cat?post=1899"},{"taxonomy":"product_tag","embeddable":true,"href":"https:\/\/www.topchinapack.com\/es\/wp-json\/wp\/v2\/product_tag?post=1899"}],"curies":[{"name":"wp","href":"https:\/\/api.w.org\/{rel}","templated":true}]}}