{"id":2390,"date":"2025-09-26T10:18:34","date_gmt":"2025-09-26T10:18:34","guid":{"rendered":"https:\/\/www.topchinapack.com\/?post_type=product&#038;p=2390"},"modified":"2025-11-17T07:12:39","modified_gmt":"2025-11-17T07:12:39","slug":"custom-food-stand-up-pouch","status":"publish","type":"product","link":"https:\/\/www.topchinapack.com\/es\/producto\/custom-food-stand-up-pouch\/","title":{"rendered":"Bolsa personalizada para alimentos - Segura, resellable y resistente a la humedad"},"content":{"rendered":"<div class=\"wp-block-columns is-layout-flex wp-container-core-columns-is-layout-9d6595d7 wp-block-columns-is-layout-flex\">\n<div class=\"wp-block-column is-layout-flow wp-block-column-is-layout-flow\"><\/div>\n\n\n\n<div class=\"wp-block-column is-layout-flow wp-block-column-is-layout-flow\"><\/div>\n<\/div>\n\n\n\n<div class=\"wp-block-columns is-layout-flex wp-container-core-columns-is-layout-9d6595d7 wp-block-columns-is-layout-flex\">\n<div class=\"wp-block-column is-layout-flow wp-block-column-is-layout-flow\">\n<figure class=\"wp-block-image size-full\"><img decoding=\"async\" width=\"800\" height=\"800\" src=\"https:\/\/www.topchinapack.com\/wp-content\/uploads\/2025\/09\/custom-food-stand-up-pouch-5.webp\" alt=\"bolsa personalizada para alimentos (5)\" class=\"wp-image-2471\" srcset=\"https:\/\/www.topchinapack.com\/wp-content\/uploads\/2025\/09\/custom-food-stand-up-pouch-5.webp 800w, https:\/\/www.topchinapack.com\/wp-content\/uploads\/2025\/09\/custom-food-stand-up-pouch-5-300x300.webp 300w, https:\/\/www.topchinapack.com\/wp-content\/uploads\/2025\/09\/custom-food-stand-up-pouch-5-150x150.webp 150w, https:\/\/www.topchinapack.com\/wp-content\/uploads\/2025\/09\/custom-food-stand-up-pouch-5-768x768.webp 768w, https:\/\/www.topchinapack.com\/wp-content\/uploads\/2025\/09\/custom-food-stand-up-pouch-5-12x12.webp 12w, https:\/\/www.topchinapack.com\/wp-content\/uploads\/2025\/09\/custom-food-stand-up-pouch-5-600x600.webp 600w, https:\/\/www.topchinapack.com\/wp-content\/uploads\/2025\/09\/custom-food-stand-up-pouch-5-100x100.webp 100w\" sizes=\"(max-width: 800px) 100vw, 800px\" \/><\/figure>\n<\/div>\n\n\n\n<div class=\"wp-block-column is-layout-flow wp-block-column-is-layout-flow\">\n<figure class=\"wp-block-image size-full\"><img decoding=\"async\" width=\"800\" height=\"800\" src=\"https:\/\/www.topchinapack.com\/wp-content\/uploads\/2025\/09\/custom-food-stand-up-pouch-6.webp\" alt=\"bolsa personalizada para alimentos (6)\" class=\"wp-image-2472\" srcset=\"https:\/\/www.topchinapack.com\/wp-content\/uploads\/2025\/09\/custom-food-stand-up-pouch-6.webp 800w, https:\/\/www.topchinapack.com\/wp-content\/uploads\/2025\/09\/custom-food-stand-up-pouch-6-300x300.webp 300w, https:\/\/www.topchinapack.com\/wp-content\/uploads\/2025\/09\/custom-food-stand-up-pouch-6-150x150.webp 150w, https:\/\/www.topchinapack.com\/wp-content\/uploads\/2025\/09\/custom-food-stand-up-pouch-6-768x768.webp 768w, https:\/\/www.topchinapack.com\/wp-content\/uploads\/2025\/09\/custom-food-stand-up-pouch-6-12x12.webp 12w, https:\/\/www.topchinapack.com\/wp-content\/uploads\/2025\/09\/custom-food-stand-up-pouch-6-600x600.webp 600w, https:\/\/www.topchinapack.com\/wp-content\/uploads\/2025\/09\/custom-food-stand-up-pouch-6-100x100.webp 100w\" sizes=\"(max-width: 800px) 100vw, 800px\" \/><\/figure>\n<\/div>\n<\/div>","protected":false},"excerpt":{"rendered":"<p>Proporcionamos soluciones personalizadas de bolsas stand up para alimentos con cremalleras resellables, ranuras de rasgado y v\u00e1lvulas, dise\u00f1adas para mantener sus productos frescos, seguros y visualmente atractivos para la distribuci\u00f3n al por menor o al por mayor.<\/p>\n<h2>Caracter\u00edsticas de Custom Food Stand-up Pouch<\/h2>\n<p><strong>Servicio personalizado:<\/strong>\u00a0material, tama\u00f1o, impresi\u00f3n, patr\u00f3n y opciones adicionales<br \/><strong>Proceso de impresi\u00f3n:<\/strong>\u00a0impresi\u00f3n en huecograbado, hasta 10 colores, admite impresi\u00f3n personalizada<br \/><strong>Caracter\u00edsticas:<\/strong>\u00a0duradero, impermeable<br \/><strong>Plazo de entrega:<\/strong>\u00a010-20 d\u00edas<br \/><strong>Soporte gratuito para muestras<\/strong><br \/><strong>Certificaci\u00f3n:<\/strong>\u00a0ISO, FDA, sin BPA, LFGB, normas de la UE<\/p>\n<p><strong>Estructura pr\u00e1ctica<\/strong>: La bolsa para alimentos de pie est\u00e1 equipada con una estructura de soporte inferior incorporada, puede mantenerse de pie de forma independiente para facilitar el acceso y la exposici\u00f3n; tambi\u00e9n cuenta con una cremallera reutilizable que permite operaciones de sellado sencillas.<\/p>\n<p><strong>Fuerte retenci\u00f3n de la frescura<\/strong>: El dise\u00f1o con cierre de cremallera a\u00edsla eficazmente el aire, la humedad y los olores, prolonga la vida \u00fatil de los alimentos (como frutos secos, aperitivos, alimentos deshidratados, etc.) y reduce la oxidaci\u00f3n y el deterioro.<\/p>\n<p><strong>Gran comodidad<\/strong>: Su forma autoportante facilita el almacenamiento (por ejemplo, en escritorios, en armarios) sin necesidad de recipientes adicionales; la funci\u00f3n resellable es adecuada para\u5206\u6b21 el consumo y evita la contaminaci\u00f3n tras la apertura.<\/p>\n<p><strong>Amplia adaptabilidad<\/strong>: Fabricado principalmente con films compuestos de calidad alimentaria (como PE, PET, etc.), es resistente a la temperatura y al aceite, y puede utilizarse para alimentos de diversas formas, como s\u00f3lidos y granulados. Adem\u00e1s, tiene una buena capacidad de impresi\u00f3n, lo que resulta beneficioso para mostrar informaci\u00f3n de marca.<\/p>\n<p><strong>Excelente seguridad<\/strong>: Cumple las normas sobre materiales en contacto con alimentos, no libera sustancias nocivas y garantiza la higiene alimentaria. Mientras tanto, algunos materiales reciclables utilizados tambi\u00e9n se ajustan a la tendencia de protecci\u00f3n del medio ambiente.<\/p>","protected":false},"featured_media":2467,"comment_status":"closed","ping_status":"closed","template":"","meta":{"_acf_changed":true},"product_brand":[],"product_cat":[20,52],"product_tag":[],"class_list":{"0":"post-2390","1":"product","2":"type-product","3":"status-publish","4":"has-post-thumbnail","6":"product_cat-custom-stand-up-pouch","7":"product_cat-custom-cereal-stand-up-pouches","9":"first","10":"instock","11":"shipping-taxable","12":"product-type-simple"},"acf":[],"_links":{"self":[{"href":"https:\/\/www.topchinapack.com\/es\/wp-json\/wp\/v2\/product\/2390","targetHints":{"allow":["GET"]}}],"collection":[{"href":"https:\/\/www.topchinapack.com\/es\/wp-json\/wp\/v2\/product"}],"about":[{"href":"https:\/\/www.topchinapack.com\/es\/wp-json\/wp\/v2\/types\/product"}],"replies":[{"embeddable":true,"href":"https:\/\/www.topchinapack.com\/es\/wp-json\/wp\/v2\/comments?post=2390"}],"wp:featuredmedia":[{"embeddable":true,"href":"https:\/\/www.topchinapack.com\/es\/wp-json\/wp\/v2\/media\/2467"}],"wp:attachment":[{"href":"https:\/\/www.topchinapack.com\/es\/wp-json\/wp\/v2\/media?parent=2390"}],"wp:term":[{"taxonomy":"product_brand","embeddable":true,"href":"https:\/\/www.topchinapack.com\/es\/wp-json\/wp\/v2\/product_brand?post=2390"},{"taxonomy":"product_cat","embeddable":true,"href":"https:\/\/www.topchinapack.com\/es\/wp-json\/wp\/v2\/product_cat?post=2390"},{"taxonomy":"product_tag","embeddable":true,"href":"https:\/\/www.topchinapack.com\/es\/wp-json\/wp\/v2\/product_tag?post=2390"}],"curies":[{"name":"wp","href":"https:\/\/api.w.org\/{rel}","templated":true}]}}