{"id":2394,"date":"2025-09-26T09:03:32","date_gmt":"2025-09-26T09:03:32","guid":{"rendered":"https:\/\/www.topchinapack.com\/?post_type=product&#038;p=2394"},"modified":"2025-11-17T06:49:09","modified_gmt":"2025-11-17T06:49:09","slug":"custom-food-packaging-bag","status":"publish","type":"product","link":"https:\/\/www.topchinapack.com\/es\/producto\/custom-food-packaging-bag\/","title":{"rendered":"Bolsa de Embalaje de Alimentos al por mayor, proveedor de embalaje de rollo de pel\u00edcula"},"content":{"rendered":"<div class=\"wp-block-columns is-layout-flex wp-container-core-columns-is-layout-9d6595d7 wp-block-columns-is-layout-flex\">\n<div class=\"wp-block-column is-layout-flow wp-block-column-is-layout-flow\">\n<figure class=\"wp-block-image size-full\"><img decoding=\"async\" width=\"800\" height=\"800\" src=\"https:\/\/www.topchinapack.com\/wp-content\/uploads\/2025\/09\/custom-food-packaging-bag-5.webp\" alt=\"bolsa personalizada para envasado de alimentos (5)\" class=\"wp-image-2449\" srcset=\"https:\/\/www.topchinapack.com\/wp-content\/uploads\/2025\/09\/custom-food-packaging-bag-5.webp 800w, https:\/\/www.topchinapack.com\/wp-content\/uploads\/2025\/09\/custom-food-packaging-bag-5-300x300.webp 300w, https:\/\/www.topchinapack.com\/wp-content\/uploads\/2025\/09\/custom-food-packaging-bag-5-150x150.webp 150w, https:\/\/www.topchinapack.com\/wp-content\/uploads\/2025\/09\/custom-food-packaging-bag-5-768x768.webp 768w, https:\/\/www.topchinapack.com\/wp-content\/uploads\/2025\/09\/custom-food-packaging-bag-5-12x12.webp 12w, https:\/\/www.topchinapack.com\/wp-content\/uploads\/2025\/09\/custom-food-packaging-bag-5-600x600.webp 600w, https:\/\/www.topchinapack.com\/wp-content\/uploads\/2025\/09\/custom-food-packaging-bag-5-100x100.webp 100w\" sizes=\"(max-width: 800px) 100vw, 800px\" \/><\/figure>\n<\/div>\n\n\n\n<div class=\"wp-block-column is-layout-flow wp-block-column-is-layout-flow\">\n<figure class=\"wp-block-image size-full\"><img decoding=\"async\" width=\"800\" height=\"800\" src=\"https:\/\/www.topchinapack.com\/wp-content\/uploads\/2025\/09\/custom-food-packaging-bag-6.webp\" alt=\"bolsa personalizada para envasado de alimentos (6)\" class=\"wp-image-2450\" srcset=\"https:\/\/www.topchinapack.com\/wp-content\/uploads\/2025\/09\/custom-food-packaging-bag-6.webp 800w, https:\/\/www.topchinapack.com\/wp-content\/uploads\/2025\/09\/custom-food-packaging-bag-6-300x300.webp 300w, https:\/\/www.topchinapack.com\/wp-content\/uploads\/2025\/09\/custom-food-packaging-bag-6-150x150.webp 150w, https:\/\/www.topchinapack.com\/wp-content\/uploads\/2025\/09\/custom-food-packaging-bag-6-768x768.webp 768w, https:\/\/www.topchinapack.com\/wp-content\/uploads\/2025\/09\/custom-food-packaging-bag-6-12x12.webp 12w, https:\/\/www.topchinapack.com\/wp-content\/uploads\/2025\/09\/custom-food-packaging-bag-6-600x600.webp 600w, https:\/\/www.topchinapack.com\/wp-content\/uploads\/2025\/09\/custom-food-packaging-bag-6-100x100.webp 100w\" sizes=\"(max-width: 800px) 100vw, 800px\" \/><\/figure>\n<\/div>\n<\/div>","protected":false},"excerpt":{"rendered":"<p>Bolsas personalizadas para envasado de alimentos al por mayor. Como fabricante l\u00edder de envases flexibles en Guangdong, China, podemos personalizar bolsas para envasado de alimentos con caracter\u00edsticas como resistencia al calor, resistencia a bajas temperaturas, resistencia al aceite y resistencia a la perforaci\u00f3n. Mediante la combinaci\u00f3n de diferentes materiales, garantizamos el rendimiento del envasado al tiempo que reducimos los costes totales de material. P\u00f3ngase en contacto con nosotros para obtener un presupuesto de personalizaci\u00f3n a granel.<\/p>\n<h2>Caracter\u00edsticas de las bolsas personalizadas para envasado de alimentos<\/h2>\n<p><strong>Servicio personalizado:<\/strong>\u00a0material, tama\u00f1o, impresi\u00f3n, patr\u00f3n y opciones adicionales<br \/><strong>Proceso de impresi\u00f3n:<\/strong>\u00a0impresi\u00f3n en huecograbado, hasta 10 colores, admite impresi\u00f3n personalizada<br \/><strong>Caracter\u00edsticas:<\/strong>\u00a0duradero, impermeable<br \/><strong>Plazo de entrega:<\/strong>\u00a010-20 d\u00edas<br \/><strong>Soporte gratuito para muestras<\/strong><br \/><strong>Certificaci\u00f3n:<\/strong>\u00a0ISO, FDA, sin BPA, LFGB, normas de la UE<\/p>\n<p><strong>Fuerte propiedad de barrera<\/strong>: Puede bloquear eficazmente el ox\u00edgeno, la humedad, la luz, etc., retrasar la oxidaci\u00f3n de los alimentos, la absorci\u00f3n de humedad y el deterioro, y prolongar la vida \u00fatil.<\/p>\n<p><strong>Excelente funcionalidad:<\/strong> Como fabricante profesional de bolsas para envasado de alimentos, podemos integrar resistencia al calor, resistencia a las bajas temperaturas, resistencia al aceite, resistencia a la perforaci\u00f3n y otras propiedades seg\u00fan sea necesario para adaptarnos a los requisitos de envasado de diferentes alimentos (como alimentos congelados, alimentos fritos).<\/p>\n<p><strong>Ligereza y alta resistencia<\/strong>: Es m\u00e1s ligero, c\u00f3modo de transportar y, al mismo tiempo, tiene buenas propiedades de resistencia a la tracci\u00f3n y al impacto, lo que reduce las p\u00e9rdidas por transporte.<\/p>\n<p><strong>Coste controlable<\/strong>: Mediante la combinaci\u00f3n razonable de distintos materiales, se reduce el coste global del material con la premisa de garantizar el rendimiento del envasado, logrando un buen equilibrio entre rendimiento y rentabilidad.<\/p>\n<p><strong>Buena imprimibilidad y aspecto<\/strong>: La superficie de la bolsa de envasado personalizada puede lograr f\u00e1cilmente una impresi\u00f3n clara y brillante, mejorando la est\u00e9tica del envasado de alimentos y el reconocimiento de la marca para atraer a los consumidores.<\/p>","protected":false},"featured_media":2445,"comment_status":"closed","ping_status":"closed","template":"","meta":{"_acf_changed":true},"product_brand":[],"product_cat":[21],"product_tag":[],"class_list":{"0":"post-2394","1":"product","2":"type-product","3":"status-publish","4":"has-post-thumbnail","6":"product_cat-custom-packaging-film-roll","8":"first","9":"instock","10":"shipping-taxable","11":"product-type-simple"},"acf":[],"_links":{"self":[{"href":"https:\/\/www.topchinapack.com\/es\/wp-json\/wp\/v2\/product\/2394","targetHints":{"allow":["GET"]}}],"collection":[{"href":"https:\/\/www.topchinapack.com\/es\/wp-json\/wp\/v2\/product"}],"about":[{"href":"https:\/\/www.topchinapack.com\/es\/wp-json\/wp\/v2\/types\/product"}],"replies":[{"embeddable":true,"href":"https:\/\/www.topchinapack.com\/es\/wp-json\/wp\/v2\/comments?post=2394"}],"wp:featuredmedia":[{"embeddable":true,"href":"https:\/\/www.topchinapack.com\/es\/wp-json\/wp\/v2\/media\/2445"}],"wp:attachment":[{"href":"https:\/\/www.topchinapack.com\/es\/wp-json\/wp\/v2\/media?parent=2394"}],"wp:term":[{"taxonomy":"product_brand","embeddable":true,"href":"https:\/\/www.topchinapack.com\/es\/wp-json\/wp\/v2\/product_brand?post=2394"},{"taxonomy":"product_cat","embeddable":true,"href":"https:\/\/www.topchinapack.com\/es\/wp-json\/wp\/v2\/product_cat?post=2394"},{"taxonomy":"product_tag","embeddable":true,"href":"https:\/\/www.topchinapack.com\/es\/wp-json\/wp\/v2\/product_tag?post=2394"}],"curies":[{"name":"wp","href":"https:\/\/api.w.org\/{rel}","templated":true}]}}