{"id":2395,"date":"2025-09-26T09:30:22","date_gmt":"2025-09-26T09:30:22","guid":{"rendered":"https:\/\/www.topchinapack.com\/?post_type=product&#038;p=2395"},"modified":"2025-12-19T07:54:39","modified_gmt":"2025-12-19T07:54:39","slug":"custom-printed-stand-up-pouch-manufacturer","status":"publish","type":"product","link":"https:\/\/www.topchinapack.com\/es\/producto\/custom-printed-stand-up-pouch-manufacturer\/","title":{"rendered":"Bolsas de pie impresas a medida, que permiten personalizar el tama\u00f1o, el acabado y la funcionalidad"},"content":{"rendered":"<div class=\"wp-block-columns is-layout-flex wp-container-core-columns-is-layout-9d6595d7 wp-block-columns-is-layout-flex\">\n<div class=\"wp-block-column is-layout-flow wp-block-column-is-layout-flow\">\n<figure class=\"wp-block-image size-full\"><img decoding=\"async\" width=\"800\" height=\"800\" src=\"https:\/\/www.topchinapack.com\/wp-content\/uploads\/2025\/09\/custom-printed-stand-up-pouches-5.webp\" alt=\"bolsas stand up con impresi\u00f3n personalizada (5)\" class=\"wp-image-2457\" srcset=\"https:\/\/www.topchinapack.com\/wp-content\/uploads\/2025\/09\/custom-printed-stand-up-pouches-5.webp 800w, https:\/\/www.topchinapack.com\/wp-content\/uploads\/2025\/09\/custom-printed-stand-up-pouches-5-300x300.webp 300w, https:\/\/www.topchinapack.com\/wp-content\/uploads\/2025\/09\/custom-printed-stand-up-pouches-5-150x150.webp 150w, https:\/\/www.topchinapack.com\/wp-content\/uploads\/2025\/09\/custom-printed-stand-up-pouches-5-768x768.webp 768w, https:\/\/www.topchinapack.com\/wp-content\/uploads\/2025\/09\/custom-printed-stand-up-pouches-5-12x12.webp 12w, https:\/\/www.topchinapack.com\/wp-content\/uploads\/2025\/09\/custom-printed-stand-up-pouches-5-600x600.webp 600w, https:\/\/www.topchinapack.com\/wp-content\/uploads\/2025\/09\/custom-printed-stand-up-pouches-5-100x100.webp 100w\" sizes=\"(max-width: 800px) 100vw, 800px\" \/><\/figure>\n<\/div>\n\n\n\n<div class=\"wp-block-column is-layout-flow wp-block-column-is-layout-flow\">\n<figure class=\"wp-block-image size-full\"><img decoding=\"async\" width=\"800\" height=\"800\" src=\"https:\/\/www.topchinapack.com\/wp-content\/uploads\/2025\/09\/custom-printed-stand-up-pouches-6.webp\" alt=\"bolsas stand up con impresi\u00f3n personalizada (6)\" class=\"wp-image-2458\" srcset=\"https:\/\/www.topchinapack.com\/wp-content\/uploads\/2025\/09\/custom-printed-stand-up-pouches-6.webp 800w, https:\/\/www.topchinapack.com\/wp-content\/uploads\/2025\/09\/custom-printed-stand-up-pouches-6-300x300.webp 300w, https:\/\/www.topchinapack.com\/wp-content\/uploads\/2025\/09\/custom-printed-stand-up-pouches-6-150x150.webp 150w, https:\/\/www.topchinapack.com\/wp-content\/uploads\/2025\/09\/custom-printed-stand-up-pouches-6-768x768.webp 768w, https:\/\/www.topchinapack.com\/wp-content\/uploads\/2025\/09\/custom-printed-stand-up-pouches-6-12x12.webp 12w, https:\/\/www.topchinapack.com\/wp-content\/uploads\/2025\/09\/custom-printed-stand-up-pouches-6-600x600.webp 600w, https:\/\/www.topchinapack.com\/wp-content\/uploads\/2025\/09\/custom-printed-stand-up-pouches-6-100x100.webp 100w\" sizes=\"(max-width: 800px) 100vw, 800px\" \/><\/figure>\n<\/div>\n<\/div>","protected":false},"excerpt":{"rendered":"<p>Venta al por mayor de bolsas stand-up impresas personalizadas, que ofrecen una variedad de materiales, tama\u00f1os y acabados para mostrar perfectamente su marca y proporcionar una excelente protecci\u00f3n del producto. Como fabricantes de envases flexibles personalizados, podemos ofrecer bolsas stand-up con opciones como cremalleras resellables, puertos rasgables y v\u00e1lvulas unidireccionales, lo que las convierte en una opci\u00f3n ideal para envasar aperitivos, caf\u00e9, t\u00e9, comida para mascotas y mucho m\u00e1s. P\u00f3ngase en contacto con nosotros para precios al por mayor.<\/p>\n<h2>Caracter\u00edsticas de las bolsas de pie impresas a medida<\/h2>\n<p><strong>Servicio personalizado:<\/strong>\u00a0material, tama\u00f1o, impresi\u00f3n, patr\u00f3n y opciones adicionales<br \/><strong>Proceso de impresi\u00f3n:<\/strong>\u00a0impresi\u00f3n en huecograbado, hasta 10 colores, admite impresi\u00f3n personalizada<br \/><strong>Caracter\u00edsticas:<\/strong>\u00a0duradero, impermeable<br \/><strong>Plazo de entrega:<\/strong>\u00a010-20 d\u00edas<br \/><strong>Soporte gratuito para muestras<\/strong><br \/><strong>Certificaci\u00f3n:<\/strong>\u00a0ISO, FDA, sin BPA, LFGB, normas de la UE<\/p>\n<p><strong>Personalizaci\u00f3n profesional:<\/strong> Como fabricantes profesionales de bolsas de pie, ofrecemos una gran variedad de opciones funcionales, como cremalleras resellables, muescas para rasgar, v\u00e1lvulas y mucho m\u00e1s, para satisfacer sus necesidades de marca.<\/p>\n<p><strong>Elementos visuales distintivos:<\/strong> Ofrecemos una gran variedad de acabados, como mate, brillante, met\u00e1lico, ventanas transparentes y formas personalizadas, para maximizar el atractivo de los estantes y ayudar a que sus productos destaquen.<\/p>\n<p><strong>Comodidad:<\/strong> Ligero, m\u00e1s de 80% m\u00e1s ligero que las botellas de vidrio y las latas de hierro, f\u00e1cil de transportar; Dise\u00f1o personalizable f\u00e1cil de rasgar, reutilizable (bolsa con cremallera) y directamente calentable (bolsa de cocci\u00f3n calentable en microondas) para satisfacer la demanda de \"comodidad\" del consumidor moderno.<\/p>\n<p><strong>Transmisi\u00f3n de informaci\u00f3n clara:<\/strong> Nuestras bolsas autoportantes tienen una excelente adaptabilidad de impresi\u00f3n para sus materiales de envasado exteriores, que pueden imprimir claramente informaci\u00f3n como nombres de alimentos, listas de ingredientes, caducidad, contenido nutricional, etc. Adem\u00e1s, la tinta tiene una fuerte adherencia y no es f\u00e1cil de despegar.<\/p>\n<p><strong>Excelente pantalla:<\/strong> Gracias a estructuras transparentes como el PET\/PE, el color y la forma de los productos alimentarios (como la carne fresca y los frutos secos) pueden mostrarse claramente, lo que aumenta la predisposici\u00f3n de los consumidores a comprarlos; el dise\u00f1o autoportante de la bolsa le permite mantenerse erguida en el estante, lo que proporciona un mayor impacto visual.<\/p>","protected":false},"featured_media":2453,"comment_status":"closed","ping_status":"closed","template":"","meta":{"_acf_changed":true},"product_brand":[],"product_cat":[20,55],"product_tag":[59],"class_list":{"0":"post-2395","1":"product","2":"type-product","3":"status-publish","4":"has-post-thumbnail","6":"product_cat-custom-stand-up-pouch","7":"product_cat-custom-coffee-stand-up-pouches","8":"product_tag-custom-coffee-packaging-bags","10":"first","11":"instock","12":"shipping-taxable","13":"product-type-simple"},"acf":[],"_links":{"self":[{"href":"https:\/\/www.topchinapack.com\/es\/wp-json\/wp\/v2\/product\/2395","targetHints":{"allow":["GET"]}}],"collection":[{"href":"https:\/\/www.topchinapack.com\/es\/wp-json\/wp\/v2\/product"}],"about":[{"href":"https:\/\/www.topchinapack.com\/es\/wp-json\/wp\/v2\/types\/product"}],"replies":[{"embeddable":true,"href":"https:\/\/www.topchinapack.com\/es\/wp-json\/wp\/v2\/comments?post=2395"}],"wp:featuredmedia":[{"embeddable":true,"href":"https:\/\/www.topchinapack.com\/es\/wp-json\/wp\/v2\/media\/2453"}],"wp:attachment":[{"href":"https:\/\/www.topchinapack.com\/es\/wp-json\/wp\/v2\/media?parent=2395"}],"wp:term":[{"taxonomy":"product_brand","embeddable":true,"href":"https:\/\/www.topchinapack.com\/es\/wp-json\/wp\/v2\/product_brand?post=2395"},{"taxonomy":"product_cat","embeddable":true,"href":"https:\/\/www.topchinapack.com\/es\/wp-json\/wp\/v2\/product_cat?post=2395"},{"taxonomy":"product_tag","embeddable":true,"href":"https:\/\/www.topchinapack.com\/es\/wp-json\/wp\/v2\/product_tag?post=2395"}],"curies":[{"name":"wp","href":"https:\/\/api.w.org\/{rel}","templated":true}]}}