{"id":2402,"date":"2025-02-24T09:56:52","date_gmt":"2025-02-24T09:56:52","guid":{"rendered":"https:\/\/www.topchinapack.com\/?post_type=product&#038;p=2402"},"modified":"2025-12-05T09:19:15","modified_gmt":"2025-12-05T09:19:15","slug":"custom-drink-spout-pouches-wholesale","status":"publish","type":"product","link":"https:\/\/www.topchinapack.com\/es\/producto\/custom-drink-spout-pouches-wholesale\/","title":{"rendered":"Venta al por mayor de bolsas personalizadas para zumos, bebidas y zumos vegetales"},"content":{"rendered":"<div class=\"wp-block-columns is-layout-flex wp-container-core-columns-is-layout-9d6595d7 wp-block-columns-is-layout-flex\">\n<div class=\"wp-block-column is-layout-flow wp-block-column-is-layout-flow\">\n<figure class=\"wp-block-image size-full\"><img decoding=\"async\" width=\"2048\" height=\"2048\" src=\"https:\/\/www.topchinapack.com\/wp-content\/uploads\/2025\/09\/custom-spout-pouch-3.webp\" alt=\"bolsa con boquilla personalizada (3)\" class=\"wp-image-3075\" srcset=\"https:\/\/www.topchinapack.com\/wp-content\/uploads\/2025\/09\/custom-spout-pouch-3.webp 2048w, https:\/\/www.topchinapack.com\/wp-content\/uploads\/2025\/09\/custom-spout-pouch-3-300x300.webp 300w, https:\/\/www.topchinapack.com\/wp-content\/uploads\/2025\/09\/custom-spout-pouch-3-150x150.webp 150w, https:\/\/www.topchinapack.com\/wp-content\/uploads\/2025\/09\/custom-spout-pouch-3-768x768.webp 768w, https:\/\/www.topchinapack.com\/wp-content\/uploads\/2025\/09\/custom-spout-pouch-3-12x12.webp 12w, https:\/\/www.topchinapack.com\/wp-content\/uploads\/2025\/09\/custom-spout-pouch-3-1200x1200.webp 1200w, https:\/\/www.topchinapack.com\/wp-content\/uploads\/2025\/09\/custom-spout-pouch-3-600x600.webp 600w, https:\/\/www.topchinapack.com\/wp-content\/uploads\/2025\/09\/custom-spout-pouch-3-100x100.webp 100w\" sizes=\"(max-width: 2048px) 100vw, 2048px\" \/><\/figure>\n<\/div>\n\n\n\n<div class=\"wp-block-column is-layout-flow wp-block-column-is-layout-flow\">\n<figure class=\"wp-block-image size-full\"><img decoding=\"async\" width=\"2048\" height=\"2048\" src=\"https:\/\/www.topchinapack.com\/wp-content\/uploads\/2025\/09\/custom-spout-pouch-4.webp\" alt=\"bolsa con boquilla personalizada (4)\" class=\"wp-image-3076\" srcset=\"https:\/\/www.topchinapack.com\/wp-content\/uploads\/2025\/09\/custom-spout-pouch-4.webp 2048w, https:\/\/www.topchinapack.com\/wp-content\/uploads\/2025\/09\/custom-spout-pouch-4-300x300.webp 300w, https:\/\/www.topchinapack.com\/wp-content\/uploads\/2025\/09\/custom-spout-pouch-4-150x150.webp 150w, https:\/\/www.topchinapack.com\/wp-content\/uploads\/2025\/09\/custom-spout-pouch-4-768x768.webp 768w, https:\/\/www.topchinapack.com\/wp-content\/uploads\/2025\/09\/custom-spout-pouch-4-12x12.webp 12w, https:\/\/www.topchinapack.com\/wp-content\/uploads\/2025\/09\/custom-spout-pouch-4-1200x1200.webp 1200w, https:\/\/www.topchinapack.com\/wp-content\/uploads\/2025\/09\/custom-spout-pouch-4-600x600.webp 600w, https:\/\/www.topchinapack.com\/wp-content\/uploads\/2025\/09\/custom-spout-pouch-4-100x100.webp 100w\" sizes=\"(max-width: 2048px) 100vw, 2048px\" \/><\/figure>\n<\/div>\n<\/div>","protected":false},"excerpt":{"rendered":"<p>Nuestras bolsas con boquilla personalizadas al por mayor son perfectas para zumos, bebidas y bebidas vegetales. Dise\u00f1adas para ofrecer seguridad, durabilidad y comodidad, estas bolsas admiten una marca vibrante y una impresi\u00f3n de alta calidad. Disponibles en varios tama\u00f1os, formas y dise\u00f1os, son ideales para uso comercial, venta al por menor o envasado promocional.<\/p>\n<h2>Caracter\u00edsticas de Custom Spout Pouch<\/h2>\n<p><strong>Servicio personalizado:<\/strong>\u00a0material, tama\u00f1o, impresi\u00f3n, patr\u00f3n y opciones adicionales<br \/><strong>Proceso de impresi\u00f3n:<\/strong>\u00a0impresi\u00f3n en huecograbado, hasta 10 colores, admite impresi\u00f3n personalizada<br \/><strong>Caracter\u00edsticas:<\/strong>\u00a0duradero, impermeable<br \/><strong>Plazo de entrega:<\/strong>\u00a010-20 d\u00edas<br \/><strong>Soporte gratuito para muestras<\/strong><br \/><strong>Certificaci\u00f3n:<\/strong>\u00a0ISO, FDA, sin BPA, LFGB, normas de la UE<\/p>\n<p><strong>Impresi\u00f3n de alta calidad<\/strong>: Se puede realizar una impresi\u00f3n de alta precisi\u00f3n con tintas respetuosas con el medio ambiente, que presenta colores vivos y patrones exquisitos, mostrando claramente la informaci\u00f3n del producto y la imagen de la marca, y atrayendo a los consumidores a la compra.<\/p>\n<ul>\n<li>\n<p><strong>Port\u00e1til y f\u00e1cil de transportar<\/strong>: En comparaci\u00f3n con las bebidas embotelladas y enlatadas, las bolsas de envasado para bebidas son m\u00e1s ligeras y de menor tama\u00f1o.<\/p>\n<\/li>\n<li>\n<p><strong>Impresi\u00f3n de alta calidad<\/strong>: Se puede imprimir con tinta ecol\u00f3gica de alta precisi\u00f3n, presentando colores ricos y patrones exquisitos, mostrando claramente la informaci\u00f3n del producto y la imagen de marca, atrayendo as\u00ed a los consumidores a comprar.<\/p>\n<\/li>\n<li>\n<p><strong>Materiales diversos con excelentes prestaciones<\/strong>: Los materiales m\u00e1s utilizados son el polietileno (PE), el nailon (PA) y el tereftalato de polietileno (PET), que poseen buena flexibilidad, resistencia al desgaste, propiedades aislantes, resistencia al calor, etc.<\/p>\n<\/li>\n<li>\n<p><strong>Menor coste<\/strong>: En comparaci\u00f3n con algunos envases r\u00edgidos, el coste de producci\u00f3n de las bolsas de envasado de bebidas es inferior, lo que ofrece una gran rentabilidad y contribuye a reducir el coste global del producto.<\/p>\n<\/li>\n<li>\n<p><strong>Medir con precisi\u00f3n<\/strong>: Los envases de peque\u00f1o tama\u00f1o permiten controlar con precisi\u00f3n la cantidad de consumo individual, evitando que la bebida se deteriore debido al almacenamiento prolongado en grandes recipientes. Tambi\u00e9n facilita a los padres la gesti\u00f3n de la cantidad de consumo del ni\u00f1o.<\/p>\n<\/li>\n<\/ul>","protected":false},"featured_media":3073,"comment_status":"closed","ping_status":"closed","template":"","meta":{"_acf_changed":false},"product_brand":[],"product_cat":[22],"product_tag":[],"class_list":{"0":"post-2402","1":"product","2":"type-product","3":"status-publish","4":"has-post-thumbnail","6":"product_cat-custom-spout-pouches","8":"first","9":"instock","10":"shipping-taxable","11":"product-type-simple"},"acf":[],"_links":{"self":[{"href":"https:\/\/www.topchinapack.com\/es\/wp-json\/wp\/v2\/product\/2402","targetHints":{"allow":["GET"]}}],"collection":[{"href":"https:\/\/www.topchinapack.com\/es\/wp-json\/wp\/v2\/product"}],"about":[{"href":"https:\/\/www.topchinapack.com\/es\/wp-json\/wp\/v2\/types\/product"}],"replies":[{"embeddable":true,"href":"https:\/\/www.topchinapack.com\/es\/wp-json\/wp\/v2\/comments?post=2402"}],"wp:featuredmedia":[{"embeddable":true,"href":"https:\/\/www.topchinapack.com\/es\/wp-json\/wp\/v2\/media\/3073"}],"wp:attachment":[{"href":"https:\/\/www.topchinapack.com\/es\/wp-json\/wp\/v2\/media?parent=2402"}],"wp:term":[{"taxonomy":"product_brand","embeddable":true,"href":"https:\/\/www.topchinapack.com\/es\/wp-json\/wp\/v2\/product_brand?post=2402"},{"taxonomy":"product_cat","embeddable":true,"href":"https:\/\/www.topchinapack.com\/es\/wp-json\/wp\/v2\/product_cat?post=2402"},{"taxonomy":"product_tag","embeddable":true,"href":"https:\/\/www.topchinapack.com\/es\/wp-json\/wp\/v2\/product_tag?post=2402"}],"curies":[{"name":"wp","href":"https:\/\/api.w.org\/{rel}","templated":true}]}}