{"id":2407,"date":"2025-10-09T07:25:43","date_gmt":"2025-10-09T07:25:43","guid":{"rendered":"https:\/\/www.topchinapack.com\/?post_type=product&#038;p=2407"},"modified":"2025-11-17T06:42:33","modified_gmt":"2025-11-17T06:42:33","slug":"custom-printed-pe-injection-pouch","status":"publish","type":"product","link":"https:\/\/www.topchinapack.com\/es\/producto\/custom-printed-pe-injection-pouch\/","title":{"rendered":"Bolsa de inyecci\u00f3n de PE impresa a medida - Envasado de alimentos herm\u00e9tico y a prueba de humedad"},"content":{"rendered":"<div class=\"wp-block-columns is-layout-flex wp-container-core-columns-is-layout-9d6595d7 wp-block-columns-is-layout-flex\">\n<div class=\"wp-block-column is-layout-flow wp-block-column-is-layout-flow\">\n<figure class=\"wp-block-image size-full\"><img decoding=\"async\" width=\"800\" height=\"800\" src=\"https:\/\/www.topchinapack.com\/wp-content\/uploads\/2025\/09\/custom-printed-pe-injection-pouch-5.webp\" alt=\"bolsa de inyecci\u00f3n de pe impresa a medida (5)\" class=\"wp-image-2579\" srcset=\"https:\/\/www.topchinapack.com\/wp-content\/uploads\/2025\/09\/custom-printed-pe-injection-pouch-5.webp 800w, https:\/\/www.topchinapack.com\/wp-content\/uploads\/2025\/09\/custom-printed-pe-injection-pouch-5-300x300.webp 300w, https:\/\/www.topchinapack.com\/wp-content\/uploads\/2025\/09\/custom-printed-pe-injection-pouch-5-150x150.webp 150w, https:\/\/www.topchinapack.com\/wp-content\/uploads\/2025\/09\/custom-printed-pe-injection-pouch-5-768x768.webp 768w, https:\/\/www.topchinapack.com\/wp-content\/uploads\/2025\/09\/custom-printed-pe-injection-pouch-5-12x12.webp 12w, https:\/\/www.topchinapack.com\/wp-content\/uploads\/2025\/09\/custom-printed-pe-injection-pouch-5-600x600.webp 600w, https:\/\/www.topchinapack.com\/wp-content\/uploads\/2025\/09\/custom-printed-pe-injection-pouch-5-100x100.webp 100w\" sizes=\"(max-width: 800px) 100vw, 800px\" \/><\/figure>\n<\/div>\n\n\n\n<div class=\"wp-block-column is-layout-flow wp-block-column-is-layout-flow\">\n<figure class=\"wp-block-image size-full\"><img decoding=\"async\" width=\"800\" height=\"800\" src=\"https:\/\/www.topchinapack.com\/wp-content\/uploads\/2025\/09\/custom-printed-pe-injection-pouch-6.webp\" alt=\"bolsa de inyecci\u00f3n de pe impresa a medida (6)\" class=\"wp-image-2580\" srcset=\"https:\/\/www.topchinapack.com\/wp-content\/uploads\/2025\/09\/custom-printed-pe-injection-pouch-6.webp 800w, https:\/\/www.topchinapack.com\/wp-content\/uploads\/2025\/09\/custom-printed-pe-injection-pouch-6-300x300.webp 300w, https:\/\/www.topchinapack.com\/wp-content\/uploads\/2025\/09\/custom-printed-pe-injection-pouch-6-150x150.webp 150w, https:\/\/www.topchinapack.com\/wp-content\/uploads\/2025\/09\/custom-printed-pe-injection-pouch-6-768x768.webp 768w, https:\/\/www.topchinapack.com\/wp-content\/uploads\/2025\/09\/custom-printed-pe-injection-pouch-6-12x12.webp 12w, https:\/\/www.topchinapack.com\/wp-content\/uploads\/2025\/09\/custom-printed-pe-injection-pouch-6-600x600.webp 600w, https:\/\/www.topchinapack.com\/wp-content\/uploads\/2025\/09\/custom-printed-pe-injection-pouch-6-100x100.webp 100w\" sizes=\"(max-width: 800px) 100vw, 800px\" \/><\/figure>\n<\/div>\n<\/div>\n\n\n\n<div class=\"wp-block-columns is-layout-flex wp-container-core-columns-is-layout-9d6595d7 wp-block-columns-is-layout-flex\">\n<div class=\"wp-block-column is-layout-flow wp-block-column-is-layout-flow\"><\/div>\n\n\n\n<div class=\"wp-block-column is-layout-flow wp-block-column-is-layout-flow\"><\/div>\n<\/div>","protected":false},"excerpt":{"rendered":"<p>Nuestras bolsas de inyecci\u00f3n de PE impresas a medida est\u00e1n dise\u00f1adas para un envasado de l\u00edquidos seguro, duradero y de alta calidad. Fabricadas con material de PE de calidad alimentaria, ofrecen una protecci\u00f3n superior contra las fugas y la humedad, por lo que son ideales para zumos, yogures, gelatinas y otros refrescos.<\/p>\n<h2>Caracter\u00edsticas de la bolsa de inyecci\u00f3n de PE impresa a medida<\/h2>\n<p><strong>Servicio personalizado:<\/strong>\u00a0material, tama\u00f1o, impresi\u00f3n, patr\u00f3n y opciones adicionales<br \/><strong>Proceso de impresi\u00f3n:<\/strong>\u00a0impresi\u00f3n en huecograbado, hasta 10 colores, admite impresi\u00f3n personalizada<br \/><strong>Caracter\u00edsticas:<\/strong>\u00a0duradero, impermeable<br \/><strong>Plazo de entrega:<\/strong>\u00a010-20 d\u00edas<br \/><strong>Soporte gratuito para muestras<\/strong><br \/><strong>Certificaci\u00f3n:<\/strong>\u00a0ISO, FDA, sin BPA, LFGB, normas de la UE<\/p>\n<p><strong>F\u00e1cil de beber:<\/strong> Esta bolsa de inyecci\u00f3n de bebidas cuenta con una bolsa con boquilla y un dise\u00f1o de pie, lo que la hace c\u00f3moda para beber inmediatamente, especialmente sobre la marcha, sin necesidad de una taza aparte.<\/p>\n<p><strong>Compatibilidad Hot-Fill:<\/strong> Estas bolsas de inyecci\u00f3n para bebidas son compatibles con los procesos de llenado en caliente o envasado as\u00e9ptico, lo que garantiza la seguridad del producto y elimina la necesidad de utilizar conservantes pesados.<\/p>\n<p><strong>Marketing e impacto visual:<\/strong> Ofrecemos impresi\u00f3n personalizada a todo color de alta calidad para nuestras bolsas de inyecci\u00f3n para bebidas, as\u00ed como formas \u00fanicas personalizables para que destaquen en el lineal.<\/p>\n<p><strong>Diversos materiales, excelente rendimiento:<\/strong> Como fabricante profesional de envases flexibles, ofrecemos materiales como PE, PA y PET, que ofrecen una excelente flexibilidad, resistencia a la abrasi\u00f3n, aislamiento y resistencia al calor.<\/p>","protected":false},"featured_media":2575,"comment_status":"closed","ping_status":"closed","template":"","meta":{"_acf_changed":false},"product_brand":[],"product_cat":[18,36],"product_tag":[],"class_list":{"0":"post-2407","1":"product","2":"type-product","3":"status-publish","4":"has-post-thumbnail","6":"product_cat-custom-beverage-injection-bag","7":"product_cat-custom-juice-injection-bags","9":"first","10":"instock","11":"shipping-taxable","12":"product-type-simple"},"acf":[],"_links":{"self":[{"href":"https:\/\/www.topchinapack.com\/es\/wp-json\/wp\/v2\/product\/2407","targetHints":{"allow":["GET"]}}],"collection":[{"href":"https:\/\/www.topchinapack.com\/es\/wp-json\/wp\/v2\/product"}],"about":[{"href":"https:\/\/www.topchinapack.com\/es\/wp-json\/wp\/v2\/types\/product"}],"replies":[{"embeddable":true,"href":"https:\/\/www.topchinapack.com\/es\/wp-json\/wp\/v2\/comments?post=2407"}],"wp:featuredmedia":[{"embeddable":true,"href":"https:\/\/www.topchinapack.com\/es\/wp-json\/wp\/v2\/media\/2575"}],"wp:attachment":[{"href":"https:\/\/www.topchinapack.com\/es\/wp-json\/wp\/v2\/media?parent=2407"}],"wp:term":[{"taxonomy":"product_brand","embeddable":true,"href":"https:\/\/www.topchinapack.com\/es\/wp-json\/wp\/v2\/product_brand?post=2407"},{"taxonomy":"product_cat","embeddable":true,"href":"https:\/\/www.topchinapack.com\/es\/wp-json\/wp\/v2\/product_cat?post=2407"},{"taxonomy":"product_tag","embeddable":true,"href":"https:\/\/www.topchinapack.com\/es\/wp-json\/wp\/v2\/product_tag?post=2407"}],"curies":[{"name":"wp","href":"https:\/\/api.w.org\/{rel}","templated":true}]}}