{"id":2797,"date":"2025-11-13T08:45:25","date_gmt":"2025-11-13T08:45:25","guid":{"rendered":"https:\/\/www.topchinapack.com\/?post_type=product&#038;p=2797"},"modified":"2025-11-17T08:00:12","modified_gmt":"2025-11-17T08:00:12","slug":"custom-fruit-juice-and-vegetable-juice-spout-pouch-packaging","status":"publish","type":"product","link":"https:\/\/www.topchinapack.com\/es\/producto\/custom-fruit-juice-and-vegetable-juice-spout-pouch-packaging\/","title":{"rendered":"Venta al por mayor de envases personalizados para zumos de frutas y verduras - Soporte de impresi\u00f3n en huecograbado de diez colores"},"content":{"rendered":"<div class=\"wp-block-columns is-layout-flex wp-container-core-columns-is-layout-9d6595d7 wp-block-columns-is-layout-flex\">\n<div class=\"wp-block-column is-layout-flow wp-block-column-is-layout-flow\">\n<figure class=\"wp-block-image size-full\"><img decoding=\"async\" width=\"800\" height=\"800\" src=\"https:\/\/www.topchinapack.com\/wp-content\/uploads\/2025\/11\/custom-beverage-spout-pouch-3.webp\" alt=\"bolsa con boquilla para bebidas personalizada (3)\" class=\"wp-image-2880\" srcset=\"https:\/\/www.topchinapack.com\/wp-content\/uploads\/2025\/11\/custom-beverage-spout-pouch-3.webp 800w, https:\/\/www.topchinapack.com\/wp-content\/uploads\/2025\/11\/custom-beverage-spout-pouch-3-300x300.webp 300w, https:\/\/www.topchinapack.com\/wp-content\/uploads\/2025\/11\/custom-beverage-spout-pouch-3-150x150.webp 150w, https:\/\/www.topchinapack.com\/wp-content\/uploads\/2025\/11\/custom-beverage-spout-pouch-3-768x768.webp 768w, https:\/\/www.topchinapack.com\/wp-content\/uploads\/2025\/11\/custom-beverage-spout-pouch-3-12x12.webp 12w, https:\/\/www.topchinapack.com\/wp-content\/uploads\/2025\/11\/custom-beverage-spout-pouch-3-600x600.webp 600w, https:\/\/www.topchinapack.com\/wp-content\/uploads\/2025\/11\/custom-beverage-spout-pouch-3-100x100.webp 100w\" sizes=\"(max-width: 800px) 100vw, 800px\" \/><\/figure>\n<\/div>\n\n\n\n<div class=\"wp-block-column is-layout-flow wp-block-column-is-layout-flow\">\n<figure class=\"wp-block-image size-full\"><img decoding=\"async\" width=\"800\" height=\"800\" src=\"https:\/\/www.topchinapack.com\/wp-content\/uploads\/2025\/11\/custom-beverage-spout-pouch-4.webp\" alt=\"bolsa con boquilla para bebidas personalizada (4)\" class=\"wp-image-2881\" srcset=\"https:\/\/www.topchinapack.com\/wp-content\/uploads\/2025\/11\/custom-beverage-spout-pouch-4.webp 800w, https:\/\/www.topchinapack.com\/wp-content\/uploads\/2025\/11\/custom-beverage-spout-pouch-4-300x300.webp 300w, https:\/\/www.topchinapack.com\/wp-content\/uploads\/2025\/11\/custom-beverage-spout-pouch-4-150x150.webp 150w, https:\/\/www.topchinapack.com\/wp-content\/uploads\/2025\/11\/custom-beverage-spout-pouch-4-768x768.webp 768w, https:\/\/www.topchinapack.com\/wp-content\/uploads\/2025\/11\/custom-beverage-spout-pouch-4-12x12.webp 12w, https:\/\/www.topchinapack.com\/wp-content\/uploads\/2025\/11\/custom-beverage-spout-pouch-4-600x600.webp 600w, https:\/\/www.topchinapack.com\/wp-content\/uploads\/2025\/11\/custom-beverage-spout-pouch-4-100x100.webp 100w\" sizes=\"(max-width: 800px) 100vw, 800px\" \/><\/figure>\n<\/div>\n<\/div>","protected":false},"excerpt":{"rendered":"<p>Mejore su l\u00ednea de zumos y bebidas vegetales con nuestras bolsas con boquilla personalizadas de primera calidad. Su dise\u00f1o ligero reduce significativamente los costes de env\u00edo y log\u00edstica, mientras que su apilamiento eficiente optimiza el espacio del almac\u00e9n.<\/p>\n<p>Como fabricante profesional de bolsas con boquilla, ofrecemos opciones de personalizaci\u00f3n completa en cuanto a tama\u00f1o, dise\u00f1o, patrones y accesorios para garantizar que su marca brille. P\u00f3ngase en contacto con nosotros para obtener un presupuesto al por mayor.<\/p>\n<h2>Caracter\u00edsticas del envasado personalizado de zumos de frutas y verduras<\/h2>\n<p><strong>Servicio personalizado:<\/strong>\u00a0material, tama\u00f1o, impresi\u00f3n, patr\u00f3n y opciones adicionales<br \/><strong>Proceso de impresi\u00f3n:<\/strong>\u00a0impresi\u00f3n en huecograbado, hasta 10 colores, admite impresi\u00f3n personalizada<br \/><strong>Caracter\u00edsticas:<\/strong>\u00a0duradero, impermeable<br \/><strong>Plazo de entrega:<\/strong>\u00a010-20 d\u00edas<br \/><strong>Soporte gratuito para muestras<\/strong><br \/><strong>Certificaci\u00f3n:<\/strong>\u00a0ISO, FDA, sin BPA, LFGB, normas de la UE<\/p>\n<ul>\n<li>\n<p><strong>Propiedades de barrera superiores:<\/strong> Como fabricantes de bolsas con boquilla, nuestros envases utilizan materiales compuestos de varias capas, como PET\/PE, que bloquean eficazmente la humedad, el ox\u00edgeno y la luz, prolongando as\u00ed la vida \u00fatil del producto. Es ideal para zumos de verduras y frutas.<\/p>\n<\/li>\n<li>\n<p><strong>C\u00f3modo tap\u00f3n vertedor:<\/strong> La bolsa con boquilla es f\u00e1cil de abrir, verter y volver a cerrar, y es apta para l\u00edquidos, pastas y polvos, lo que mejora la experiencia del usuario y reduce los derrames.<\/p>\n<\/li>\n<li>\n<p><strong>Resellabilidad:<\/strong> La tapa garantiza que la bolsa pueda abrirse y cerrarse varias veces, conservando la frescura y permitiendo al consumidor disfrutar del producto en porciones.<\/p>\n<\/li>\n<li>\n<p><strong>Dise\u00f1os personalizables:<\/strong> El tama\u00f1o, el grosor, los colores de impresi\u00f3n, los motivos y la estructura del material pueden personalizarse para satisfacer requisitos funcionales y de marca espec\u00edficos.<\/p>\n<\/li>\n<\/ul>","protected":false},"featured_media":2878,"comment_status":"closed","ping_status":"closed","template":"","meta":{"_acf_changed":false},"product_brand":[],"product_cat":[22,42],"product_tag":[],"class_list":{"0":"post-2797","1":"product","2":"type-product","3":"status-publish","4":"has-post-thumbnail","6":"product_cat-custom-spout-pouches","7":"product_cat-custom-vegetable-juice-spout-pouches","9":"first","10":"instock","11":"shipping-taxable","12":"product-type-simple"},"acf":[],"_links":{"self":[{"href":"https:\/\/www.topchinapack.com\/es\/wp-json\/wp\/v2\/product\/2797","targetHints":{"allow":["GET"]}}],"collection":[{"href":"https:\/\/www.topchinapack.com\/es\/wp-json\/wp\/v2\/product"}],"about":[{"href":"https:\/\/www.topchinapack.com\/es\/wp-json\/wp\/v2\/types\/product"}],"replies":[{"embeddable":true,"href":"https:\/\/www.topchinapack.com\/es\/wp-json\/wp\/v2\/comments?post=2797"}],"wp:featuredmedia":[{"embeddable":true,"href":"https:\/\/www.topchinapack.com\/es\/wp-json\/wp\/v2\/media\/2878"}],"wp:attachment":[{"href":"https:\/\/www.topchinapack.com\/es\/wp-json\/wp\/v2\/media?parent=2797"}],"wp:term":[{"taxonomy":"product_brand","embeddable":true,"href":"https:\/\/www.topchinapack.com\/es\/wp-json\/wp\/v2\/product_brand?post=2797"},{"taxonomy":"product_cat","embeddable":true,"href":"https:\/\/www.topchinapack.com\/es\/wp-json\/wp\/v2\/product_cat?post=2797"},{"taxonomy":"product_tag","embeddable":true,"href":"https:\/\/www.topchinapack.com\/es\/wp-json\/wp\/v2\/product_tag?post=2797"}],"curies":[{"name":"wp","href":"https:\/\/api.w.org\/{rel}","templated":true}]}}