{"id":2798,"date":"2024-11-13T09:01:05","date_gmt":"2024-11-13T09:01:05","guid":{"rendered":"https:\/\/www.topchinapack.com\/?post_type=product&#038;p=2798"},"modified":"2025-12-19T08:30:22","modified_gmt":"2025-12-19T08:30:22","slug":"wholesale-custom-spout-pouches-for-juice-beverage-and-food","status":"publish","type":"product","link":"https:\/\/www.topchinapack.com\/es\/producto\/wholesale-custom-spout-pouches-for-juice-beverage-and-food\/","title":{"rendered":"Mayorista Bolsas con boquilla impresas personalizadas para el envasado de zumos, bebidas y alimentos"},"content":{"rendered":"<div class=\"wp-block-columns is-layout-flex wp-container-core-columns-is-layout-9d6595d7 wp-block-columns-is-layout-flex\">\n<div class=\"wp-block-column is-layout-flow wp-block-column-is-layout-flow\">\n<figure class=\"wp-block-image size-full\"><img decoding=\"async\" width=\"2160\" height=\"2160\" src=\"https:\/\/www.topchinapack.com\/wp-content\/uploads\/2025\/11\/wholesale-custom-spout-pouches-3.webp\" alt=\"venta al por mayor bolsas de ca\u00f1o personalizadas (3)\" class=\"wp-image-2886\" srcset=\"https:\/\/www.topchinapack.com\/wp-content\/uploads\/2025\/11\/wholesale-custom-spout-pouches-3.webp 2160w, https:\/\/www.topchinapack.com\/wp-content\/uploads\/2025\/11\/wholesale-custom-spout-pouches-3-300x300.webp 300w, https:\/\/www.topchinapack.com\/wp-content\/uploads\/2025\/11\/wholesale-custom-spout-pouches-3-150x150.webp 150w, https:\/\/www.topchinapack.com\/wp-content\/uploads\/2025\/11\/wholesale-custom-spout-pouches-3-768x768.webp 768w, https:\/\/www.topchinapack.com\/wp-content\/uploads\/2025\/11\/wholesale-custom-spout-pouches-3-12x12.webp 12w, https:\/\/www.topchinapack.com\/wp-content\/uploads\/2025\/11\/wholesale-custom-spout-pouches-3-1200x1200.webp 1200w, https:\/\/www.topchinapack.com\/wp-content\/uploads\/2025\/11\/wholesale-custom-spout-pouches-3-600x600.webp 600w, https:\/\/www.topchinapack.com\/wp-content\/uploads\/2025\/11\/wholesale-custom-spout-pouches-3-100x100.webp 100w\" sizes=\"(max-width: 2160px) 100vw, 2160px\" \/><\/figure>\n<\/div>\n\n\n\n<div class=\"wp-block-column is-layout-flow wp-block-column-is-layout-flow\">\n<figure class=\"wp-block-image size-full\"><img decoding=\"async\" width=\"2048\" height=\"2048\" src=\"https:\/\/www.topchinapack.com\/wp-content\/uploads\/2025\/11\/wholesale-custom-spout-pouches-4.webp\" alt=\"venta al por mayor bolsas de ca\u00f1o personalizadas (4)\" class=\"wp-image-2887\" srcset=\"https:\/\/www.topchinapack.com\/wp-content\/uploads\/2025\/11\/wholesale-custom-spout-pouches-4.webp 2048w, https:\/\/www.topchinapack.com\/wp-content\/uploads\/2025\/11\/wholesale-custom-spout-pouches-4-300x300.webp 300w, https:\/\/www.topchinapack.com\/wp-content\/uploads\/2025\/11\/wholesale-custom-spout-pouches-4-150x150.webp 150w, https:\/\/www.topchinapack.com\/wp-content\/uploads\/2025\/11\/wholesale-custom-spout-pouches-4-768x768.webp 768w, https:\/\/www.topchinapack.com\/wp-content\/uploads\/2025\/11\/wholesale-custom-spout-pouches-4-12x12.webp 12w, https:\/\/www.topchinapack.com\/wp-content\/uploads\/2025\/11\/wholesale-custom-spout-pouches-4-1200x1200.webp 1200w, https:\/\/www.topchinapack.com\/wp-content\/uploads\/2025\/11\/wholesale-custom-spout-pouches-4-600x600.webp 600w, https:\/\/www.topchinapack.com\/wp-content\/uploads\/2025\/11\/wholesale-custom-spout-pouches-4-100x100.webp 100w\" sizes=\"(max-width: 2048px) 100vw, 2048px\" \/><\/figure>\n<\/div>\n<\/div>","protected":false},"excerpt":{"rendered":"<p>Mejore el envasado de sus productos con nuestras bolsas con boquilla personalizadas al por mayor dise\u00f1adas espec\u00edficamente para bebidas, alimentos y productos l\u00edquidos. Estas bolsas con boquilla ligeras, duraderas y a prueba de fugas ofrecen una comodidad inigualable a los consumidores al tiempo que maximizan el atractivo de su marca en los estantes.<\/p>\n<h2>Caracter\u00edsticas de las bolsas de ca\u00f1o personalizadas<\/h2>\n<p><strong>Servicio personalizado:<\/strong>\u00a0material, tama\u00f1o, impresi\u00f3n, patr\u00f3n y opciones adicionales<br \/><strong>Proceso de impresi\u00f3n:<\/strong>\u00a0impresi\u00f3n en huecograbado, hasta 10 colores, admite impresi\u00f3n personalizada<br \/><strong>Caracter\u00edsticas:<\/strong>\u00a0duradero, impermeable<br \/><strong>Plazo de entrega:<\/strong>\u00a010-20 d\u00edas<br \/><strong>Soporte gratuito para muestras<\/strong><br \/><strong>Certificaci\u00f3n:<\/strong>\u00a0ISO, FDA, sin BPA, LFGB, normas de la UE<\/p>\n<p><strong>Servicios integrales de personalizaci\u00f3n: <\/strong>Ofrecemos servicios completos de personalizaci\u00f3n, que abarcan desde las dimensiones de la bolsa con pico, las posiciones del pico y los tipos de tap\u00f3n hasta el grosor del material y los acabados de la superficie (mate, brillante, ventana transparente). Perfecto para marcas que buscan un envase diferenciado.<\/p>\n<p><strong>Suministro a gran escala:<\/strong> Como fabricante l\u00edder de bolsas con boquilla, estamos equipados con avanzadas l\u00edneas de producci\u00f3n de impresi\u00f3n en huecograbado de 10 colores, laminado de alta velocidad, corte longitudinal y fabricaci\u00f3n de bolsas, lo que garantiza una alta precisi\u00f3n, una r\u00e1pida entrega y una calidad constante.<\/p>\n<p><strong>Estricto control de calidad:<\/strong> Aplicamos estrictamente las normas de gesti\u00f3n ISO9001 y GMP de calidad alimentaria. Cada rollo de pel\u00edcula y cada bolsa se somete a m\u00faltiples pasos de inspecci\u00f3n, desde la materia prima hasta el envase acabado.<\/p>\n<p><strong>Precios de f\u00e1brica competitivos:<\/strong> Como f\u00e1brica de envases flexibles, ofrecemos suministro directo de f\u00e1brica, ayudando a los clientes a mantener una calidad superior al tiempo que controlan eficazmente los costes.<\/p>","protected":false},"featured_media":2884,"comment_status":"closed","ping_status":"closed","template":"","meta":{"_acf_changed":false},"product_brand":[],"product_cat":[22,42],"product_tag":[],"class_list":{"0":"post-2798","1":"product","2":"type-product","3":"status-publish","4":"has-post-thumbnail","6":"product_cat-custom-spout-pouches","7":"product_cat-custom-vegetable-juice-spout-pouches","9":"first","10":"instock","11":"shipping-taxable","12":"product-type-simple"},"acf":[],"_links":{"self":[{"href":"https:\/\/www.topchinapack.com\/es\/wp-json\/wp\/v2\/product\/2798","targetHints":{"allow":["GET"]}}],"collection":[{"href":"https:\/\/www.topchinapack.com\/es\/wp-json\/wp\/v2\/product"}],"about":[{"href":"https:\/\/www.topchinapack.com\/es\/wp-json\/wp\/v2\/types\/product"}],"replies":[{"embeddable":true,"href":"https:\/\/www.topchinapack.com\/es\/wp-json\/wp\/v2\/comments?post=2798"}],"wp:featuredmedia":[{"embeddable":true,"href":"https:\/\/www.topchinapack.com\/es\/wp-json\/wp\/v2\/media\/2884"}],"wp:attachment":[{"href":"https:\/\/www.topchinapack.com\/es\/wp-json\/wp\/v2\/media?parent=2798"}],"wp:term":[{"taxonomy":"product_brand","embeddable":true,"href":"https:\/\/www.topchinapack.com\/es\/wp-json\/wp\/v2\/product_brand?post=2798"},{"taxonomy":"product_cat","embeddable":true,"href":"https:\/\/www.topchinapack.com\/es\/wp-json\/wp\/v2\/product_cat?post=2798"},{"taxonomy":"product_tag","embeddable":true,"href":"https:\/\/www.topchinapack.com\/es\/wp-json\/wp\/v2\/product_tag?post=2798"}],"curies":[{"name":"wp","href":"https:\/\/api.w.org\/{rel}","templated":true}]}}