{"id":2800,"date":"2025-02-14T09:35:26","date_gmt":"2025-02-14T09:35:26","guid":{"rendered":"https:\/\/www.topchinapack.com\/?post_type=product&#038;p=2800"},"modified":"2025-12-05T09:19:29","modified_gmt":"2025-12-05T09:19:29","slug":"wholesale-custom-printed-spout-pouches-with-brand-information","status":"publish","type":"product","link":"https:\/\/www.topchinapack.com\/es\/producto\/wholesale-custom-printed-spout-pouches-with-brand-information\/","title":{"rendered":"Mayorista Bolsas con Boquilla Personalizadas con Logotipo para Envasado de Zumos, Salsas y L\u00edquidos"},"content":{"rendered":"<div class=\"wp-block-columns is-layout-flex wp-container-core-columns-is-layout-9d6595d7 wp-block-columns-is-layout-flex\">\n<div class=\"wp-block-column is-layout-flow wp-block-column-is-layout-flow\">\n<figure class=\"wp-block-image size-full\"><img decoding=\"async\" width=\"2048\" height=\"2048\" src=\"https:\/\/www.topchinapack.com\/wp-content\/uploads\/2025\/11\/custom-printed-spout-pouches-2.webp\" alt=\"bolsas de ca\u00f1o con impresi\u00f3n personalizada (2)\" class=\"wp-image-2899\" srcset=\"https:\/\/www.topchinapack.com\/wp-content\/uploads\/2025\/11\/custom-printed-spout-pouches-2.webp 2048w, https:\/\/www.topchinapack.com\/wp-content\/uploads\/2025\/11\/custom-printed-spout-pouches-2-300x300.webp 300w, https:\/\/www.topchinapack.com\/wp-content\/uploads\/2025\/11\/custom-printed-spout-pouches-2-150x150.webp 150w, https:\/\/www.topchinapack.com\/wp-content\/uploads\/2025\/11\/custom-printed-spout-pouches-2-768x768.webp 768w, https:\/\/www.topchinapack.com\/wp-content\/uploads\/2025\/11\/custom-printed-spout-pouches-2-12x12.webp 12w, https:\/\/www.topchinapack.com\/wp-content\/uploads\/2025\/11\/custom-printed-spout-pouches-2-1200x1200.webp 1200w, https:\/\/www.topchinapack.com\/wp-content\/uploads\/2025\/11\/custom-printed-spout-pouches-2-600x600.webp 600w, https:\/\/www.topchinapack.com\/wp-content\/uploads\/2025\/11\/custom-printed-spout-pouches-2-100x100.webp 100w\" sizes=\"(max-width: 2048px) 100vw, 2048px\" \/><\/figure>\n<\/div>\n\n\n\n<div class=\"wp-block-column is-layout-flow wp-block-column-is-layout-flow\">\n<figure class=\"wp-block-image size-full\"><img decoding=\"async\" width=\"2048\" height=\"2048\" src=\"https:\/\/www.topchinapack.com\/wp-content\/uploads\/2025\/11\/custom-printed-spout-pouches-3.webp\" alt=\"bolsas de ca\u00f1o con impresi\u00f3n personalizada (3)\" class=\"wp-image-2900\" srcset=\"https:\/\/www.topchinapack.com\/wp-content\/uploads\/2025\/11\/custom-printed-spout-pouches-3.webp 2048w, https:\/\/www.topchinapack.com\/wp-content\/uploads\/2025\/11\/custom-printed-spout-pouches-3-300x300.webp 300w, https:\/\/www.topchinapack.com\/wp-content\/uploads\/2025\/11\/custom-printed-spout-pouches-3-150x150.webp 150w, https:\/\/www.topchinapack.com\/wp-content\/uploads\/2025\/11\/custom-printed-spout-pouches-3-768x768.webp 768w, https:\/\/www.topchinapack.com\/wp-content\/uploads\/2025\/11\/custom-printed-spout-pouches-3-12x12.webp 12w, https:\/\/www.topchinapack.com\/wp-content\/uploads\/2025\/11\/custom-printed-spout-pouches-3-1200x1200.webp 1200w, https:\/\/www.topchinapack.com\/wp-content\/uploads\/2025\/11\/custom-printed-spout-pouches-3-600x600.webp 600w, https:\/\/www.topchinapack.com\/wp-content\/uploads\/2025\/11\/custom-printed-spout-pouches-3-100x100.webp 100w\" sizes=\"(max-width: 2048px) 100vw, 2048px\" \/><\/figure>\n<\/div>\n<\/div>","protected":false},"excerpt":{"rendered":"<p>Suministre sus productos con bolsas de pico a granel impresas a medida de primera calidad, ideales para bebidas, salsas, aceites, pur\u00e9s y l\u00edquidos dom\u00e9sticos.<\/p>\n<p>Nuestras bolsas son totalmente personalizables; puede elegir el tama\u00f1o, el tipo de boquilla, el color del tap\u00f3n y la impresi\u00f3n a todo color. P\u00f3ngase en contacto con nosotros hoy mismo para obtener soluciones del fabricante profesional de bolsas con boquilla.<\/p>\n<h2>Caracter\u00edsticas de las bolsas con boquilla impresas a medida<\/h2>\n<p><strong>Servicio personalizado:<\/strong>\u00a0material, tama\u00f1o, impresi\u00f3n, patr\u00f3n y opciones adicionales<br \/><strong>Proceso de impresi\u00f3n:<\/strong>\u00a0impresi\u00f3n en huecograbado, hasta 10 colores, admite impresi\u00f3n personalizada<br \/><strong>Caracter\u00edsticas:<\/strong>\u00a0duradero, impermeable<br \/><strong>Plazo de entrega:<\/strong>\u00a010-20 d\u00edas<br \/><strong>Soporte gratuito para muestras<\/strong><br \/><strong>Certificaci\u00f3n:<\/strong>\u00a0ISO, FDA, sin BPA, LFGB, normas de la UE<\/p>\n<p><strong>Dise\u00f1o centrado en el ser humano:<\/strong> Las bolsas con boquilla cuentan con boquillas y tapones resellables, que proporcionan una dispensaci\u00f3n a prueba de derrames, un vertido f\u00e1cil y un resellado seguro, mejorando la experiencia del consumidor.<\/p>\n<p><strong>Ideal para proyectos OEM y ODM:<\/strong> Como fabricantes de bolsas con boquilla, podemos personalizar los accesorios, los tama\u00f1os de boquilla, las estructuras de las bolsas, los materiales compuestos y los formatos de envasado seg\u00fan los requisitos espec\u00edficos de la marca y el producto.<\/p>\n<p><strong>Tecnolog\u00eda de impresi\u00f3n avanzada:<\/strong> Estamos equipados con l\u00edneas de producci\u00f3n de huecograbado e impresi\u00f3n digital de alta precisi\u00f3n, que garantizan que los envases de sus productos presenten colores vivos y brillantes, resistencia a los ara\u00f1azos e im\u00e1genes de alta definici\u00f3n.<\/p>\n<p><strong>Materiales de alta barrera seguros para los alimentos:<\/strong> Nuestras bolsas de embalaje utilizan pel\u00edculas compuestas de varias capas para impedir eficazmente la entrada de ox\u00edgeno, humedad, rayos UV y olores, cumpliendo las normas internacionales de seguridad alimentaria.<\/p>","protected":false},"featured_media":2898,"comment_status":"closed","ping_status":"closed","template":"","meta":{"_acf_changed":false},"product_brand":[],"product_cat":[22,42],"product_tag":[],"class_list":{"0":"post-2800","1":"product","2":"type-product","3":"status-publish","4":"has-post-thumbnail","6":"product_cat-custom-spout-pouches","7":"product_cat-custom-vegetable-juice-spout-pouches","9":"first","10":"instock","11":"shipping-taxable","12":"product-type-simple"},"acf":[],"_links":{"self":[{"href":"https:\/\/www.topchinapack.com\/es\/wp-json\/wp\/v2\/product\/2800","targetHints":{"allow":["GET"]}}],"collection":[{"href":"https:\/\/www.topchinapack.com\/es\/wp-json\/wp\/v2\/product"}],"about":[{"href":"https:\/\/www.topchinapack.com\/es\/wp-json\/wp\/v2\/types\/product"}],"replies":[{"embeddable":true,"href":"https:\/\/www.topchinapack.com\/es\/wp-json\/wp\/v2\/comments?post=2800"}],"wp:featuredmedia":[{"embeddable":true,"href":"https:\/\/www.topchinapack.com\/es\/wp-json\/wp\/v2\/media\/2898"}],"wp:attachment":[{"href":"https:\/\/www.topchinapack.com\/es\/wp-json\/wp\/v2\/media?parent=2800"}],"wp:term":[{"taxonomy":"product_brand","embeddable":true,"href":"https:\/\/www.topchinapack.com\/es\/wp-json\/wp\/v2\/product_brand?post=2800"},{"taxonomy":"product_cat","embeddable":true,"href":"https:\/\/www.topchinapack.com\/es\/wp-json\/wp\/v2\/product_cat?post=2800"},{"taxonomy":"product_tag","embeddable":true,"href":"https:\/\/www.topchinapack.com\/es\/wp-json\/wp\/v2\/product_tag?post=2800"}],"curies":[{"name":"wp","href":"https:\/\/api.w.org\/{rel}","templated":true}]}}