{"id":2801,"date":"2025-11-24T09:41:44","date_gmt":"2025-11-24T09:41:44","guid":{"rendered":"https:\/\/www.topchinapack.com\/?post_type=product&#038;p=2801"},"modified":"2025-11-24T09:41:49","modified_gmt":"2025-11-24T09:41:49","slug":"custom-liquid-and-semi-liquid-food-spout-bags","status":"publish","type":"product","link":"https:\/\/www.topchinapack.com\/es\/producto\/custom-liquid-and-semi-liquid-food-spout-bags\/","title":{"rendered":"Bolsas personalizadas con boquilla para alimentos l\u00edquidos y semil\u00edquidos"},"content":{"rendered":"<div class=\"wp-block-columns is-layout-flex wp-container-core-columns-is-layout-9d6595d7 wp-block-columns-is-layout-flex\">\n<div class=\"wp-block-column is-layout-flow wp-block-column-is-layout-flow\"><\/div>\n\n\n\n<div class=\"wp-block-column is-layout-flow wp-block-column-is-layout-flow\"><\/div>\n<\/div>\n\n\n\n<div class=\"wp-block-columns is-layout-flex wp-container-core-columns-is-layout-9d6595d7 wp-block-columns-is-layout-flex\">\n<div class=\"wp-block-column is-layout-flow wp-block-column-is-layout-flow\">\n<figure class=\"wp-block-image size-full\"><img decoding=\"async\" width=\"2048\" height=\"2048\" src=\"https:\/\/www.topchinapack.com\/wp-content\/uploads\/2025\/11\/spout-bag-4.webp\" alt=\"bolsa de ca\u00f1o (4)\" class=\"wp-image-3064\" srcset=\"https:\/\/www.topchinapack.com\/wp-content\/uploads\/2025\/11\/spout-bag-4.webp 2048w, https:\/\/www.topchinapack.com\/wp-content\/uploads\/2025\/11\/spout-bag-4-300x300.webp 300w, https:\/\/www.topchinapack.com\/wp-content\/uploads\/2025\/11\/spout-bag-4-150x150.webp 150w, https:\/\/www.topchinapack.com\/wp-content\/uploads\/2025\/11\/spout-bag-4-768x768.webp 768w, https:\/\/www.topchinapack.com\/wp-content\/uploads\/2025\/11\/spout-bag-4-12x12.webp 12w, https:\/\/www.topchinapack.com\/wp-content\/uploads\/2025\/11\/spout-bag-4-1200x1200.webp 1200w, https:\/\/www.topchinapack.com\/wp-content\/uploads\/2025\/11\/spout-bag-4-600x600.webp 600w, https:\/\/www.topchinapack.com\/wp-content\/uploads\/2025\/11\/spout-bag-4-100x100.webp 100w\" sizes=\"(max-width: 2048px) 100vw, 2048px\" \/><\/figure>\n<\/div>\n\n\n\n<div class=\"wp-block-column is-layout-flow wp-block-column-is-layout-flow\">\n<figure class=\"wp-block-image size-full\"><img decoding=\"async\" width=\"2048\" height=\"2048\" src=\"https:\/\/www.topchinapack.com\/wp-content\/uploads\/2025\/11\/spout-bag-5.webp\" alt=\"bolsa de ca\u00f1o (5)\" class=\"wp-image-3065\" srcset=\"https:\/\/www.topchinapack.com\/wp-content\/uploads\/2025\/11\/spout-bag-5.webp 2048w, https:\/\/www.topchinapack.com\/wp-content\/uploads\/2025\/11\/spout-bag-5-300x300.webp 300w, https:\/\/www.topchinapack.com\/wp-content\/uploads\/2025\/11\/spout-bag-5-150x150.webp 150w, https:\/\/www.topchinapack.com\/wp-content\/uploads\/2025\/11\/spout-bag-5-768x768.webp 768w, https:\/\/www.topchinapack.com\/wp-content\/uploads\/2025\/11\/spout-bag-5-12x12.webp 12w, https:\/\/www.topchinapack.com\/wp-content\/uploads\/2025\/11\/spout-bag-5-1200x1200.webp 1200w, https:\/\/www.topchinapack.com\/wp-content\/uploads\/2025\/11\/spout-bag-5-600x600.webp 600w, https:\/\/www.topchinapack.com\/wp-content\/uploads\/2025\/11\/spout-bag-5-100x100.webp 100w\" sizes=\"(max-width: 2048px) 100vw, 2048px\" \/><\/figure>\n<\/div>\n<\/div>","protected":false},"excerpt":{"rendered":"<p>Las bolsas con pico personalizadas para l\u00edquidos y semil\u00edquidos son la soluci\u00f3n de envasado flexible ideal para sus productos viscosos. Ofrecemos servicios completos de personalizaci\u00f3n en tama\u00f1o, forma, construcci\u00f3n del material e impresi\u00f3n para garantizar que su envase refleje a la perfecci\u00f3n la imagen de su marca y las necesidades de su producto.<\/p>\n<p>Como profesional <a href=\"https:\/\/www.topchinapack.com\/es\/categoria-producto\/custom-spout-pouches\/\" target=\"_blank\" rel=\"noopener\"><strong>fabricante de bolsas con boquilla a medida<\/strong><\/a>Utilizamos la impresi\u00f3n en huecograbado a diez colores y ofrecemos precios competitivos. P\u00f3ngase en contacto con nosotros hoy mismo.<\/p>\n<h2>Caracter\u00edsticas de la bolsa de ca\u00f1o alto personalizada<\/h2>\n<p><strong>Servicio personalizado:<\/strong>\u00a0material, tama\u00f1o, impresi\u00f3n, patr\u00f3n y opciones adicionales<br \/><strong>Proceso de impresi\u00f3n:<\/strong>\u00a0impresi\u00f3n en huecograbado, hasta 10 colores, admite impresi\u00f3n personalizada<br \/><strong>Caracter\u00edsticas:<\/strong>\u00a0duradero, impermeable<br \/><strong>Plazo de entrega:<\/strong>\u00a010-20 d\u00edas<br \/><strong>Soporte gratuito para muestras<\/strong><br \/><strong>Certificaci\u00f3n:<\/strong>\u00a0ISO, FDA, sin BPA, LFGB, normas de la UE<\/p>\n<ul>\n<li>\n<p><strong>Dise\u00f1o flexible:<\/strong> El cuerpo de la bolsa de ca\u00f1o puede imprimirse con diversos motivos e informaci\u00f3n, y su forma tambi\u00e9n puede ajustarse seg\u00fan las necesidades. Esto no solo mejora el atractivo est\u00e9tico del producto, sino que tambi\u00e9n resalta las caracter\u00edsticas de la marca, atrayendo as\u00ed a los consumidores.<\/p>\n<\/li>\n<li>\n<p><strong>Comodidad:<\/strong> El dise\u00f1o de la boquilla es f\u00e1cil de abrir y cerrar, y se puede volver a cerrar, lo que mantiene el contenido fresco y evita que se desperdicie.<\/p>\n<\/li>\n<li>\n<p><strong>Dise\u00f1o autoportante:<\/strong> La parte inferior de la bolsa puede colocarse en posici\u00f3n vertical, lo que ahorra espacio en la estanter\u00eda y la hace m\u00e1s c\u00f3moda para servir o sorber.<\/p>\n<\/li>\n<li>\n<p><strong>Medir con precisi\u00f3n:<\/strong> Los envases de peque\u00f1o tama\u00f1o permiten controlar con precisi\u00f3n la cantidad de consumo individual, evitando que la bebida se deteriore debido al almacenamiento prolongado en grandes recipientes. Tambi\u00e9n facilita a los padres la gesti\u00f3n de la cantidad de consumo del ni\u00f1o.<\/p>\n<\/li>\n<li>\n<p><strong>Dise\u00f1o flexible:<\/strong> Las bolsas con boquilla pueden imprimirse con diversos motivos e informaci\u00f3n, y la forma puede ajustarse seg\u00fan las necesidades, lo que no s\u00f3lo puede mejorar la est\u00e9tica del producto, sino tambi\u00e9n resaltar las caracter\u00edsticas de la marca y atraer a los consumidores.<\/p>\n<\/li>\n<\/ul>","protected":false},"featured_media":3061,"comment_status":"closed","ping_status":"closed","template":"","meta":{"_acf_changed":false},"product_brand":[],"product_cat":[22,42],"product_tag":[],"class_list":{"0":"post-2801","1":"product","2":"type-product","3":"status-publish","4":"has-post-thumbnail","6":"product_cat-custom-spout-pouches","7":"product_cat-custom-vegetable-juice-spout-pouches","9":"first","10":"instock","11":"shipping-taxable","12":"product-type-simple"},"acf":[],"_links":{"self":[{"href":"https:\/\/www.topchinapack.com\/es\/wp-json\/wp\/v2\/product\/2801","targetHints":{"allow":["GET"]}}],"collection":[{"href":"https:\/\/www.topchinapack.com\/es\/wp-json\/wp\/v2\/product"}],"about":[{"href":"https:\/\/www.topchinapack.com\/es\/wp-json\/wp\/v2\/types\/product"}],"replies":[{"embeddable":true,"href":"https:\/\/www.topchinapack.com\/es\/wp-json\/wp\/v2\/comments?post=2801"}],"wp:featuredmedia":[{"embeddable":true,"href":"https:\/\/www.topchinapack.com\/es\/wp-json\/wp\/v2\/media\/3061"}],"wp:attachment":[{"href":"https:\/\/www.topchinapack.com\/es\/wp-json\/wp\/v2\/media?parent=2801"}],"wp:term":[{"taxonomy":"product_brand","embeddable":true,"href":"https:\/\/www.topchinapack.com\/es\/wp-json\/wp\/v2\/product_brand?post=2801"},{"taxonomy":"product_cat","embeddable":true,"href":"https:\/\/www.topchinapack.com\/es\/wp-json\/wp\/v2\/product_cat?post=2801"},{"taxonomy":"product_tag","embeddable":true,"href":"https:\/\/www.topchinapack.com\/es\/wp-json\/wp\/v2\/product_tag?post=2801"}],"curies":[{"name":"wp","href":"https:\/\/api.w.org\/{rel}","templated":true}]}}