{"id":2802,"date":"2025-02-24T09:49:25","date_gmt":"2025-02-24T09:49:25","guid":{"rendered":"https:\/\/www.topchinapack.com\/?post_type=product&#038;p=2802"},"modified":"2025-12-05T09:19:22","modified_gmt":"2025-12-05T09:19:22","slug":"custom-food-and-beverage-spout-pouches","status":"publish","type":"product","link":"https:\/\/www.topchinapack.com\/es\/producto\/custom-food-and-beverage-spout-pouches\/","title":{"rendered":"Bolsas personalizadas para alimentos y bebidas con impresi\u00f3n en huecograbado a diez colores"},"content":{"rendered":"<div class=\"wp-block-columns is-layout-flex wp-container-core-columns-is-layout-9d6595d7 wp-block-columns-is-layout-flex\">\n<div class=\"wp-block-column is-layout-flow wp-block-column-is-layout-flow\">\n<figure class=\"wp-block-image size-full\"><img decoding=\"async\" width=\"2048\" height=\"2048\" src=\"https:\/\/www.topchinapack.com\/wp-content\/uploads\/2025\/11\/food-spout-pouch-3.webp\" alt=\"bolsa para alimentos (3)\" class=\"wp-image-3070\" srcset=\"https:\/\/www.topchinapack.com\/wp-content\/uploads\/2025\/11\/food-spout-pouch-3.webp 2048w, https:\/\/www.topchinapack.com\/wp-content\/uploads\/2025\/11\/food-spout-pouch-3-300x300.webp 300w, https:\/\/www.topchinapack.com\/wp-content\/uploads\/2025\/11\/food-spout-pouch-3-150x150.webp 150w, https:\/\/www.topchinapack.com\/wp-content\/uploads\/2025\/11\/food-spout-pouch-3-768x768.webp 768w, https:\/\/www.topchinapack.com\/wp-content\/uploads\/2025\/11\/food-spout-pouch-3-12x12.webp 12w, https:\/\/www.topchinapack.com\/wp-content\/uploads\/2025\/11\/food-spout-pouch-3-1200x1200.webp 1200w, https:\/\/www.topchinapack.com\/wp-content\/uploads\/2025\/11\/food-spout-pouch-3-600x600.webp 600w, https:\/\/www.topchinapack.com\/wp-content\/uploads\/2025\/11\/food-spout-pouch-3-100x100.webp 100w\" sizes=\"(max-width: 2048px) 100vw, 2048px\" \/><\/figure>\n<\/div>\n\n\n\n<div class=\"wp-block-column is-layout-flow wp-block-column-is-layout-flow\">\n<figure class=\"wp-block-image size-full\"><img decoding=\"async\" width=\"2048\" height=\"2048\" src=\"https:\/\/www.topchinapack.com\/wp-content\/uploads\/2025\/11\/food-spout-pouch-4.webp\" alt=\"bolsa para alimentos (4)\" class=\"wp-image-3071\" srcset=\"https:\/\/www.topchinapack.com\/wp-content\/uploads\/2025\/11\/food-spout-pouch-4.webp 2048w, https:\/\/www.topchinapack.com\/wp-content\/uploads\/2025\/11\/food-spout-pouch-4-300x300.webp 300w, https:\/\/www.topchinapack.com\/wp-content\/uploads\/2025\/11\/food-spout-pouch-4-150x150.webp 150w, https:\/\/www.topchinapack.com\/wp-content\/uploads\/2025\/11\/food-spout-pouch-4-768x768.webp 768w, https:\/\/www.topchinapack.com\/wp-content\/uploads\/2025\/11\/food-spout-pouch-4-12x12.webp 12w, https:\/\/www.topchinapack.com\/wp-content\/uploads\/2025\/11\/food-spout-pouch-4-1200x1200.webp 1200w, https:\/\/www.topchinapack.com\/wp-content\/uploads\/2025\/11\/food-spout-pouch-4-600x600.webp 600w, https:\/\/www.topchinapack.com\/wp-content\/uploads\/2025\/11\/food-spout-pouch-4-100x100.webp 100w\" sizes=\"(max-width: 2048px) 100vw, 2048px\" \/><\/figure>\n<\/div>\n<\/div>","protected":false},"excerpt":{"rendered":"<p>Nuestras bolsas con boquilla personalizadas para alimentos y bebidas se imprimen en huecograbado de diez colores para obtener dise\u00f1os vivos y detallados que realcen su marca. Dise\u00f1adas para ofrecer seguridad y comodidad, estas bolsas son ideales para zumos, salsas, pur\u00e9s y otros productos l\u00edquidos o semil\u00edquidos. Totalmente personalizables en tama\u00f1o, forma y dise\u00f1o para satisfacer sus necesidades de envasado.<\/p>\n<h2>Caracter\u00edsticas de las bolsas de ca\u00f1o personalizadas<\/h2>\n<p><strong>Servicio personalizado:<\/strong>\u00a0material, tama\u00f1o, impresi\u00f3n, patr\u00f3n y opciones adicionales<br \/><strong>Proceso de impresi\u00f3n:<\/strong>\u00a0impresi\u00f3n en huecograbado, hasta 10 colores, admite impresi\u00f3n personalizada<br \/><strong>Caracter\u00edsticas:<\/strong>\u00a0duradero, impermeable<br \/><strong>Plazo de entrega:<\/strong>\u00a010-20 d\u00edas<br \/><strong>Soporte gratuito para muestras<\/strong><br \/><strong>Certificaci\u00f3n:<\/strong>\u00a0ISO, FDA, sin BPA, LFGB, normas de la UE<\/p>\n<p><strong>Sellado resistente<\/strong>: La bolsa est\u00e1 hecha principalmente de material de pel\u00edcula compuesta, y est\u00e1 equipada con una boquilla con un buen rendimiento de sellado, que puede aislar eficazmente el aire, la humedad y las impurezas, prolongar la vida \u00fatil de la jalea y evitar el deterioro.<\/p>\n<p><strong>Ligero y port\u00e1til<\/strong>: En comparaci\u00f3n con las bebidas embotelladas y enlatadas, las bolsas de envasado de bebidas son m\u00e1s ligeras y de menor tama\u00f1o.<\/p>\n<p><strong><b>Funcionalidad<\/b><\/strong>: A prueba de fugas y resistente a la contaminaci\u00f3n, previene eficazmente las fugas y la oxidaci\u00f3n, prolongando la vida \u00fatil.<\/p>\n<p><strong>Menor coste<\/strong>: En comparaci\u00f3n con materiales de envasado duros como botellas de vidrio y vasos de pl\u00e1stico, la producci\u00f3n de bolsas de succi\u00f3n requiere menos materia prima y tiene un procedimiento de procesamiento m\u00e1s sencillo. Como resultado, el coste de envasado es menor, lo que beneficia a las empresas a la hora de controlar los costes.<\/p>\n<p><strong>Impresi\u00f3n exquisita<\/strong>: La impresi\u00f3n de alta precisi\u00f3n con tintas respetuosas con el medio ambiente puede presentar colores vivos y dibujos exquisitos, mostrando claramente la informaci\u00f3n del producto y la imagen de la marca, atrayendo a los consumidores a la compra.<\/p>","protected":false},"featured_media":3068,"comment_status":"closed","ping_status":"closed","template":"","meta":{"_acf_changed":true},"product_brand":[],"product_cat":[22],"product_tag":[],"class_list":{"0":"post-2802","1":"product","2":"type-product","3":"status-publish","4":"has-post-thumbnail","6":"product_cat-custom-spout-pouches","8":"first","9":"instock","10":"shipping-taxable","11":"product-type-simple"},"acf":[],"_links":{"self":[{"href":"https:\/\/www.topchinapack.com\/es\/wp-json\/wp\/v2\/product\/2802","targetHints":{"allow":["GET"]}}],"collection":[{"href":"https:\/\/www.topchinapack.com\/es\/wp-json\/wp\/v2\/product"}],"about":[{"href":"https:\/\/www.topchinapack.com\/es\/wp-json\/wp\/v2\/types\/product"}],"replies":[{"embeddable":true,"href":"https:\/\/www.topchinapack.com\/es\/wp-json\/wp\/v2\/comments?post=2802"}],"wp:featuredmedia":[{"embeddable":true,"href":"https:\/\/www.topchinapack.com\/es\/wp-json\/wp\/v2\/media\/3068"}],"wp:attachment":[{"href":"https:\/\/www.topchinapack.com\/es\/wp-json\/wp\/v2\/media?parent=2802"}],"wp:term":[{"taxonomy":"product_brand","embeddable":true,"href":"https:\/\/www.topchinapack.com\/es\/wp-json\/wp\/v2\/product_brand?post=2802"},{"taxonomy":"product_cat","embeddable":true,"href":"https:\/\/www.topchinapack.com\/es\/wp-json\/wp\/v2\/product_cat?post=2802"},{"taxonomy":"product_tag","embeddable":true,"href":"https:\/\/www.topchinapack.com\/es\/wp-json\/wp\/v2\/product_tag?post=2802"}],"curies":[{"name":"wp","href":"https:\/\/api.w.org\/{rel}","templated":true}]}}