{"id":2805,"date":"2024-12-05T09:36:09","date_gmt":"2024-12-05T09:36:09","guid":{"rendered":"https:\/\/www.topchinapack.com\/?post_type=product&#038;p=2805"},"modified":"2025-12-19T08:30:52","modified_gmt":"2025-12-19T08:30:52","slug":"custom-resealable-liquid-packaging-bag","status":"publish","type":"product","link":"https:\/\/www.topchinapack.com\/es\/producto\/custom-resealable-liquid-packaging-bag\/","title":{"rendered":"Bolsa personalizada con boquilla para zumo - Bolsa resellable para envasado de l\u00edquidos con boquilla"},"content":{"rendered":"<div class=\"wp-block-columns is-layout-flex wp-container-core-columns-is-layout-9d6595d7 wp-block-columns-is-layout-flex\">\n<div class=\"wp-block-column is-layout-flow wp-block-column-is-layout-flow\"><\/div>\n\n\n\n<div class=\"wp-block-column is-layout-flow wp-block-column-is-layout-flow\"><\/div>\n<\/div>\n\n\n\n<div class=\"wp-block-columns is-layout-flex wp-container-core-columns-is-layout-9d6595d7 wp-block-columns-is-layout-flex\">\n<div class=\"wp-block-column is-layout-flow wp-block-column-is-layout-flow\">\n<figure class=\"wp-block-image size-full\"><img decoding=\"async\" width=\"1200\" height=\"1200\" src=\"https:\/\/www.topchinapack.com\/wp-content\/uploads\/2025\/11\/juice-spout-pouch-2.webp\" alt=\"bolsa con boquilla para zumo (2)\" class=\"wp-image-3168\" srcset=\"https:\/\/www.topchinapack.com\/wp-content\/uploads\/2025\/11\/juice-spout-pouch-2.webp 1200w, https:\/\/www.topchinapack.com\/wp-content\/uploads\/2025\/11\/juice-spout-pouch-2-300x300.webp 300w, https:\/\/www.topchinapack.com\/wp-content\/uploads\/2025\/11\/juice-spout-pouch-2-150x150.webp 150w, https:\/\/www.topchinapack.com\/wp-content\/uploads\/2025\/11\/juice-spout-pouch-2-768x768.webp 768w, https:\/\/www.topchinapack.com\/wp-content\/uploads\/2025\/11\/juice-spout-pouch-2-12x12.webp 12w, https:\/\/www.topchinapack.com\/wp-content\/uploads\/2025\/11\/juice-spout-pouch-2-600x600.webp 600w, https:\/\/www.topchinapack.com\/wp-content\/uploads\/2025\/11\/juice-spout-pouch-2-100x100.webp 100w\" sizes=\"(max-width: 1200px) 100vw, 1200px\" \/><\/figure>\n<\/div>\n\n\n\n<div class=\"wp-block-column is-layout-flow wp-block-column-is-layout-flow\">\n<figure class=\"wp-block-image size-full\"><img decoding=\"async\" width=\"1200\" height=\"1200\" src=\"https:\/\/www.topchinapack.com\/wp-content\/uploads\/2025\/11\/juice-spout-pouch-3.webp\" alt=\"bolsa con boquilla para zumo (3)\" class=\"wp-image-3169\" srcset=\"https:\/\/www.topchinapack.com\/wp-content\/uploads\/2025\/11\/juice-spout-pouch-3.webp 1200w, https:\/\/www.topchinapack.com\/wp-content\/uploads\/2025\/11\/juice-spout-pouch-3-300x300.webp 300w, https:\/\/www.topchinapack.com\/wp-content\/uploads\/2025\/11\/juice-spout-pouch-3-150x150.webp 150w, https:\/\/www.topchinapack.com\/wp-content\/uploads\/2025\/11\/juice-spout-pouch-3-768x768.webp 768w, https:\/\/www.topchinapack.com\/wp-content\/uploads\/2025\/11\/juice-spout-pouch-3-12x12.webp 12w, https:\/\/www.topchinapack.com\/wp-content\/uploads\/2025\/11\/juice-spout-pouch-3-600x600.webp 600w, https:\/\/www.topchinapack.com\/wp-content\/uploads\/2025\/11\/juice-spout-pouch-3-100x100.webp 100w\" sizes=\"(max-width: 1200px) 100vw, 1200px\" \/><\/figure>\n<\/div>\n<\/div>","protected":false},"excerpt":{"rendered":"<p data-pm-slice=\"0 0 []\">Venta al por mayor de bolsas con boquilla personalizadas. Estas bolsas de pico est\u00e1n hechas de materiales de alta barrera, de grado alimenticio para mantener jugos, batidos y bebidas energ\u00e9ticas frescas y sabrosas, evitando fugas.<\/p>\n<p>Ofrecemos servicios integrales de personalizaci\u00f3n OEM\/ODM. Puede personalizar los tama\u00f1os de las bolsas de envasado, los estilos de los pitorros y los vibrantes dise\u00f1os impresos para adaptarlos a su imagen de marca. P\u00f3ngase en contacto con nosotros para solicitar un presupuesto.<\/p>\n<h2>Caracter\u00edsticas de la bolsa de ca\u00f1o alto personalizada<\/h2>\n<p><strong>Servicio personalizado:<\/strong>\u00a0material, tama\u00f1o, impresi\u00f3n, patr\u00f3n y opciones adicionales<br \/><strong>Proceso de impresi\u00f3n:<\/strong>\u00a0impresi\u00f3n en huecograbado, hasta 10 colores, admite impresi\u00f3n personalizada<br \/><strong>Caracter\u00edsticas:<\/strong>\u00a0duradero, impermeable<br \/><strong>Plazo de entrega:<\/strong>\u00a010-20 d\u00edas<br \/><strong>Soporte gratuito para muestras<\/strong><br \/><strong>Certificaci\u00f3n:<\/strong>\u00a0ISO, FDA, sin BPA, LFGB, normas de la UE<\/p>\n<p data-pm-slice=\"0 0 []\"><strong>Materiales seguros y de calidad alimentaria:<\/strong> Fabricados con materiales de grado alimentario de alta barrera sin BPA que protegen la frescura, el sabor y el valor nutritivo de las bebidas.<\/p>\n<p><strong>Excelente rendimiento a prueba de fugas:<\/strong> La estructura termosellada y el tap\u00f3n de salida seguro garantizan la ausencia de fugas durante el transporte, la exposici\u00f3n en tiendas o el uso por parte del consumidor.<\/p>\n<p><strong>C\u00f3moda boquilla resellable:<\/strong> El dise\u00f1o de f\u00e1cil vertido permite dispensar y volver a sellar sin problemas, ideal para zumos, batidos, bebidas energ\u00e9ticas y alimentos l\u00edquidos.<\/p>\n<p><strong>Ligero y ahorra espacio:<\/strong> En comparaci\u00f3n con las botellas r\u00edgidas, las bolsas con pico reducen el volumen de almacenamiento y los costes de transporte, lo que favorece una log\u00edstica respetuosa con el medio ambiente.<\/p>","protected":false},"featured_media":3167,"comment_status":"closed","ping_status":"closed","template":"","meta":{"_acf_changed":true},"product_brand":[],"product_cat":[22,39],"product_tag":[],"class_list":{"0":"post-2805","1":"product","2":"type-product","3":"status-publish","4":"has-post-thumbnail","6":"product_cat-custom-spout-pouches","7":"product_cat-custom-juice-spout-pouches","9":"first","10":"instock","11":"shipping-taxable","12":"product-type-simple"},"acf":[],"_links":{"self":[{"href":"https:\/\/www.topchinapack.com\/es\/wp-json\/wp\/v2\/product\/2805","targetHints":{"allow":["GET"]}}],"collection":[{"href":"https:\/\/www.topchinapack.com\/es\/wp-json\/wp\/v2\/product"}],"about":[{"href":"https:\/\/www.topchinapack.com\/es\/wp-json\/wp\/v2\/types\/product"}],"replies":[{"embeddable":true,"href":"https:\/\/www.topchinapack.com\/es\/wp-json\/wp\/v2\/comments?post=2805"}],"wp:featuredmedia":[{"embeddable":true,"href":"https:\/\/www.topchinapack.com\/es\/wp-json\/wp\/v2\/media\/3167"}],"wp:attachment":[{"href":"https:\/\/www.topchinapack.com\/es\/wp-json\/wp\/v2\/media?parent=2805"}],"wp:term":[{"taxonomy":"product_brand","embeddable":true,"href":"https:\/\/www.topchinapack.com\/es\/wp-json\/wp\/v2\/product_brand?post=2805"},{"taxonomy":"product_cat","embeddable":true,"href":"https:\/\/www.topchinapack.com\/es\/wp-json\/wp\/v2\/product_cat?post=2805"},{"taxonomy":"product_tag","embeddable":true,"href":"https:\/\/www.topchinapack.com\/es\/wp-json\/wp\/v2\/product_tag?post=2805"}],"curies":[{"name":"wp","href":"https:\/\/api.w.org\/{rel}","templated":true}]}}