{"id":2806,"date":"2024-12-05T09:57:53","date_gmt":"2024-12-05T09:57:53","guid":{"rendered":"https:\/\/www.topchinapack.com\/?post_type=product&#038;p=2806"},"modified":"2025-12-19T08:30:42","modified_gmt":"2025-12-19T08:30:42","slug":"oem-odm-custom-juice-spout-pouch","status":"publish","type":"product","link":"https:\/\/www.topchinapack.com\/es\/producto\/oem-odm-custom-juice-spout-pouch\/","title":{"rendered":"OEM\/ODM Bolsas personalizadas con boquilla para zumo - Bolsas de pie personalizadas con boquilla"},"content":{"rendered":"<div class=\"wp-block-columns is-layout-flex wp-container-core-columns-is-layout-9d6595d7 wp-block-columns-is-layout-flex\">\n<div class=\"wp-block-column is-layout-flow wp-block-column-is-layout-flow\">\n<figure class=\"wp-block-image size-full\"><img decoding=\"async\" width=\"2048\" height=\"2048\" src=\"https:\/\/www.topchinapack.com\/wp-content\/uploads\/2025\/11\/custom-spout-pouch-3.webp\" alt=\"bolsa con boquilla personalizada (3)\" class=\"wp-image-3175\" srcset=\"https:\/\/www.topchinapack.com\/wp-content\/uploads\/2025\/11\/custom-spout-pouch-3.webp 2048w, https:\/\/www.topchinapack.com\/wp-content\/uploads\/2025\/11\/custom-spout-pouch-3-300x300.webp 300w, https:\/\/www.topchinapack.com\/wp-content\/uploads\/2025\/11\/custom-spout-pouch-3-150x150.webp 150w, https:\/\/www.topchinapack.com\/wp-content\/uploads\/2025\/11\/custom-spout-pouch-3-768x768.webp 768w, https:\/\/www.topchinapack.com\/wp-content\/uploads\/2025\/11\/custom-spout-pouch-3-12x12.webp 12w, https:\/\/www.topchinapack.com\/wp-content\/uploads\/2025\/11\/custom-spout-pouch-3-1200x1200.webp 1200w, https:\/\/www.topchinapack.com\/wp-content\/uploads\/2025\/11\/custom-spout-pouch-3-600x600.webp 600w, https:\/\/www.topchinapack.com\/wp-content\/uploads\/2025\/11\/custom-spout-pouch-3-100x100.webp 100w\" sizes=\"(max-width: 2048px) 100vw, 2048px\" \/><\/figure>\n<\/div>\n\n\n\n<div class=\"wp-block-column is-layout-flow wp-block-column-is-layout-flow\">\n<figure class=\"wp-block-image size-full\"><img decoding=\"async\" width=\"2048\" height=\"2048\" src=\"https:\/\/www.topchinapack.com\/wp-content\/uploads\/2025\/11\/custom-spout-pouch-4.webp\" alt=\"bolsa con boquilla personalizada (4)\" class=\"wp-image-3176\" srcset=\"https:\/\/www.topchinapack.com\/wp-content\/uploads\/2025\/11\/custom-spout-pouch-4.webp 2048w, https:\/\/www.topchinapack.com\/wp-content\/uploads\/2025\/11\/custom-spout-pouch-4-300x300.webp 300w, https:\/\/www.topchinapack.com\/wp-content\/uploads\/2025\/11\/custom-spout-pouch-4-150x150.webp 150w, https:\/\/www.topchinapack.com\/wp-content\/uploads\/2025\/11\/custom-spout-pouch-4-768x768.webp 768w, https:\/\/www.topchinapack.com\/wp-content\/uploads\/2025\/11\/custom-spout-pouch-4-12x12.webp 12w, https:\/\/www.topchinapack.com\/wp-content\/uploads\/2025\/11\/custom-spout-pouch-4-1200x1200.webp 1200w, https:\/\/www.topchinapack.com\/wp-content\/uploads\/2025\/11\/custom-spout-pouch-4-600x600.webp 600w, https:\/\/www.topchinapack.com\/wp-content\/uploads\/2025\/11\/custom-spout-pouch-4-100x100.webp 100w\" sizes=\"(max-width: 2048px) 100vw, 2048px\" \/><\/figure>\n<\/div>\n<\/div>","protected":false},"excerpt":{"rendered":"<p>Aumente el atractivo de sus bebidas con nuestras bolsas de zumo con boquilla dise\u00f1adas a medida. Esta innovadora soluci\u00f3n de envasado est\u00e1 dise\u00f1ada para mejorar la comodidad y la exposici\u00f3n de la marca. Ofrecemos una amplia gama de opciones de personalizaci\u00f3n OEM\/ODM, como el tama\u00f1o, el material de fabricaci\u00f3n, el tipo de boquilla y la impresi\u00f3n de alta definici\u00f3n, que le ayudar\u00e1n a crear un envase que represente realmente su marca.<\/p>\n<h2>Caracter\u00edsticas de las bolsas de ca\u00f1o personalizadas<\/h2>\n<p><strong>Servicio personalizado:<\/strong>\u00a0material, tama\u00f1o, impresi\u00f3n, patr\u00f3n y opciones adicionales<br \/><strong>Proceso de impresi\u00f3n:<\/strong>\u00a0impresi\u00f3n en huecograbado, hasta 10 colores, admite impresi\u00f3n personalizada<br \/><strong>Caracter\u00edsticas:<\/strong>\u00a0duradero, impermeable<br \/><strong>Plazo de entrega:<\/strong>\u00a010-20 d\u00edas<br \/><strong>Soporte gratuito para muestras<\/strong><br \/><strong>Certificaci\u00f3n:<\/strong>\u00a0ISO, FDA, sin BPA, LFGB, normas de la UE<\/p>\n<p data-pm-slice=\"0 0 []\"><strong>Alta durabilidad y resistencia a la perforaci\u00f3n:<\/strong> La estructura laminada multicapa garantiza una excelente solidez y resistencia a la presi\u00f3n, apta tanto para bebidas fr\u00edas como a temperatura ambiente.<\/p>\n<p><strong>Amplias opciones de personalizaci\u00f3n:<\/strong> Admite OEM\/ODM: elija el tama\u00f1o de la bolsa, el tipo de boquilla, la impresi\u00f3n, el grosor y la estructura del material seg\u00fan las necesidades de su producto.<\/p>\n<p><strong>Gran atractivo en las estanter\u00edas:<\/strong> Las opciones de impresi\u00f3n personalizada ofrecen colores vibrantes, una marca de primera calidad y una visibilidad llamativa en los estantes para el \u00e9xito de la venta al por menor.<\/p>\n<p><strong>Aplicaciones vers\u00e1tiles:<\/strong> Perfecto para zumos, batidos, comida para beb\u00e9s, bebidas deportivas, geles energ\u00e9ticos, pur\u00e9s, mezclas para c\u00f3cteles y mucho m\u00e1s.<\/p>\n<p><strong><b>Compatible con una gran variedad de contenidos<\/b><\/strong>l\u00edquidos (bebidas), pastas (cosm\u00e9ticos) y gr\u00e1nulos (alimentos para mascotas).<\/p>","protected":false},"featured_media":3173,"comment_status":"closed","ping_status":"closed","template":"","meta":{"_acf_changed":true},"product_brand":[],"product_cat":[22,39],"product_tag":[],"class_list":{"0":"post-2806","1":"product","2":"type-product","3":"status-publish","4":"has-post-thumbnail","6":"product_cat-custom-spout-pouches","7":"product_cat-custom-juice-spout-pouches","9":"first","10":"instock","11":"shipping-taxable","12":"product-type-simple"},"acf":[],"_links":{"self":[{"href":"https:\/\/www.topchinapack.com\/es\/wp-json\/wp\/v2\/product\/2806","targetHints":{"allow":["GET"]}}],"collection":[{"href":"https:\/\/www.topchinapack.com\/es\/wp-json\/wp\/v2\/product"}],"about":[{"href":"https:\/\/www.topchinapack.com\/es\/wp-json\/wp\/v2\/types\/product"}],"replies":[{"embeddable":true,"href":"https:\/\/www.topchinapack.com\/es\/wp-json\/wp\/v2\/comments?post=2806"}],"wp:featuredmedia":[{"embeddable":true,"href":"https:\/\/www.topchinapack.com\/es\/wp-json\/wp\/v2\/media\/3173"}],"wp:attachment":[{"href":"https:\/\/www.topchinapack.com\/es\/wp-json\/wp\/v2\/media?parent=2806"}],"wp:term":[{"taxonomy":"product_brand","embeddable":true,"href":"https:\/\/www.topchinapack.com\/es\/wp-json\/wp\/v2\/product_brand?post=2806"},{"taxonomy":"product_cat","embeddable":true,"href":"https:\/\/www.topchinapack.com\/es\/wp-json\/wp\/v2\/product_cat?post=2806"},{"taxonomy":"product_tag","embeddable":true,"href":"https:\/\/www.topchinapack.com\/es\/wp-json\/wp\/v2\/product_tag?post=2806"}],"curies":[{"name":"wp","href":"https:\/\/api.w.org\/{rel}","templated":true}]}}