{"id":3056,"date":"2026-01-09T04:12:27","date_gmt":"2026-01-09T04:12:27","guid":{"rendered":"https:\/\/www.topchinapack.com\/?post_type=product&#038;p=3056"},"modified":"2026-01-09T04:12:32","modified_gmt":"2026-01-09T04:12:32","slug":"custom-stand-up-pouch-packaging-for-dried-vegetables","status":"publish","type":"product","link":"https:\/\/www.topchinapack.com\/es\/producto\/custom-stand-up-pouch-packaging-for-dried-vegetables\/","title":{"rendered":"Envasado en bolsa autoportante a medida para verduras y setas deshidratadas"},"content":{"rendered":"<div class=\"wp-block-columns is-layout-flex wp-container-core-columns-is-layout-9d6595d7 wp-block-columns-is-layout-flex\">\n<div class=\"wp-block-column is-layout-flow wp-block-column-is-layout-flow\">\n<figure class=\"wp-block-image size-full\"><img decoding=\"async\" width=\"800\" height=\"800\" src=\"https:\/\/www.topchinapack.com\/wp-content\/uploads\/2026\/01\/custom-stand-up-pouch-packaging-1.webp\" alt=\"envases personalizados en bolsa (1)\" class=\"wp-image-3545\" srcset=\"https:\/\/www.topchinapack.com\/wp-content\/uploads\/2026\/01\/custom-stand-up-pouch-packaging-1.webp 800w, https:\/\/www.topchinapack.com\/wp-content\/uploads\/2026\/01\/custom-stand-up-pouch-packaging-1-300x300.webp 300w, https:\/\/www.topchinapack.com\/wp-content\/uploads\/2026\/01\/custom-stand-up-pouch-packaging-1-150x150.webp 150w, https:\/\/www.topchinapack.com\/wp-content\/uploads\/2026\/01\/custom-stand-up-pouch-packaging-1-768x768.webp 768w, https:\/\/www.topchinapack.com\/wp-content\/uploads\/2026\/01\/custom-stand-up-pouch-packaging-1-12x12.webp 12w, https:\/\/www.topchinapack.com\/wp-content\/uploads\/2026\/01\/custom-stand-up-pouch-packaging-1-600x600.webp 600w, https:\/\/www.topchinapack.com\/wp-content\/uploads\/2026\/01\/custom-stand-up-pouch-packaging-1-100x100.webp 100w\" sizes=\"(max-width: 800px) 100vw, 800px\" \/><\/figure>\n<\/div>\n\n\n\n<div class=\"wp-block-column is-layout-flow wp-block-column-is-layout-flow\">\n<figure class=\"wp-block-image size-full\"><img decoding=\"async\" width=\"800\" height=\"800\" src=\"https:\/\/www.topchinapack.com\/wp-content\/uploads\/2026\/01\/custom-stand-up-pouch-packaging-2.webp\" alt=\"envases personalizados en bolsas stand-up (2)\" class=\"wp-image-3546\" srcset=\"https:\/\/www.topchinapack.com\/wp-content\/uploads\/2026\/01\/custom-stand-up-pouch-packaging-2.webp 800w, https:\/\/www.topchinapack.com\/wp-content\/uploads\/2026\/01\/custom-stand-up-pouch-packaging-2-300x300.webp 300w, https:\/\/www.topchinapack.com\/wp-content\/uploads\/2026\/01\/custom-stand-up-pouch-packaging-2-150x150.webp 150w, https:\/\/www.topchinapack.com\/wp-content\/uploads\/2026\/01\/custom-stand-up-pouch-packaging-2-768x768.webp 768w, https:\/\/www.topchinapack.com\/wp-content\/uploads\/2026\/01\/custom-stand-up-pouch-packaging-2-12x12.webp 12w, https:\/\/www.topchinapack.com\/wp-content\/uploads\/2026\/01\/custom-stand-up-pouch-packaging-2-600x600.webp 600w, https:\/\/www.topchinapack.com\/wp-content\/uploads\/2026\/01\/custom-stand-up-pouch-packaging-2-100x100.webp 100w\" sizes=\"(max-width: 800px) 100vw, 800px\" \/><\/figure>\n<\/div>\n<\/div>","protected":false},"excerpt":{"rendered":"<p>Envasa tus productos en nuestras bolsas personalizables de alta calidad. Estas bolsas duraderas y resistentes a la rotura est\u00e1n dise\u00f1adas para conservar la frescura, el sabor y los nutrientes al bloquear eficazmente la humedad, el ox\u00edgeno y la luz. Disponemos de opciones de personalizaci\u00f3n completas, como cremalleras resellables y ventanas transparentes. P\u00f3ngase en contacto con nosotros para solicitar un presupuesto.<\/p>\n<h2>Informaci\u00f3n sobre el producto<\/h2>\n<p><strong>Servicio personalizado:<\/strong>\u00a0material, tama\u00f1o, impresi\u00f3n, patr\u00f3n y opciones adicionales<br \/><strong>Proceso de impresi\u00f3n:<\/strong>\u00a0impresi\u00f3n en huecograbado, hasta 10 colores, admite impresi\u00f3n personalizada<br \/><strong>Caracter\u00edsticas:<\/strong>\u00a0duradero, impermeable<br \/><strong>Plazo de entrega:<\/strong>\u00a010-20 d\u00edas<br \/><strong>Soporte gratuito para muestras<\/strong><br \/><strong>Certificaci\u00f3n:<\/strong>\u00a0ISO, FDA, sin BPA, LFGB, normas de la UE<\/p>\n<h2>Caracter\u00edsticas de la bolsa a medida para verduras deshidratadas<\/h2>\n<p><strong>Protecci\u00f3n contra la humedad, el ox\u00edgeno y la luz<\/strong><\/p>\n<p>Las verduras y setas secas son muy sensibles a la humedad y al ox\u00edgeno.<\/p>\n<ul>\n<li>Nuestras bolsas autoportantes est\u00e1n fabricadas con varias capas de PET y, al utilizar materiales de barrera multicapa, impiden la penetraci\u00f3n del vapor de agua, el ox\u00edgeno y la luz ultravioleta.<\/li>\n<\/ul>\n<p><strong>Buena durabilidad y resistencia<\/strong><\/p>\n<ul>\n<li>\n<p>Durante el almacenamiento, el transporte y la manipulaci\u00f3n, los productos secos pueden aplastarse o su envase puede resultar perforado. Los envases da\u00f1ados reducen la confianza del consumidor.<\/p>\n<\/li>\n<li>\n<p>Nuestras bolsas autoportantes est\u00e1n fabricadas con film resistente al desgarro y a la perforaci\u00f3n, lo que proporciona un rendimiento superior durante el transporte y la manipulaci\u00f3n del producto.<\/p>\n<\/li>\n<\/ul>\n<p><strong>Comodidad y reutilizaci\u00f3n<\/strong><\/p>\n<ul>\n<li>Los consumidores prefieren envases f\u00e1ciles de abrir, verter y volver a cerrar. Un producto c\u00f3modo de usar anima a repetir la compra.<\/li>\n<li>La bolsa tiene cierre de cremallera y abertura de f\u00e1cil apertura, lo que la hace muy c\u00f3moda para el usuario.<\/li>\n<\/ul>","protected":false},"featured_media":3548,"comment_status":"closed","ping_status":"closed","template":"","meta":{"_acf_changed":true},"product_brand":[],"product_cat":[20],"product_tag":[],"class_list":{"0":"post-3056","1":"product","2":"type-product","3":"status-publish","4":"has-post-thumbnail","6":"product_cat-custom-stand-up-pouch","8":"first","9":"instock","10":"shipping-taxable","11":"product-type-simple"},"acf":[],"_links":{"self":[{"href":"https:\/\/www.topchinapack.com\/es\/wp-json\/wp\/v2\/product\/3056","targetHints":{"allow":["GET"]}}],"collection":[{"href":"https:\/\/www.topchinapack.com\/es\/wp-json\/wp\/v2\/product"}],"about":[{"href":"https:\/\/www.topchinapack.com\/es\/wp-json\/wp\/v2\/types\/product"}],"replies":[{"embeddable":true,"href":"https:\/\/www.topchinapack.com\/es\/wp-json\/wp\/v2\/comments?post=3056"}],"wp:featuredmedia":[{"embeddable":true,"href":"https:\/\/www.topchinapack.com\/es\/wp-json\/wp\/v2\/media\/3548"}],"wp:attachment":[{"href":"https:\/\/www.topchinapack.com\/es\/wp-json\/wp\/v2\/media?parent=3056"}],"wp:term":[{"taxonomy":"product_brand","embeddable":true,"href":"https:\/\/www.topchinapack.com\/es\/wp-json\/wp\/v2\/product_brand?post=3056"},{"taxonomy":"product_cat","embeddable":true,"href":"https:\/\/www.topchinapack.com\/es\/wp-json\/wp\/v2\/product_cat?post=3056"},{"taxonomy":"product_tag","embeddable":true,"href":"https:\/\/www.topchinapack.com\/es\/wp-json\/wp\/v2\/product_tag?post=3056"}],"curies":[{"name":"wp","href":"https:\/\/api.w.org\/{rel}","templated":true}]}}