{"id":3482,"date":"2026-01-08T01:29:13","date_gmt":"2026-01-08T01:29:13","guid":{"rendered":"https:\/\/www.topchinapack.com\/?post_type=product&#038;p=3482"},"modified":"2026-01-08T01:29:17","modified_gmt":"2026-01-08T01:29:17","slug":"custom-brand-spout-pouch","status":"publish","type":"product","link":"https:\/\/www.topchinapack.com\/es\/producto\/custom-brand-spout-pouch\/","title":{"rendered":"Bolsa de ca\u00f1o de marca personalizada, Bolsa de ca\u00f1o de roc\u00edo"},"content":{"rendered":"<div class=\"wp-block-columns is-layout-flex wp-container-core-columns-is-layout-9d6595d7 wp-block-columns-is-layout-flex\">\n<div class=\"wp-block-column is-layout-flow wp-block-column-is-layout-flow\">\n<figure class=\"wp-block-image size-full\"><img decoding=\"async\" width=\"800\" height=\"800\" src=\"https:\/\/www.topchinapack.com\/wp-content\/uploads\/2026\/01\/custom-brand-spout-pouch-2.webp\" alt=\"bolsa de ca\u00f1o de marca personalizada (2)\" class=\"wp-image-3504\" srcset=\"https:\/\/www.topchinapack.com\/wp-content\/uploads\/2026\/01\/custom-brand-spout-pouch-2.webp 800w, https:\/\/www.topchinapack.com\/wp-content\/uploads\/2026\/01\/custom-brand-spout-pouch-2-300x300.webp 300w, https:\/\/www.topchinapack.com\/wp-content\/uploads\/2026\/01\/custom-brand-spout-pouch-2-150x150.webp 150w, https:\/\/www.topchinapack.com\/wp-content\/uploads\/2026\/01\/custom-brand-spout-pouch-2-768x768.webp 768w, https:\/\/www.topchinapack.com\/wp-content\/uploads\/2026\/01\/custom-brand-spout-pouch-2-12x12.webp 12w, https:\/\/www.topchinapack.com\/wp-content\/uploads\/2026\/01\/custom-brand-spout-pouch-2-600x600.webp 600w, https:\/\/www.topchinapack.com\/wp-content\/uploads\/2026\/01\/custom-brand-spout-pouch-2-100x100.webp 100w\" sizes=\"(max-width: 800px) 100vw, 800px\" \/><\/figure>\n<\/div>\n\n\n\n<div class=\"wp-block-column is-layout-flow wp-block-column-is-layout-flow\">\n<figure class=\"wp-block-image size-full\"><img decoding=\"async\" width=\"800\" height=\"800\" src=\"https:\/\/www.topchinapack.com\/wp-content\/uploads\/2026\/01\/custom-brand-spout-pouch-3.webp\" alt=\"bolsa de ca\u00f1o de marca personalizada (3)\" class=\"wp-image-3505\" srcset=\"https:\/\/www.topchinapack.com\/wp-content\/uploads\/2026\/01\/custom-brand-spout-pouch-3.webp 800w, https:\/\/www.topchinapack.com\/wp-content\/uploads\/2026\/01\/custom-brand-spout-pouch-3-300x300.webp 300w, https:\/\/www.topchinapack.com\/wp-content\/uploads\/2026\/01\/custom-brand-spout-pouch-3-150x150.webp 150w, https:\/\/www.topchinapack.com\/wp-content\/uploads\/2026\/01\/custom-brand-spout-pouch-3-768x768.webp 768w, https:\/\/www.topchinapack.com\/wp-content\/uploads\/2026\/01\/custom-brand-spout-pouch-3-12x12.webp 12w, https:\/\/www.topchinapack.com\/wp-content\/uploads\/2026\/01\/custom-brand-spout-pouch-3-600x600.webp 600w, https:\/\/www.topchinapack.com\/wp-content\/uploads\/2026\/01\/custom-brand-spout-pouch-3-100x100.webp 100w\" sizes=\"(max-width: 800px) 100vw, 800px\" \/><\/figure>\n<\/div>\n<\/div>","protected":false},"excerpt":{"rendered":"<p>Venta al por mayor de bolsas con pico de marca personalizadas. Combinamos impresi\u00f3n de alta definici\u00f3n y tecnolog\u00eda avanzada a prueba de fugas para garantizar que sus productos se muestren v\u00edvidos, claros y sean f\u00e1ciles de transportar. Disponemos de opciones de personalizaci\u00f3n completas, incluidos el tama\u00f1o, el color, el dise\u00f1o y los accesorios.<\/p>\n<h2>Informaci\u00f3n sobre el producto<\/h2>\n<p><strong>Servicio personalizado:<\/strong>\u00a0material, tama\u00f1o, impresi\u00f3n, patr\u00f3n y opciones adicionales<br \/><strong>Proceso de impresi\u00f3n:<\/strong>\u00a0impresi\u00f3n en huecograbado, hasta 10 colores, admite impresi\u00f3n personalizada<br \/><strong>Caracter\u00edsticas:<\/strong>\u00a0duradero, impermeable<br \/><strong>Plazo de entrega:<\/strong>\u00a010-20 d\u00edas<br \/><strong>Soporte gratuito para muestras<\/strong><br \/><strong>Certificaci\u00f3n:<\/strong>\u00a0ISO, FDA, sin BPA, LFGB, normas de la UE<\/p>\n<h2>Caracter\u00edsticas de Custom Brand Spout Pouch<\/h2>\n<ul>\n<li>\n<p><strong>Impresi\u00f3n en huecograbado de alta definici\u00f3n:<\/strong> Como fabricantes profesionales de bolsas con boquilla, utilizamos la impresi\u00f3n a 10 colores para garantizar que su marca y sus productos se presenten de forma viva y clara.<\/p>\n<\/li>\n<li>\n<p><strong>Materiales de calidad alimentaria:<\/strong> Utilizamos materiales sin BPA, aprobados por la FDA y con certificaci\u00f3n ISO para garantizar que el contenido no se contamine y sea seguro para el consumo.<\/p>\n<\/li>\n<li>\n<p><strong>Pruebas de estanqueidad:<\/strong> Cada lote de productos se somete a pruebas de vac\u00edo a alta presi\u00f3n y a pruebas de rotura para garantizar que el ca\u00f1o y las juntas no fallen durante el transporte o el uso.<\/p>\n<\/li>\n<li>\n<p><strong>La ventaja \"directo de f\u00e1brica\":<\/strong> Al trabajar directamente con nuestra f\u00e1brica, puede prescindir de intermediarios, ahorrar 20-30% en costes y disfrutar de completos servicios de personalizaci\u00f3n.<\/p>\n<\/li>\n<\/ul>","protected":false},"featured_media":3503,"comment_status":"closed","ping_status":"closed","template":"","meta":{"_acf_changed":false},"product_brand":[],"product_cat":[22,43],"product_tag":[],"class_list":{"0":"post-3482","1":"product","2":"type-product","3":"status-publish","4":"has-post-thumbnail","6":"product_cat-custom-spout-pouches","7":"product_cat-custom-beverage-spout-pouches","9":"first","10":"instock","11":"shipping-taxable","12":"product-type-simple"},"acf":[],"_links":{"self":[{"href":"https:\/\/www.topchinapack.com\/es\/wp-json\/wp\/v2\/product\/3482","targetHints":{"allow":["GET"]}}],"collection":[{"href":"https:\/\/www.topchinapack.com\/es\/wp-json\/wp\/v2\/product"}],"about":[{"href":"https:\/\/www.topchinapack.com\/es\/wp-json\/wp\/v2\/types\/product"}],"replies":[{"embeddable":true,"href":"https:\/\/www.topchinapack.com\/es\/wp-json\/wp\/v2\/comments?post=3482"}],"wp:featuredmedia":[{"embeddable":true,"href":"https:\/\/www.topchinapack.com\/es\/wp-json\/wp\/v2\/media\/3503"}],"wp:attachment":[{"href":"https:\/\/www.topchinapack.com\/es\/wp-json\/wp\/v2\/media?parent=3482"}],"wp:term":[{"taxonomy":"product_brand","embeddable":true,"href":"https:\/\/www.topchinapack.com\/es\/wp-json\/wp\/v2\/product_brand?post=3482"},{"taxonomy":"product_cat","embeddable":true,"href":"https:\/\/www.topchinapack.com\/es\/wp-json\/wp\/v2\/product_cat?post=3482"},{"taxonomy":"product_tag","embeddable":true,"href":"https:\/\/www.topchinapack.com\/es\/wp-json\/wp\/v2\/product_tag?post=3482"}],"curies":[{"name":"wp","href":"https:\/\/api.w.org\/{rel}","templated":true}]}}