{"id":3486,"date":"2026-01-09T03:40:55","date_gmt":"2026-01-09T03:40:55","guid":{"rendered":"https:\/\/www.topchinapack.com\/?post_type=product&#038;p=3486"},"modified":"2026-01-09T03:48:11","modified_gmt":"2026-01-09T03:48:11","slug":"custom-spout-pouches-packaging-for-fruit-vegetable-juice","status":"publish","type":"product","link":"https:\/\/www.topchinapack.com\/es\/producto\/custom-spout-pouches-packaging-for-fruit-vegetable-juice\/","title":{"rendered":"Envasado de zumo de frutas y verduras en bolsas con boquilla a medida"},"content":{"rendered":"<div class=\"wp-block-columns is-layout-flex wp-container-core-columns-is-layout-9d6595d7 wp-block-columns-is-layout-flex\">\n<div class=\"wp-block-column is-layout-flow wp-block-column-is-layout-flow\">\n<figure class=\"wp-block-image size-full\"><img decoding=\"async\" width=\"800\" height=\"800\" src=\"https:\/\/www.topchinapack.com\/wp-content\/uploads\/2026\/01\/custom-juice-spout-pouch-5.webp\" alt=\"bolsa con boquilla para zumo personalizada (5)\" class=\"wp-image-3538\" srcset=\"https:\/\/www.topchinapack.com\/wp-content\/uploads\/2026\/01\/custom-juice-spout-pouch-5.webp 800w, https:\/\/www.topchinapack.com\/wp-content\/uploads\/2026\/01\/custom-juice-spout-pouch-5-300x300.webp 300w, https:\/\/www.topchinapack.com\/wp-content\/uploads\/2026\/01\/custom-juice-spout-pouch-5-150x150.webp 150w, https:\/\/www.topchinapack.com\/wp-content\/uploads\/2026\/01\/custom-juice-spout-pouch-5-768x768.webp 768w, https:\/\/www.topchinapack.com\/wp-content\/uploads\/2026\/01\/custom-juice-spout-pouch-5-12x12.webp 12w, https:\/\/www.topchinapack.com\/wp-content\/uploads\/2026\/01\/custom-juice-spout-pouch-5-600x600.webp 600w, https:\/\/www.topchinapack.com\/wp-content\/uploads\/2026\/01\/custom-juice-spout-pouch-5-100x100.webp 100w\" sizes=\"(max-width: 800px) 100vw, 800px\" \/><\/figure>\n<\/div>\n\n\n\n<div class=\"wp-block-column is-layout-flow wp-block-column-is-layout-flow\">\n<figure class=\"wp-block-image size-full\"><img decoding=\"async\" width=\"800\" height=\"800\" src=\"https:\/\/www.topchinapack.com\/wp-content\/uploads\/2026\/01\/custom-juice-spout-pouch-6.webp\" alt=\"bolsa con boquilla para zumo personalizada (6)\" class=\"wp-image-3539\" srcset=\"https:\/\/www.topchinapack.com\/wp-content\/uploads\/2026\/01\/custom-juice-spout-pouch-6.webp 800w, https:\/\/www.topchinapack.com\/wp-content\/uploads\/2026\/01\/custom-juice-spout-pouch-6-300x300.webp 300w, https:\/\/www.topchinapack.com\/wp-content\/uploads\/2026\/01\/custom-juice-spout-pouch-6-150x150.webp 150w, https:\/\/www.topchinapack.com\/wp-content\/uploads\/2026\/01\/custom-juice-spout-pouch-6-768x768.webp 768w, https:\/\/www.topchinapack.com\/wp-content\/uploads\/2026\/01\/custom-juice-spout-pouch-6-12x12.webp 12w, https:\/\/www.topchinapack.com\/wp-content\/uploads\/2026\/01\/custom-juice-spout-pouch-6-600x600.webp 600w, https:\/\/www.topchinapack.com\/wp-content\/uploads\/2026\/01\/custom-juice-spout-pouch-6-100x100.webp 100w\" sizes=\"(max-width: 800px) 100vw, 800px\" \/><\/figure>\n<\/div>\n<\/div>","protected":false},"excerpt":{"rendered":"<p>Nuestras bolsas con boquilla dise\u00f1adas a medida para zumos y zumos de verduras cumplen las normas m\u00e1s estrictas de durabilidad, seguridad y comodidad para el consumidor. Cada bolsa est\u00e1 fabricada con materiales de alta calidad aptos para uso alimentario y es resistente al desgarro, a la perforaci\u00f3n y a prueba de fugas. P\u00f3ngase en contacto con nosotros para solicitar un presupuesto.<\/p>\n<h2>Informaci\u00f3n sobre el producto<\/h2>\n<p><strong>Servicio personalizado:<\/strong>\u00a0material, tama\u00f1o, impresi\u00f3n, patr\u00f3n y opciones adicionales<br \/><strong>Proceso de impresi\u00f3n:<\/strong>\u00a0impresi\u00f3n en huecograbado, hasta 10 colores, admite impresi\u00f3n personalizada<br \/><strong>Caracter\u00edsticas:<\/strong>\u00a0duradero, impermeable<br \/><strong>Plazo de entrega:<\/strong>\u00a010-20 d\u00edas<br \/><strong>Soporte gratuito para muestras<\/strong><br \/><strong>Certificaci\u00f3n:<\/strong>\u00a0ISO, FDA, sin BPA, LFGB, normas de la UE<\/p>\n<h2>Caracter\u00edsticas de Custom Spout Pouch<\/h2>\n<p><strong>Frescura y conservaci\u00f3n de nutrientes<\/strong><\/p>\n<p>Los zumos de frutas y verduras son sensibles al ox\u00edgeno, la luz y el calor, que pueden degradar su sabor, color y nutrientes. Nuestro envasado en bolsa con boquilla le ofrece una soluci\u00f3n de protecci\u00f3n integral.<\/p>\n<ul>\n<li>\n<p>Nuestras bolsas con boquilla personalizadas utilizan materiales de barrera multicapa para bloquear el aire, la humedad y los rayos UV.<\/p>\n<\/li>\n<li>\n<p>La peque\u00f1a abertura de la bolsa con boquilla reduce el contacto entre el zumo y el ambiente exterior en cada uso, lo que preserva mejor la frescura del zumo que los envases de boca ancha.<\/p>\n<\/li>\n<\/ul>\n<p><strong data-start=\"1229\" data-end=\"1260\">Comodidad y portabilidad<\/strong><\/p>\n<p>Los consumidores modernos dan prioridad a <strong data-start=\"1289\" data-end=\"1325\">envases para llevar y f\u00e1ciles de usar<\/strong>:<\/p>\n<ul>\n<li>\n<p>La bolsa con boquilla cuenta con un dise\u00f1o de boquilla giratoria, que permite beber f\u00e1cilmente sin necesidad de una taza separada, evitando derrames y fugas.<\/p>\n<\/li>\n<li>\n<p>Perfecta para ni\u00f1os, viajeros o actividades al aire libre.<\/p>\n<\/li>\n<\/ul>\n<p><strong data-start=\"2460\" data-end=\"2496\">Durabilidad y dise\u00f1o a prueba de fugas<\/strong><\/p>\n<p>El envase de los zumos debe resistir la manipulaci\u00f3n, el almacenamiento y el transporte.<\/p>\n<ul>\n<li>Nuestras bolsas con boquilla est\u00e1n fabricadas con materiales de alta calidad, resistentes al desgarro y a la perforaci\u00f3n para evitar fugas.<\/li>\n<li>Nuestro riguroso sistema de control de calidad garantiza que nuestras bolsas de embalaje cumplan los requisitos internacionales de durabilidad, con un \u00edndice de defectos inferior a 0,0001%.<\/li>\n<\/ul>","protected":false},"featured_media":3534,"comment_status":"closed","ping_status":"closed","template":"","meta":{"_acf_changed":false},"product_brand":[],"product_cat":[22,43,39,42],"product_tag":[],"class_list":{"0":"post-3486","1":"product","2":"type-product","3":"status-publish","4":"has-post-thumbnail","6":"product_cat-custom-spout-pouches","7":"product_cat-custom-beverage-spout-pouches","8":"product_cat-custom-juice-spout-pouches","9":"product_cat-custom-vegetable-juice-spout-pouches","11":"first","12":"instock","13":"shipping-taxable","14":"product-type-simple"},"acf":[],"_links":{"self":[{"href":"https:\/\/www.topchinapack.com\/es\/wp-json\/wp\/v2\/product\/3486","targetHints":{"allow":["GET"]}}],"collection":[{"href":"https:\/\/www.topchinapack.com\/es\/wp-json\/wp\/v2\/product"}],"about":[{"href":"https:\/\/www.topchinapack.com\/es\/wp-json\/wp\/v2\/types\/product"}],"replies":[{"embeddable":true,"href":"https:\/\/www.topchinapack.com\/es\/wp-json\/wp\/v2\/comments?post=3486"}],"wp:featuredmedia":[{"embeddable":true,"href":"https:\/\/www.topchinapack.com\/es\/wp-json\/wp\/v2\/media\/3534"}],"wp:attachment":[{"href":"https:\/\/www.topchinapack.com\/es\/wp-json\/wp\/v2\/media?parent=3486"}],"wp:term":[{"taxonomy":"product_brand","embeddable":true,"href":"https:\/\/www.topchinapack.com\/es\/wp-json\/wp\/v2\/product_brand?post=3486"},{"taxonomy":"product_cat","embeddable":true,"href":"https:\/\/www.topchinapack.com\/es\/wp-json\/wp\/v2\/product_cat?post=3486"},{"taxonomy":"product_tag","embeddable":true,"href":"https:\/\/www.topchinapack.com\/es\/wp-json\/wp\/v2\/product_tag?post=3486"}],"curies":[{"name":"wp","href":"https:\/\/api.w.org\/{rel}","templated":true}]}}