{"id":3488,"date":"2026-01-09T02:54:02","date_gmt":"2026-01-09T02:54:02","guid":{"rendered":"https:\/\/www.topchinapack.com\/?post_type=product&#038;p=3488"},"modified":"2026-01-09T02:58:39","modified_gmt":"2026-01-09T02:58:39","slug":"custom-yogurt-spout-pouch-packaging-manufacturer","status":"publish","type":"product","link":"https:\/\/www.topchinapack.com\/es\/producto\/custom-yogurt-spout-pouch-packaging-manufacturer\/","title":{"rendered":"Bolsas de Yogurt al por mayor, Bolsas de Yogurt al por mayor"},"content":{"rendered":"<div class=\"wp-block-columns is-layout-flex wp-container-core-columns-is-layout-9d6595d7 wp-block-columns-is-layout-flex\">\n<div class=\"wp-block-column is-layout-flow wp-block-column-is-layout-flow\">\n<figure class=\"wp-block-image size-full\"><img decoding=\"async\" width=\"800\" height=\"800\" src=\"https:\/\/www.topchinapack.com\/wp-content\/uploads\/2026\/01\/custom-spout-pouches-for-yogurt-4.webp\" alt=\"custom spout pouches for yogurt (4)\" class=\"wp-image-3522\" srcset=\"https:\/\/www.topchinapack.com\/wp-content\/uploads\/2026\/01\/custom-spout-pouches-for-yogurt-4.webp 800w, https:\/\/www.topchinapack.com\/wp-content\/uploads\/2026\/01\/custom-spout-pouches-for-yogurt-4-300x300.webp 300w, https:\/\/www.topchinapack.com\/wp-content\/uploads\/2026\/01\/custom-spout-pouches-for-yogurt-4-150x150.webp 150w, https:\/\/www.topchinapack.com\/wp-content\/uploads\/2026\/01\/custom-spout-pouches-for-yogurt-4-768x768.webp 768w, https:\/\/www.topchinapack.com\/wp-content\/uploads\/2026\/01\/custom-spout-pouches-for-yogurt-4-12x12.webp 12w, https:\/\/www.topchinapack.com\/wp-content\/uploads\/2026\/01\/custom-spout-pouches-for-yogurt-4-600x600.webp 600w, https:\/\/www.topchinapack.com\/wp-content\/uploads\/2026\/01\/custom-spout-pouches-for-yogurt-4-100x100.webp 100w\" sizes=\"(max-width: 800px) 100vw, 800px\" \/><\/figure>\n<\/div>\n\n\n\n<div class=\"wp-block-column is-layout-flow wp-block-column-is-layout-flow\">\n<figure class=\"wp-block-image size-full\"><img decoding=\"async\" width=\"800\" height=\"800\" src=\"https:\/\/www.topchinapack.com\/wp-content\/uploads\/2026\/01\/custom-spout-pouches-for-yogurt-5.webp\" alt=\"custom spout pouches for yogurt (5)\" class=\"wp-image-3523\" srcset=\"https:\/\/www.topchinapack.com\/wp-content\/uploads\/2026\/01\/custom-spout-pouches-for-yogurt-5.webp 800w, https:\/\/www.topchinapack.com\/wp-content\/uploads\/2026\/01\/custom-spout-pouches-for-yogurt-5-300x300.webp 300w, https:\/\/www.topchinapack.com\/wp-content\/uploads\/2026\/01\/custom-spout-pouches-for-yogurt-5-150x150.webp 150w, https:\/\/www.topchinapack.com\/wp-content\/uploads\/2026\/01\/custom-spout-pouches-for-yogurt-5-768x768.webp 768w, https:\/\/www.topchinapack.com\/wp-content\/uploads\/2026\/01\/custom-spout-pouches-for-yogurt-5-12x12.webp 12w, https:\/\/www.topchinapack.com\/wp-content\/uploads\/2026\/01\/custom-spout-pouches-for-yogurt-5-600x600.webp 600w, https:\/\/www.topchinapack.com\/wp-content\/uploads\/2026\/01\/custom-spout-pouches-for-yogurt-5-100x100.webp 100w\" sizes=\"(max-width: 800px) 100vw, 800px\" \/><\/figure>\n<\/div>\n<\/div>","protected":false},"excerpt":{"rendered":"<p>Custom spout pouches for yogurt. Our yogurt spout pouches are designed to meet the highest standards of quality, convenience, and brand appeal, making them the perfect packaging solution for modern dairy products. Full OEM and ODM services are available. Contact us for a quote.<\/p>\n<h2>Informaci\u00f3n sobre el producto<\/h2>\n<p><strong>Servicio personalizado:<\/strong>\u00a0material, tama\u00f1o, impresi\u00f3n, patr\u00f3n y opciones adicionales<br \/><strong>Proceso de impresi\u00f3n:<\/strong>\u00a0impresi\u00f3n en huecograbado, hasta 10 colores, admite impresi\u00f3n personalizada<br \/><strong>Caracter\u00edsticas:<\/strong>\u00a0duradero, impermeable<br \/><strong>Plazo de entrega:<\/strong>\u00a010-20 d\u00edas<br \/><strong>Soporte gratuito para muestras<\/strong><br \/><strong>Certificaci\u00f3n:<\/strong>\u00a0ISO, FDA, sin BPA, LFGB, normas de la UE<\/p>\n<h2>Features of Custom Yogurt Spout Pouch<\/h2>\n<p><strong>Food Safety and Hygiene:<\/strong><\/p>\n<p>Yogurt is a perishable dairy product, so its packaging must ensure maximum protection against contamination. We use high-standard materials and have a strict quality control system.<\/p>\n<ul>\n<li>\n<p>Our spout pouches are made from food-grade, non-toxic, and BPA-free materials.<\/p>\n<\/li>\n<li>\n<p>The packaging undergoes rigorous sealing tests to ensure a complete seal, preventing bacteria, mold, and other pathogens from entering, thus ensuring the yogurt is safe for consumption.<\/p>\n<\/li>\n<li>\n<p>A tamper-evident spout seal design is provided to give consumers peace of mind that the product has not been tampered with.<\/p>\n<\/li>\n<\/ul>\n<p data-pm-slice=\"1 1 []\"><strong>Shelf Life and Product Freshness:<\/strong><\/p>\n<p data-pm-slice=\"1 1 []\">Maintaining taste, texture, and nutritional value is crucial for yogurt brands.<\/p>\n<ul>\n<li data-pm-slice=\"1 1 []\">\n<p>Our packaging uses multi-layer barrier materials to prevent contact with oxygen, light, and moisture.<\/p>\n<\/li>\n<li data-pm-slice=\"1 1 []\">\n<p>The sealed, airtight design ensures that probiotics, flavor, and freshness are preserved for a longer period.<\/p>\n<\/li>\n<\/ul>\n<p><strong>Comodidad y portabilidad:<\/strong><\/p>\n<p>Los consumidores modernos dan prioridad a <strong data-start=\"1177\" data-end=\"1213\">easy-to-use, on-the-go packaging<\/strong>.<\/p>\n<ul>\n<li>Yogurt pouches with spouts allow users to easily enjoy yogurt anytime, anywhere, without worrying about getting their hands dirty.<\/li>\n<li>The lightweight and flexible spout pouch is very convenient for packaging yogurt, making it ideal for travel and school lunches, and making your packaging more attractive.<\/li>\n<\/ul>","protected":false},"featured_media":3519,"comment_status":"closed","ping_status":"closed","template":"","meta":{"_acf_changed":false},"product_brand":[],"product_cat":[22],"product_tag":[],"class_list":{"0":"post-3488","1":"product","2":"type-product","3":"status-publish","4":"has-post-thumbnail","6":"product_cat-custom-spout-pouches","8":"first","9":"instock","10":"shipping-taxable","11":"product-type-simple"},"acf":[],"_links":{"self":[{"href":"https:\/\/www.topchinapack.com\/es\/wp-json\/wp\/v2\/product\/3488","targetHints":{"allow":["GET"]}}],"collection":[{"href":"https:\/\/www.topchinapack.com\/es\/wp-json\/wp\/v2\/product"}],"about":[{"href":"https:\/\/www.topchinapack.com\/es\/wp-json\/wp\/v2\/types\/product"}],"replies":[{"embeddable":true,"href":"https:\/\/www.topchinapack.com\/es\/wp-json\/wp\/v2\/comments?post=3488"}],"wp:featuredmedia":[{"embeddable":true,"href":"https:\/\/www.topchinapack.com\/es\/wp-json\/wp\/v2\/media\/3519"}],"wp:attachment":[{"href":"https:\/\/www.topchinapack.com\/es\/wp-json\/wp\/v2\/media?parent=3488"}],"wp:term":[{"taxonomy":"product_brand","embeddable":true,"href":"https:\/\/www.topchinapack.com\/es\/wp-json\/wp\/v2\/product_brand?post=3488"},{"taxonomy":"product_cat","embeddable":true,"href":"https:\/\/www.topchinapack.com\/es\/wp-json\/wp\/v2\/product_cat?post=3488"},{"taxonomy":"product_tag","embeddable":true,"href":"https:\/\/www.topchinapack.com\/es\/wp-json\/wp\/v2\/product_tag?post=3488"}],"curies":[{"name":"wp","href":"https:\/\/api.w.org\/{rel}","templated":true}]}}