{"id":3489,"date":"2026-01-09T10:12:20","date_gmt":"2026-01-09T10:12:20","guid":{"rendered":"https:\/\/www.topchinapack.com\/?post_type=product&#038;p=3489"},"modified":"2026-01-09T10:13:54","modified_gmt":"2026-01-09T10:13:54","slug":"custom-packaging-roll-film-for-popping-candy","status":"publish","type":"product","link":"https:\/\/www.topchinapack.com\/es\/producto\/custom-packaging-roll-film-for-popping-candy\/","title":{"rendered":"Rollo de film de embalaje personalizado para caramelos, chicles, etc."},"content":{"rendered":"<div class=\"wp-block-columns is-layout-flex wp-container-core-columns-is-layout-9d6595d7 wp-block-columns-is-layout-flex\">\n<div class=\"wp-block-column is-layout-flow wp-block-column-is-layout-flow\">\n<figure class=\"wp-block-image size-full\"><img decoding=\"async\" width=\"800\" height=\"800\" src=\"https:\/\/www.topchinapack.com\/wp-content\/uploads\/2026\/01\/custom-packaging-roll-film-for-popping-candy-5-1.webp\" alt=\"rollo de film de envasado a medida para caramelos popping (5)\" class=\"wp-image-3583\" srcset=\"https:\/\/www.topchinapack.com\/wp-content\/uploads\/2026\/01\/custom-packaging-roll-film-for-popping-candy-5-1.webp 800w, https:\/\/www.topchinapack.com\/wp-content\/uploads\/2026\/01\/custom-packaging-roll-film-for-popping-candy-5-1-300x300.webp 300w, https:\/\/www.topchinapack.com\/wp-content\/uploads\/2026\/01\/custom-packaging-roll-film-for-popping-candy-5-1-150x150.webp 150w, https:\/\/www.topchinapack.com\/wp-content\/uploads\/2026\/01\/custom-packaging-roll-film-for-popping-candy-5-1-768x768.webp 768w, https:\/\/www.topchinapack.com\/wp-content\/uploads\/2026\/01\/custom-packaging-roll-film-for-popping-candy-5-1-12x12.webp 12w, https:\/\/www.topchinapack.com\/wp-content\/uploads\/2026\/01\/custom-packaging-roll-film-for-popping-candy-5-1-600x600.webp 600w, https:\/\/www.topchinapack.com\/wp-content\/uploads\/2026\/01\/custom-packaging-roll-film-for-popping-candy-5-1-100x100.webp 100w\" sizes=\"(max-width: 800px) 100vw, 800px\" \/><\/figure>\n<\/div>\n\n\n\n<div class=\"wp-block-column is-layout-flow wp-block-column-is-layout-flow\">\n<figure class=\"wp-block-image size-full\"><img decoding=\"async\" width=\"800\" height=\"800\" src=\"https:\/\/www.topchinapack.com\/wp-content\/uploads\/2026\/01\/custom-packaging-roll-film-for-popping-candy-6-1.webp\" alt=\"rollo de film de envasado a medida para caramelos popping (6)\" class=\"wp-image-3584\" srcset=\"https:\/\/www.topchinapack.com\/wp-content\/uploads\/2026\/01\/custom-packaging-roll-film-for-popping-candy-6-1.webp 800w, https:\/\/www.topchinapack.com\/wp-content\/uploads\/2026\/01\/custom-packaging-roll-film-for-popping-candy-6-1-300x300.webp 300w, https:\/\/www.topchinapack.com\/wp-content\/uploads\/2026\/01\/custom-packaging-roll-film-for-popping-candy-6-1-150x150.webp 150w, https:\/\/www.topchinapack.com\/wp-content\/uploads\/2026\/01\/custom-packaging-roll-film-for-popping-candy-6-1-768x768.webp 768w, https:\/\/www.topchinapack.com\/wp-content\/uploads\/2026\/01\/custom-packaging-roll-film-for-popping-candy-6-1-12x12.webp 12w, https:\/\/www.topchinapack.com\/wp-content\/uploads\/2026\/01\/custom-packaging-roll-film-for-popping-candy-6-1-600x600.webp 600w, https:\/\/www.topchinapack.com\/wp-content\/uploads\/2026\/01\/custom-packaging-roll-film-for-popping-candy-6-1-100x100.webp 100w\" sizes=\"(max-width: 800px) 100vw, 800px\" \/><\/figure>\n<\/div>\n<\/div>","protected":false},"excerpt":{"rendered":"<p>Ayudamos a las marcas de caramelos a mejorar su competitividad en el mercado mediante envases de alta calidad. Ofrecemos rollos de pel\u00edcula de envasado de alta barrera, incluidas varias estructuras a prueba de humedad como PET\/PE y BOPP\/CPP. Los tama\u00f1os, grosores y dise\u00f1os son totalmente personalizables y admiten impresi\u00f3n a todo color, tratamientos superficiales de alta gama y soluciones OEM\/ODM. P\u00f3ngase en contacto con nosotros para solicitar un presupuesto.<\/p>\n<p><strong>Servicio personalizado:<\/strong>\u00a0material, tama\u00f1o, impresi\u00f3n, patr\u00f3n y opciones adicionales<br \/><strong>Proceso de impresi\u00f3n:<\/strong>\u00a0impresi\u00f3n en huecograbado, hasta 10 colores, admite impresi\u00f3n personalizada<br \/><strong>Caracter\u00edsticas:<\/strong>\u00a0duradero, impermeable<br \/><strong>Plazo de entrega:<\/strong>\u00a010-20 d\u00edas<br \/><strong>Soporte gratuito para muestras<\/strong><br \/><strong>Certificaci\u00f3n:<\/strong>\u00a0ISO, FDA, sin BPA, LFGB, normas de la UE<\/p>\n<h2>Caracter\u00edsticas de la pel\u00edcula en rollo para envasado a medida<\/h2>\n<p data-pm-slice=\"0 0 []\"><strong>Protecci\u00f3n cr\u00edtica contra la humedad<\/strong><\/p>\n<p data-pm-slice=\"0 0 []\">Cuando los alimentos est\u00e1n expuestos al aire exterior y a la humedad, pierden su textura e incluso pueden estropearse. Por eso son muy importantes la protecci\u00f3n contra la humedad y el cierre herm\u00e9tico.<\/p>\n<ul>\n<li data-pm-slice=\"0 0 []\">Ofrecemos varias estructuras de barrera de alta humedad, como PET\/PE, BOPP\/CPP y PET\/AL\/PE, que bloquean eficazmente la humedad y tienen una excelente resistencia a la perforaci\u00f3n.<\/li>\n<li data-pm-slice=\"0 0 []\">Esta medida de protecci\u00f3n ayuda a mantener la textura crujiente y la vida \u00fatil del caramelo desde su producci\u00f3n hasta su consumo.<\/li>\n<\/ul>\n<p><strong>Eficacia de producci\u00f3n a alta velocidad<\/strong><\/p>\n<ul>\n<li data-pm-slice=\"0 0 []\">\n<p>Nuestros rollos de pel\u00edcula de envasado a medida son ideales para l\u00edneas de producci\u00f3n automatizadas de alta velocidad, ya que garantizan un funcionamiento estable y un rendimiento constante.<\/p>\n<\/li>\n<li data-pm-slice=\"0 0 []\">\n<p>Esto mejora significativamente la eficiencia de la producci\u00f3n al tiempo que reduce los costes de mano de obra y envasado.<\/p>\n<\/li>\n<\/ul>\n<p><strong>Las marcas de caramelos necesitan un fuerte atractivo<\/strong><\/p>\n<ul>\n<li>Como fabricante profesional de rollos de pel\u00edcula de embalaje, utilizamos la impresi\u00f3n en huecograbado de diez colores, que admite la impresi\u00f3n a todo color de alta definici\u00f3n. Los colores vivos y los dise\u00f1os atractivos atraen a ni\u00f1os y j\u00f3venes consumidores.<\/li>\n<li>Ofrecemos una amplia gama de opciones de personalizaci\u00f3n, incluidos acabados superficiales como efectos brillantes o mates, que pueden mejorar significativamente el reconocimiento de su marca.<\/li>\n<\/ul>","protected":false},"featured_media":3579,"comment_status":"closed","ping_status":"closed","template":"","meta":{"_acf_changed":false},"product_brand":[],"product_cat":[21],"product_tag":[],"class_list":{"0":"post-3489","1":"product","2":"type-product","3":"status-publish","4":"has-post-thumbnail","6":"product_cat-custom-packaging-film-roll","8":"first","9":"instock","10":"shipping-taxable","11":"product-type-simple"},"acf":[],"_links":{"self":[{"href":"https:\/\/www.topchinapack.com\/es\/wp-json\/wp\/v2\/product\/3489","targetHints":{"allow":["GET"]}}],"collection":[{"href":"https:\/\/www.topchinapack.com\/es\/wp-json\/wp\/v2\/product"}],"about":[{"href":"https:\/\/www.topchinapack.com\/es\/wp-json\/wp\/v2\/types\/product"}],"replies":[{"embeddable":true,"href":"https:\/\/www.topchinapack.com\/es\/wp-json\/wp\/v2\/comments?post=3489"}],"wp:featuredmedia":[{"embeddable":true,"href":"https:\/\/www.topchinapack.com\/es\/wp-json\/wp\/v2\/media\/3579"}],"wp:attachment":[{"href":"https:\/\/www.topchinapack.com\/es\/wp-json\/wp\/v2\/media?parent=3489"}],"wp:term":[{"taxonomy":"product_brand","embeddable":true,"href":"https:\/\/www.topchinapack.com\/es\/wp-json\/wp\/v2\/product_brand?post=3489"},{"taxonomy":"product_cat","embeddable":true,"href":"https:\/\/www.topchinapack.com\/es\/wp-json\/wp\/v2\/product_cat?post=3489"},{"taxonomy":"product_tag","embeddable":true,"href":"https:\/\/www.topchinapack.com\/es\/wp-json\/wp\/v2\/product_tag?post=3489"}],"curies":[{"name":"wp","href":"https:\/\/api.w.org\/{rel}","templated":true}]}}