{"id":3493,"date":"2026-01-10T01:12:50","date_gmt":"2026-01-10T01:12:50","guid":{"rendered":"https:\/\/www.topchinapack.com\/?post_type=product&#038;p=3493"},"modified":"2026-01-10T01:14:44","modified_gmt":"2026-01-10T01:14:44","slug":"custom-packaging-roll-film-for-pop-rocks-candy","status":"publish","type":"product","link":"https:\/\/www.topchinapack.com\/es\/producto\/custom-packaging-roll-film-for-pop-rocks-candy\/","title":{"rendered":"Rollo de film de embalaje personalizado para caramelos Pop Rocks\u00a0"},"content":{"rendered":"<div class=\"wp-block-columns is-layout-flex wp-container-core-columns-is-layout-9d6595d7 wp-block-columns-is-layout-flex\">\n<div class=\"wp-block-column is-layout-flow wp-block-column-is-layout-flow\">\n<figure class=\"wp-block-image size-full\"><img decoding=\"async\" width=\"800\" height=\"800\" src=\"https:\/\/www.topchinapack.com\/wp-content\/uploads\/2026\/01\/custom-packaging-film-rolls-for-pop-rocks-candy-5.webp\" alt=\"rollos de film de embalaje a medida para caramelos pop rocks (5)\" class=\"wp-image-3593\" srcset=\"https:\/\/www.topchinapack.com\/wp-content\/uploads\/2026\/01\/custom-packaging-film-rolls-for-pop-rocks-candy-5.webp 800w, https:\/\/www.topchinapack.com\/wp-content\/uploads\/2026\/01\/custom-packaging-film-rolls-for-pop-rocks-candy-5-300x300.webp 300w, https:\/\/www.topchinapack.com\/wp-content\/uploads\/2026\/01\/custom-packaging-film-rolls-for-pop-rocks-candy-5-150x150.webp 150w, https:\/\/www.topchinapack.com\/wp-content\/uploads\/2026\/01\/custom-packaging-film-rolls-for-pop-rocks-candy-5-768x768.webp 768w, https:\/\/www.topchinapack.com\/wp-content\/uploads\/2026\/01\/custom-packaging-film-rolls-for-pop-rocks-candy-5-12x12.webp 12w, https:\/\/www.topchinapack.com\/wp-content\/uploads\/2026\/01\/custom-packaging-film-rolls-for-pop-rocks-candy-5-600x600.webp 600w, https:\/\/www.topchinapack.com\/wp-content\/uploads\/2026\/01\/custom-packaging-film-rolls-for-pop-rocks-candy-5-100x100.webp 100w\" sizes=\"(max-width: 800px) 100vw, 800px\" \/><\/figure>\n<\/div>\n\n\n\n<div class=\"wp-block-column is-layout-flow wp-block-column-is-layout-flow\">\n<figure class=\"wp-block-image size-full\"><img decoding=\"async\" width=\"800\" height=\"800\" src=\"https:\/\/www.topchinapack.com\/wp-content\/uploads\/2026\/01\/custom-packaging-film-rolls-for-pop-rocks-candy-6.webp\" alt=\"rollos de film de embalaje a medida para caramelos pop rocks (6)\" class=\"wp-image-3594\" srcset=\"https:\/\/www.topchinapack.com\/wp-content\/uploads\/2026\/01\/custom-packaging-film-rolls-for-pop-rocks-candy-6.webp 800w, https:\/\/www.topchinapack.com\/wp-content\/uploads\/2026\/01\/custom-packaging-film-rolls-for-pop-rocks-candy-6-300x300.webp 300w, https:\/\/www.topchinapack.com\/wp-content\/uploads\/2026\/01\/custom-packaging-film-rolls-for-pop-rocks-candy-6-150x150.webp 150w, https:\/\/www.topchinapack.com\/wp-content\/uploads\/2026\/01\/custom-packaging-film-rolls-for-pop-rocks-candy-6-768x768.webp 768w, https:\/\/www.topchinapack.com\/wp-content\/uploads\/2026\/01\/custom-packaging-film-rolls-for-pop-rocks-candy-6-12x12.webp 12w, https:\/\/www.topchinapack.com\/wp-content\/uploads\/2026\/01\/custom-packaging-film-rolls-for-pop-rocks-candy-6-600x600.webp 600w, https:\/\/www.topchinapack.com\/wp-content\/uploads\/2026\/01\/custom-packaging-film-rolls-for-pop-rocks-candy-6-100x100.webp 100w\" sizes=\"(max-width: 800px) 100vw, 800px\" \/><\/figure>\n<\/div>\n<\/div>\n\n\n\n<div class=\"wp-block-columns is-layout-flex wp-container-core-columns-is-layout-9d6595d7 wp-block-columns-is-layout-flex\">\n<div class=\"wp-block-column is-layout-flow wp-block-column-is-layout-flow\"><\/div>\n\n\n\n<div class=\"wp-block-column is-layout-flow wp-block-column-is-layout-flow\"><\/div>\n<\/div>","protected":false},"excerpt":{"rendered":"<p>Nuestros rollos de film de envasado de alta barrera protegen eficazmente los productos de confiter\u00eda fr\u00e1giles y est\u00e1n dise\u00f1ados para bloquear la humedad y el ox\u00edgeno a la vez que conservan la textura masticable y el sabor del caramelo. Fabricados con materiales aptos para uso alimentario y optimizados para l\u00edneas de envasado automatizadas de alta velocidad, nuestros films ofrecen una resistencia de termosellado, una durabilidad y un rendimiento de envasado higi\u00e9nico superiores.<\/p>\n<h2>Caracter\u00edsticas del rollo de pel\u00edcula de empaque para impresi\u00f3n<\/h2>\n<ul>\n<li>\n<p><strong>Eficiencia de producci\u00f3n a alta velocidad:<\/strong> La pel\u00edcula en rollo para envasado es ideal para m\u00e1quinas de envasado automatizadas de alta velocidad, perfectas para productos como caramelos que requieren un llenado y sellado de gran volumen, continuo y a alta velocidad.<\/p>\n<\/li>\n<li>\n<p><strong>Experiencia en materiales de alta barrera:<\/strong> Como fabricante profesional de pel\u00edculas en rollo para envasado, ofrecemos una gran variedad de construcciones a prueba de humedad, como PET\/PE, BOPP\/CPP, PET\/AL\/PE y otros compuestos personalizados de alta barrera dise\u00f1ados espec\u00edficamente para productos de confiter\u00eda sensibles.<\/p>\n<\/li>\n<li>\n<p><strong>Impresi\u00f3n y acabado avanzados:<\/strong> Ofrecemos impresi\u00f3n de alta calidad con opciones como brillo, mate, metalizado y acabados especiales, que ayudan a que su marca de caramelos destaque en el lineal.<\/p>\n<\/li>\n<li>\n<p><strong>Suministro fiable y servicio profesional:<\/strong> Con una capacidad de producci\u00f3n estable y un soporte t\u00e9cnico experimentado, garantizamos la entrega a tiempo, una calidad constante y un servicio al cliente receptivo.<\/p>\n<\/li>\n<\/ul>","protected":false},"featured_media":3591,"comment_status":"closed","ping_status":"closed","template":"","meta":{"_acf_changed":true},"product_brand":[],"product_cat":[21,62],"product_tag":[],"class_list":{"0":"post-3493","1":"product","2":"type-product","3":"status-publish","4":"has-post-thumbnail","6":"product_cat-custom-packaging-film-roll","7":"product_cat-candy-packaging-film-roll","9":"first","10":"instock","11":"shipping-taxable","12":"product-type-simple"},"acf":[],"_links":{"self":[{"href":"https:\/\/www.topchinapack.com\/es\/wp-json\/wp\/v2\/product\/3493","targetHints":{"allow":["GET"]}}],"collection":[{"href":"https:\/\/www.topchinapack.com\/es\/wp-json\/wp\/v2\/product"}],"about":[{"href":"https:\/\/www.topchinapack.com\/es\/wp-json\/wp\/v2\/types\/product"}],"replies":[{"embeddable":true,"href":"https:\/\/www.topchinapack.com\/es\/wp-json\/wp\/v2\/comments?post=3493"}],"wp:featuredmedia":[{"embeddable":true,"href":"https:\/\/www.topchinapack.com\/es\/wp-json\/wp\/v2\/media\/3591"}],"wp:attachment":[{"href":"https:\/\/www.topchinapack.com\/es\/wp-json\/wp\/v2\/media?parent=3493"}],"wp:term":[{"taxonomy":"product_brand","embeddable":true,"href":"https:\/\/www.topchinapack.com\/es\/wp-json\/wp\/v2\/product_brand?post=3493"},{"taxonomy":"product_cat","embeddable":true,"href":"https:\/\/www.topchinapack.com\/es\/wp-json\/wp\/v2\/product_cat?post=3493"},{"taxonomy":"product_tag","embeddable":true,"href":"https:\/\/www.topchinapack.com\/es\/wp-json\/wp\/v2\/product_tag?post=3493"}],"curies":[{"name":"wp","href":"https:\/\/api.w.org\/{rel}","templated":true}]}}