{"id":3500,"date":"2026-01-10T02:29:01","date_gmt":"2026-01-10T02:29:01","guid":{"rendered":"https:\/\/www.topchinapack.com\/?post_type=product&#038;p=3500"},"modified":"2026-01-31T01:35:05","modified_gmt":"2026-01-31T01:35:05","slug":"custom-3-side-seal-bag-for-jelly-wholesale","status":"publish","type":"product","link":"https:\/\/www.topchinapack.com\/es\/producto\/custom-3-side-seal-bag-for-jelly-wholesale\/","title":{"rendered":"Bolsa con 3 Soldaduras Personalizada para Jalea Suministro al por mayor"},"content":{"rendered":"<div class=\"wp-block-columns is-layout-flex wp-container-core-columns-is-layout-9d6595d7 wp-block-columns-is-layout-flex\">\n<div class=\"wp-block-column is-layout-flow wp-block-column-is-layout-flow\">\n<figure class=\"wp-block-image size-full\"><img decoding=\"async\" width=\"800\" height=\"800\" src=\"https:\/\/www.topchinapack.com\/wp-content\/uploads\/2026\/01\/custom-3-side-seal-bag-for-jelly-5.webp\" alt=\"bolsa personalizada de cierre por 3 lados para gelatina (5)\" class=\"wp-image-3608\" srcset=\"https:\/\/www.topchinapack.com\/wp-content\/uploads\/2026\/01\/custom-3-side-seal-bag-for-jelly-5.webp 800w, https:\/\/www.topchinapack.com\/wp-content\/uploads\/2026\/01\/custom-3-side-seal-bag-for-jelly-5-300x300.webp 300w, https:\/\/www.topchinapack.com\/wp-content\/uploads\/2026\/01\/custom-3-side-seal-bag-for-jelly-5-150x150.webp 150w, https:\/\/www.topchinapack.com\/wp-content\/uploads\/2026\/01\/custom-3-side-seal-bag-for-jelly-5-768x768.webp 768w, https:\/\/www.topchinapack.com\/wp-content\/uploads\/2026\/01\/custom-3-side-seal-bag-for-jelly-5-12x12.webp 12w, https:\/\/www.topchinapack.com\/wp-content\/uploads\/2026\/01\/custom-3-side-seal-bag-for-jelly-5-600x600.webp 600w, https:\/\/www.topchinapack.com\/wp-content\/uploads\/2026\/01\/custom-3-side-seal-bag-for-jelly-5-100x100.webp 100w\" sizes=\"(max-width: 800px) 100vw, 800px\" \/><\/figure>\n<\/div>\n\n\n\n<div class=\"wp-block-column is-layout-flow wp-block-column-is-layout-flow\">\n<figure class=\"wp-block-image size-full\"><img decoding=\"async\" width=\"800\" height=\"800\" src=\"https:\/\/www.topchinapack.com\/wp-content\/uploads\/2026\/01\/custom-3-side-seal-bag-for-jelly-6.webp\" alt=\"bolsa personalizada de cierre por 3 lados para gelatina (6)\" class=\"wp-image-3609\" srcset=\"https:\/\/www.topchinapack.com\/wp-content\/uploads\/2026\/01\/custom-3-side-seal-bag-for-jelly-6.webp 800w, https:\/\/www.topchinapack.com\/wp-content\/uploads\/2026\/01\/custom-3-side-seal-bag-for-jelly-6-300x300.webp 300w, https:\/\/www.topchinapack.com\/wp-content\/uploads\/2026\/01\/custom-3-side-seal-bag-for-jelly-6-150x150.webp 150w, https:\/\/www.topchinapack.com\/wp-content\/uploads\/2026\/01\/custom-3-side-seal-bag-for-jelly-6-768x768.webp 768w, https:\/\/www.topchinapack.com\/wp-content\/uploads\/2026\/01\/custom-3-side-seal-bag-for-jelly-6-12x12.webp 12w, https:\/\/www.topchinapack.com\/wp-content\/uploads\/2026\/01\/custom-3-side-seal-bag-for-jelly-6-600x600.webp 600w, https:\/\/www.topchinapack.com\/wp-content\/uploads\/2026\/01\/custom-3-side-seal-bag-for-jelly-6-100x100.webp 100w\" sizes=\"(max-width: 800px) 100vw, 800px\" \/><\/figure>\n<\/div>\n<\/div>","protected":false},"excerpt":{"rendered":"<p>Bolsa personalizada de sellado por 3 lados para alimentos al por mayor. Como fabricante l\u00edder de envases flexibles para alimentos, comprendemos los requisitos exclusivos de los envases para gelatina y ofrecemos estructuras de materiales optimizadas dise\u00f1adas espec\u00edficamente para productos l\u00edquidos y semil\u00edquidos. Respaldamos pedidos al por mayor de gran volumen con una capacidad de producci\u00f3n estable, precios asequibles y plazos de entrega fiables. P\u00f3ngase en contacto con nosotros para solicitar un presupuesto.<\/p>\n<h2>Informaci\u00f3n sobre el producto<\/h2>\n<p><strong>Servicio personalizado:<\/strong>\u00a0material, tama\u00f1o, impresi\u00f3n, patr\u00f3n y opciones adicionales<br \/><strong>Proceso de impresi\u00f3n:<\/strong>\u00a0impresi\u00f3n en huecograbado, hasta 10 colores, admite impresi\u00f3n personalizada<br \/><strong>Caracter\u00edsticas:<\/strong>\u00a0duradero, impermeable<br \/><strong>Plazo de entrega:<\/strong>\u00a010-20 d\u00edas<br \/><strong>Soporte gratuito para muestras<\/strong><br \/><strong>Certificaci\u00f3n:<\/strong>\u00a0ISO, FDA, sin BPA, LFGB, normas de la UE<\/p>\n<h2>Caracter\u00edsticas de la bolsa personalizada de sellado en 3 lados para alimentos l\u00edquidos y semil\u00edquidos<\/h2>\n<p>Los productos de gelatina son l\u00edquidos o semil\u00edquidos, por lo que requieren un envasado que garantice <strong data-start=\"368\" data-end=\"417\">prevenci\u00f3n de fugas, frescura y atractivo visual<\/strong>. Las bolsas personalizadas de sellado por 3 lados son una soluci\u00f3n probada y eficaz.<\/p>\n<p data-pm-slice=\"0 0 []\"><strong>Estructura superior a prueba de fugas: <\/strong>El sellado por tres lados crea bordes resistentes y reforzados que minimizan el riesgo de fugas durante el llenado, el almacenamiento y el transporte<\/p>\n<p data-pm-slice=\"0 0 []\"><strong>Envasado eficiente y rentable:<\/strong> Las bolsas de sellado por 3 lados son ideales para el envasado autom\u00e1tico de alta velocidad, ya que mejoran la eficacia de la producci\u00f3n al tiempo que utilizan menos material que los envases r\u00edgidos, lo que reduce los costes totales.<\/p>\n<p data-pm-slice=\"0 0 []\"><strong>Personalizaci\u00f3n flexible:<\/strong> Los tama\u00f1os, formas, materiales y dise\u00f1os de impresi\u00f3n personalizados hacen que las bolsas con cierre por 3 lados sean adecuadas para distintos tipos de gelatina, tama\u00f1os de porciones y mercados.<\/p>","protected":false},"featured_media":3604,"comment_status":"closed","ping_status":"closed","template":"","meta":{"_acf_changed":false},"product_brand":[],"product_cat":[63],"product_tag":[],"class_list":{"0":"post-3500","1":"product","2":"type-product","3":"status-publish","4":"has-post-thumbnail","6":"product_cat-3-side-seal-bag","8":"first","9":"instock","10":"shipping-taxable","11":"product-type-simple"},"acf":[],"_links":{"self":[{"href":"https:\/\/www.topchinapack.com\/es\/wp-json\/wp\/v2\/product\/3500","targetHints":{"allow":["GET"]}}],"collection":[{"href":"https:\/\/www.topchinapack.com\/es\/wp-json\/wp\/v2\/product"}],"about":[{"href":"https:\/\/www.topchinapack.com\/es\/wp-json\/wp\/v2\/types\/product"}],"replies":[{"embeddable":true,"href":"https:\/\/www.topchinapack.com\/es\/wp-json\/wp\/v2\/comments?post=3500"}],"wp:featuredmedia":[{"embeddable":true,"href":"https:\/\/www.topchinapack.com\/es\/wp-json\/wp\/v2\/media\/3604"}],"wp:attachment":[{"href":"https:\/\/www.topchinapack.com\/es\/wp-json\/wp\/v2\/media?parent=3500"}],"wp:term":[{"taxonomy":"product_brand","embeddable":true,"href":"https:\/\/www.topchinapack.com\/es\/wp-json\/wp\/v2\/product_brand?post=3500"},{"taxonomy":"product_cat","embeddable":true,"href":"https:\/\/www.topchinapack.com\/es\/wp-json\/wp\/v2\/product_cat?post=3500"},{"taxonomy":"product_tag","embeddable":true,"href":"https:\/\/www.topchinapack.com\/es\/wp-json\/wp\/v2\/product_tag?post=3500"}],"curies":[{"name":"wp","href":"https:\/\/api.w.org\/{rel}","templated":true}]}}