{"id":3501,"date":"2026-01-10T02:57:13","date_gmt":"2026-01-10T02:57:13","guid":{"rendered":"https:\/\/www.topchinapack.com\/?post_type=product&#038;p=3501"},"modified":"2026-01-31T01:34:56","modified_gmt":"2026-01-31T01:34:56","slug":"custom-3-side-seal-bag-for-chicken-essence","status":"publish","type":"product","link":"https:\/\/www.topchinapack.com\/es\/producto\/custom-3-side-seal-bag-for-chicken-essence\/","title":{"rendered":"Bolsa personalizada con cierre en 3 lados para esencia de pollo, condimento MSG"},"content":{"rendered":"<div class=\"wp-block-columns is-layout-flex wp-container-core-columns-is-layout-9d6595d7 wp-block-columns-is-layout-flex\">\n<div class=\"wp-block-column is-layout-flow wp-block-column-is-layout-flow\">\n<figure class=\"wp-block-image size-full\"><img decoding=\"async\" width=\"800\" height=\"800\" src=\"https:\/\/www.topchinapack.com\/wp-content\/uploads\/2026\/01\/custom-3-side-seal-bag-for-chicken-essence-5.webp\" alt=\"bolsa de cierre lateral a medida 3 para esencia de pollo (5)\" class=\"wp-image-3618\" srcset=\"https:\/\/www.topchinapack.com\/wp-content\/uploads\/2026\/01\/custom-3-side-seal-bag-for-chicken-essence-5.webp 800w, https:\/\/www.topchinapack.com\/wp-content\/uploads\/2026\/01\/custom-3-side-seal-bag-for-chicken-essence-5-300x300.webp 300w, https:\/\/www.topchinapack.com\/wp-content\/uploads\/2026\/01\/custom-3-side-seal-bag-for-chicken-essence-5-150x150.webp 150w, https:\/\/www.topchinapack.com\/wp-content\/uploads\/2026\/01\/custom-3-side-seal-bag-for-chicken-essence-5-768x768.webp 768w, https:\/\/www.topchinapack.com\/wp-content\/uploads\/2026\/01\/custom-3-side-seal-bag-for-chicken-essence-5-12x12.webp 12w, https:\/\/www.topchinapack.com\/wp-content\/uploads\/2026\/01\/custom-3-side-seal-bag-for-chicken-essence-5-600x600.webp 600w, https:\/\/www.topchinapack.com\/wp-content\/uploads\/2026\/01\/custom-3-side-seal-bag-for-chicken-essence-5-100x100.webp 100w\" sizes=\"(max-width: 800px) 100vw, 800px\" \/><\/figure>\n<\/div>\n\n\n\n<div class=\"wp-block-column is-layout-flow wp-block-column-is-layout-flow\">\n<figure class=\"wp-block-image size-full\"><img decoding=\"async\" width=\"800\" height=\"800\" src=\"https:\/\/www.topchinapack.com\/wp-content\/uploads\/2026\/01\/custom-3-side-seal-bag-for-chicken-essence-6.webp\" alt=\"bolsa de cierre lateral a medida 3 para esencia de pollo (6)\" class=\"wp-image-3619\" srcset=\"https:\/\/www.topchinapack.com\/wp-content\/uploads\/2026\/01\/custom-3-side-seal-bag-for-chicken-essence-6.webp 800w, https:\/\/www.topchinapack.com\/wp-content\/uploads\/2026\/01\/custom-3-side-seal-bag-for-chicken-essence-6-300x300.webp 300w, https:\/\/www.topchinapack.com\/wp-content\/uploads\/2026\/01\/custom-3-side-seal-bag-for-chicken-essence-6-150x150.webp 150w, https:\/\/www.topchinapack.com\/wp-content\/uploads\/2026\/01\/custom-3-side-seal-bag-for-chicken-essence-6-768x768.webp 768w, https:\/\/www.topchinapack.com\/wp-content\/uploads\/2026\/01\/custom-3-side-seal-bag-for-chicken-essence-6-12x12.webp 12w, https:\/\/www.topchinapack.com\/wp-content\/uploads\/2026\/01\/custom-3-side-seal-bag-for-chicken-essence-6-600x600.webp 600w, https:\/\/www.topchinapack.com\/wp-content\/uploads\/2026\/01\/custom-3-side-seal-bag-for-chicken-essence-6-100x100.webp 100w\" sizes=\"(max-width: 800px) 100vw, 800px\" \/><\/figure>\n<\/div>\n<\/div>","protected":false},"excerpt":{"rendered":"<p>Nuestras bolsas de sellado lateral personalizadas presentan propiedades de alta barrera y est\u00e1n fabricadas con materiales compuestos resistentes a la humedad y al desgarro, lo que preserva eficazmente la frescura, la textura crujiente y el sabor de sus productos.<\/p>\n<p>Tambi\u00e9n ofrecemos tama\u00f1os y opciones de dise\u00f1o personalizables, utilizando la impresi\u00f3n en huecograbado con hasta diez colores, lo que los convierte en la soluci\u00f3n de envasado ideal para productos de frutos secos al por mayor, al por menor o de comercio electr\u00f3nico.<\/p>\n<h2>Informaci\u00f3n sobre el producto<\/h2>\n<p><strong>Servicio personalizado:<\/strong>\u00a0material, tama\u00f1o, impresi\u00f3n, patr\u00f3n y opciones adicionales<br \/><strong>Proceso de impresi\u00f3n:<\/strong>\u00a0impresi\u00f3n en huecograbado, hasta 10 colores, admite impresi\u00f3n personalizada<br \/><strong>Caracter\u00edsticas:<\/strong>\u00a0duradero, impermeable<br \/><strong>Plazo de entrega:<\/strong>\u00a010-20 d\u00edas<br \/><strong>Soporte gratuito para muestras<\/strong><br \/><strong>Certificaci\u00f3n:<\/strong>\u00a0ISO, FDA, sin BPA, LFGB, normas de la UE<\/p>\n<h2>Caracter\u00edsticas de la bolsa de sellado lateral Custom 3 para esencias de pollo<\/h2>\n<p>Las bolsas de sellado por 3 lados ofrecen ventajas como una fuerte protecci\u00f3n, un excelente sellado, rentabilidad y una eficaz promoci\u00f3n de la marca, lo que las convierte en una soluci\u00f3n de envasado ideal para la esencia de pollo y otros condimentos en polvo.<\/p>\n<ul>\n<li><strong data-start=\"146\" data-end=\"176\">Dise\u00f1o plano que ahorra espacio:<\/strong> La bolsa de sellado por 3 lados permanece plana antes y despu\u00e9s del llenado, lo que permite un almacenamiento, transporte y apilado en estanter\u00edas m\u00e1s eficientes.<\/li>\n<li data-pm-slice=\"0 0 []\"><strong>Rentable para la producci\u00f3n en serie:<\/strong> En comparaci\u00f3n con las bolsas autoportantes o los envases r\u00edgidos, las bolsas de sellado por 3 lados utilizan menos material y son ideales para envasar condimentos en grandes vol\u00famenes y de forma rentable.<\/li>\n<li data-pm-slice=\"0 0 []\"><strong>Soluciones de materiales de alta barrera:<\/strong> Como fabricantes expertos en envasado de alimentos y condimentos, poseemos conocimientos especializados y proporcionamos bolsas de envasado con estructuras multicapa optimizadas que ofrecen excelentes propiedades de barrera contra la humedad y el ox\u00edgeno para proteger el sabor, el aroma y la vida \u00fatil.<\/li>\n<li data-pm-slice=\"0 0 []\"><strong>Estricto sistema de control de calidad:<\/strong> Desde las materias primas hasta la resistencia del sellado y la calidad de impresi\u00f3n, cada paso se somete a rigurosas inspecciones de calidad para garantizar un envasado uniforme y fiable.<\/li>\n<\/ul>","protected":false},"featured_media":3614,"comment_status":"closed","ping_status":"closed","template":"","meta":{"_acf_changed":false},"product_brand":[],"product_cat":[63],"product_tag":[],"class_list":{"0":"post-3501","1":"product","2":"type-product","3":"status-publish","4":"has-post-thumbnail","6":"product_cat-3-side-seal-bag","8":"first","9":"instock","10":"shipping-taxable","11":"product-type-simple"},"acf":[],"_links":{"self":[{"href":"https:\/\/www.topchinapack.com\/es\/wp-json\/wp\/v2\/product\/3501","targetHints":{"allow":["GET"]}}],"collection":[{"href":"https:\/\/www.topchinapack.com\/es\/wp-json\/wp\/v2\/product"}],"about":[{"href":"https:\/\/www.topchinapack.com\/es\/wp-json\/wp\/v2\/types\/product"}],"replies":[{"embeddable":true,"href":"https:\/\/www.topchinapack.com\/es\/wp-json\/wp\/v2\/comments?post=3501"}],"wp:featuredmedia":[{"embeddable":true,"href":"https:\/\/www.topchinapack.com\/es\/wp-json\/wp\/v2\/media\/3614"}],"wp:attachment":[{"href":"https:\/\/www.topchinapack.com\/es\/wp-json\/wp\/v2\/media?parent=3501"}],"wp:term":[{"taxonomy":"product_brand","embeddable":true,"href":"https:\/\/www.topchinapack.com\/es\/wp-json\/wp\/v2\/product_brand?post=3501"},{"taxonomy":"product_cat","embeddable":true,"href":"https:\/\/www.topchinapack.com\/es\/wp-json\/wp\/v2\/product_cat?post=3501"},{"taxonomy":"product_tag","embeddable":true,"href":"https:\/\/www.topchinapack.com\/es\/wp-json\/wp\/v2\/product_tag?post=3501"}],"curies":[{"name":"wp","href":"https:\/\/api.w.org\/{rel}","templated":true}]}}