{"id":696,"date":"2025-03-12T14:26:35","date_gmt":"2025-03-12T14:26:35","guid":{"rendered":"https:\/\/www.topchinapack.com\/?post_type=product&#038;p=696"},"modified":"2025-03-12T15:25:24","modified_gmt":"2025-03-12T15:25:24","slug":"custom-pvc-water-bottle-labels-durable-waterproof-gq-water-bottle-labels-manufacturer","status":"publish","type":"product","link":"https:\/\/www.topchinapack.com\/es\/producto\/custom-pvc-water-bottle-labels-durable-waterproof-gq-water-bottle-labels-manufacturer\/","title":{"rendered":"Custom PVC Water Bottle Labels \u2013 Durable &amp; Waterproof \u2014 GQ Water Bottle Labels Manufacturer\u200b"},"content":{"rendered":"<div class=\"wp-block-columns is-layout-flex wp-container-core-columns-is-layout-9d6595d7 wp-block-columns-is-layout-flex\">\n<div class=\"wp-block-column is-layout-flow wp-block-column-is-layout-flow\">\n<figure class=\"wp-block-image size-full\"><img decoding=\"async\" width=\"800\" height=\"800\" src=\"https:\/\/www.topchinapack.com\/wp-content\/uploads\/2025\/03\/Custom-PVC-Water-Bottle-Labels-5.webp\" alt=\"Etiquetas personalizadas de PVC para botellas de agua (5)\" class=\"wp-image-703\" srcset=\"https:\/\/www.topchinapack.com\/wp-content\/uploads\/2025\/03\/Custom-PVC-Water-Bottle-Labels-5.webp 800w, https:\/\/www.topchinapack.com\/wp-content\/uploads\/2025\/03\/Custom-PVC-Water-Bottle-Labels-5-300x300.webp 300w, https:\/\/www.topchinapack.com\/wp-content\/uploads\/2025\/03\/Custom-PVC-Water-Bottle-Labels-5-150x150.webp 150w, https:\/\/www.topchinapack.com\/wp-content\/uploads\/2025\/03\/Custom-PVC-Water-Bottle-Labels-5-768x768.webp 768w, https:\/\/www.topchinapack.com\/wp-content\/uploads\/2025\/03\/Custom-PVC-Water-Bottle-Labels-5-600x600.webp 600w, https:\/\/www.topchinapack.com\/wp-content\/uploads\/2025\/03\/Custom-PVC-Water-Bottle-Labels-5-100x100.webp 100w\" sizes=\"(max-width: 800px) 100vw, 800px\" \/><\/figure>\n<\/div>\n\n\n\n<div class=\"wp-block-column is-layout-flow wp-block-column-is-layout-flow\">\n<figure class=\"wp-block-image size-full\"><img decoding=\"async\" width=\"800\" height=\"800\" src=\"https:\/\/www.topchinapack.com\/wp-content\/uploads\/2025\/03\/Custom-PVC-Water-Bottle-Labels-6.webp\" alt=\"Etiquetas personalizadas de PVC para botellas de agua (6)\" class=\"wp-image-704\" srcset=\"https:\/\/www.topchinapack.com\/wp-content\/uploads\/2025\/03\/Custom-PVC-Water-Bottle-Labels-6.webp 800w, https:\/\/www.topchinapack.com\/wp-content\/uploads\/2025\/03\/Custom-PVC-Water-Bottle-Labels-6-300x300.webp 300w, https:\/\/www.topchinapack.com\/wp-content\/uploads\/2025\/03\/Custom-PVC-Water-Bottle-Labels-6-150x150.webp 150w, https:\/\/www.topchinapack.com\/wp-content\/uploads\/2025\/03\/Custom-PVC-Water-Bottle-Labels-6-768x768.webp 768w, https:\/\/www.topchinapack.com\/wp-content\/uploads\/2025\/03\/Custom-PVC-Water-Bottle-Labels-6-600x600.webp 600w, https:\/\/www.topchinapack.com\/wp-content\/uploads\/2025\/03\/Custom-PVC-Water-Bottle-Labels-6-100x100.webp 100w\" sizes=\"(max-width: 800px) 100vw, 800px\" \/><\/figure>\n<\/div>\n<\/div>","protected":false},"excerpt":{"rendered":"<p>Venta al por mayor de etiquetas personalizadas de PVC para botellas de agua, ofrecen una variedad de esquemas de combinaci\u00f3n de colores, admiten hasta 10 colores de impresi\u00f3n, nuestras tintas de alta calidad y procesos de impresi\u00f3n garantizan que sus etiquetas personalizadas para botellas de agua sean brillantes y duraderas, y proporcionan servicios de entrega r\u00e1pida. P\u00f3ngase en contacto con nosotros para solicitar un presupuesto.<\/p>\n<h2>Caracter\u00edsticas de las etiquetas personalizadas de PVC para botellas de agua<\/h2>\n<p><strong>Duradera:<\/strong> Las etiquetas para botellas de agua est\u00e1n fabricadas con PVC impermeable y duradero, resistente al desgaste, que mantiene un aspecto profesional durante su uso y no se rompe con la humedad.<\/p>\n<p><strong>Material blando:<\/strong> Una de las caracter\u00edsticas del PVC es que es blando y suave, lo que satisface las necesidades de adaptaci\u00f3n de botellas rectas, curvas o con formas especiales, permitiendo a los usuarios tener una buena experiencia visual y t\u00e1ctil.<\/p>\n<p><strong>Servicio personalizado:<\/strong> Gracias al servicio de personalizaci\u00f3n integral, la etiqueta es m\u00e1s avanzada en sentido visual y t\u00e1ctil, lo que ayuda a la marca a establecer una imagen visual \u00fanica.<\/p>\n<p><strong>Gran capacidad de producci\u00f3n:<\/strong> La f\u00e1brica de GQ PACK adopta una l\u00ednea de producci\u00f3n totalmente automatizada para proporcionar un soporte de suministro estable y fiable a grandes supermercados y cadenas de marcas, y satisfacer r\u00e1pidamente las necesidades de pedidos de gran volumen.<\/p>","protected":false},"featured_media":699,"comment_status":"closed","ping_status":"closed","template":"","meta":{"_acf_changed":true},"product_brand":[],"product_cat":[24],"product_tag":[],"class_list":{"0":"post-696","1":"product","2":"type-product","3":"status-publish","4":"has-post-thumbnail","6":"product_cat-custom-water-bottle-labels","8":"first","9":"instock","10":"shipping-taxable","11":"product-type-simple"},"acf":[],"_links":{"self":[{"href":"https:\/\/www.topchinapack.com\/es\/wp-json\/wp\/v2\/product\/696","targetHints":{"allow":["GET"]}}],"collection":[{"href":"https:\/\/www.topchinapack.com\/es\/wp-json\/wp\/v2\/product"}],"about":[{"href":"https:\/\/www.topchinapack.com\/es\/wp-json\/wp\/v2\/types\/product"}],"replies":[{"embeddable":true,"href":"https:\/\/www.topchinapack.com\/es\/wp-json\/wp\/v2\/comments?post=696"}],"wp:featuredmedia":[{"embeddable":true,"href":"https:\/\/www.topchinapack.com\/es\/wp-json\/wp\/v2\/media\/699"}],"wp:attachment":[{"href":"https:\/\/www.topchinapack.com\/es\/wp-json\/wp\/v2\/media?parent=696"}],"wp:term":[{"taxonomy":"product_brand","embeddable":true,"href":"https:\/\/www.topchinapack.com\/es\/wp-json\/wp\/v2\/product_brand?post=696"},{"taxonomy":"product_cat","embeddable":true,"href":"https:\/\/www.topchinapack.com\/es\/wp-json\/wp\/v2\/product_cat?post=696"},{"taxonomy":"product_tag","embeddable":true,"href":"https:\/\/www.topchinapack.com\/es\/wp-json\/wp\/v2\/product_tag?post=696"}],"curies":[{"name":"wp","href":"https:\/\/api.w.org\/{rel}","templated":true}]}}