{"id":706,"date":"2025-03-12T15:32:56","date_gmt":"2025-03-12T15:32:56","guid":{"rendered":"https:\/\/www.topchinapack.com\/?post_type=product&#038;p=706"},"modified":"2025-03-12T15:56:36","modified_gmt":"2025-03-12T15:56:36","slug":"custom-plastic-water-bottle-labels","status":"publish","type":"product","link":"https:\/\/www.topchinapack.com\/es\/producto\/custom-plastic-water-bottle-labels\/","title":{"rendered":"Custom Plastic Water Bottle Labels\u200b, OPP\u3001PET\u3001PVC\u3001BOPP Labels Customization"},"content":{"rendered":"<div class=\"wp-block-columns is-layout-flex wp-container-core-columns-is-layout-9d6595d7 wp-block-columns-is-layout-flex\">\n<div class=\"wp-block-column is-layout-flow wp-block-column-is-layout-flow\">\n<figure class=\"wp-block-image size-full\"><img decoding=\"async\" width=\"3456\" height=\"3456\" src=\"https:\/\/www.topchinapack.com\/wp-content\/uploads\/2025\/03\/Custom-Plastic-Water-Bottle-Labels-4.webp\" alt=\"Etiquetas de pl\u00e1stico personalizadas para botellas de agua (4)\" class=\"wp-image-710\" srcset=\"https:\/\/www.topchinapack.com\/wp-content\/uploads\/2025\/03\/Custom-Plastic-Water-Bottle-Labels-4.webp 3456w, https:\/\/www.topchinapack.com\/wp-content\/uploads\/2025\/03\/Custom-Plastic-Water-Bottle-Labels-4-300x300.webp 300w, https:\/\/www.topchinapack.com\/wp-content\/uploads\/2025\/03\/Custom-Plastic-Water-Bottle-Labels-4-150x150.webp 150w, https:\/\/www.topchinapack.com\/wp-content\/uploads\/2025\/03\/Custom-Plastic-Water-Bottle-Labels-4-768x768.webp 768w, https:\/\/www.topchinapack.com\/wp-content\/uploads\/2025\/03\/Custom-Plastic-Water-Bottle-Labels-4-1200x1200.webp 1200w, https:\/\/www.topchinapack.com\/wp-content\/uploads\/2025\/03\/Custom-Plastic-Water-Bottle-Labels-4-600x600.webp 600w, https:\/\/www.topchinapack.com\/wp-content\/uploads\/2025\/03\/Custom-Plastic-Water-Bottle-Labels-4-100x100.webp 100w\" sizes=\"(max-width: 3456px) 100vw, 3456px\" \/><\/figure>\n<\/div>\n\n\n\n<div class=\"wp-block-column is-layout-flow wp-block-column-is-layout-flow\">\n<figure class=\"wp-block-image size-full\"><img decoding=\"async\" width=\"3456\" height=\"3456\" src=\"https:\/\/www.topchinapack.com\/wp-content\/uploads\/2025\/03\/Custom-Plastic-Water-Bottle-Labels-5.webp\" alt=\"Etiquetas de pl\u00e1stico personalizadas para botellas de agua (5)\" class=\"wp-image-711\" srcset=\"https:\/\/www.topchinapack.com\/wp-content\/uploads\/2025\/03\/Custom-Plastic-Water-Bottle-Labels-5.webp 3456w, https:\/\/www.topchinapack.com\/wp-content\/uploads\/2025\/03\/Custom-Plastic-Water-Bottle-Labels-5-300x300.webp 300w, https:\/\/www.topchinapack.com\/wp-content\/uploads\/2025\/03\/Custom-Plastic-Water-Bottle-Labels-5-150x150.webp 150w, https:\/\/www.topchinapack.com\/wp-content\/uploads\/2025\/03\/Custom-Plastic-Water-Bottle-Labels-5-768x768.webp 768w, https:\/\/www.topchinapack.com\/wp-content\/uploads\/2025\/03\/Custom-Plastic-Water-Bottle-Labels-5-1200x1200.webp 1200w, https:\/\/www.topchinapack.com\/wp-content\/uploads\/2025\/03\/Custom-Plastic-Water-Bottle-Labels-5-600x600.webp 600w, https:\/\/www.topchinapack.com\/wp-content\/uploads\/2025\/03\/Custom-Plastic-Water-Bottle-Labels-5-100x100.webp 100w\" sizes=\"(max-width: 3456px) 100vw, 3456px\" \/><\/figure>\n<\/div>\n<\/div>\n\n\n\n<div class=\"wp-block-columns is-layout-flex wp-container-core-columns-is-layout-9d6595d7 wp-block-columns-is-layout-flex\">\n<div class=\"wp-block-column is-layout-flow wp-block-column-is-layout-flow\"><\/div>\n\n\n\n<div class=\"wp-block-column is-layout-flow wp-block-column-is-layout-flow\"><\/div>\n<\/div>","protected":false},"excerpt":{"rendered":"<p>Las etiquetas personalizadas para botellas de agua de pl\u00e1stico est\u00e1n disponibles en diversos materiales, como OPP, PET, PVC y BOPP. Nuestras etiquetas personalizadas de alta calidad le ayudan a aumentar la conciencia de marca en el proceso de venta de sus productos mediante una rica expresi\u00f3n de color y le ayudan a obtener ventajas en el mercado a precios competitivos. P\u00f3ngase en contacto con nosotros para solicitar un presupuesto.<\/p>\n<h2>Caracter\u00edsticas de las etiquetas personalizadas para botellas de agua de pl\u00e1stico<\/h2>\n<p><strong>Impresi\u00f3n de alta calidad:<\/strong> Las avanzadas l\u00edneas de producci\u00f3n de impresi\u00f3n hacen que el patr\u00f3n de cada etiqueta de botella de agua sea delicado y claro, y pueden conseguir detalles complejos.<\/p>\n<p><strong>Durability:<\/strong> Proporcionamos OPP, PET, PVC, BOPP y otros materiales de alta calidad para ofrecerle m\u00e1s opciones, adecuadas para diversas botellas de pl\u00e1stico, botellas de vidrio y otros envases.<\/p>\n<p><strong>Soporte de alta capacidad de producci\u00f3n:<\/strong> La gran capacidad de producci\u00f3n de GQ PACK le ayuda a ampliar r\u00e1pidamente el mercado y responder a pedidos repentinos. Tambi\u00e9n podemos garantizar una entrega puntual.<\/p>\n<p><strong>Certificaci\u00f3n internacional:<\/strong> Todos nuestros productos de etiquetado cumplen las normas internacionales de calidad, y nuestras f\u00e1bricas y productos han superado las certificaciones ISO, QS, BSCI, CE, FDA y otras.<\/p>","protected":false},"featured_media":707,"comment_status":"closed","ping_status":"closed","template":"","meta":{"_acf_changed":true},"product_brand":[],"product_cat":[24],"product_tag":[],"class_list":{"0":"post-706","1":"product","2":"type-product","3":"status-publish","4":"has-post-thumbnail","6":"product_cat-custom-water-bottle-labels","8":"first","9":"instock","10":"shipping-taxable","11":"product-type-simple"},"acf":[],"_links":{"self":[{"href":"https:\/\/www.topchinapack.com\/es\/wp-json\/wp\/v2\/product\/706","targetHints":{"allow":["GET"]}}],"collection":[{"href":"https:\/\/www.topchinapack.com\/es\/wp-json\/wp\/v2\/product"}],"about":[{"href":"https:\/\/www.topchinapack.com\/es\/wp-json\/wp\/v2\/types\/product"}],"replies":[{"embeddable":true,"href":"https:\/\/www.topchinapack.com\/es\/wp-json\/wp\/v2\/comments?post=706"}],"wp:featuredmedia":[{"embeddable":true,"href":"https:\/\/www.topchinapack.com\/es\/wp-json\/wp\/v2\/media\/707"}],"wp:attachment":[{"href":"https:\/\/www.topchinapack.com\/es\/wp-json\/wp\/v2\/media?parent=706"}],"wp:term":[{"taxonomy":"product_brand","embeddable":true,"href":"https:\/\/www.topchinapack.com\/es\/wp-json\/wp\/v2\/product_brand?post=706"},{"taxonomy":"product_cat","embeddable":true,"href":"https:\/\/www.topchinapack.com\/es\/wp-json\/wp\/v2\/product_cat?post=706"},{"taxonomy":"product_tag","embeddable":true,"href":"https:\/\/www.topchinapack.com\/es\/wp-json\/wp\/v2\/product_tag?post=706"}],"curies":[{"name":"wp","href":"https:\/\/api.w.org\/{rel}","templated":true}]}}