{"id":756,"date":"2025-03-13T02:55:55","date_gmt":"2025-03-13T02:55:55","guid":{"rendered":"https:\/\/www.topchinapack.com\/?post_type=product&#038;p=756"},"modified":"2025-11-17T07:10:25","modified_gmt":"2025-11-17T07:10:25","slug":"custom-shrink-sleeve-label","status":"publish","type":"product","link":"https:\/\/www.topchinapack.com\/es\/producto\/custom-shrink-sleeve-label\/","title":{"rendered":"Custom Shrink Sleeve Label\u200b \u2013 GQ PACK Shrink Sleeve Label Manufacturers\u200b"},"content":{"rendered":"<div class=\"wp-block-columns is-layout-flex wp-container-core-columns-is-layout-9d6595d7 wp-block-columns-is-layout-flex\">\n<div class=\"wp-block-column is-layout-flow wp-block-column-is-layout-flow\">\n<figure class=\"wp-block-image size-full\"><img decoding=\"async\" width=\"750\" height=\"750\" src=\"https:\/\/www.topchinapack.com\/wp-content\/uploads\/2025\/03\/Custom-Shrink-Sleeve-Label\u200b-GQ-Manufacturer-4.webp\" alt=\"Etiqueta retr\u00e1ctil personalizada - GQ Manufacturer (4)\" class=\"wp-image-760\" srcset=\"https:\/\/www.topchinapack.com\/wp-content\/uploads\/2025\/03\/Custom-Shrink-Sleeve-Label\u200b-GQ-Manufacturer-4.webp 750w, https:\/\/www.topchinapack.com\/wp-content\/uploads\/2025\/03\/Custom-Shrink-Sleeve-Label\u200b-GQ-Manufacturer-4-300x300.webp 300w, https:\/\/www.topchinapack.com\/wp-content\/uploads\/2025\/03\/Custom-Shrink-Sleeve-Label\u200b-GQ-Manufacturer-4-150x150.webp 150w, https:\/\/www.topchinapack.com\/wp-content\/uploads\/2025\/03\/Custom-Shrink-Sleeve-Label\u200b-GQ-Manufacturer-4-600x600.webp 600w, https:\/\/www.topchinapack.com\/wp-content\/uploads\/2025\/03\/Custom-Shrink-Sleeve-Label\u200b-GQ-Manufacturer-4-100x100.webp 100w\" sizes=\"(max-width: 750px) 100vw, 750px\" \/><\/figure>\n<\/div>\n\n\n\n<div class=\"wp-block-column is-layout-flow wp-block-column-is-layout-flow\">\n<figure class=\"wp-block-image size-full\"><img decoding=\"async\" width=\"750\" height=\"750\" src=\"https:\/\/www.topchinapack.com\/wp-content\/uploads\/2025\/03\/Custom-Shrink-Sleeve-Label\u200b-GQ-Manufacturer-5.webp\" alt=\"Etiqueta retr\u00e1ctil personalizada - Fabricante GQ (5)\" class=\"wp-image-761\" srcset=\"https:\/\/www.topchinapack.com\/wp-content\/uploads\/2025\/03\/Custom-Shrink-Sleeve-Label\u200b-GQ-Manufacturer-5.webp 750w, https:\/\/www.topchinapack.com\/wp-content\/uploads\/2025\/03\/Custom-Shrink-Sleeve-Label\u200b-GQ-Manufacturer-5-300x300.webp 300w, https:\/\/www.topchinapack.com\/wp-content\/uploads\/2025\/03\/Custom-Shrink-Sleeve-Label\u200b-GQ-Manufacturer-5-150x150.webp 150w, https:\/\/www.topchinapack.com\/wp-content\/uploads\/2025\/03\/Custom-Shrink-Sleeve-Label\u200b-GQ-Manufacturer-5-600x600.webp 600w, https:\/\/www.topchinapack.com\/wp-content\/uploads\/2025\/03\/Custom-Shrink-Sleeve-Label\u200b-GQ-Manufacturer-5-100x100.webp 100w\" sizes=\"(max-width: 750px) 100vw, 750px\" \/><\/figure>\n<\/div>\n<\/div>\n\n\n\n<div class=\"wp-block-columns is-layout-flex wp-container-core-columns-is-layout-9d6595d7 wp-block-columns-is-layout-flex\">\n<div class=\"wp-block-column is-layout-flow wp-block-column-is-layout-flow\"><\/div>\n\n\n\n<div class=\"wp-block-column is-layout-flow wp-block-column-is-layout-flow\"><\/div>\n<\/div>","protected":false},"excerpt":{"rendered":"<p>Como fabricante profesional de etiquetas de funda retr\u00e1ctil, GQ PACK ofrece etiquetas de funda retr\u00e1ctil de alta calidad que se adaptan a las diversas necesidades de la industria de las bebidas y la industria de las necesidades diarias. Nuestras etiquetas est\u00e1n hechas de PET, PVC y otros materiales para satisfacer la compatibilidad de diferentes formas de productos. En GQ PACK, ofrecemos servicios profesionales y precios competitivos. P\u00f3ngase en contacto con nosotros.<\/p>\n<h2>Caracter\u00edsticas de las etiquetas retr\u00e1ctiles personalizadas<\/h2>\n<p><strong>Ajuste perfecto y encogimiento eficaz:<\/strong> Nuestras etiquetas de funda retr\u00e1ctil est\u00e1n fabricadas con materiales de PVC o PET de alta calidad y procesos madurados para garantizar que puedan ajustarse perfectamente a botellas de agua de diversas formas y tama\u00f1os, asegurando que las etiquetas queden planas, sin burbujas y sin arrugas.<\/p>\n<p><strong>Excelente durabilidad:<\/strong> Las etiquetas retr\u00e1ctiles tienen una excelente resistencia al desgaste, al agua y a las manchas. Su resistencia a los rayos UV garantiza que las etiquetas no se decoloren con el sol, lo que mejora el rendimiento de sus productos.<\/p>\n<p><strong>Cumplir las normas internacionales:<\/strong> Nuestras etiquetas retr\u00e1ctiles para botellas de agua han superado certificaciones internacionales de seguridad alimentaria como FDA y LFGB, y cumplen las normas de seguridad para el contacto con alimentos. No importa en qu\u00e9 parte del mercado actual se encuentre, puede utilizar nuestras etiquetas con confianza.<\/p>\n<p><strong>Atenci\u00f3n al cliente perfecta:<\/strong> Proporcionamos un apoyo profesional al dise\u00f1o y un proceso de revisi\u00f3n de muestras para garantizar que cada cliente pueda participar en el dise\u00f1o y la confirmaci\u00f3n de la etiqueta y aportar oportunamente sus opiniones y necesidades.<\/p>\n<p>&nbsp;<\/p>","protected":false},"featured_media":757,"comment_status":"closed","ping_status":"closed","template":"","meta":{"_acf_changed":true},"product_brand":[],"product_cat":[25,33],"product_tag":[],"class_list":{"0":"post-756","1":"product","2":"type-product","3":"status-publish","4":"has-post-thumbnail","6":"product_cat-custom-shrink-sleeve-label","7":"product_cat-custom-beverage-shrink-sleeve-labels","9":"first","10":"instock","11":"shipping-taxable","12":"product-type-simple"},"acf":[],"_links":{"self":[{"href":"https:\/\/www.topchinapack.com\/es\/wp-json\/wp\/v2\/product\/756","targetHints":{"allow":["GET"]}}],"collection":[{"href":"https:\/\/www.topchinapack.com\/es\/wp-json\/wp\/v2\/product"}],"about":[{"href":"https:\/\/www.topchinapack.com\/es\/wp-json\/wp\/v2\/types\/product"}],"replies":[{"embeddable":true,"href":"https:\/\/www.topchinapack.com\/es\/wp-json\/wp\/v2\/comments?post=756"}],"wp:featuredmedia":[{"embeddable":true,"href":"https:\/\/www.topchinapack.com\/es\/wp-json\/wp\/v2\/media\/757"}],"wp:attachment":[{"href":"https:\/\/www.topchinapack.com\/es\/wp-json\/wp\/v2\/media?parent=756"}],"wp:term":[{"taxonomy":"product_brand","embeddable":true,"href":"https:\/\/www.topchinapack.com\/es\/wp-json\/wp\/v2\/product_brand?post=756"},{"taxonomy":"product_cat","embeddable":true,"href":"https:\/\/www.topchinapack.com\/es\/wp-json\/wp\/v2\/product_cat?post=756"},{"taxonomy":"product_tag","embeddable":true,"href":"https:\/\/www.topchinapack.com\/es\/wp-json\/wp\/v2\/product_tag?post=756"}],"curies":[{"name":"wp","href":"https:\/\/api.w.org\/{rel}","templated":true}]}}