{"id":833,"date":"2025-03-14T03:20:51","date_gmt":"2025-03-14T03:20:51","guid":{"rendered":"https:\/\/www.topchinapack.com\/?post_type=product&#038;p=833"},"modified":"2025-11-17T07:45:13","modified_gmt":"2025-11-17T07:45:13","slug":"wholesale-custom-spout-jelly-pouches","status":"publish","type":"product","link":"https:\/\/www.topchinapack.com\/es\/producto\/wholesale-custom-spout-jelly-pouches\/","title":{"rendered":"Wholesale Custom Spout Pouches\u200b, Bulk Custom Jelly Pouch\u200b \u2013 GQ PACK Flexible Packaging Manufacturer"},"content":{"rendered":"<div class=\"wp-block-columns is-layout-flex wp-container-core-columns-is-layout-9d6595d7 wp-block-columns-is-layout-flex\">\n<div class=\"wp-block-column is-layout-flow wp-block-column-is-layout-flow\">\n<figure class=\"wp-block-image size-full\"><img decoding=\"async\" width=\"800\" height=\"793\" src=\"https:\/\/www.topchinapack.com\/wp-content\/uploads\/2025\/03\/Custom-Jelly-Spout-Pouch-5.webp\" alt=\"Bolsa de jalea personalizada (5)\" class=\"wp-image-838\" srcset=\"https:\/\/www.topchinapack.com\/wp-content\/uploads\/2025\/03\/Custom-Jelly-Spout-Pouch-5.webp 800w, https:\/\/www.topchinapack.com\/wp-content\/uploads\/2025\/03\/Custom-Jelly-Spout-Pouch-5-300x297.webp 300w, https:\/\/www.topchinapack.com\/wp-content\/uploads\/2025\/03\/Custom-Jelly-Spout-Pouch-5-150x150.webp 150w, https:\/\/www.topchinapack.com\/wp-content\/uploads\/2025\/03\/Custom-Jelly-Spout-Pouch-5-768x761.webp 768w, https:\/\/www.topchinapack.com\/wp-content\/uploads\/2025\/03\/Custom-Jelly-Spout-Pouch-5-600x595.webp 600w, https:\/\/www.topchinapack.com\/wp-content\/uploads\/2025\/03\/Custom-Jelly-Spout-Pouch-5-100x100.webp 100w\" sizes=\"(max-width: 800px) 100vw, 800px\" \/><\/figure>\n<\/div>\n\n\n\n<div class=\"wp-block-column is-layout-flow wp-block-column-is-layout-flow\">\n<figure class=\"wp-block-image size-full\"><img decoding=\"async\" width=\"800\" height=\"800\" src=\"https:\/\/www.topchinapack.com\/wp-content\/uploads\/2025\/03\/Custom-Jelly-Spout-Pouch-6.webp\" alt=\"Bolsa de jalea personalizada (6)\" class=\"wp-image-839\" srcset=\"https:\/\/www.topchinapack.com\/wp-content\/uploads\/2025\/03\/Custom-Jelly-Spout-Pouch-6.webp 800w, https:\/\/www.topchinapack.com\/wp-content\/uploads\/2025\/03\/Custom-Jelly-Spout-Pouch-6-300x300.webp 300w, https:\/\/www.topchinapack.com\/wp-content\/uploads\/2025\/03\/Custom-Jelly-Spout-Pouch-6-150x150.webp 150w, https:\/\/www.topchinapack.com\/wp-content\/uploads\/2025\/03\/Custom-Jelly-Spout-Pouch-6-768x768.webp 768w, https:\/\/www.topchinapack.com\/wp-content\/uploads\/2025\/03\/Custom-Jelly-Spout-Pouch-6-600x600.webp 600w, https:\/\/www.topchinapack.com\/wp-content\/uploads\/2025\/03\/Custom-Jelly-Spout-Pouch-6-100x100.webp 100w\" sizes=\"(max-width: 800px) 100vw, 800px\" \/><\/figure>\n<\/div>\n<\/div>","protected":false},"excerpt":{"rendered":"<p>Las bolsas de gelatina a medida al por mayor, fabricadas con materiales alimentarios de primera calidad, proporcionan una excelente protecci\u00f3n contra la contaminaci\u00f3n, preservando la frescura y calidad de sus productos. P\u00f3ngase en contacto con nosotros para una soluci\u00f3n personalizada.<\/p>\n<h2>Caracter\u00edsticas de las bolsas de jalea personalizadas<\/h2>\n<p><strong>Protecci\u00f3n duradera y fiable:<\/strong> Las bolsas para gelatina con boquilla Custom est\u00e1n fabricadas con laminados de alta calidad aptos para uso alimentario para conservar la frescura y el sabor de sus productos de gelatina o l\u00edquidos durante mucho tiempo.<\/p>\n<p><strong>F\u00e1cil de usar:<\/strong> El dise\u00f1o de la boquilla resellable hace que el zumo o la gelatina no corran el riesgo de derramarse, lo que mejora la experiencia del usuario.<\/p>\n<p><strong>Calidad certificada para mayor confianza del consumidor:<\/strong> Las bolsas de gelatina con boquilla a medida se fabrican bajo estrictos controles de calidad y cumplen las certificaciones ISO y QS.<\/p>\n<p><strong>Precios al por mayor:<\/strong> GQ PACK ofrece precios competitivos para pedidos al por mayor, con precios directos de f\u00e1brica, puede obtener envases de alta calidad a un precio rentable.<\/p>\n<p><strong>Entrega r\u00e1pida:<\/strong> Ofrecemos un plazo de entrega r\u00e1pido, normalmente entre 10 y 20 d\u00edas, para que sus productos puedan satisfacer r\u00e1pidamente las necesidades del mercado, las promociones, etc.<\/p>","protected":false},"featured_media":834,"comment_status":"closed","ping_status":"closed","template":"","meta":{"_acf_changed":true},"product_brand":[],"product_cat":[22,41],"product_tag":[],"class_list":{"0":"post-833","1":"product","2":"type-product","3":"status-publish","4":"has-post-thumbnail","6":"product_cat-custom-spout-pouches","7":"product_cat-custom-jelly-spout-pouches","9":"first","10":"instock","11":"shipping-taxable","12":"product-type-simple"},"acf":[],"_links":{"self":[{"href":"https:\/\/www.topchinapack.com\/es\/wp-json\/wp\/v2\/product\/833","targetHints":{"allow":["GET"]}}],"collection":[{"href":"https:\/\/www.topchinapack.com\/es\/wp-json\/wp\/v2\/product"}],"about":[{"href":"https:\/\/www.topchinapack.com\/es\/wp-json\/wp\/v2\/types\/product"}],"replies":[{"embeddable":true,"href":"https:\/\/www.topchinapack.com\/es\/wp-json\/wp\/v2\/comments?post=833"}],"wp:featuredmedia":[{"embeddable":true,"href":"https:\/\/www.topchinapack.com\/es\/wp-json\/wp\/v2\/media\/834"}],"wp:attachment":[{"href":"https:\/\/www.topchinapack.com\/es\/wp-json\/wp\/v2\/media?parent=833"}],"wp:term":[{"taxonomy":"product_brand","embeddable":true,"href":"https:\/\/www.topchinapack.com\/es\/wp-json\/wp\/v2\/product_brand?post=833"},{"taxonomy":"product_cat","embeddable":true,"href":"https:\/\/www.topchinapack.com\/es\/wp-json\/wp\/v2\/product_cat?post=833"},{"taxonomy":"product_tag","embeddable":true,"href":"https:\/\/www.topchinapack.com\/es\/wp-json\/wp\/v2\/product_tag?post=833"}],"curies":[{"name":"wp","href":"https:\/\/api.w.org\/{rel}","templated":true}]}}