{"id":950,"date":"2025-03-16T05:06:50","date_gmt":"2025-03-16T05:06:50","guid":{"rendered":"https:\/\/www.topchinapack.com\/?post_type=product&#038;p=950"},"modified":"2025-03-16T06:39:29","modified_gmt":"2025-03-16T06:39:29","slug":"custom-packaging-roll-film","status":"publish","type":"product","link":"https:\/\/www.topchinapack.com\/es\/producto\/custom-packaging-roll-film\/","title":{"rendered":"Custom Packaging Roll Film For Making Food Packaging Pouch"},"content":{"rendered":"<div class=\"wp-block-columns is-layout-flex wp-container-core-columns-is-layout-9d6595d7 wp-block-columns-is-layout-flex\">\n<div class=\"wp-block-column is-layout-flow wp-block-column-is-layout-flow\">\n<figure class=\"wp-block-image size-full\"><img decoding=\"async\" width=\"800\" height=\"800\" src=\"https:\/\/www.topchinapack.com\/wp-content\/uploads\/2025\/03\/Custom-Packaging-Roll-Film-For-Making-Food-Packaging-Pouch-5.webp\" alt=\"Rollos de film para envasado de alimentos (5)\" class=\"wp-image-964\" srcset=\"https:\/\/www.topchinapack.com\/wp-content\/uploads\/2025\/03\/Custom-Packaging-Roll-Film-For-Making-Food-Packaging-Pouch-5.webp 800w, https:\/\/www.topchinapack.com\/wp-content\/uploads\/2025\/03\/Custom-Packaging-Roll-Film-For-Making-Food-Packaging-Pouch-5-300x300.webp 300w, https:\/\/www.topchinapack.com\/wp-content\/uploads\/2025\/03\/Custom-Packaging-Roll-Film-For-Making-Food-Packaging-Pouch-5-150x150.webp 150w, https:\/\/www.topchinapack.com\/wp-content\/uploads\/2025\/03\/Custom-Packaging-Roll-Film-For-Making-Food-Packaging-Pouch-5-768x768.webp 768w, https:\/\/www.topchinapack.com\/wp-content\/uploads\/2025\/03\/Custom-Packaging-Roll-Film-For-Making-Food-Packaging-Pouch-5-600x600.webp 600w, https:\/\/www.topchinapack.com\/wp-content\/uploads\/2025\/03\/Custom-Packaging-Roll-Film-For-Making-Food-Packaging-Pouch-5-100x100.webp 100w\" sizes=\"(max-width: 800px) 100vw, 800px\" \/><\/figure>\n<\/div>\n\n\n\n<div class=\"wp-block-column is-layout-flow wp-block-column-is-layout-flow\">\n<figure class=\"wp-block-image size-full\"><img decoding=\"async\" width=\"800\" height=\"800\" src=\"https:\/\/www.topchinapack.com\/wp-content\/uploads\/2025\/03\/Custom-Packaging-Roll-Film-For-Making-Food-Packaging-Pouch-6.webp\" alt=\"Rollos de film para envasado de alimentos (6)\" class=\"wp-image-965\" srcset=\"https:\/\/www.topchinapack.com\/wp-content\/uploads\/2025\/03\/Custom-Packaging-Roll-Film-For-Making-Food-Packaging-Pouch-6.webp 800w, https:\/\/www.topchinapack.com\/wp-content\/uploads\/2025\/03\/Custom-Packaging-Roll-Film-For-Making-Food-Packaging-Pouch-6-300x300.webp 300w, https:\/\/www.topchinapack.com\/wp-content\/uploads\/2025\/03\/Custom-Packaging-Roll-Film-For-Making-Food-Packaging-Pouch-6-150x150.webp 150w, https:\/\/www.topchinapack.com\/wp-content\/uploads\/2025\/03\/Custom-Packaging-Roll-Film-For-Making-Food-Packaging-Pouch-6-768x768.webp 768w, https:\/\/www.topchinapack.com\/wp-content\/uploads\/2025\/03\/Custom-Packaging-Roll-Film-For-Making-Food-Packaging-Pouch-6-600x600.webp 600w, https:\/\/www.topchinapack.com\/wp-content\/uploads\/2025\/03\/Custom-Packaging-Roll-Film-For-Making-Food-Packaging-Pouch-6-100x100.webp 100w\" sizes=\"(max-width: 800px) 100vw, 800px\" \/><\/figure>\n<\/div>\n<\/div>\n\n\n\n<div class=\"wp-block-columns is-layout-flex wp-container-core-columns-is-layout-9d6595d7 wp-block-columns-is-layout-flex\">\n<div class=\"wp-block-column is-layout-flow wp-block-column-is-layout-flow\"><\/div>\n\n\n\n<div class=\"wp-block-column is-layout-flow wp-block-column-is-layout-flow\"><\/div>\n<\/div>","protected":false},"excerpt":{"rendered":"<p>GQ PACK suministra al por mayor rollos de film para envasado de alimentos, fabricados con materiales seguros para uso alimentario, con excelentes propiedades de sellado y barrera, y adecuados para todo tipo de envases alimentarios, como aperitivos, condimentos, productos c\u00e1rnicos y alimentos congelados. Las especificaciones personalizadas pueden satisfacer las necesidades de diferentes m\u00e1quinas de envasado. P\u00f3ngase en contacto con nosotros para obtener soluciones personalizadas.<\/p>\n<h2>Caracter\u00edsticas de la pel\u00edcula en rollo para envasado a medida<\/h2>\n<p><strong>Excelentes propiedades mec\u00e1nicas:<\/strong> Nuestro film en rollo para envasado tiene excelentes propiedades mec\u00e1nicas, alta resistencia a la tracci\u00f3n y a la perforaci\u00f3n, y tambi\u00e9n puede utilizarse para alimentos duros como los frutos secos.<\/p>\n<p><strong>Impresi\u00f3n de alta precisi\u00f3n:<\/strong> Gracias a la tecnolog\u00eda de impresi\u00f3n en huecograbado, admite la impresi\u00f3n en hasta 10 colores y puede lograr complejos dise\u00f1os y logotipos de marca.<\/p>\n<p>Dise\u00f1o personalizado: Proporcionar servicios de embalaje blando profundamente personalizados, aceptar pedidos OEM y ODM, y proporcionar a los clientes servicios personalizados exclusivos.<\/p>\n<p><strong>Escenarios de aplicaci\u00f3n multifuncionales:<\/strong> GQ PACK le ofrece soluciones de envasado fiables y, gracias a nuestro asesoramiento experto, le proporcionamos envases blandos que se adaptan a diversos escenarios.<\/p>\n<p><strong>Entrega r\u00e1pida:<\/strong> Nuestro ciclo de entrega es de s\u00f3lo 10-20 d\u00edas, lo que satisface las necesidades de respuesta r\u00e1pida de los clientes y les ayuda a acortar los ciclos de los proyectos.<\/p>","protected":false},"featured_media":957,"comment_status":"closed","ping_status":"closed","template":"","meta":{"_acf_changed":true},"product_brand":[],"product_cat":[21],"product_tag":[],"class_list":{"0":"post-950","1":"product","2":"type-product","3":"status-publish","4":"has-post-thumbnail","6":"product_cat-custom-packaging-film-roll","8":"first","9":"instock","10":"shipping-taxable","11":"product-type-simple"},"acf":[],"_links":{"self":[{"href":"https:\/\/www.topchinapack.com\/es\/wp-json\/wp\/v2\/product\/950","targetHints":{"allow":["GET"]}}],"collection":[{"href":"https:\/\/www.topchinapack.com\/es\/wp-json\/wp\/v2\/product"}],"about":[{"href":"https:\/\/www.topchinapack.com\/es\/wp-json\/wp\/v2\/types\/product"}],"replies":[{"embeddable":true,"href":"https:\/\/www.topchinapack.com\/es\/wp-json\/wp\/v2\/comments?post=950"}],"wp:featuredmedia":[{"embeddable":true,"href":"https:\/\/www.topchinapack.com\/es\/wp-json\/wp\/v2\/media\/957"}],"wp:attachment":[{"href":"https:\/\/www.topchinapack.com\/es\/wp-json\/wp\/v2\/media?parent=950"}],"wp:term":[{"taxonomy":"product_brand","embeddable":true,"href":"https:\/\/www.topchinapack.com\/es\/wp-json\/wp\/v2\/product_brand?post=950"},{"taxonomy":"product_cat","embeddable":true,"href":"https:\/\/www.topchinapack.com\/es\/wp-json\/wp\/v2\/product_cat?post=950"},{"taxonomy":"product_tag","embeddable":true,"href":"https:\/\/www.topchinapack.com\/es\/wp-json\/wp\/v2\/product_tag?post=950"}],"curies":[{"name":"wp","href":"https:\/\/api.w.org\/{rel}","templated":true}]}}