{"id":992,"date":"2025-03-16T09:04:02","date_gmt":"2025-03-16T09:04:02","guid":{"rendered":"https:\/\/www.topchinapack.com\/?post_type=product&#038;p=992"},"modified":"2025-12-19T02:01:17","modified_gmt":"2025-12-19T02:01:17","slug":"wholesale-pet-food-packaging-pouches","status":"publish","type":"product","link":"https:\/\/www.topchinapack.com\/es\/producto\/wholesale-pet-food-packaging-pouches\/","title":{"rendered":"Mayorista Bolsas de Fondo Plano Personalizadas para el Envasado de Alimentos para Mascotas: Duraderas, seguras y ecol\u00f3gicas"},"content":{"rendered":"<div class=\"wp-block-columns is-layout-flex wp-container-core-columns-is-layout-9d6595d7 wp-block-columns-is-layout-flex\">\n<div class=\"wp-block-column is-layout-flow wp-block-column-is-layout-flow\">\n<figure class=\"wp-block-image size-full\"><img decoding=\"async\" width=\"800\" height=\"800\" src=\"https:\/\/www.topchinapack.com\/wp-content\/uploads\/2025\/03\/Custom-Flat-Bottom-Pouches-for-Pet-Food-Packaging-1.webp\" alt=\"Bolsas de fondo plano personalizadas para envasado de alimentos para mascotas (1)\" class=\"wp-image-993\" srcset=\"https:\/\/www.topchinapack.com\/wp-content\/uploads\/2025\/03\/Custom-Flat-Bottom-Pouches-for-Pet-Food-Packaging-1.webp 800w, https:\/\/www.topchinapack.com\/wp-content\/uploads\/2025\/03\/Custom-Flat-Bottom-Pouches-for-Pet-Food-Packaging-1-300x300.webp 300w, https:\/\/www.topchinapack.com\/wp-content\/uploads\/2025\/03\/Custom-Flat-Bottom-Pouches-for-Pet-Food-Packaging-1-150x150.webp 150w, https:\/\/www.topchinapack.com\/wp-content\/uploads\/2025\/03\/Custom-Flat-Bottom-Pouches-for-Pet-Food-Packaging-1-768x768.webp 768w, https:\/\/www.topchinapack.com\/wp-content\/uploads\/2025\/03\/Custom-Flat-Bottom-Pouches-for-Pet-Food-Packaging-1-600x600.webp 600w, https:\/\/www.topchinapack.com\/wp-content\/uploads\/2025\/03\/Custom-Flat-Bottom-Pouches-for-Pet-Food-Packaging-1-100x100.webp 100w\" sizes=\"(max-width: 800px) 100vw, 800px\" \/><\/figure>\n<\/div>\n\n\n\n<div class=\"wp-block-column is-layout-flow wp-block-column-is-layout-flow\">\n<figure class=\"wp-block-image size-full\"><img decoding=\"async\" width=\"800\" height=\"800\" src=\"https:\/\/www.topchinapack.com\/wp-content\/uploads\/2025\/03\/Custom-Flat-Bottom-Pouches-for-Pet-Food-Packaging-2.webp\" alt=\"Bolsas de fondo plano personalizadas para envasado de alimentos para mascotas (2)\" class=\"wp-image-994\" srcset=\"https:\/\/www.topchinapack.com\/wp-content\/uploads\/2025\/03\/Custom-Flat-Bottom-Pouches-for-Pet-Food-Packaging-2.webp 800w, https:\/\/www.topchinapack.com\/wp-content\/uploads\/2025\/03\/Custom-Flat-Bottom-Pouches-for-Pet-Food-Packaging-2-300x300.webp 300w, https:\/\/www.topchinapack.com\/wp-content\/uploads\/2025\/03\/Custom-Flat-Bottom-Pouches-for-Pet-Food-Packaging-2-150x150.webp 150w, https:\/\/www.topchinapack.com\/wp-content\/uploads\/2025\/03\/Custom-Flat-Bottom-Pouches-for-Pet-Food-Packaging-2-768x768.webp 768w, https:\/\/www.topchinapack.com\/wp-content\/uploads\/2025\/03\/Custom-Flat-Bottom-Pouches-for-Pet-Food-Packaging-2-600x600.webp 600w, https:\/\/www.topchinapack.com\/wp-content\/uploads\/2025\/03\/Custom-Flat-Bottom-Pouches-for-Pet-Food-Packaging-2-100x100.webp 100w\" sizes=\"(max-width: 800px) 100vw, 800px\" \/><\/figure>\n<\/div>\n<\/div>\n\n\n\n<div class=\"wp-block-columns is-layout-flex wp-container-core-columns-is-layout-9d6595d7 wp-block-columns-is-layout-flex\">\n<div class=\"wp-block-column is-layout-flow wp-block-column-is-layout-flow\"><\/div>\n\n\n\n<div class=\"wp-block-column is-layout-flow wp-block-column-is-layout-flow\"><\/div>\n<\/div>","protected":false},"excerpt":{"rendered":"<p>Bolsas de fondo plano personalizadas al por mayor para el envasado de alimentos para mascotas, dise\u00f1adas para ser duraderas, c\u00f3modas y sostenibles. Fabricadas con estructura de bopp\/vmpet\/pe, proporcionan protecci\u00f3n contra la humedad, el aire y los rayos UV. Suministro personalizado y a granel a precio de f\u00e1brica, las empresas de alimentos para mascotas son bienvenidas a contactarnos.<\/p>\n<h2>Caracter\u00edsticas de las bolsas personalizadas de fondo plano para envasado de alimentos para mascotas<\/h2>\n<p><strong>Impresi\u00f3n de alta calidad:<\/strong> La tecnolog\u00eda de impresi\u00f3n en huecograbado de alta calidad de GQ PACK admite hasta 10 colores, presentando un bonito dise\u00f1o para sus envases de marca de alimentos para mascotas.<\/p>\n<p><strong>Rendimiento anti-UV:<\/strong> El material de envasado multicapa ofrece resistencia a los rayos ultravioleta (UV), por lo que es adecuado para el almacenamiento a largo plazo de alimentos para mascotas.<\/p>\n<p><strong>Materiales de calidad alimentaria:<\/strong> Los materiales utilizados cumplen las normas de seguridad en contacto con alimentos (como FDA y LFGB), lo que garantiza que el alimento para mascotas del envase no producir\u00e1 ninguna sustancia nociva al entrar en contacto con el material de envasado.<\/p>\n<p><strong>A prueba de humedad:<\/strong> Los materiales PE y VMPET tienen una excelente resistencia a la humedad, lo que puede evitar la penetraci\u00f3n de agua y humedad, garantizando que la comida para mascotas en el envase permanezca seca en un ambiente h\u00famedo.<\/p>\n<p><strong>Precio competitivo:<\/strong> GQ PACK tiene capacidad de producci\u00f3n a gran escala y admite la producci\u00f3n en masa de envases para alimentos para mascotas. Pedir en grandes cantidades le ayudar\u00e1 a disfrutar de precios unitarios m\u00e1s bajos.<\/p>","protected":false},"featured_media":995,"comment_status":"closed","ping_status":"closed","template":"","meta":{"_acf_changed":true},"product_brand":[],"product_cat":[19,48],"product_tag":[58],"class_list":{"0":"post-992","1":"product","2":"type-product","3":"status-publish","4":"has-post-thumbnail","6":"product_cat-custom-flat-bottom-pouch","7":"product_cat-custom-pet-food-flat-bottom-pouches","8":"product_tag-custom-pet-food-packaging-bags","10":"first","11":"instock","12":"shipping-taxable","13":"product-type-simple"},"acf":[],"_links":{"self":[{"href":"https:\/\/www.topchinapack.com\/es\/wp-json\/wp\/v2\/product\/992","targetHints":{"allow":["GET"]}}],"collection":[{"href":"https:\/\/www.topchinapack.com\/es\/wp-json\/wp\/v2\/product"}],"about":[{"href":"https:\/\/www.topchinapack.com\/es\/wp-json\/wp\/v2\/types\/product"}],"replies":[{"embeddable":true,"href":"https:\/\/www.topchinapack.com\/es\/wp-json\/wp\/v2\/comments?post=992"}],"wp:featuredmedia":[{"embeddable":true,"href":"https:\/\/www.topchinapack.com\/es\/wp-json\/wp\/v2\/media\/995"}],"wp:attachment":[{"href":"https:\/\/www.topchinapack.com\/es\/wp-json\/wp\/v2\/media?parent=992"}],"wp:term":[{"taxonomy":"product_brand","embeddable":true,"href":"https:\/\/www.topchinapack.com\/es\/wp-json\/wp\/v2\/product_brand?post=992"},{"taxonomy":"product_cat","embeddable":true,"href":"https:\/\/www.topchinapack.com\/es\/wp-json\/wp\/v2\/product_cat?post=992"},{"taxonomy":"product_tag","embeddable":true,"href":"https:\/\/www.topchinapack.com\/es\/wp-json\/wp\/v2\/product_tag?post=992"}],"curies":[{"name":"wp","href":"https:\/\/api.w.org\/{rel}","templated":true}]}}