{"id":999,"date":"2025-03-16T10:10:06","date_gmt":"2025-03-16T10:10:06","guid":{"rendered":"https:\/\/www.topchinapack.com\/?post_type=product&#038;p=999"},"modified":"2025-12-19T07:54:52","modified_gmt":"2025-12-19T07:54:52","slug":"custom-coffee-packaging-stand-up-pouch","status":"publish","type":"product","link":"https:\/\/www.topchinapack.com\/es\/producto\/custom-coffee-packaging-stand-up-pouch\/","title":{"rendered":"Bolsas personalizadas para caf\u00e9 al por mayor"},"content":{"rendered":"<div class=\"wp-block-columns is-layout-flex wp-container-core-columns-is-layout-9d6595d7 wp-block-columns-is-layout-flex\">\n<div class=\"wp-block-column is-layout-flow wp-block-column-is-layout-flow\">\n<figure class=\"wp-block-image size-full\"><img decoding=\"async\" width=\"750\" height=\"750\" src=\"https:\/\/www.topchinapack.com\/wp-content\/uploads\/2025\/03\/Custom-Coffee-Packaging-Stand-Up-Pouch-4.webp\" alt=\"Envasado de caf\u00e9 personalizado Stand Up Pouch (4)\" class=\"wp-image-1003\" srcset=\"https:\/\/www.topchinapack.com\/wp-content\/uploads\/2025\/03\/Custom-Coffee-Packaging-Stand-Up-Pouch-4.webp 750w, https:\/\/www.topchinapack.com\/wp-content\/uploads\/2025\/03\/Custom-Coffee-Packaging-Stand-Up-Pouch-4-300x300.webp 300w, https:\/\/www.topchinapack.com\/wp-content\/uploads\/2025\/03\/Custom-Coffee-Packaging-Stand-Up-Pouch-4-150x150.webp 150w, https:\/\/www.topchinapack.com\/wp-content\/uploads\/2025\/03\/Custom-Coffee-Packaging-Stand-Up-Pouch-4-600x600.webp 600w, https:\/\/www.topchinapack.com\/wp-content\/uploads\/2025\/03\/Custom-Coffee-Packaging-Stand-Up-Pouch-4-100x100.webp 100w\" sizes=\"(max-width: 750px) 100vw, 750px\" \/><\/figure>\n<\/div>\n\n\n\n<div class=\"wp-block-column is-layout-flow wp-block-column-is-layout-flow\">\n<figure class=\"wp-block-image size-full\"><img decoding=\"async\" width=\"750\" height=\"750\" src=\"https:\/\/www.topchinapack.com\/wp-content\/uploads\/2025\/03\/Custom-Coffee-Packaging-Stand-Up-Pouch-5.webp\" alt=\"Envasado de caf\u00e9 personalizado Stand Up Pouch (5)\" class=\"wp-image-1004\" srcset=\"https:\/\/www.topchinapack.com\/wp-content\/uploads\/2025\/03\/Custom-Coffee-Packaging-Stand-Up-Pouch-5.webp 750w, https:\/\/www.topchinapack.com\/wp-content\/uploads\/2025\/03\/Custom-Coffee-Packaging-Stand-Up-Pouch-5-300x300.webp 300w, https:\/\/www.topchinapack.com\/wp-content\/uploads\/2025\/03\/Custom-Coffee-Packaging-Stand-Up-Pouch-5-150x150.webp 150w, https:\/\/www.topchinapack.com\/wp-content\/uploads\/2025\/03\/Custom-Coffee-Packaging-Stand-Up-Pouch-5-600x600.webp 600w, https:\/\/www.topchinapack.com\/wp-content\/uploads\/2025\/03\/Custom-Coffee-Packaging-Stand-Up-Pouch-5-100x100.webp 100w\" sizes=\"(max-width: 750px) 100vw, 750px\" \/><\/figure>\n<\/div>\n<\/div>\n\n\n\n<div class=\"wp-block-columns is-layout-flex wp-container-core-columns-is-layout-9d6595d7 wp-block-columns-is-layout-flex\">\n<div class=\"wp-block-column is-layout-flow wp-block-column-is-layout-flow\"><\/div>\n\n\n\n<div class=\"wp-block-column is-layout-flow wp-block-column-is-layout-flow\"><\/div>\n<\/div>","protected":false},"excerpt":{"rendered":"<p>Bolsa de pie al por mayor para bolsas de envasado de caf\u00e9, se puede utilizar para envasar granos de caf\u00e9, caf\u00e9 molido y hojas de t\u00e9. Los dise\u00f1os personalizables le permiten mostrar su marca con una impresi\u00f3n vibrante y de alta calidad en hasta 10 colores. P\u00f3ngase en contacto con nosotros para obtener soluciones.<\/p>\n<h2>Caracter\u00edsticas de la bolsa de pie para bolsas de envasado de caf\u00e9<\/h2>\n<p><strong>C\u00f3moda cremallera:<\/strong> El cierre de cremallera permite volver a cerrar f\u00e1cilmente la bolsa de envasado de caf\u00e9, que conserva la frescura y el aroma del caf\u00e9 despu\u00e9s de abrirla, preservando la calidad del caf\u00e9 durante mucho tiempo.<\/p>\n<p><strong>Servicio de personalizaci\u00f3n profunda:<\/strong> Puede personalizar la bolsa con su marca, logotipo y dise\u00f1o exclusivos, lo que permite una flexibilidad total en cuanto a est\u00e9tica y funcionalidad.<\/p>\n<p><strong>Impermeable y protector:<\/strong> La estructura del material pet\/mpet\/pe tiene excelentes propiedades impermeables, lo que impide que la humedad afecte al interior, garantizando que permanezca seco y protegido de los factores ambientales externos.<\/p>\n<p><strong>Muestras gratuitas:<\/strong> Gq pack proporciona muestras gratuitas, lo que le permite evaluar la calidad, el dise\u00f1o y la idoneidad de la bolsa antes de realizar un pedido grande, garantizando as\u00ed la plena satisfacci\u00f3n con el producto final.<\/p>\n<p><strong>Entrega r\u00e1pida:<\/strong> Con una capacidad de producci\u00f3n de 200.000 bolsas stand up al d\u00eda, los pedidos grandes pueden producirse y entregarse en un plazo de 10 a 20 d\u00edas, lo que garantiza un plazo de entrega r\u00e1pido para los pedidos al por mayor.<\/p>","protected":false},"featured_media":1000,"comment_status":"closed","ping_status":"closed","template":"","meta":{"_acf_changed":true},"product_brand":[],"product_cat":[20,54],"product_tag":[59],"class_list":{"0":"post-999","1":"product","2":"type-product","3":"status-publish","4":"has-post-thumbnail","6":"product_cat-custom-stand-up-pouch","7":"product_cat-custom-nut-stand-up-pouches","8":"product_tag-custom-coffee-packaging-bags","10":"first","11":"instock","12":"shipping-taxable","13":"product-type-simple"},"acf":[],"_links":{"self":[{"href":"https:\/\/www.topchinapack.com\/es\/wp-json\/wp\/v2\/product\/999","targetHints":{"allow":["GET"]}}],"collection":[{"href":"https:\/\/www.topchinapack.com\/es\/wp-json\/wp\/v2\/product"}],"about":[{"href":"https:\/\/www.topchinapack.com\/es\/wp-json\/wp\/v2\/types\/product"}],"replies":[{"embeddable":true,"href":"https:\/\/www.topchinapack.com\/es\/wp-json\/wp\/v2\/comments?post=999"}],"wp:featuredmedia":[{"embeddable":true,"href":"https:\/\/www.topchinapack.com\/es\/wp-json\/wp\/v2\/media\/1000"}],"wp:attachment":[{"href":"https:\/\/www.topchinapack.com\/es\/wp-json\/wp\/v2\/media?parent=999"}],"wp:term":[{"taxonomy":"product_brand","embeddable":true,"href":"https:\/\/www.topchinapack.com\/es\/wp-json\/wp\/v2\/product_brand?post=999"},{"taxonomy":"product_cat","embeddable":true,"href":"https:\/\/www.topchinapack.com\/es\/wp-json\/wp\/v2\/product_cat?post=999"},{"taxonomy":"product_tag","embeddable":true,"href":"https:\/\/www.topchinapack.com\/es\/wp-json\/wp\/v2\/product_tag?post=999"}],"curies":[{"name":"wp","href":"https:\/\/api.w.org\/{rel}","templated":true}]}}