{"id":1431,"date":"2025-04-28T13:05:26","date_gmt":"2025-04-28T13:05:26","guid":{"rendered":"https:\/\/www.topchinapack.com\/?post_type=product&#038;p=1431"},"modified":"2025-12-19T02:00:24","modified_gmt":"2025-12-19T02:00:24","slug":"custom-pet-product-packaging-wholesale","status":"publish","type":"product","link":"https:\/\/www.topchinapack.com\/fr\/produit\/custom-pet-product-packaging-wholesale\/","title":{"rendered":"Emballage de produits pour animaux de compagnie en gros - Emballage de produits alimentaires pour animaux de compagnie de qualit\u00e9 alimentaire - Sac \u00e0 fond plat"},"content":{"rendered":"<div class=\"wp-block-columns is-layout-flex wp-container-core-columns-is-layout-9d6595d7 wp-block-columns-is-layout-flex\">\n<div class=\"wp-block-column is-layout-flow wp-block-column-is-layout-flow\">\n<figure class=\"wp-block-image size-full\"><img decoding=\"async\" width=\"800\" height=\"800\" src=\"https:\/\/www.topchinapack.com\/wp-content\/uploads\/2025\/04\/pet-product-packaging-details-1.webp\" alt=\"d\u00e9tails de l&#039;emballage des produits pour animaux de compagnie (1)\" class=\"wp-image-1436\" srcset=\"https:\/\/www.topchinapack.com\/wp-content\/uploads\/2025\/04\/pet-product-packaging-details-1.webp 800w, https:\/\/www.topchinapack.com\/wp-content\/uploads\/2025\/04\/pet-product-packaging-details-1-300x300.webp 300w, https:\/\/www.topchinapack.com\/wp-content\/uploads\/2025\/04\/pet-product-packaging-details-1-150x150.webp 150w, https:\/\/www.topchinapack.com\/wp-content\/uploads\/2025\/04\/pet-product-packaging-details-1-768x768.webp 768w, https:\/\/www.topchinapack.com\/wp-content\/uploads\/2025\/04\/pet-product-packaging-details-1-12x12.webp 12w, https:\/\/www.topchinapack.com\/wp-content\/uploads\/2025\/04\/pet-product-packaging-details-1-600x600.webp 600w, https:\/\/www.topchinapack.com\/wp-content\/uploads\/2025\/04\/pet-product-packaging-details-1-100x100.webp 100w\" sizes=\"(max-width: 800px) 100vw, 800px\" \/><\/figure>\n<\/div>\n\n\n\n<div class=\"wp-block-column is-layout-flow wp-block-column-is-layout-flow\">\n<figure class=\"wp-block-image size-full\"><img decoding=\"async\" width=\"800\" height=\"800\" src=\"https:\/\/www.topchinapack.com\/wp-content\/uploads\/2025\/04\/pet-product-packaging-details-2.webp\" alt=\"d\u00e9tails de l&#039;emballage des produits pour animaux de compagnie (2)\" class=\"wp-image-1437\" srcset=\"https:\/\/www.topchinapack.com\/wp-content\/uploads\/2025\/04\/pet-product-packaging-details-2.webp 800w, https:\/\/www.topchinapack.com\/wp-content\/uploads\/2025\/04\/pet-product-packaging-details-2-300x300.webp 300w, https:\/\/www.topchinapack.com\/wp-content\/uploads\/2025\/04\/pet-product-packaging-details-2-150x150.webp 150w, https:\/\/www.topchinapack.com\/wp-content\/uploads\/2025\/04\/pet-product-packaging-details-2-768x768.webp 768w, https:\/\/www.topchinapack.com\/wp-content\/uploads\/2025\/04\/pet-product-packaging-details-2-12x12.webp 12w, https:\/\/www.topchinapack.com\/wp-content\/uploads\/2025\/04\/pet-product-packaging-details-2-600x600.webp 600w, https:\/\/www.topchinapack.com\/wp-content\/uploads\/2025\/04\/pet-product-packaging-details-2-100x100.webp 100w\" sizes=\"(max-width: 800px) 100vw, 800px\" \/><\/figure>\n<\/div>\n<\/div>\n\n\n\n<div class=\"wp-block-columns is-layout-flex wp-container-core-columns-is-layout-9d6595d7 wp-block-columns-is-layout-flex\">\n<div class=\"wp-block-column is-layout-flow wp-block-column-is-layout-flow\"><\/div>\n\n\n\n<div class=\"wp-block-column is-layout-flow wp-block-column-is-layout-flow\"><\/div>\n<\/div>","protected":false},"excerpt":{"rendered":"<p>Emballage en gros de produits pour animaux de compagnie sur mesure. Nous adoptons une structure mat\u00e9rielle BOPP\/VMPET\/PE qui tient compte \u00e0 la fois de la fonctionnalit\u00e9 et de l'esth\u00e9tique. Nos emballages sont conformes \u00e0 de nombreuses normes et certifications de s\u00e9curit\u00e9 internationales et r\u00e9pondent aux besoins de nombreux march\u00e9s. N'h\u00e9sitez pas \u00e0 nous contacter pour obtenir un devis.<\/p>\n<h2>Caract\u00e9ristiques de l'emballage personnalis\u00e9 des produits pour animaux de compagnie<\/h2>\n<p><strong>Service personnalis\u00e9 :<\/strong> le mat\u00e9riau, la taille, la fermeture, l'impression et le motif, la fonction et les options suppl\u00e9mentaires<br \/><strong>Proc\u00e9d\u00e9 d'impression :<\/strong> Impression en h\u00e9liogravure, jusqu'\u00e0 10 couleurs, possibilit\u00e9 d'impression personnalis\u00e9e<br \/><strong>Caract\u00e9ristiques :<\/strong> durable, imperm\u00e9able, respectueux de l'environnement<br \/><strong>D\u00e9lai de livraison :<\/strong> 10-20 jours<br \/><strong>Soutien \u00e0 l'\u00e9chantillonnage gratuit<\/strong><br \/><strong>Certification :<\/strong> ISO, FDA, sans BPA, LFGB, norme europ\u00e9enne<\/p>\n<p><strong>Bonne \u00e9tanch\u00e9it\u00e9 :<\/strong> Les mat\u00e9riaux de haute qualit\u00e9 emp\u00eachent les aliments pour animaux de se mouiller, de s'oxyder ou de s'ab\u00eemer, prolongeant ainsi leur dur\u00e9e de conservation.<br \/><strong>Frais d'exp\u00e9dition r\u00e9duits :<\/strong> Compar\u00e9s \u00e0 d'autres types d'emballage, ces sacs sont l\u00e9gers et les frais d'exp\u00e9dition sont moins \u00e9lev\u00e9s pour les commandes en gros.<br \/><strong>Personnalisation \u00e0 faible co\u00fbt :<\/strong> Des processus de production flexibles permettent de personnaliser les marques, les dessins et les tailles \u00e0 des prix abordables.<\/p>","protected":false},"featured_media":1432,"comment_status":"closed","ping_status":"closed","template":"","meta":{"_acf_changed":true},"product_brand":[],"product_cat":[19,48],"product_tag":[58],"class_list":{"0":"post-1431","1":"product","2":"type-product","3":"status-publish","4":"has-post-thumbnail","6":"product_cat-custom-flat-bottom-pouch","7":"product_cat-custom-pet-food-flat-bottom-pouches","8":"product_tag-custom-pet-food-packaging-bags","10":"first","11":"instock","12":"shipping-taxable","13":"product-type-simple"},"acf":[],"_links":{"self":[{"href":"https:\/\/www.topchinapack.com\/fr\/wp-json\/wp\/v2\/product\/1431","targetHints":{"allow":["GET"]}}],"collection":[{"href":"https:\/\/www.topchinapack.com\/fr\/wp-json\/wp\/v2\/product"}],"about":[{"href":"https:\/\/www.topchinapack.com\/fr\/wp-json\/wp\/v2\/types\/product"}],"replies":[{"embeddable":true,"href":"https:\/\/www.topchinapack.com\/fr\/wp-json\/wp\/v2\/comments?post=1431"}],"wp:featuredmedia":[{"embeddable":true,"href":"https:\/\/www.topchinapack.com\/fr\/wp-json\/wp\/v2\/media\/1432"}],"wp:attachment":[{"href":"https:\/\/www.topchinapack.com\/fr\/wp-json\/wp\/v2\/media?parent=1431"}],"wp:term":[{"taxonomy":"product_brand","embeddable":true,"href":"https:\/\/www.topchinapack.com\/fr\/wp-json\/wp\/v2\/product_brand?post=1431"},{"taxonomy":"product_cat","embeddable":true,"href":"https:\/\/www.topchinapack.com\/fr\/wp-json\/wp\/v2\/product_cat?post=1431"},{"taxonomy":"product_tag","embeddable":true,"href":"https:\/\/www.topchinapack.com\/fr\/wp-json\/wp\/v2\/product_tag?post=1431"}],"curies":[{"name":"wp","href":"https:\/\/api.w.org\/{rel}","templated":true}]}}