{"id":1489,"date":"2025-05-02T00:33:44","date_gmt":"2025-05-02T00:33:44","guid":{"rendered":"https:\/\/www.topchinapack.com\/?post_type=product&#038;p=1489"},"modified":"2025-11-17T07:44:35","modified_gmt":"2025-11-17T07:44:35","slug":"customized-spout-bags-for-liquid-and-semi-liquid-packaging","status":"publish","type":"product","link":"https:\/\/www.topchinapack.com\/fr\/produit\/customized-spout-bags-for-liquid-and-semi-liquid-packaging\/","title":{"rendered":"Pochettes \u00e0 bec personnalis\u00e9es pour le conditionnement de boissons, de gel\u00e9es et de jus de fruits"},"content":{"rendered":"<div class=\"wp-block-columns is-layout-flex wp-container-core-columns-is-layout-9d6595d7 wp-block-columns-is-layout-flex\">\n<div class=\"wp-block-column is-layout-flow wp-block-column-is-layout-flow\">\n<figure class=\"wp-block-image size-full\"><img decoding=\"async\" width=\"800\" height=\"807\" src=\"https:\/\/www.topchinapack.com\/wp-content\/uploads\/2025\/05\/Custom-Spout-Pouches-5.webp\" alt=\"Pochettes \u00e0 bec personnalis\u00e9es (5)\" class=\"wp-image-1494\" srcset=\"https:\/\/www.topchinapack.com\/wp-content\/uploads\/2025\/05\/Custom-Spout-Pouches-5.webp 800w, https:\/\/www.topchinapack.com\/wp-content\/uploads\/2025\/05\/Custom-Spout-Pouches-5-297x300.webp 297w, https:\/\/www.topchinapack.com\/wp-content\/uploads\/2025\/05\/Custom-Spout-Pouches-5-150x150.webp 150w, https:\/\/www.topchinapack.com\/wp-content\/uploads\/2025\/05\/Custom-Spout-Pouches-5-768x775.webp 768w, https:\/\/www.topchinapack.com\/wp-content\/uploads\/2025\/05\/Custom-Spout-Pouches-5-12x12.webp 12w, https:\/\/www.topchinapack.com\/wp-content\/uploads\/2025\/05\/Custom-Spout-Pouches-5-600x605.webp 600w, https:\/\/www.topchinapack.com\/wp-content\/uploads\/2025\/05\/Custom-Spout-Pouches-5-100x100.webp 100w\" sizes=\"(max-width: 800px) 100vw, 800px\" \/><\/figure>\n<\/div>\n\n\n\n<div class=\"wp-block-column is-layout-flow wp-block-column-is-layout-flow\">\n<figure class=\"wp-block-image size-full\"><img decoding=\"async\" width=\"800\" height=\"807\" src=\"https:\/\/www.topchinapack.com\/wp-content\/uploads\/2025\/05\/Custom-Spout-Pouches-6.webp\" alt=\"Pochettes \u00e0 bec personnalis\u00e9es (6)\" class=\"wp-image-1495\" srcset=\"https:\/\/www.topchinapack.com\/wp-content\/uploads\/2025\/05\/Custom-Spout-Pouches-6.webp 800w, https:\/\/www.topchinapack.com\/wp-content\/uploads\/2025\/05\/Custom-Spout-Pouches-6-297x300.webp 297w, https:\/\/www.topchinapack.com\/wp-content\/uploads\/2025\/05\/Custom-Spout-Pouches-6-150x150.webp 150w, https:\/\/www.topchinapack.com\/wp-content\/uploads\/2025\/05\/Custom-Spout-Pouches-6-768x775.webp 768w, https:\/\/www.topchinapack.com\/wp-content\/uploads\/2025\/05\/Custom-Spout-Pouches-6-12x12.webp 12w, https:\/\/www.topchinapack.com\/wp-content\/uploads\/2025\/05\/Custom-Spout-Pouches-6-600x605.webp 600w, https:\/\/www.topchinapack.com\/wp-content\/uploads\/2025\/05\/Custom-Spout-Pouches-6-100x100.webp 100w\" sizes=\"(max-width: 800px) 100vw, 800px\" \/><\/figure>\n<\/div>\n<\/div>\n\n\n\n<div class=\"wp-block-columns is-layout-flex wp-container-core-columns-is-layout-9d6595d7 wp-block-columns-is-layout-flex\">\n<div class=\"wp-block-column is-layout-flow wp-block-column-is-layout-flow\"><\/div>\n\n\n\n<div class=\"wp-block-column is-layout-flow wp-block-column-is-layout-flow\"><\/div>\n<\/div>","protected":false},"excerpt":{"rendered":"<p>Nos sacs \u00e0 bec personnalis\u00e9s sont fabriqu\u00e9s \u00e0 partir de mat\u00e9riaux de qualit\u00e9 alimentaire sans BPA, offrant un emballage s\u00fbr et fiable pour les liquides (boissons) et les semi-liquides (gel\u00e9e). Ces sacs \u00e0 bec sont parfaits pour les aliments pour b\u00e9b\u00e9s, les boissons, les sauces, etc. Nous vous invitons \u00e0 nous contacter si vous souhaitez b\u00e9n\u00e9ficier d'une faible QMo.<\/p>\n<h2>Caract\u00e9ristiques des pochettes \u00e0 bec personnalis\u00e9es<\/h2>\n<p><strong>Service personnalis\u00e9 :<\/strong>\u00a0le mat\u00e9riau, la taille, l'impression, le motif et les options suppl\u00e9mentaires<br \/><strong>Proc\u00e9d\u00e9 d'impression :<\/strong>\u00a0impression en h\u00e9liogravure, jusqu'\u00e0 10 couleurs, possibilit\u00e9 d'impression personnalis\u00e9e<br \/><strong>Caract\u00e9ristiques :<\/strong>\u00a0durable, imperm\u00e9able<br \/><strong>D\u00e9lai de livraison :<\/strong>\u00a010-20 jours<br \/><strong>Soutien \u00e0 l'\u00e9chantillonnage gratuit<\/strong><br \/><strong>Certification :<\/strong>\u00a0ISO, FDA, sans BPA, LFGB, norme europ\u00e9enne<\/p>\n<p><strong>Mat\u00e9riau alimentaire :<\/strong> Mat\u00e9riau certifi\u00e9 de qualit\u00e9 alimentaire, sans BPA, adapt\u00e9 \u00e0 l'alimentation, aux boissons, aux aliments pour b\u00e9b\u00e9s et \u00e0 d'autres domaines.<\/p>\n<p><strong>Personnalisation pouss\u00e9e :<\/strong> Personnalisez la capacit\u00e9 du produit, le type et le calibre de la buse, l'impression et l'apparence de la poche \u00e0 bec en fonction de vos besoins.<\/p>\n<p><strong>Comp\u00e9titivit\u00e9 des prix :<\/strong> Prise en charge de la personnalisation des petits et grands lots. Dans le respect des exigences de qualit\u00e9, nous vous proposons le plan de devis le plus rentable.<\/p>","protected":false},"featured_media":1490,"comment_status":"closed","ping_status":"closed","template":"","meta":{"_acf_changed":true},"product_brand":[],"product_cat":[22,39],"product_tag":[],"class_list":{"0":"post-1489","1":"product","2":"type-product","3":"status-publish","4":"has-post-thumbnail","6":"product_cat-custom-spout-pouches","7":"product_cat-custom-juice-spout-pouches","9":"first","10":"instock","11":"shipping-taxable","12":"product-type-simple"},"acf":[],"_links":{"self":[{"href":"https:\/\/www.topchinapack.com\/fr\/wp-json\/wp\/v2\/product\/1489","targetHints":{"allow":["GET"]}}],"collection":[{"href":"https:\/\/www.topchinapack.com\/fr\/wp-json\/wp\/v2\/product"}],"about":[{"href":"https:\/\/www.topchinapack.com\/fr\/wp-json\/wp\/v2\/types\/product"}],"replies":[{"embeddable":true,"href":"https:\/\/www.topchinapack.com\/fr\/wp-json\/wp\/v2\/comments?post=1489"}],"wp:featuredmedia":[{"embeddable":true,"href":"https:\/\/www.topchinapack.com\/fr\/wp-json\/wp\/v2\/media\/1490"}],"wp:attachment":[{"href":"https:\/\/www.topchinapack.com\/fr\/wp-json\/wp\/v2\/media?parent=1489"}],"wp:term":[{"taxonomy":"product_brand","embeddable":true,"href":"https:\/\/www.topchinapack.com\/fr\/wp-json\/wp\/v2\/product_brand?post=1489"},{"taxonomy":"product_cat","embeddable":true,"href":"https:\/\/www.topchinapack.com\/fr\/wp-json\/wp\/v2\/product_cat?post=1489"},{"taxonomy":"product_tag","embeddable":true,"href":"https:\/\/www.topchinapack.com\/fr\/wp-json\/wp\/v2\/product_tag?post=1489"}],"curies":[{"name":"wp","href":"https:\/\/api.w.org\/{rel}","templated":true}]}}