{"id":1496,"date":"2025-05-02T00:56:45","date_gmt":"2025-05-02T00:56:45","guid":{"rendered":"https:\/\/www.topchinapack.com\/?post_type=product&#038;p=1496"},"modified":"2025-11-17T07:43:23","modified_gmt":"2025-11-17T07:43:23","slug":"customized-stand-up-spout-bag-for-liquid-and-semi-liquid","status":"publish","type":"product","link":"https:\/\/www.topchinapack.com\/fr\/produit\/customized-stand-up-spout-bag-for-liquid-and-semi-liquid\/","title":{"rendered":"Sac \u00e0 bec verseur personnalis\u00e9 pour liquides et semi-liquides - Impression en h\u00e9liogravure de qualit\u00e9 alimentaire"},"content":{"rendered":"<div class=\"wp-block-columns is-layout-flex wp-container-core-columns-is-layout-9d6595d7 wp-block-columns-is-layout-flex\">\n<div class=\"wp-block-column is-layout-flow wp-block-column-is-layout-flow\">\n<figure class=\"wp-block-image size-full\"><img decoding=\"async\" width=\"800\" height=\"807\" src=\"https:\/\/www.topchinapack.com\/wp-content\/uploads\/2025\/05\/Customized-beverage-stand-up-spout-bag-5.webp\" alt=\"Sac \u00e0 bec personnalis\u00e9 pour boissons (5)\" class=\"wp-image-1501\" srcset=\"https:\/\/www.topchinapack.com\/wp-content\/uploads\/2025\/05\/Customized-beverage-stand-up-spout-bag-5.webp 800w, https:\/\/www.topchinapack.com\/wp-content\/uploads\/2025\/05\/Customized-beverage-stand-up-spout-bag-5-297x300.webp 297w, https:\/\/www.topchinapack.com\/wp-content\/uploads\/2025\/05\/Customized-beverage-stand-up-spout-bag-5-150x150.webp 150w, https:\/\/www.topchinapack.com\/wp-content\/uploads\/2025\/05\/Customized-beverage-stand-up-spout-bag-5-768x775.webp 768w, https:\/\/www.topchinapack.com\/wp-content\/uploads\/2025\/05\/Customized-beverage-stand-up-spout-bag-5-12x12.webp 12w, https:\/\/www.topchinapack.com\/wp-content\/uploads\/2025\/05\/Customized-beverage-stand-up-spout-bag-5-600x605.webp 600w, https:\/\/www.topchinapack.com\/wp-content\/uploads\/2025\/05\/Customized-beverage-stand-up-spout-bag-5-100x100.webp 100w\" sizes=\"(max-width: 800px) 100vw, 800px\" \/><\/figure>\n<\/div>\n\n\n\n<div class=\"wp-block-column is-layout-flow wp-block-column-is-layout-flow\">\n<figure class=\"wp-block-image size-full\"><img decoding=\"async\" width=\"800\" height=\"807\" src=\"https:\/\/www.topchinapack.com\/wp-content\/uploads\/2025\/05\/Customized-beverage-stand-up-spout-bag-6.webp\" alt=\"Sac \u00e0 bec personnalis\u00e9 pour boissons (6)\" class=\"wp-image-1502\" srcset=\"https:\/\/www.topchinapack.com\/wp-content\/uploads\/2025\/05\/Customized-beverage-stand-up-spout-bag-6.webp 800w, https:\/\/www.topchinapack.com\/wp-content\/uploads\/2025\/05\/Customized-beverage-stand-up-spout-bag-6-297x300.webp 297w, https:\/\/www.topchinapack.com\/wp-content\/uploads\/2025\/05\/Customized-beverage-stand-up-spout-bag-6-150x150.webp 150w, https:\/\/www.topchinapack.com\/wp-content\/uploads\/2025\/05\/Customized-beverage-stand-up-spout-bag-6-768x775.webp 768w, https:\/\/www.topchinapack.com\/wp-content\/uploads\/2025\/05\/Customized-beverage-stand-up-spout-bag-6-12x12.webp 12w, https:\/\/www.topchinapack.com\/wp-content\/uploads\/2025\/05\/Customized-beverage-stand-up-spout-bag-6-600x605.webp 600w, https:\/\/www.topchinapack.com\/wp-content\/uploads\/2025\/05\/Customized-beverage-stand-up-spout-bag-6-100x100.webp 100w\" sizes=\"(max-width: 800px) 100vw, 800px\" \/><\/figure>\n<\/div>\n<\/div>","protected":false},"excerpt":{"rendered":"<p>Nos sacs \u00e0 becs verseurs personnalis\u00e9s sont \u00e0 la fois fonctionnels et durables. Ils sont fabriqu\u00e9s \u00e0 partir de mat\u00e9riaux de qualit\u00e9 alimentaire, sans BPA, et conviennent \u00e0 une vari\u00e9t\u00e9 d'applications, y compris les boissons, les sauces, les soins personnels, les cosm\u00e9tiques et d'autres produits liquides ou semi-liquides.<\/p>\n<p>Permet l'impression en h\u00e9liogravure en dix couleurs, la personnalisation de la taille et de l'\u00e9paisseur, des accessoires et des motifs, etc. Contactez-nous pour un devis.<\/p>\n<h2>Caract\u00e9ristiques du sac \u00e0 bec debout personnalis\u00e9<\/h2>\n<p><strong>Service personnalis\u00e9 :<\/strong>\u00a0le mat\u00e9riau, la taille, l'impression, le motif et les options suppl\u00e9mentaires<br \/><strong>Proc\u00e9d\u00e9 d'impression :<\/strong>\u00a0impression en h\u00e9liogravure, jusqu'\u00e0 10 couleurs, possibilit\u00e9 d'impression personnalis\u00e9e<br \/><strong>Caract\u00e9ristiques :<\/strong>\u00a0durable, imperm\u00e9able<br \/><strong>D\u00e9lai de livraison :<\/strong>\u00a010-20 jours<br \/><strong>Soutien \u00e0 l'\u00e9chantillonnage gratuit<\/strong><br \/><strong>Certification :<\/strong>\u00a0ISO, FDA, sans BPA, LFGB, norme europ\u00e9enne<\/p>\n<p><strong>Excellentes propri\u00e9t\u00e9s de barri\u00e8re :<\/strong> Les lamin\u00e9s multicouches tels que le PET\/PE\/AL garantissent de solides propri\u00e9t\u00e9s de barri\u00e8re \u00e0 l'humidit\u00e9, \u00e0 l'oxyg\u00e8ne et \u00e0 la lumi\u00e8re, prolongeant ainsi la dur\u00e9e de conservation du produit.<br \/><strong>Bec verseur pratique :<\/strong> Facile \u00e0 ouvrir, \u00e0 verser et \u00e0 refermer - convient aux produits liquides, p\u00e2teux et en poudre, am\u00e9liorant l'exp\u00e9rience de l'utilisateur et r\u00e9duisant les d\u00e9versements.<br \/><strong>Stabilit\u00e9 du support :<\/strong> La structure inf\u00e9rieure autoportante am\u00e9liore la visibilit\u00e9 en rayon, l'efficacit\u00e9 du stockage et les possibilit\u00e9s de marquage sur le point de vente.<br \/><strong>Design personnalisable :<\/strong> La taille, l'\u00e9paisseur, la couleur d'impression, le motif et la structure du mat\u00e9riau peuvent \u00eatre personnalis\u00e9s pour r\u00e9pondre aux besoins sp\u00e9cifiques des marques et des fonctions.<\/p>","protected":false},"featured_media":1497,"comment_status":"closed","ping_status":"closed","template":"","meta":{"_acf_changed":true},"product_brand":[],"product_cat":[22,43],"product_tag":[],"class_list":{"0":"post-1496","1":"product","2":"type-product","3":"status-publish","4":"has-post-thumbnail","6":"product_cat-custom-spout-pouches","7":"product_cat-custom-beverage-spout-pouches","9":"first","10":"instock","11":"shipping-taxable","12":"product-type-simple"},"acf":[],"_links":{"self":[{"href":"https:\/\/www.topchinapack.com\/fr\/wp-json\/wp\/v2\/product\/1496","targetHints":{"allow":["GET"]}}],"collection":[{"href":"https:\/\/www.topchinapack.com\/fr\/wp-json\/wp\/v2\/product"}],"about":[{"href":"https:\/\/www.topchinapack.com\/fr\/wp-json\/wp\/v2\/types\/product"}],"replies":[{"embeddable":true,"href":"https:\/\/www.topchinapack.com\/fr\/wp-json\/wp\/v2\/comments?post=1496"}],"wp:featuredmedia":[{"embeddable":true,"href":"https:\/\/www.topchinapack.com\/fr\/wp-json\/wp\/v2\/media\/1497"}],"wp:attachment":[{"href":"https:\/\/www.topchinapack.com\/fr\/wp-json\/wp\/v2\/media?parent=1496"}],"wp:term":[{"taxonomy":"product_brand","embeddable":true,"href":"https:\/\/www.topchinapack.com\/fr\/wp-json\/wp\/v2\/product_brand?post=1496"},{"taxonomy":"product_cat","embeddable":true,"href":"https:\/\/www.topchinapack.com\/fr\/wp-json\/wp\/v2\/product_cat?post=1496"},{"taxonomy":"product_tag","embeddable":true,"href":"https:\/\/www.topchinapack.com\/fr\/wp-json\/wp\/v2\/product_tag?post=1496"}],"curies":[{"name":"wp","href":"https:\/\/api.w.org\/{rel}","templated":true}]}}