{"id":1862,"date":"2025-08-04T14:32:00","date_gmt":"2025-08-04T14:32:00","guid":{"rendered":"https:\/\/www.topchinapack.com\/?post_type=product&#038;p=1862"},"modified":"2025-11-17T07:40:18","modified_gmt":"2025-11-17T07:40:18","slug":"custom-stand-up-spout-bags","status":"publish","type":"product","link":"https:\/\/www.topchinapack.com\/fr\/produit\/custom-stand-up-spout-bags\/","title":{"rendered":"Sacs \u00e0 becs debout personnalis\u00e9s, sachets \u00e0 becs en vrac - refermables et excellents scell\u00e9s"},"content":{"rendered":"<div class=\"wp-block-columns is-layout-flex wp-container-core-columns-is-layout-9d6595d7 wp-block-columns-is-layout-flex\">\n<div class=\"wp-block-column is-layout-flow wp-block-column-is-layout-flow\">\n<figure class=\"wp-block-image size-full\"><img decoding=\"async\" width=\"800\" height=\"800\" src=\"https:\/\/www.topchinapack.com\/wp-content\/uploads\/2025\/08\/custom-stand-up-spout-pouches-5.webp\" alt=\"pochettes pour becs verseurs personnalis\u00e9es (5)\" class=\"wp-image-1878\" srcset=\"https:\/\/www.topchinapack.com\/wp-content\/uploads\/2025\/08\/custom-stand-up-spout-pouches-5.webp 800w, https:\/\/www.topchinapack.com\/wp-content\/uploads\/2025\/08\/custom-stand-up-spout-pouches-5-300x300.webp 300w, https:\/\/www.topchinapack.com\/wp-content\/uploads\/2025\/08\/custom-stand-up-spout-pouches-5-150x150.webp 150w, https:\/\/www.topchinapack.com\/wp-content\/uploads\/2025\/08\/custom-stand-up-spout-pouches-5-768x768.webp 768w, https:\/\/www.topchinapack.com\/wp-content\/uploads\/2025\/08\/custom-stand-up-spout-pouches-5-12x12.webp 12w, https:\/\/www.topchinapack.com\/wp-content\/uploads\/2025\/08\/custom-stand-up-spout-pouches-5-600x600.webp 600w, https:\/\/www.topchinapack.com\/wp-content\/uploads\/2025\/08\/custom-stand-up-spout-pouches-5-100x100.webp 100w\" sizes=\"(max-width: 800px) 100vw, 800px\" \/><\/figure>\n<\/div>\n\n\n\n<div class=\"wp-block-column is-layout-flow wp-block-column-is-layout-flow\">\n<figure class=\"wp-block-image size-full\"><img decoding=\"async\" width=\"800\" height=\"800\" src=\"https:\/\/www.topchinapack.com\/wp-content\/uploads\/2025\/08\/custom-stand-up-spout-pouches-6.webp\" alt=\"pochettes pour becs verseurs personnalis\u00e9es (6)\" class=\"wp-image-1879\" srcset=\"https:\/\/www.topchinapack.com\/wp-content\/uploads\/2025\/08\/custom-stand-up-spout-pouches-6.webp 800w, https:\/\/www.topchinapack.com\/wp-content\/uploads\/2025\/08\/custom-stand-up-spout-pouches-6-300x300.webp 300w, https:\/\/www.topchinapack.com\/wp-content\/uploads\/2025\/08\/custom-stand-up-spout-pouches-6-150x150.webp 150w, https:\/\/www.topchinapack.com\/wp-content\/uploads\/2025\/08\/custom-stand-up-spout-pouches-6-768x768.webp 768w, https:\/\/www.topchinapack.com\/wp-content\/uploads\/2025\/08\/custom-stand-up-spout-pouches-6-12x12.webp 12w, https:\/\/www.topchinapack.com\/wp-content\/uploads\/2025\/08\/custom-stand-up-spout-pouches-6-600x600.webp 600w, https:\/\/www.topchinapack.com\/wp-content\/uploads\/2025\/08\/custom-stand-up-spout-pouches-6-100x100.webp 100w\" sizes=\"(max-width: 800px) 100vw, 800px\" \/><\/figure>\n<\/div>\n<\/div>\n\n\n\n<div class=\"wp-block-columns is-layout-flex wp-container-core-columns-is-layout-9d6595d7 wp-block-columns-is-layout-flex\">\n<div class=\"wp-block-column is-layout-flow wp-block-column-is-layout-flow\"><\/div>\n\n\n\n<div class=\"wp-block-column is-layout-flow wp-block-column-is-layout-flow\"><\/div>\n<\/div>","protected":false},"excerpt":{"rendered":"<p>Nous proposons des sachets \u00e0 bec enti\u00e8rement personnalisables pour r\u00e9pondre aux besoins uniques de vos produits. Nos sachets \u00e0 bec de qualit\u00e9 alimentaire conviennent aux liquides, aux p\u00e2tes et aux produits granuleux. La taille, le mat\u00e9riau et le design des sachets \u00e0 bec sont enti\u00e8rement personnalisables, et nous proposons une impression en dix couleurs pour garantir une pr\u00e9sentation optimale de votre image de marque.<\/p>\n<h2>Caract\u00e9ristiques des sacs \u00e0 becs relevables<\/h2>\n<p><strong>Service personnalis\u00e9 :<\/strong>\u00a0le mat\u00e9riau, la taille, l'impression, le motif et les options suppl\u00e9mentaires<br \/><strong>Proc\u00e9d\u00e9 d'impression :<\/strong>\u00a0impression en h\u00e9liogravure, jusqu'\u00e0 10 couleurs, possibilit\u00e9 d'impression personnalis\u00e9e<br \/><strong>Caract\u00e9ristiques :<\/strong>\u00a0durable, imperm\u00e9able<br \/><strong>D\u00e9lai de livraison :<\/strong>\u00a010-20 jours<br \/><strong>Soutien \u00e0 l'\u00e9chantillonnage gratuit<\/strong><br \/><strong>Certification :<\/strong>\u00a0ISO, FDA, sans BPA, LFGB, norme europ\u00e9enne<\/p>\n<p><strong>Commodit\u00e9 :<\/strong> Les sachets \u00e0 becs personnalis\u00e9s sont dot\u00e9s d'un embout facile \u00e0 ouvrir et \u00e0 utiliser, ce qui permet de verser le produit en douceur. L'embout d'aspiration peut \u00eatre scell\u00e9 \u00e0 plusieurs reprises, ce qui vous permet de sceller facilement et de conserver le produit frais pendant une p\u00e9riode plus longue.<\/p>\n<p><strong>Fonction :<\/strong> Nos poches \u00e0 bec sont dot\u00e9es d'une technologie de scellage \u00e9tanche et antipollution, ce qui permet d'assurer la meilleure protection possible des articles internes. Que vous conserviez des boissons, des cosm\u00e9tiques ou des aliments pour animaux, le sac \u00e0 bec peut emp\u00eacher l'oxydation.<\/p>\n<p><strong>Conception autoportante :<\/strong> L'un des points forts de nos pochettes \u00e0 bec personnalis\u00e9es est leur fond autoportant. La conception verticale assure une pr\u00e9sentation et un stockage soign\u00e9s des articles.<\/p>\n<p>Compatibilit\u00e9 multifonctionnelle : Nos sachets \u00e0 bec ont un large \u00e9ventail d'applications et conviennent \u00e0 divers types d'emballage. Ils conviennent parfaitement pour contenir des liquides (boissons), des p\u00e2tes (cosm\u00e9tiques) et des granul\u00e9s (aliments pour animaux).<\/p>\n<p><strong>Service de pochette \u00e0 bec personnalis\u00e9e :<\/strong> Nous proposons une gamme compl\u00e8te de services personnalis\u00e9s pour les poches \u00e0 bec, y compris le choix du mat\u00e9riau, de la taille, de la couleur et de l'identit\u00e9 de la marque. Un savoir-faire de haute qualit\u00e9 aide les clients \u00e0 fabriquer des produits de poche \u00e0 bec exceptionnels et durables.<\/p>","protected":false},"featured_media":1874,"comment_status":"closed","ping_status":"closed","template":"","meta":{"_acf_changed":false},"product_brand":[],"product_cat":[22,39],"product_tag":[],"class_list":{"0":"post-1862","1":"product","2":"type-product","3":"status-publish","4":"has-post-thumbnail","6":"product_cat-custom-spout-pouches","7":"product_cat-custom-juice-spout-pouches","9":"first","10":"instock","11":"shipping-taxable","12":"product-type-simple"},"acf":[],"_links":{"self":[{"href":"https:\/\/www.topchinapack.com\/fr\/wp-json\/wp\/v2\/product\/1862","targetHints":{"allow":["GET"]}}],"collection":[{"href":"https:\/\/www.topchinapack.com\/fr\/wp-json\/wp\/v2\/product"}],"about":[{"href":"https:\/\/www.topchinapack.com\/fr\/wp-json\/wp\/v2\/types\/product"}],"replies":[{"embeddable":true,"href":"https:\/\/www.topchinapack.com\/fr\/wp-json\/wp\/v2\/comments?post=1862"}],"wp:featuredmedia":[{"embeddable":true,"href":"https:\/\/www.topchinapack.com\/fr\/wp-json\/wp\/v2\/media\/1874"}],"wp:attachment":[{"href":"https:\/\/www.topchinapack.com\/fr\/wp-json\/wp\/v2\/media?parent=1862"}],"wp:term":[{"taxonomy":"product_brand","embeddable":true,"href":"https:\/\/www.topchinapack.com\/fr\/wp-json\/wp\/v2\/product_brand?post=1862"},{"taxonomy":"product_cat","embeddable":true,"href":"https:\/\/www.topchinapack.com\/fr\/wp-json\/wp\/v2\/product_cat?post=1862"},{"taxonomy":"product_tag","embeddable":true,"href":"https:\/\/www.topchinapack.com\/fr\/wp-json\/wp\/v2\/product_tag?post=1862"}],"curies":[{"name":"wp","href":"https:\/\/api.w.org\/{rel}","templated":true}]}}