{"id":1863,"date":"2025-08-06T06:33:35","date_gmt":"2025-08-06T06:33:35","guid":{"rendered":"https:\/\/www.topchinapack.com\/?post_type=product&#038;p=1863"},"modified":"2025-11-17T07:38:16","modified_gmt":"2025-11-17T07:38:16","slug":"stand-up-pouch-with-spout","status":"publish","type":"product","link":"https:\/\/www.topchinapack.com\/fr\/produit\/stand-up-pouch-with-spout\/","title":{"rendered":"Pochette personnalis\u00e9e avec bec verseur pour jus, boissons, gel\u00e9e - Fabricant de pochettes avec bec verseur"},"content":{"rendered":"<div class=\"wp-block-columns is-layout-flex wp-container-core-columns-is-layout-9d6595d7 wp-block-columns-is-layout-flex\">\n<div class=\"wp-block-column is-layout-flow wp-block-column-is-layout-flow\">\n<figure class=\"wp-block-image size-full\"><img decoding=\"async\" width=\"800\" height=\"807\" src=\"https:\/\/www.topchinapack.com\/wp-content\/uploads\/2025\/08\/custom-spout-pouches-5-1.webp\" alt=\"pochettes \u00e0 bec personnalis\u00e9es (5)\" class=\"wp-image-1914\" srcset=\"https:\/\/www.topchinapack.com\/wp-content\/uploads\/2025\/08\/custom-spout-pouches-5-1.webp 800w, https:\/\/www.topchinapack.com\/wp-content\/uploads\/2025\/08\/custom-spout-pouches-5-1-297x300.webp 297w, https:\/\/www.topchinapack.com\/wp-content\/uploads\/2025\/08\/custom-spout-pouches-5-1-150x150.webp 150w, https:\/\/www.topchinapack.com\/wp-content\/uploads\/2025\/08\/custom-spout-pouches-5-1-768x775.webp 768w, https:\/\/www.topchinapack.com\/wp-content\/uploads\/2025\/08\/custom-spout-pouches-5-1-12x12.webp 12w, https:\/\/www.topchinapack.com\/wp-content\/uploads\/2025\/08\/custom-spout-pouches-5-1-600x605.webp 600w, https:\/\/www.topchinapack.com\/wp-content\/uploads\/2025\/08\/custom-spout-pouches-5-1-100x100.webp 100w\" sizes=\"(max-width: 800px) 100vw, 800px\" \/><\/figure>\n<\/div>\n\n\n\n<div class=\"wp-block-column is-layout-flow wp-block-column-is-layout-flow\">\n<figure class=\"wp-block-image size-full\"><img decoding=\"async\" width=\"800\" height=\"807\" src=\"https:\/\/www.topchinapack.com\/wp-content\/uploads\/2025\/08\/custom-spout-pouches-6-1.webp\" alt=\"pochettes \u00e0 bec personnalis\u00e9es (6)\" class=\"wp-image-1915\" srcset=\"https:\/\/www.topchinapack.com\/wp-content\/uploads\/2025\/08\/custom-spout-pouches-6-1.webp 800w, https:\/\/www.topchinapack.com\/wp-content\/uploads\/2025\/08\/custom-spout-pouches-6-1-297x300.webp 297w, https:\/\/www.topchinapack.com\/wp-content\/uploads\/2025\/08\/custom-spout-pouches-6-1-150x150.webp 150w, https:\/\/www.topchinapack.com\/wp-content\/uploads\/2025\/08\/custom-spout-pouches-6-1-768x775.webp 768w, https:\/\/www.topchinapack.com\/wp-content\/uploads\/2025\/08\/custom-spout-pouches-6-1-12x12.webp 12w, https:\/\/www.topchinapack.com\/wp-content\/uploads\/2025\/08\/custom-spout-pouches-6-1-600x605.webp 600w, https:\/\/www.topchinapack.com\/wp-content\/uploads\/2025\/08\/custom-spout-pouches-6-1-100x100.webp 100w\" sizes=\"(max-width: 800px) 100vw, 800px\" \/><\/figure>\n<\/div>\n<\/div>\n\n\n\n<div class=\"wp-block-columns is-layout-flex wp-container-core-columns-is-layout-9d6595d7 wp-block-columns-is-layout-flex\">\n<div class=\"wp-block-column is-layout-flow wp-block-column-is-layout-flow\" style=\"flex-basis:66.66%\">\n<figure class=\"wp-block-embed is-type-video is-provider-youtube wp-block-embed-youtube wp-embed-aspect-16-9 wp-has-aspect-ratio\"><div class=\"wp-block-embed__wrapper\">\n<iframe title=\"Pochette \u00e0 bec personnalis\u00e9e \u5438\u5634\u888b\" width=\"500\" height=\"281\" src=\"https:\/\/www.youtube.com\/embed\/TygYTRNHNMw?feature=oembed\" frameborder=\"0\" allow=\"accelerometer; autoplay; clipboard-write; encrypted-media; gyroscope; picture-in-picture; web-share\" referrerpolicy=\"strict-origin-when-cross-origin\" allowfullscreen><\/iframe>\n<\/div><\/figure>\n<\/div>\n\n\n\n<div class=\"wp-block-column is-layout-flow wp-block-column-is-layout-flow\" style=\"flex-basis:33.33%\"><\/div>\n<\/div>","protected":false},"excerpt":{"rendered":"<p>Nos services de sachets \u00e0 bec personnalis\u00e9s offrent des solutions d'emballage flexibles et de haute qualit\u00e9 pour les boissons, les jus, les gel\u00e9es, les sauces, etc. Nous proposons une grande vari\u00e9t\u00e9 de tailles et de designs personnalis\u00e9s. Contactez GQ PACK pour obtenir le meilleur devis de la part d'un fabricant de pochettes \u00e0 bec fiable.<\/p>\n<h2>Caract\u00e9ristiques de la pochette avec bec verseur<\/h2>\n<p><strong>Service personnalis\u00e9 :<\/strong>\u00a0le mat\u00e9riau, la taille, l'impression, le motif et les options suppl\u00e9mentaires<br \/><strong>Proc\u00e9d\u00e9 d'impression :<\/strong>\u00a0impression en h\u00e9liogravure, jusqu'\u00e0 10 couleurs, possibilit\u00e9 d'impression personnalis\u00e9e<br \/><strong>Caract\u00e9ristiques :<\/strong>\u00a0durable, imperm\u00e9able<br \/><strong>D\u00e9lai de livraison :<\/strong>\u00a010-20 jours<br \/><strong>Soutien \u00e0 l'\u00e9chantillonnage gratuit<\/strong><br \/><strong>Certification :<\/strong>\u00a0ISO, FDA, sans BPA, LFGB, norme europ\u00e9enne<\/p>\n<p><strong>Mat\u00e9riaux PE\/PET de premi\u00e8re qualit\u00e9 :<\/strong> Nos sachets \u00e0 bec personnalis\u00e9s sont fabriqu\u00e9s \u00e0 partir de mat\u00e9riaux PE\/PET de premi\u00e8re qualit\u00e9. Ces mat\u00e9riaux sont connus pour leur r\u00e9sistance, leur durabilit\u00e9 et leur flexibilit\u00e9, ce qui permet de pr\u00e9server la qualit\u00e9 du contenu.<\/p>\n<p><strong>Propri\u00e9t\u00e9s de barri\u00e8re forte :<\/strong> La conception en PE\/PET emp\u00eache l'oxyg\u00e8ne, l'humidit\u00e9 et les contaminants de p\u00e9n\u00e9trer. La fra\u00eecheur, la saveur et la valeur nutritionnelle des boissons, des jus et des gel\u00e9es sont ainsi pr\u00e9serv\u00e9es plus longtemps.<\/p>\n<p><strong>Bec \u00e9tanche :<\/strong> Nos sachets sont dot\u00e9s d'un bouchon \u00e0 bec inviolable qui est totalement \u00e9tanche. Il assure une fermeture s\u00fbre. La conception refermable facilite l'acc\u00e8s aux boissons et autres produits tout en minimisant les d\u00e9chets.<\/p>\n<p><strong>S\u00e9curit\u00e9 alimentaire :<\/strong> Nos pochettes \u00e0 bec personnalis\u00e9es sont fabriqu\u00e9es \u00e0 partir de mat\u00e9riaux de qualit\u00e9 alimentaire qui r\u00e9pondent aux normes de s\u00e9curit\u00e9 internationales, notamment celles de la FDA et du LFGB. Ils ne pr\u00e9sentent aucun danger pour le contact direct avec les aliments et les boissons.<\/p>\n<p><strong>Personnalisation :<\/strong> GQ PACK propose des sachets \u00e0 bec enti\u00e8rement personnalis\u00e9s. Nous proposons une impression en h\u00e9liogravure en dix couleurs et des options de fen\u00eatres mates, brillantes ou transparentes, ainsi que des accessoires de becs verseurs personnalis\u00e9s.<\/p>","protected":false},"featured_media":1910,"comment_status":"closed","ping_status":"closed","template":"","meta":{"_acf_changed":false},"product_brand":[],"product_cat":[22,41],"product_tag":[],"class_list":{"0":"post-1863","1":"product","2":"type-product","3":"status-publish","4":"has-post-thumbnail","6":"product_cat-custom-spout-pouches","7":"product_cat-custom-jelly-spout-pouches","9":"first","10":"instock","11":"shipping-taxable","12":"product-type-simple"},"acf":[],"_links":{"self":[{"href":"https:\/\/www.topchinapack.com\/fr\/wp-json\/wp\/v2\/product\/1863","targetHints":{"allow":["GET"]}}],"collection":[{"href":"https:\/\/www.topchinapack.com\/fr\/wp-json\/wp\/v2\/product"}],"about":[{"href":"https:\/\/www.topchinapack.com\/fr\/wp-json\/wp\/v2\/types\/product"}],"replies":[{"embeddable":true,"href":"https:\/\/www.topchinapack.com\/fr\/wp-json\/wp\/v2\/comments?post=1863"}],"wp:featuredmedia":[{"embeddable":true,"href":"https:\/\/www.topchinapack.com\/fr\/wp-json\/wp\/v2\/media\/1910"}],"wp:attachment":[{"href":"https:\/\/www.topchinapack.com\/fr\/wp-json\/wp\/v2\/media?parent=1863"}],"wp:term":[{"taxonomy":"product_brand","embeddable":true,"href":"https:\/\/www.topchinapack.com\/fr\/wp-json\/wp\/v2\/product_brand?post=1863"},{"taxonomy":"product_cat","embeddable":true,"href":"https:\/\/www.topchinapack.com\/fr\/wp-json\/wp\/v2\/product_cat?post=1863"},{"taxonomy":"product_tag","embeddable":true,"href":"https:\/\/www.topchinapack.com\/fr\/wp-json\/wp\/v2\/product_tag?post=1863"}],"curies":[{"name":"wp","href":"https:\/\/api.w.org\/{rel}","templated":true}]}}