{"id":1865,"date":"2024-11-12T03:44:09","date_gmt":"2024-11-12T03:44:09","guid":{"rendered":"https:\/\/www.topchinapack.com\/?post_type=product&#038;p=1865"},"modified":"2025-12-19T08:32:13","modified_gmt":"2025-12-19T08:32:13","slug":"custom-fruit-drink-spout-pouch-wholesale","status":"publish","type":"product","link":"https:\/\/www.topchinapack.com\/fr\/produit\/custom-fruit-drink-spout-pouch-wholesale\/","title":{"rendered":"Pochette \u00e0 bec pour boisson aux fruits en gros - Fabricant de pochettes \u00e0 bec pour aliments"},"content":{"rendered":"<div class=\"wp-block-columns is-layout-flex wp-container-core-columns-is-layout-9d6595d7 wp-block-columns-is-layout-flex\">\n<div class=\"wp-block-column is-layout-flow wp-block-column-is-layout-flow\">\n<figure class=\"wp-block-image size-full\"><img decoding=\"async\" width=\"2048\" height=\"2048\" src=\"https:\/\/www.topchinapack.com\/wp-content\/uploads\/2025\/11\/Fruit-drink-spout-pouch-3.webp\" alt=\"Pochette \u00e0 bec pour boisson aux fruits (3)\" class=\"wp-image-2821\" srcset=\"https:\/\/www.topchinapack.com\/wp-content\/uploads\/2025\/11\/Fruit-drink-spout-pouch-3.webp 2048w, https:\/\/www.topchinapack.com\/wp-content\/uploads\/2025\/11\/Fruit-drink-spout-pouch-3-300x300.webp 300w, https:\/\/www.topchinapack.com\/wp-content\/uploads\/2025\/11\/Fruit-drink-spout-pouch-3-150x150.webp 150w, https:\/\/www.topchinapack.com\/wp-content\/uploads\/2025\/11\/Fruit-drink-spout-pouch-3-768x768.webp 768w, https:\/\/www.topchinapack.com\/wp-content\/uploads\/2025\/11\/Fruit-drink-spout-pouch-3-12x12.webp 12w, https:\/\/www.topchinapack.com\/wp-content\/uploads\/2025\/11\/Fruit-drink-spout-pouch-3-1200x1200.webp 1200w, https:\/\/www.topchinapack.com\/wp-content\/uploads\/2025\/11\/Fruit-drink-spout-pouch-3-600x600.webp 600w, https:\/\/www.topchinapack.com\/wp-content\/uploads\/2025\/11\/Fruit-drink-spout-pouch-3-100x100.webp 100w\" sizes=\"(max-width: 2048px) 100vw, 2048px\" \/><\/figure>\n<\/div>\n\n\n\n<div class=\"wp-block-column is-layout-flow wp-block-column-is-layout-flow\">\n<figure class=\"wp-block-image size-full\"><img decoding=\"async\" width=\"2048\" height=\"2048\" src=\"https:\/\/www.topchinapack.com\/wp-content\/uploads\/2025\/11\/Fruit-drink-spout-pouch-4.webp\" alt=\"Pochette \u00e0 bec pour boisson aux fruits (4)\" class=\"wp-image-2822\" srcset=\"https:\/\/www.topchinapack.com\/wp-content\/uploads\/2025\/11\/Fruit-drink-spout-pouch-4.webp 2048w, https:\/\/www.topchinapack.com\/wp-content\/uploads\/2025\/11\/Fruit-drink-spout-pouch-4-300x300.webp 300w, https:\/\/www.topchinapack.com\/wp-content\/uploads\/2025\/11\/Fruit-drink-spout-pouch-4-150x150.webp 150w, https:\/\/www.topchinapack.com\/wp-content\/uploads\/2025\/11\/Fruit-drink-spout-pouch-4-768x768.webp 768w, https:\/\/www.topchinapack.com\/wp-content\/uploads\/2025\/11\/Fruit-drink-spout-pouch-4-12x12.webp 12w, https:\/\/www.topchinapack.com\/wp-content\/uploads\/2025\/11\/Fruit-drink-spout-pouch-4-1200x1200.webp 1200w, https:\/\/www.topchinapack.com\/wp-content\/uploads\/2025\/11\/Fruit-drink-spout-pouch-4-600x600.webp 600w, https:\/\/www.topchinapack.com\/wp-content\/uploads\/2025\/11\/Fruit-drink-spout-pouch-4-100x100.webp 100w\" sizes=\"(max-width: 2048px) 100vw, 2048px\" \/><\/figure>\n<\/div>\n<\/div>","protected":false},"excerpt":{"rendered":"<p>Les sachets \u00e0 becs rotatifs pour boissons sont disponibles \u00e0 des prix d'usine. Dot\u00e9s d'un bec rotatif, ils offrent une excellente portabilit\u00e9 et une consommation pratique. En tant que fabricant professionnel d'emballages souples, nous fournissons des services OEM et ODM, vous permettant de personnaliser l'impression, les formes et les fonctions pour correspondre \u00e0 votre image de marque.<\/p>\n<h2>Caract\u00e9ristiques de la pochette \u00e0 bec pour boissons aux fruits<\/h2>\n<p><strong>Service personnalis\u00e9 :<\/strong>\u00a0le mat\u00e9riau, la taille, l'impression, le motif et les options suppl\u00e9mentaires<br \/><strong>Proc\u00e9d\u00e9 d'impression :<\/strong>\u00a0impression en h\u00e9liogravure, jusqu'\u00e0 10 couleurs, possibilit\u00e9 d'impression personnalis\u00e9e<br \/><strong>Caract\u00e9ristiques :<\/strong>\u00a0durable, imperm\u00e9able<br \/><strong>D\u00e9lai de livraison :<\/strong>\u00a010-20 jours<br \/><strong>Soutien \u00e0 l'\u00e9chantillonnage gratuit<\/strong><br \/><strong>Certification :<\/strong>\u00a0ISO, FDA, sans BPA, LFGB, norme europ\u00e9enne<\/p>\n<p><strong>Portabilit\u00e9 optimale :<\/strong> Les sachets \u00e0 bec, qui servent d'emballage pour les boissons, sont souples et r\u00e9sistants et se glissent facilement dans les sacs, les poches ou les bo\u00eetes \u00e0 lunch.<\/p>\n<p><strong>Refermable :<\/strong> Le bouchon \u00e0 vis permet aux consommateurs de boire une portion et de conserver le reste pour une consommation ult\u00e9rieure sans alt\u00e9rer la fra\u00eecheur ni provoquer de d\u00e9g\u00e2ts, ce qui est id\u00e9al pour contr\u00f4ler les portions et r\u00e9duire les d\u00e9chets.<\/p>\n<p><strong>R\u00e9duction des co\u00fbts de transport et de stockage :<\/strong> Les sachets \u00e0 bec sont beaucoup plus l\u00e9gers que les conteneurs rigides et peuvent \u00eatre transport\u00e9s et stock\u00e9s \u00e0 plat avant d'\u00eatre remplis, ce qui r\u00e9duit consid\u00e9rablement le volume de transport, les co\u00fbts de carburant et l'espace n\u00e9cessaire dans les entrep\u00f4ts.<\/p>\n<p><strong>Durable :<\/strong> Les mat\u00e9riaux flexibles et les joints renforc\u00e9s rendent les sachets tr\u00e8s r\u00e9sistants \u00e0 la perforation pendant le transport, ce qui r\u00e9duit les dommages et les pertes de produits par rapport au verre ou \u00e0 certains plastiques durs.<\/p>","protected":false},"featured_media":2819,"comment_status":"closed","ping_status":"closed","template":"","meta":{"_acf_changed":false},"product_brand":[],"product_cat":[22,41],"product_tag":[],"class_list":{"0":"post-1865","1":"product","2":"type-product","3":"status-publish","4":"has-post-thumbnail","6":"product_cat-custom-spout-pouches","7":"product_cat-custom-jelly-spout-pouches","9":"first","10":"instock","11":"shipping-taxable","12":"product-type-simple"},"acf":[],"_links":{"self":[{"href":"https:\/\/www.topchinapack.com\/fr\/wp-json\/wp\/v2\/product\/1865","targetHints":{"allow":["GET"]}}],"collection":[{"href":"https:\/\/www.topchinapack.com\/fr\/wp-json\/wp\/v2\/product"}],"about":[{"href":"https:\/\/www.topchinapack.com\/fr\/wp-json\/wp\/v2\/types\/product"}],"replies":[{"embeddable":true,"href":"https:\/\/www.topchinapack.com\/fr\/wp-json\/wp\/v2\/comments?post=1865"}],"wp:featuredmedia":[{"embeddable":true,"href":"https:\/\/www.topchinapack.com\/fr\/wp-json\/wp\/v2\/media\/2819"}],"wp:attachment":[{"href":"https:\/\/www.topchinapack.com\/fr\/wp-json\/wp\/v2\/media?parent=1865"}],"wp:term":[{"taxonomy":"product_brand","embeddable":true,"href":"https:\/\/www.topchinapack.com\/fr\/wp-json\/wp\/v2\/product_brand?post=1865"},{"taxonomy":"product_cat","embeddable":true,"href":"https:\/\/www.topchinapack.com\/fr\/wp-json\/wp\/v2\/product_cat?post=1865"},{"taxonomy":"product_tag","embeddable":true,"href":"https:\/\/www.topchinapack.com\/fr\/wp-json\/wp\/v2\/product_tag?post=1865"}],"curies":[{"name":"wp","href":"https:\/\/api.w.org\/{rel}","templated":true}]}}