{"id":1866,"date":"2025-08-04T15:42:42","date_gmt":"2025-08-04T15:42:42","guid":{"rendered":"https:\/\/www.topchinapack.com\/?post_type=product&#038;p=1866"},"modified":"2025-11-17T07:39:34","modified_gmt":"2025-11-17T07:39:34","slug":"custom-printed-spout-pouches","status":"publish","type":"product","link":"https:\/\/www.topchinapack.com\/fr\/produit\/custom-printed-spout-pouches\/","title":{"rendered":"Pochettes \u00e0 bec imprim\u00e9es sur mesure, pochettes \u00e0 bec pour liquides, p\u00e2tes, mat\u00e9riaux granuleux"},"content":{"rendered":"<div class=\"wp-block-columns is-layout-flex wp-container-core-columns-is-layout-9d6595d7 wp-block-columns-is-layout-flex\">\n<div class=\"wp-block-column is-layout-flow wp-block-column-is-layout-flow\">\n<figure class=\"wp-block-image size-full\"><img decoding=\"async\" width=\"800\" height=\"800\" src=\"https:\/\/www.topchinapack.com\/wp-content\/uploads\/2025\/08\/spout-pouch-packaging-5.webp\" alt=\"emballage de poche \u00e0 bec (5)\" class=\"wp-image-1886\" srcset=\"https:\/\/www.topchinapack.com\/wp-content\/uploads\/2025\/08\/spout-pouch-packaging-5.webp 800w, https:\/\/www.topchinapack.com\/wp-content\/uploads\/2025\/08\/spout-pouch-packaging-5-300x300.webp 300w, https:\/\/www.topchinapack.com\/wp-content\/uploads\/2025\/08\/spout-pouch-packaging-5-150x150.webp 150w, https:\/\/www.topchinapack.com\/wp-content\/uploads\/2025\/08\/spout-pouch-packaging-5-768x768.webp 768w, https:\/\/www.topchinapack.com\/wp-content\/uploads\/2025\/08\/spout-pouch-packaging-5-12x12.webp 12w, https:\/\/www.topchinapack.com\/wp-content\/uploads\/2025\/08\/spout-pouch-packaging-5-600x600.webp 600w, https:\/\/www.topchinapack.com\/wp-content\/uploads\/2025\/08\/spout-pouch-packaging-5-100x100.webp 100w\" sizes=\"(max-width: 800px) 100vw, 800px\" \/><\/figure>\n<\/div>\n\n\n\n<div class=\"wp-block-column is-layout-flow wp-block-column-is-layout-flow\">\n<figure class=\"wp-block-image size-full\"><img decoding=\"async\" width=\"800\" height=\"807\" src=\"https:\/\/www.topchinapack.com\/wp-content\/uploads\/2025\/08\/spout-pouch-packaging-6.webp\" alt=\"emballage de poche \u00e0 bec (6)\" class=\"wp-image-1887\" srcset=\"https:\/\/www.topchinapack.com\/wp-content\/uploads\/2025\/08\/spout-pouch-packaging-6.webp 800w, https:\/\/www.topchinapack.com\/wp-content\/uploads\/2025\/08\/spout-pouch-packaging-6-297x300.webp 297w, https:\/\/www.topchinapack.com\/wp-content\/uploads\/2025\/08\/spout-pouch-packaging-6-150x150.webp 150w, https:\/\/www.topchinapack.com\/wp-content\/uploads\/2025\/08\/spout-pouch-packaging-6-768x775.webp 768w, https:\/\/www.topchinapack.com\/wp-content\/uploads\/2025\/08\/spout-pouch-packaging-6-12x12.webp 12w, https:\/\/www.topchinapack.com\/wp-content\/uploads\/2025\/08\/spout-pouch-packaging-6-600x605.webp 600w, https:\/\/www.topchinapack.com\/wp-content\/uploads\/2025\/08\/spout-pouch-packaging-6-100x100.webp 100w\" sizes=\"(max-width: 800px) 100vw, 800px\" \/><\/figure>\n<\/div>\n<\/div>\n\n\n\n<div class=\"wp-block-columns is-layout-flex wp-container-core-columns-is-layout-9d6595d7 wp-block-columns-is-layout-flex\">\n<div class=\"wp-block-column is-layout-flow wp-block-column-is-layout-flow\"><\/div>\n\n\n\n<div class=\"wp-block-column is-layout-flow wp-block-column-is-layout-flow\"><\/div>\n<\/div>","protected":false},"excerpt":{"rendered":"<p>Sachets \u00e0 bec verseur sur mesure. Fabriqu\u00e9s en PET\/PE multicouches avec d'excellentes propri\u00e9t\u00e9s de barri\u00e8re, ces sachets prot\u00e8gent de l'humidit\u00e9, de l'oxyg\u00e8ne et de la lumi\u00e8re et peuvent \u00eatre remplis de liquides, de p\u00e2tes et de granul\u00e9s. Enti\u00e8rement personnalisables en termes de taille, d'\u00e9paisseur, de design et de mat\u00e9riau, ces sachets sont id\u00e9aux pour les boissons, les cosm\u00e9tiques, les aliments pour animaux, etc. Contactez GQ PACK pour obtenir le meilleur devis d'un fabricant professionnel d'emballages souples.<\/p>\n<h2>Caract\u00e9ristiques des pochettes \u00e0 bec imprim\u00e9es sur mesure<\/h2>\n<p><strong>Service personnalis\u00e9 :<\/strong>\u00a0le mat\u00e9riau, la taille, l'impression, le motif et les options suppl\u00e9mentaires<br \/><strong>Proc\u00e9d\u00e9 d'impression :<\/strong>\u00a0impression en h\u00e9liogravure, jusqu'\u00e0 10 couleurs, possibilit\u00e9 d'impression personnalis\u00e9e<br \/><strong>Caract\u00e9ristiques :<\/strong>\u00a0durable, imperm\u00e9able<br \/><strong>D\u00e9lai de livraison :<\/strong>\u00a010-20 jours<br \/><strong>Soutien \u00e0 l'\u00e9chantillonnage gratuit<\/strong><br \/><strong>Certification :<\/strong>\u00a0ISO, FDA, sans BPA, LFGB, norme europ\u00e9enne<\/p>\n<p><strong>Excellente performance en mati\u00e8re de barri\u00e8re :<\/strong> Nos sachets \u00e0 bec personnalis\u00e9s utilisent des mat\u00e9riaux composites multicouches tels que le PET\/PE, offrant de solides propri\u00e9t\u00e9s de barri\u00e8re qui emp\u00eachent l'humidit\u00e9, l'oxyg\u00e8ne et la lumi\u00e8re de p\u00e9n\u00e9trer, prolongeant ainsi efficacement la dur\u00e9e de conservation de vos produits.<\/p>\n<p><strong>Commodit\u00e9 :<\/strong> La conception unique du bec verseur rend le sachet refermable, ce qui permet aux utilisateurs de fermer le sachet \u00e0 tout moment, garantissant ainsi la fra\u00eecheur du contenu et \u00e9vitant le gaspillage.<\/p>\n<p><strong>Convient \u00e0 une grande vari\u00e9t\u00e9 de contenus :<\/strong> Nos sachets \u00e0 bec personnalis\u00e9s sont hautement compatibles et conviennent \u00e0 une large gamme de produits, des liquides (par exemple, boissons, jus, sauces) aux p\u00e2tes (par exemple, cosm\u00e9tiques, soins de la peau, shampoing), en passant par les produits granuleux (par exemple, aliments pour animaux de compagnie, noix, c\u00e9r\u00e9ales).<\/p>\n<p><strong>Designs personnalisables :<\/strong> Nous offrons une gamme compl\u00e8te de services personnalis\u00e9s pour les poches \u00e0 bec, y compris la taille, l'\u00e9paisseur, la couleur d'impression, le motif et la structure du mat\u00e9riau.<\/p>","protected":false},"featured_media":1882,"comment_status":"closed","ping_status":"closed","template":"","meta":{"_acf_changed":true},"product_brand":[],"product_cat":[22,39],"product_tag":[],"class_list":{"0":"post-1866","1":"product","2":"type-product","3":"status-publish","4":"has-post-thumbnail","6":"product_cat-custom-spout-pouches","7":"product_cat-custom-juice-spout-pouches","9":"first","10":"instock","11":"shipping-taxable","12":"product-type-simple"},"acf":[],"_links":{"self":[{"href":"https:\/\/www.topchinapack.com\/fr\/wp-json\/wp\/v2\/product\/1866","targetHints":{"allow":["GET"]}}],"collection":[{"href":"https:\/\/www.topchinapack.com\/fr\/wp-json\/wp\/v2\/product"}],"about":[{"href":"https:\/\/www.topchinapack.com\/fr\/wp-json\/wp\/v2\/types\/product"}],"replies":[{"embeddable":true,"href":"https:\/\/www.topchinapack.com\/fr\/wp-json\/wp\/v2\/comments?post=1866"}],"wp:featuredmedia":[{"embeddable":true,"href":"https:\/\/www.topchinapack.com\/fr\/wp-json\/wp\/v2\/media\/1882"}],"wp:attachment":[{"href":"https:\/\/www.topchinapack.com\/fr\/wp-json\/wp\/v2\/media?parent=1866"}],"wp:term":[{"taxonomy":"product_brand","embeddable":true,"href":"https:\/\/www.topchinapack.com\/fr\/wp-json\/wp\/v2\/product_brand?post=1866"},{"taxonomy":"product_cat","embeddable":true,"href":"https:\/\/www.topchinapack.com\/fr\/wp-json\/wp\/v2\/product_cat?post=1866"},{"taxonomy":"product_tag","embeddable":true,"href":"https:\/\/www.topchinapack.com\/fr\/wp-json\/wp\/v2\/product_tag?post=1866"}],"curies":[{"name":"wp","href":"https:\/\/api.w.org\/{rel}","templated":true}]}}