{"id":1889,"date":"2025-08-06T04:05:19","date_gmt":"2025-08-06T04:05:19","guid":{"rendered":"https:\/\/www.topchinapack.com\/?post_type=product&#038;p=1889"},"modified":"2025-11-17T07:39:05","modified_gmt":"2025-11-17T07:39:05","slug":"made-to-order-spout-pouch-packaging","status":"publish","type":"product","link":"https:\/\/www.topchinapack.com\/fr\/produit\/made-to-order-spout-pouch-packaging\/","title":{"rendered":"Pochettes \u00e0 bec personnalis\u00e9es, emballage de pochettes \u00e0 bec sur mesure"},"content":{"rendered":"<div class=\"wp-block-columns is-layout-flex wp-container-core-columns-is-layout-9d6595d7 wp-block-columns-is-layout-flex\">\n<div class=\"wp-block-column is-layout-flow wp-block-column-is-layout-flow\">\n<figure class=\"wp-block-image size-full\"><img decoding=\"async\" width=\"800\" height=\"807\" src=\"https:\/\/www.topchinapack.com\/wp-content\/uploads\/2025\/08\/custom-spout-pouch-packaging-6.webp\" alt=\"emballage de poche \u00e0 bec personnalis\u00e9 (6)\" class=\"wp-image-1906\" srcset=\"https:\/\/www.topchinapack.com\/wp-content\/uploads\/2025\/08\/custom-spout-pouch-packaging-6.webp 800w, https:\/\/www.topchinapack.com\/wp-content\/uploads\/2025\/08\/custom-spout-pouch-packaging-6-297x300.webp 297w, https:\/\/www.topchinapack.com\/wp-content\/uploads\/2025\/08\/custom-spout-pouch-packaging-6-150x150.webp 150w, https:\/\/www.topchinapack.com\/wp-content\/uploads\/2025\/08\/custom-spout-pouch-packaging-6-768x775.webp 768w, https:\/\/www.topchinapack.com\/wp-content\/uploads\/2025\/08\/custom-spout-pouch-packaging-6-12x12.webp 12w, https:\/\/www.topchinapack.com\/wp-content\/uploads\/2025\/08\/custom-spout-pouch-packaging-6-600x605.webp 600w, https:\/\/www.topchinapack.com\/wp-content\/uploads\/2025\/08\/custom-spout-pouch-packaging-6-100x100.webp 100w\" sizes=\"(max-width: 800px) 100vw, 800px\" \/><\/figure>\n<\/div>\n\n\n\n<div class=\"wp-block-column is-layout-flow wp-block-column-is-layout-flow\">\n<figure class=\"wp-block-image size-full\"><img decoding=\"async\" width=\"800\" height=\"793\" src=\"https:\/\/www.topchinapack.com\/wp-content\/uploads\/2025\/08\/custom-spout-pouch-packaging-7.webp\" alt=\"emballage de poche \u00e0 bec personnalis\u00e9 (7)\" class=\"wp-image-1907\" srcset=\"https:\/\/www.topchinapack.com\/wp-content\/uploads\/2025\/08\/custom-spout-pouch-packaging-7.webp 800w, https:\/\/www.topchinapack.com\/wp-content\/uploads\/2025\/08\/custom-spout-pouch-packaging-7-300x297.webp 300w, https:\/\/www.topchinapack.com\/wp-content\/uploads\/2025\/08\/custom-spout-pouch-packaging-7-150x150.webp 150w, https:\/\/www.topchinapack.com\/wp-content\/uploads\/2025\/08\/custom-spout-pouch-packaging-7-768x761.webp 768w, https:\/\/www.topchinapack.com\/wp-content\/uploads\/2025\/08\/custom-spout-pouch-packaging-7-12x12.webp 12w, https:\/\/www.topchinapack.com\/wp-content\/uploads\/2025\/08\/custom-spout-pouch-packaging-7-600x595.webp 600w, https:\/\/www.topchinapack.com\/wp-content\/uploads\/2025\/08\/custom-spout-pouch-packaging-7-100x100.webp 100w\" sizes=\"(max-width: 800px) 100vw, 800px\" \/><\/figure>\n<\/div>\n<\/div>\n\n\n\n<div class=\"wp-block-columns is-layout-flex wp-container-core-columns-is-layout-9d6595d7 wp-block-columns-is-layout-flex\">\n<div class=\"wp-block-column is-layout-flow wp-block-column-is-layout-flow\"><\/div>\n\n\n\n<div class=\"wp-block-column is-layout-flow wp-block-column-is-layout-flow\"><\/div>\n<\/div>","protected":false},"excerpt":{"rendered":"<p>Nous proposons des services de pochettes \u00e0 bec personnalis\u00e9es. Nos sachets \u00e0 bec offrent des propri\u00e9t\u00e9s sup\u00e9rieures de barri\u00e8re \u00e0 l'oxyg\u00e8ne et \u00e0 l'humidit\u00e9, garantissant la fra\u00eecheur et la s\u00e9curit\u00e9 de vos produits. Adapt\u00e9s \u00e0 un large \u00e9ventail d'industries, y compris les jus, les boissons, les huiles et les cosm\u00e9tiques, nos sachets \u00e0 bec offrent une solution d'emballage \u00e9conomique, efficace et durable. Contactez-nous pour un devis.<\/p>\n<h2>Caract\u00e9ristiques de l'emballage \u00e0 bec<\/h2>\n<p><strong>Service personnalis\u00e9 :<\/strong>\u00a0le mat\u00e9riau, la taille, l'impression, le motif et les options suppl\u00e9mentaires<br \/><strong>Proc\u00e9d\u00e9 d'impression :<\/strong>\u00a0impression en h\u00e9liogravure, jusqu'\u00e0 10 couleurs, possibilit\u00e9 d'impression personnalis\u00e9e<br \/><strong>Caract\u00e9ristiques :<\/strong>\u00a0durable, imperm\u00e9able<br \/><strong>D\u00e9lai de livraison :<\/strong>\u00a010-20 jours<br \/><strong>Soutien \u00e0 l'\u00e9chantillonnage gratuit<\/strong><br \/><strong>Certification :<\/strong>\u00a0ISO, FDA, sans BPA, LFGB, norme europ\u00e9enne<\/p>\n<p><strong>Protection sup\u00e9rieure de la barri\u00e8re :<\/strong> Ces sacs offrent une r\u00e9sistance exceptionnelle \u00e0 l'oxyg\u00e8ne et \u00e0 l'humidit\u00e9, avec un taux de transmission de l'oxyg\u00e8ne (OTR) et un taux de transmission de la vapeur d'eau (WVTR) inf\u00e9rieurs \u00e0 2, ce qui permet de pr\u00e9server efficacement la fra\u00eecheur et la s\u00e9curit\u00e9 des produits. Ils sont id\u00e9aux pour l'emballage des concentr\u00e9s de jus, des produits laitiers, des huiles et des cosm\u00e9tiques.<\/p>\n<p><strong>Utilisation polyvalente :<\/strong> Nos sachets \u00e0 bec conviennent \u00e0 diverses industries et sont parfaits pour les jus, les boissons, les huiles et les produits cosm\u00e9tiques. Ils constituent une solution d'emballage \u00e9conomique et \u00e9cologique pour votre entreprise.<\/p>\n<p><strong>Approuv\u00e9 par la FDA et l'UE :<\/strong> Nos sachets \u00e0 bec sont conformes aux normes de la FDA et de l'UE et r\u00e9pondent aux exigences r\u00e9glementaires de la plupart des pays.<\/p>\n<p><strong>Conception stable :<\/strong> Dot\u00e9s d'une pochette qui tient debout, ces emballages offrent une meilleure stabilit\u00e9 en rayon et am\u00e9liorent la visibilit\u00e9 du produit.<\/p>\n<p><strong>Impression avanc\u00e9e en dix couleurs :<\/strong> Nous utilisons une technologie d'impression dix couleurs de pointe pour produire des graphiques d\u00e9taill\u00e9s et des logos de marque \u00e9clatants.<\/p>\n<p><strong>Design personnalisable :<\/strong> Nous proposons des options de personnalisation flexibles, permettant d'ajuster la taille, la forme, la couleur et le style d'impression pour s'aligner parfaitement sur l'identit\u00e9 de votre marque et les exigences du march\u00e9.<\/p>","protected":false},"featured_media":1901,"comment_status":"closed","ping_status":"closed","template":"","meta":{"_acf_changed":false},"product_brand":[],"product_cat":[22,39],"product_tag":[],"class_list":{"0":"post-1889","1":"product","2":"type-product","3":"status-publish","4":"has-post-thumbnail","6":"product_cat-custom-spout-pouches","7":"product_cat-custom-juice-spout-pouches","9":"first","10":"instock","11":"shipping-taxable","12":"product-type-simple"},"acf":[],"_links":{"self":[{"href":"https:\/\/www.topchinapack.com\/fr\/wp-json\/wp\/v2\/product\/1889","targetHints":{"allow":["GET"]}}],"collection":[{"href":"https:\/\/www.topchinapack.com\/fr\/wp-json\/wp\/v2\/product"}],"about":[{"href":"https:\/\/www.topchinapack.com\/fr\/wp-json\/wp\/v2\/types\/product"}],"replies":[{"embeddable":true,"href":"https:\/\/www.topchinapack.com\/fr\/wp-json\/wp\/v2\/comments?post=1889"}],"wp:featuredmedia":[{"embeddable":true,"href":"https:\/\/www.topchinapack.com\/fr\/wp-json\/wp\/v2\/media\/1901"}],"wp:attachment":[{"href":"https:\/\/www.topchinapack.com\/fr\/wp-json\/wp\/v2\/media?parent=1889"}],"wp:term":[{"taxonomy":"product_brand","embeddable":true,"href":"https:\/\/www.topchinapack.com\/fr\/wp-json\/wp\/v2\/product_brand?post=1889"},{"taxonomy":"product_cat","embeddable":true,"href":"https:\/\/www.topchinapack.com\/fr\/wp-json\/wp\/v2\/product_cat?post=1889"},{"taxonomy":"product_tag","embeddable":true,"href":"https:\/\/www.topchinapack.com\/fr\/wp-json\/wp\/v2\/product_tag?post=1889"}],"curies":[{"name":"wp","href":"https:\/\/api.w.org\/{rel}","templated":true}]}}