{"id":1890,"date":"2025-11-12T06:25:52","date_gmt":"2025-11-12T06:25:52","guid":{"rendered":"https:\/\/www.topchinapack.com\/?post_type=product&#038;p=1890"},"modified":"2025-11-17T07:31:36","modified_gmt":"2025-11-17T07:31:36","slug":"bulk-custom-juice-spout-bags","status":"publish","type":"product","link":"https:\/\/www.topchinapack.com\/fr\/produit\/bulk-custom-juice-spout-bags\/","title":{"rendered":"Sacs \u00e0 bec pour jus de fruits personnalis\u00e9s en vrac - Service de pochettes \u00e0 bec personnalis\u00e9es de premier ordre en provenance de Chine"},"content":{"rendered":"<div class=\"wp-block-columns is-layout-flex wp-container-core-columns-is-layout-9d6595d7 wp-block-columns-is-layout-flex\">\n<div class=\"wp-block-column is-layout-flow wp-block-column-is-layout-flow\">\n<figure class=\"wp-block-image size-full\"><img decoding=\"async\" width=\"2048\" height=\"2048\" src=\"https:\/\/www.topchinapack.com\/wp-content\/uploads\/2025\/11\/Fruit-drink-spout-pouch-3-1.webp\" alt=\"Pochette \u00e0 bec pour boisson aux fruits (3)\" class=\"wp-image-2828\" srcset=\"https:\/\/www.topchinapack.com\/wp-content\/uploads\/2025\/11\/Fruit-drink-spout-pouch-3-1.webp 2048w, https:\/\/www.topchinapack.com\/wp-content\/uploads\/2025\/11\/Fruit-drink-spout-pouch-3-1-300x300.webp 300w, https:\/\/www.topchinapack.com\/wp-content\/uploads\/2025\/11\/Fruit-drink-spout-pouch-3-1-150x150.webp 150w, https:\/\/www.topchinapack.com\/wp-content\/uploads\/2025\/11\/Fruit-drink-spout-pouch-3-1-768x768.webp 768w, https:\/\/www.topchinapack.com\/wp-content\/uploads\/2025\/11\/Fruit-drink-spout-pouch-3-1-12x12.webp 12w, https:\/\/www.topchinapack.com\/wp-content\/uploads\/2025\/11\/Fruit-drink-spout-pouch-3-1-1200x1200.webp 1200w, https:\/\/www.topchinapack.com\/wp-content\/uploads\/2025\/11\/Fruit-drink-spout-pouch-3-1-600x600.webp 600w, https:\/\/www.topchinapack.com\/wp-content\/uploads\/2025\/11\/Fruit-drink-spout-pouch-3-1-100x100.webp 100w\" sizes=\"(max-width: 2048px) 100vw, 2048px\" \/><\/figure>\n<\/div>\n\n\n\n<div class=\"wp-block-column is-layout-flow wp-block-column-is-layout-flow\">\n<figure class=\"wp-block-image size-full\"><img decoding=\"async\" width=\"2048\" height=\"2048\" src=\"https:\/\/www.topchinapack.com\/wp-content\/uploads\/2025\/11\/Fruit-drink-spout-pouch-4-1.webp\" alt=\"Pochette \u00e0 bec pour boisson aux fruits (4)\" class=\"wp-image-2829\" srcset=\"https:\/\/www.topchinapack.com\/wp-content\/uploads\/2025\/11\/Fruit-drink-spout-pouch-4-1.webp 2048w, https:\/\/www.topchinapack.com\/wp-content\/uploads\/2025\/11\/Fruit-drink-spout-pouch-4-1-300x300.webp 300w, https:\/\/www.topchinapack.com\/wp-content\/uploads\/2025\/11\/Fruit-drink-spout-pouch-4-1-150x150.webp 150w, https:\/\/www.topchinapack.com\/wp-content\/uploads\/2025\/11\/Fruit-drink-spout-pouch-4-1-768x768.webp 768w, https:\/\/www.topchinapack.com\/wp-content\/uploads\/2025\/11\/Fruit-drink-spout-pouch-4-1-12x12.webp 12w, https:\/\/www.topchinapack.com\/wp-content\/uploads\/2025\/11\/Fruit-drink-spout-pouch-4-1-1200x1200.webp 1200w, https:\/\/www.topchinapack.com\/wp-content\/uploads\/2025\/11\/Fruit-drink-spout-pouch-4-1-600x600.webp 600w, https:\/\/www.topchinapack.com\/wp-content\/uploads\/2025\/11\/Fruit-drink-spout-pouch-4-1-100x100.webp 100w\" sizes=\"(max-width: 2048px) 100vw, 2048px\" \/><\/figure>\n<\/div>\n<\/div>","protected":false},"excerpt":{"rendered":"<p>Nous proposons en gros des sacs \u00e0 bec pour jus de fruits personnalis\u00e9s, con\u00e7us pour r\u00e9pondre \u00e0 divers besoins en mati\u00e8re d'emballage de boissons. Fabriqu\u00e9s dans un mat\u00e9riau \u00e9tanche de haute qualit\u00e9, ces sacs \u00e0 bec garantissent un stockage s\u00fbr et pratique des jus, smoothies et autres boissons. Nous proposons des conceptions personnalis\u00e9es, l'impression de logos et des services OEM\/ODM.<\/p>\n<h2>Caract\u00e9ristiques du sac \u00e0 bec debout personnalis\u00e9<\/h2>\n<p><strong>Service personnalis\u00e9 :<\/strong>\u00a0le mat\u00e9riau, la taille, l'impression, le motif et les options suppl\u00e9mentaires<br \/><strong>Proc\u00e9d\u00e9 d'impression :<\/strong>\u00a0impression en h\u00e9liogravure, jusqu'\u00e0 10 couleurs, possibilit\u00e9 d'impression personnalis\u00e9e<br \/><strong>Caract\u00e9ristiques :<\/strong>\u00a0durable, imperm\u00e9able<br \/><strong>D\u00e9lai de livraison :<\/strong>\u00a010-20 jours<br \/><strong>Soutien \u00e0 l'\u00e9chantillonnage gratuit<\/strong><br \/><strong>Certification :<\/strong>\u00a0ISO, FDA, sans BPA, LFGB, norme europ\u00e9enne<\/p>\n<p><strong>Forte performance d'\u00e9tanch\u00e9it\u00e9<\/strong>: Le sac est principalement constitu\u00e9 d'un film composite, associ\u00e9 \u00e0 une buse de scellage efficace. Cette conception permet d'emp\u00eacher efficacement l'air, l'humidit\u00e9 et les impuret\u00e9s de p\u00e9n\u00e9trer, prolongeant ainsi la dur\u00e9e de conservation de la gel\u00e9e et emp\u00eachant sa d\u00e9t\u00e9rioration.<\/p>\n<p><strong><b>Fonctionnalit\u00e9<\/b><\/strong>: Etanche et r\u00e9sistant \u00e0 la contamination, il pr\u00e9vient efficacement les fuites et l'oxydation, prolongeant ainsi la dur\u00e9e de conservation.<\/p>\n<p><strong>Co\u00fbt inf\u00e9rieur<\/strong>: Par rapport aux mat\u00e9riaux d'emballage durs tels que les bouteilles en verre et les gobelets en plastique, la production de sacs \u00e0 succion n\u00e9cessite moins de mati\u00e8res premi\u00e8res et pr\u00e9sente une proc\u00e9dure de traitement plus simple. Par cons\u00e9quent, le co\u00fbt de l'emballage est moins \u00e9lev\u00e9, ce qui permet aux entreprises de contr\u00f4ler leurs co\u00fbts.<\/p>\n<p><strong>Conception flexible<\/strong>: Le corps du sac peut \u00eatre imprim\u00e9 avec diff\u00e9rents motifs et informations, et sa forme peut \u00e9galement \u00eatre ajust\u00e9e en fonction des besoins. Cela permet non seulement d'am\u00e9liorer l'attrait esth\u00e9tique du produit, mais aussi de mettre en \u00e9vidence les caract\u00e9ristiques de la marque, attirant ainsi les consommateurs.<\/p>","protected":false},"featured_media":2830,"comment_status":"closed","ping_status":"closed","template":"","meta":{"_acf_changed":true},"product_brand":[],"product_cat":[22,41],"product_tag":[],"class_list":{"0":"post-1890","1":"product","2":"type-product","3":"status-publish","4":"has-post-thumbnail","6":"product_cat-custom-spout-pouches","7":"product_cat-custom-jelly-spout-pouches","9":"first","10":"instock","11":"shipping-taxable","12":"product-type-simple"},"acf":[],"_links":{"self":[{"href":"https:\/\/www.topchinapack.com\/fr\/wp-json\/wp\/v2\/product\/1890","targetHints":{"allow":["GET"]}}],"collection":[{"href":"https:\/\/www.topchinapack.com\/fr\/wp-json\/wp\/v2\/product"}],"about":[{"href":"https:\/\/www.topchinapack.com\/fr\/wp-json\/wp\/v2\/types\/product"}],"replies":[{"embeddable":true,"href":"https:\/\/www.topchinapack.com\/fr\/wp-json\/wp\/v2\/comments?post=1890"}],"wp:featuredmedia":[{"embeddable":true,"href":"https:\/\/www.topchinapack.com\/fr\/wp-json\/wp\/v2\/media\/2830"}],"wp:attachment":[{"href":"https:\/\/www.topchinapack.com\/fr\/wp-json\/wp\/v2\/media?parent=1890"}],"wp:term":[{"taxonomy":"product_brand","embeddable":true,"href":"https:\/\/www.topchinapack.com\/fr\/wp-json\/wp\/v2\/product_brand?post=1890"},{"taxonomy":"product_cat","embeddable":true,"href":"https:\/\/www.topchinapack.com\/fr\/wp-json\/wp\/v2\/product_cat?post=1890"},{"taxonomy":"product_tag","embeddable":true,"href":"https:\/\/www.topchinapack.com\/fr\/wp-json\/wp\/v2\/product_tag?post=1890"}],"curies":[{"name":"wp","href":"https:\/\/api.w.org\/{rel}","templated":true}]}}