{"id":1891,"date":"2024-11-12T06:37:32","date_gmt":"2024-11-12T06:37:32","guid":{"rendered":"https:\/\/www.topchinapack.com\/?post_type=product&#038;p=1891"},"modified":"2025-12-19T08:30:02","modified_gmt":"2025-12-19T08:30:02","slug":"bulk-custom-fruit-juice-and-vegetable-juice-spout-pouches","status":"publish","type":"product","link":"https:\/\/www.topchinapack.com\/fr\/produit\/bulk-custom-fruit-juice-and-vegetable-juice-spout-pouches\/","title":{"rendered":"Pochettes \u00e0 bec pour jus de fruits et de l\u00e9gumes en vrac - Fabricant d'emballages en Chine"},"content":{"rendered":"<div class=\"wp-block-columns is-layout-flex wp-container-core-columns-is-layout-9d6595d7 wp-block-columns-is-layout-flex\">\n<div class=\"wp-block-column is-layout-flow wp-block-column-is-layout-flow\">\n<figure class=\"wp-block-image size-full\"><img decoding=\"async\" width=\"2048\" height=\"2048\" src=\"https:\/\/www.topchinapack.com\/wp-content\/uploads\/2025\/11\/custom-juice-spout-bags-3-1.webp\" alt=\"sacs \u00e0 jus de fruits personnalis\u00e9s (3)\" class=\"wp-image-2839\" srcset=\"https:\/\/www.topchinapack.com\/wp-content\/uploads\/2025\/11\/custom-juice-spout-bags-3-1.webp 2048w, https:\/\/www.topchinapack.com\/wp-content\/uploads\/2025\/11\/custom-juice-spout-bags-3-1-300x300.webp 300w, https:\/\/www.topchinapack.com\/wp-content\/uploads\/2025\/11\/custom-juice-spout-bags-3-1-150x150.webp 150w, https:\/\/www.topchinapack.com\/wp-content\/uploads\/2025\/11\/custom-juice-spout-bags-3-1-768x768.webp 768w, https:\/\/www.topchinapack.com\/wp-content\/uploads\/2025\/11\/custom-juice-spout-bags-3-1-12x12.webp 12w, https:\/\/www.topchinapack.com\/wp-content\/uploads\/2025\/11\/custom-juice-spout-bags-3-1-1200x1200.webp 1200w, https:\/\/www.topchinapack.com\/wp-content\/uploads\/2025\/11\/custom-juice-spout-bags-3-1-600x600.webp 600w, https:\/\/www.topchinapack.com\/wp-content\/uploads\/2025\/11\/custom-juice-spout-bags-3-1-100x100.webp 100w\" sizes=\"(max-width: 2048px) 100vw, 2048px\" \/><\/figure>\n<\/div>\n\n\n\n<div class=\"wp-block-column is-layout-flow wp-block-column-is-layout-flow\">\n<figure class=\"wp-block-image size-full\"><img decoding=\"async\" width=\"2048\" height=\"2048\" src=\"https:\/\/www.topchinapack.com\/wp-content\/uploads\/2025\/11\/custom-juice-spout-bags-4-1.webp\" alt=\"sacs \u00e0 jus de fruits personnalis\u00e9s (4)\" class=\"wp-image-2840\" srcset=\"https:\/\/www.topchinapack.com\/wp-content\/uploads\/2025\/11\/custom-juice-spout-bags-4-1.webp 2048w, https:\/\/www.topchinapack.com\/wp-content\/uploads\/2025\/11\/custom-juice-spout-bags-4-1-300x300.webp 300w, https:\/\/www.topchinapack.com\/wp-content\/uploads\/2025\/11\/custom-juice-spout-bags-4-1-150x150.webp 150w, https:\/\/www.topchinapack.com\/wp-content\/uploads\/2025\/11\/custom-juice-spout-bags-4-1-768x768.webp 768w, https:\/\/www.topchinapack.com\/wp-content\/uploads\/2025\/11\/custom-juice-spout-bags-4-1-12x12.webp 12w, https:\/\/www.topchinapack.com\/wp-content\/uploads\/2025\/11\/custom-juice-spout-bags-4-1-1200x1200.webp 1200w, https:\/\/www.topchinapack.com\/wp-content\/uploads\/2025\/11\/custom-juice-spout-bags-4-1-600x600.webp 600w, https:\/\/www.topchinapack.com\/wp-content\/uploads\/2025\/11\/custom-juice-spout-bags-4-1-100x100.webp 100w\" sizes=\"(max-width: 2048px) 100vw, 2048px\" \/><\/figure>\n<\/div>\n<\/div>","protected":false},"excerpt":{"rendered":"<p>Pochettes \u00e0 bec pour jus de fruits et de l\u00e9gumes personnalis\u00e9es en vrac - mat\u00e9riau durable de qualit\u00e9 alimentaire, prix d'usine, services de personnalisation fiables du fabricant chinois GQ PACK.<\/p>\n<h2>Caract\u00e9ristiques du sac Custom Juice Spout<\/h2>\n<p><strong>Service personnalis\u00e9 :<\/strong>\u00a0le mat\u00e9riau, la taille, l'impression, le motif et les options suppl\u00e9mentaires<br \/><strong>Proc\u00e9d\u00e9 d'impression :<\/strong>\u00a0impression en h\u00e9liogravure, jusqu'\u00e0 10 couleurs, possibilit\u00e9 d'impression personnalis\u00e9e<br \/><strong>Caract\u00e9ristiques :<\/strong>\u00a0durable, imperm\u00e9able<br \/><strong>D\u00e9lai de livraison :<\/strong>\u00a010-20 jours<br \/><strong>Soutien \u00e0 l'\u00e9chantillonnage gratuit<\/strong><br \/><strong>Certification :<\/strong>\u00a0ISO, FDA, sans BPA, LFGB, norme europ\u00e9enne<\/p>\n<p><strong>Conception flexible<\/strong>: Le corps du sac peut \u00eatre imprim\u00e9 avec diff\u00e9rents motifs et informations, et sa forme peut \u00e9galement \u00eatre ajust\u00e9e en fonction des besoins. Cela permet non seulement d'am\u00e9liorer l'attrait esth\u00e9tique du produit, mais aussi de mettre en \u00e9vidence les caract\u00e9ristiques de la marque, attirant ainsi les consommateurs.<\/p>\n<p><strong><b>Commodit\u00e9<\/b><\/strong>: Le bec verseur est facile \u00e0 ouvrir et \u00e0 fermer, et il est refermable, ce qui permet de conserver la fra\u00eecheur du contenu et d'\u00e9viter le gaspillage.<\/p>\n<p><strong><b>Conception autoportante<\/b><\/strong>: Le fond du sac peut \u00eatre plac\u00e9 \u00e0 la verticale, ce qui permet d'\u00e9conomiser de l'espace sur les \u00e9tag\u00e8res et de le rendre pratique pour verser ou siroter.<\/p>\n<p><strong>Mesurer avec pr\u00e9cision<\/strong>: Les emballages de petite taille permettent un contr\u00f4le pr\u00e9cis de la quantit\u00e9 consomm\u00e9e, \u00e9vitant ainsi que la boisson ne se d\u00e9t\u00e9riore en raison d'un stockage \u00e0 long terme dans de grands r\u00e9cipients. Il facilite \u00e9galement la gestion par les parents de la quantit\u00e9 de boisson consomm\u00e9e par l'enfant.<\/p>\n<p><strong>Co\u00fbt inf\u00e9rieur<\/strong>: Par rapport \u00e0 certains emballages rigides, le co\u00fbt de production des sacs d'emballage pour boissons est inf\u00e9rieur, ce qui offre un niveau \u00e9lev\u00e9 de rentabilit\u00e9 et contribue \u00e0 r\u00e9duire le co\u00fbt global du produit.<\/p>","protected":false},"featured_media":2837,"comment_status":"closed","ping_status":"closed","template":"","meta":{"_acf_changed":true},"product_brand":[],"product_cat":[22,39],"product_tag":[],"class_list":{"0":"post-1891","1":"product","2":"type-product","3":"status-publish","4":"has-post-thumbnail","6":"product_cat-custom-spout-pouches","7":"product_cat-custom-juice-spout-pouches","9":"first","10":"instock","11":"shipping-taxable","12":"product-type-simple"},"acf":[],"_links":{"self":[{"href":"https:\/\/www.topchinapack.com\/fr\/wp-json\/wp\/v2\/product\/1891","targetHints":{"allow":["GET"]}}],"collection":[{"href":"https:\/\/www.topchinapack.com\/fr\/wp-json\/wp\/v2\/product"}],"about":[{"href":"https:\/\/www.topchinapack.com\/fr\/wp-json\/wp\/v2\/types\/product"}],"replies":[{"embeddable":true,"href":"https:\/\/www.topchinapack.com\/fr\/wp-json\/wp\/v2\/comments?post=1891"}],"wp:featuredmedia":[{"embeddable":true,"href":"https:\/\/www.topchinapack.com\/fr\/wp-json\/wp\/v2\/media\/2837"}],"wp:attachment":[{"href":"https:\/\/www.topchinapack.com\/fr\/wp-json\/wp\/v2\/media?parent=1891"}],"wp:term":[{"taxonomy":"product_brand","embeddable":true,"href":"https:\/\/www.topchinapack.com\/fr\/wp-json\/wp\/v2\/product_brand?post=1891"},{"taxonomy":"product_cat","embeddable":true,"href":"https:\/\/www.topchinapack.com\/fr\/wp-json\/wp\/v2\/product_cat?post=1891"},{"taxonomy":"product_tag","embeddable":true,"href":"https:\/\/www.topchinapack.com\/fr\/wp-json\/wp\/v2\/product_tag?post=1891"}],"curies":[{"name":"wp","href":"https:\/\/api.w.org\/{rel}","templated":true}]}}