{"id":1892,"date":"2024-11-12T06:53:44","date_gmt":"2024-11-12T06:53:44","guid":{"rendered":"https:\/\/www.topchinapack.com\/?post_type=product&#038;p=1892"},"modified":"2025-12-19T08:30:10","modified_gmt":"2025-12-19T08:30:10","slug":"custom-vegetable-juice-spout-pouches-wholesale","status":"publish","type":"product","link":"https:\/\/www.topchinapack.com\/fr\/produit\/custom-vegetable-juice-spout-pouches-wholesale\/","title":{"rendered":"Emballage de jus de l\u00e9gumes sur mesure Wholesale, Bulk Spout Pouches Supply"},"content":{"rendered":"<div class=\"wp-block-columns is-layout-flex wp-container-core-columns-is-layout-9d6595d7 wp-block-columns-is-layout-flex\">\n<div class=\"wp-block-column is-layout-flow wp-block-column-is-layout-flow\">\n<figure class=\"wp-block-image size-full\"><img decoding=\"async\" width=\"1000\" height=\"1000\" src=\"https:\/\/www.topchinapack.com\/wp-content\/uploads\/2025\/11\/custom-vegetable-juice-spout-pouch-3-1.webp\" alt=\"custom vegetable juice spout pouch (3)\" class=\"wp-image-2852\" srcset=\"https:\/\/www.topchinapack.com\/wp-content\/uploads\/2025\/11\/custom-vegetable-juice-spout-pouch-3-1.webp 1000w, https:\/\/www.topchinapack.com\/wp-content\/uploads\/2025\/11\/custom-vegetable-juice-spout-pouch-3-1-300x300.webp 300w, https:\/\/www.topchinapack.com\/wp-content\/uploads\/2025\/11\/custom-vegetable-juice-spout-pouch-3-1-150x150.webp 150w, https:\/\/www.topchinapack.com\/wp-content\/uploads\/2025\/11\/custom-vegetable-juice-spout-pouch-3-1-768x768.webp 768w, https:\/\/www.topchinapack.com\/wp-content\/uploads\/2025\/11\/custom-vegetable-juice-spout-pouch-3-1-12x12.webp 12w, https:\/\/www.topchinapack.com\/wp-content\/uploads\/2025\/11\/custom-vegetable-juice-spout-pouch-3-1-600x600.webp 600w, https:\/\/www.topchinapack.com\/wp-content\/uploads\/2025\/11\/custom-vegetable-juice-spout-pouch-3-1-100x100.webp 100w\" sizes=\"(max-width: 1000px) 100vw, 1000px\" \/><\/figure>\n<\/div>\n\n\n\n<div class=\"wp-block-column is-layout-flow wp-block-column-is-layout-flow\">\n<figure class=\"wp-block-image size-full\"><img decoding=\"async\" width=\"1000\" height=\"1000\" src=\"https:\/\/www.topchinapack.com\/wp-content\/uploads\/2025\/11\/custom-vegetable-juice-spout-pouch-4-1.webp\" alt=\"custom vegetable juice spout pouch (4)\" class=\"wp-image-2853\" srcset=\"https:\/\/www.topchinapack.com\/wp-content\/uploads\/2025\/11\/custom-vegetable-juice-spout-pouch-4-1.webp 1000w, https:\/\/www.topchinapack.com\/wp-content\/uploads\/2025\/11\/custom-vegetable-juice-spout-pouch-4-1-300x300.webp 300w, https:\/\/www.topchinapack.com\/wp-content\/uploads\/2025\/11\/custom-vegetable-juice-spout-pouch-4-1-150x150.webp 150w, https:\/\/www.topchinapack.com\/wp-content\/uploads\/2025\/11\/custom-vegetable-juice-spout-pouch-4-1-768x768.webp 768w, https:\/\/www.topchinapack.com\/wp-content\/uploads\/2025\/11\/custom-vegetable-juice-spout-pouch-4-1-12x12.webp 12w, https:\/\/www.topchinapack.com\/wp-content\/uploads\/2025\/11\/custom-vegetable-juice-spout-pouch-4-1-600x600.webp 600w, https:\/\/www.topchinapack.com\/wp-content\/uploads\/2025\/11\/custom-vegetable-juice-spout-pouch-4-1-100x100.webp 100w\" sizes=\"(max-width: 1000px) 100vw, 1000px\" \/><\/figure>\n<\/div>\n<\/div>","protected":false},"excerpt":{"rendered":"<p>Nous proposons des poches \u00e0 bec adapt\u00e9es au conditionnement des jus de l\u00e9gumes, des jus de fruits et des boissons. L'approvisionnement en gros est possible, avec des options de personnalisation pour les motifs, les styles et les mat\u00e9riaux. Nos sachets sont fabriqu\u00e9s \u00e0 partir de mat\u00e9riaux de qualit\u00e9 alimentaire, respectueux de l'environnement, \u00e9tanches et durables, garantissant la s\u00e9curit\u00e9 du stockage et du transport des jus de l\u00e9gumes. Contactez-nous pour un devis.<\/p>\n<h2>Caract\u00e9ristiques du sac \u00e0 bec debout personnalis\u00e9<\/h2>\n<p><strong>Service personnalis\u00e9 :<\/strong>\u00a0le mat\u00e9riau, la taille, l'impression, le motif et les options suppl\u00e9mentaires<br \/><strong>Proc\u00e9d\u00e9 d'impression :<\/strong>\u00a0impression en h\u00e9liogravure, jusqu'\u00e0 10 couleurs, possibilit\u00e9 d'impression personnalis\u00e9e<br \/><strong>Caract\u00e9ristiques :<\/strong>\u00a0durable, imperm\u00e9able<br \/><strong>D\u00e9lai de livraison :<\/strong>\u00a010-20 jours<br \/><strong>Soutien \u00e0 l'\u00e9chantillonnage gratuit<\/strong><br \/><strong>Certification :<\/strong>\u00a0ISO, FDA, sans BPA, LFGB, norme europ\u00e9enne<\/p>\n<p><strong>Impression de haute qualit\u00e9 :<\/strong> Les poches de jus de fruits en gros peuvent \u00eatre imprim\u00e9es avec une encre \u00e9cologique de haute pr\u00e9cision, pr\u00e9sentant des couleurs riches et des motifs exquis. Cela permet d'afficher clairement les informations sur le produit et l'image de la marque, ce qui incite les consommateurs \u00e0 faire des achats.<\/p>\n<p><strong>Fonctionnalit\u00e9 :<\/strong> \u00c9tanch\u00e9it\u00e9 et r\u00e9sistance \u00e0 la contamination, pr\u00e9vention efficace des fuites et de l'oxydation, allongement de la dur\u00e9e de conservation.<\/p>\n<p><strong>Conception autoportante :<\/strong> Le fond du sac \u00e0 bec peut \u00eatre plac\u00e9 \u00e0 la verticale, ce qui permet d'\u00e9conomiser de l'espace sur l'\u00e9tag\u00e8re et de verser ou de siroter.<\/p>\n<p><strong>Co\u00fbt moins \u00e9lev\u00e9 :<\/strong> Par rapport \u00e0 certains emballages rigides, le co\u00fbt de production des sacs d'emballage pour boissons est inf\u00e9rieur, ce qui offre un niveau \u00e9lev\u00e9 de rentabilit\u00e9 et contribue \u00e0 r\u00e9duire le co\u00fbt global du produit.<\/p>\n<p><strong>Portable et facile \u00e0 transporter :<\/strong> Par rapport aux boissons en bouteille ou en bo\u00eete, les sacs d'emballage pour boissons sont plus l\u00e9gers et plus petits.<\/p>","protected":false},"featured_media":2847,"comment_status":"closed","ping_status":"closed","template":"","meta":{"_acf_changed":false},"product_brand":[],"product_cat":[22,42],"product_tag":[],"class_list":{"0":"post-1892","1":"product","2":"type-product","3":"status-publish","4":"has-post-thumbnail","6":"product_cat-custom-spout-pouches","7":"product_cat-custom-vegetable-juice-spout-pouches","9":"first","10":"instock","11":"shipping-taxable","12":"product-type-simple"},"acf":[],"_links":{"self":[{"href":"https:\/\/www.topchinapack.com\/fr\/wp-json\/wp\/v2\/product\/1892","targetHints":{"allow":["GET"]}}],"collection":[{"href":"https:\/\/www.topchinapack.com\/fr\/wp-json\/wp\/v2\/product"}],"about":[{"href":"https:\/\/www.topchinapack.com\/fr\/wp-json\/wp\/v2\/types\/product"}],"replies":[{"embeddable":true,"href":"https:\/\/www.topchinapack.com\/fr\/wp-json\/wp\/v2\/comments?post=1892"}],"wp:featuredmedia":[{"embeddable":true,"href":"https:\/\/www.topchinapack.com\/fr\/wp-json\/wp\/v2\/media\/2847"}],"wp:attachment":[{"href":"https:\/\/www.topchinapack.com\/fr\/wp-json\/wp\/v2\/media?parent=1892"}],"wp:term":[{"taxonomy":"product_brand","embeddable":true,"href":"https:\/\/www.topchinapack.com\/fr\/wp-json\/wp\/v2\/product_brand?post=1892"},{"taxonomy":"product_cat","embeddable":true,"href":"https:\/\/www.topchinapack.com\/fr\/wp-json\/wp\/v2\/product_cat?post=1892"},{"taxonomy":"product_tag","embeddable":true,"href":"https:\/\/www.topchinapack.com\/fr\/wp-json\/wp\/v2\/product_tag?post=1892"}],"curies":[{"name":"wp","href":"https:\/\/api.w.org\/{rel}","templated":true}]}}