{"id":1893,"date":"2025-11-12T07:13:34","date_gmt":"2025-11-12T07:13:34","guid":{"rendered":"https:\/\/www.topchinapack.com\/?post_type=product&#038;p=1893"},"modified":"2025-11-17T07:28:39","modified_gmt":"2025-11-17T07:28:39","slug":"wholesale-custom-spout-bags","status":"publish","type":"product","link":"https:\/\/www.topchinapack.com\/fr\/produit\/wholesale-custom-spout-bags\/","title":{"rendered":"Sacs \u00e0 bec personnalis\u00e9s en gros pour les marques de boissons, les fabricants de produits alimentaires et les distributeurs"},"content":{"rendered":"<div class=\"wp-block-columns is-layout-flex wp-container-core-columns-is-layout-9d6595d7 wp-block-columns-is-layout-flex\">\n<div class=\"wp-block-column is-layout-flow wp-block-column-is-layout-flow\">\n<figure class=\"wp-block-image size-full\"><img decoding=\"async\" width=\"1280\" height=\"1280\" src=\"https:\/\/www.topchinapack.com\/wp-content\/uploads\/2025\/11\/custom-juice-packaging-3.webp\" alt=\"emballage de jus de fruits sur mesure (3)\" class=\"wp-image-2858\" srcset=\"https:\/\/www.topchinapack.com\/wp-content\/uploads\/2025\/11\/custom-juice-packaging-3.webp 1280w, https:\/\/www.topchinapack.com\/wp-content\/uploads\/2025\/11\/custom-juice-packaging-3-300x300.webp 300w, https:\/\/www.topchinapack.com\/wp-content\/uploads\/2025\/11\/custom-juice-packaging-3-150x150.webp 150w, https:\/\/www.topchinapack.com\/wp-content\/uploads\/2025\/11\/custom-juice-packaging-3-768x768.webp 768w, https:\/\/www.topchinapack.com\/wp-content\/uploads\/2025\/11\/custom-juice-packaging-3-12x12.webp 12w, https:\/\/www.topchinapack.com\/wp-content\/uploads\/2025\/11\/custom-juice-packaging-3-1200x1200.webp 1200w, https:\/\/www.topchinapack.com\/wp-content\/uploads\/2025\/11\/custom-juice-packaging-3-600x600.webp 600w, https:\/\/www.topchinapack.com\/wp-content\/uploads\/2025\/11\/custom-juice-packaging-3-100x100.webp 100w\" sizes=\"(max-width: 1280px) 100vw, 1280px\" \/><\/figure>\n<\/div>\n\n\n\n<div class=\"wp-block-column is-layout-flow wp-block-column-is-layout-flow\">\n<figure class=\"wp-block-image size-full\"><img decoding=\"async\" width=\"2048\" height=\"2048\" src=\"https:\/\/www.topchinapack.com\/wp-content\/uploads\/2025\/11\/custom-juice-packaging-4.webp\" alt=\"emballage de jus de fruits sur mesure (4)\" class=\"wp-image-2859\" srcset=\"https:\/\/www.topchinapack.com\/wp-content\/uploads\/2025\/11\/custom-juice-packaging-4.webp 2048w, https:\/\/www.topchinapack.com\/wp-content\/uploads\/2025\/11\/custom-juice-packaging-4-300x300.webp 300w, https:\/\/www.topchinapack.com\/wp-content\/uploads\/2025\/11\/custom-juice-packaging-4-150x150.webp 150w, https:\/\/www.topchinapack.com\/wp-content\/uploads\/2025\/11\/custom-juice-packaging-4-768x768.webp 768w, https:\/\/www.topchinapack.com\/wp-content\/uploads\/2025\/11\/custom-juice-packaging-4-12x12.webp 12w, https:\/\/www.topchinapack.com\/wp-content\/uploads\/2025\/11\/custom-juice-packaging-4-1200x1200.webp 1200w, https:\/\/www.topchinapack.com\/wp-content\/uploads\/2025\/11\/custom-juice-packaging-4-600x600.webp 600w, https:\/\/www.topchinapack.com\/wp-content\/uploads\/2025\/11\/custom-juice-packaging-4-100x100.webp 100w\" sizes=\"(max-width: 2048px) 100vw, 2048px\" \/><\/figure>\n<\/div>\n<\/div>","protected":false},"excerpt":{"rendered":"<p>Nous vendons en gros des sachets \u00e0 bec personnalis\u00e9s con\u00e7us pour les marques de boissons, les fabricants de produits alimentaires et les distributeurs. Nos sachets \u00e0 bec \u00e9tanches de qualit\u00e9 alimentaire sont imprim\u00e9s en h\u00e9liogravure en dix couleurs vives. Les tailles, les mat\u00e9riaux et les formes peuvent tous \u00eatre personnalis\u00e9s en fonction des exigences de votre marque. En tant que fournisseur direct, nous proposons des prix tr\u00e8s comp\u00e9titifs, une qualit\u00e9 fiable et des services OEM et ODM complets pour les commandes en gros. Id\u00e9al pour l'emballage des jus, sauces et autres produits liquides ou semi-liquides.<\/p>\n<h2>Caract\u00e9ristiques des sacs \u00e0 becs personnalis\u00e9s<\/h2>\n<p><strong>Service personnalis\u00e9 :<\/strong>\u00a0le mat\u00e9riau, la taille, l'impression, le motif et les options suppl\u00e9mentaires<br \/><strong>Proc\u00e9d\u00e9 d'impression :<\/strong>\u00a0impression en h\u00e9liogravure, jusqu'\u00e0 10 couleurs, possibilit\u00e9 d'impression personnalis\u00e9e<br \/><strong>Caract\u00e9ristiques :<\/strong>\u00a0durable, imperm\u00e9able<br \/><strong>D\u00e9lai de livraison :<\/strong>\u00a010-20 jours<br \/><strong>Soutien \u00e0 l'\u00e9chantillonnage gratuit<\/strong><br \/><strong>Certification :<\/strong>\u00a0ISO, FDA, sans BPA, LFGB, norme europ\u00e9enne<\/p>\n<p><strong>Capuchon refermable :<\/strong> Le bouchon \u00e0 vis de la poche \u00e0 bec scelle la poche pour une utilisation ult\u00e9rieure, minimisant ainsi les d\u00e9versements et les d\u00e9chets alimentaires.<\/p>\n<p><strong>Propri\u00e9t\u00e9s de barri\u00e8re :<\/strong> Nos sachets \u00e0 bec en gros utilisent un film flexible qui offre d'excellentes propri\u00e9t\u00e9s de barri\u00e8re contre l'oxyg\u00e8ne, l'humidit\u00e9 et la lumi\u00e8re, pr\u00e9servant ainsi la saveur, les nutriments et la couleur du produit.<\/p>\n<p><strong>Diff\u00e9renciation des produits :<\/strong> GQ PACK permet une personnalisation compl\u00e8te des sachets \u00e0 bec, ce qui permet aux marques de se d\u00e9marquer dans les rayons avec des formes personnalis\u00e9es et des effets d'impression vibrants.<\/p>\n<p><strong>Prix direct d'usine :<\/strong> GQ PACK dispose de presses \u00e0 h\u00e9liogravure dix couleurs de pointe, de lignes de production de sachets automatis\u00e9es et d'un syst\u00e8me complet de contr\u00f4le de la qualit\u00e9. Nous proposons \u00e0 nos clients du monde entier des prix directs d'usine avantageux.<\/p>","protected":false},"featured_media":2856,"comment_status":"closed","ping_status":"closed","template":"","meta":{"_acf_changed":false},"product_brand":[],"product_cat":[22,39],"product_tag":[],"class_list":{"0":"post-1893","1":"product","2":"type-product","3":"status-publish","4":"has-post-thumbnail","6":"product_cat-custom-spout-pouches","7":"product_cat-custom-juice-spout-pouches","9":"first","10":"instock","11":"shipping-taxable","12":"product-type-simple"},"acf":[],"_links":{"self":[{"href":"https:\/\/www.topchinapack.com\/fr\/wp-json\/wp\/v2\/product\/1893","targetHints":{"allow":["GET"]}}],"collection":[{"href":"https:\/\/www.topchinapack.com\/fr\/wp-json\/wp\/v2\/product"}],"about":[{"href":"https:\/\/www.topchinapack.com\/fr\/wp-json\/wp\/v2\/types\/product"}],"replies":[{"embeddable":true,"href":"https:\/\/www.topchinapack.com\/fr\/wp-json\/wp\/v2\/comments?post=1893"}],"wp:featuredmedia":[{"embeddable":true,"href":"https:\/\/www.topchinapack.com\/fr\/wp-json\/wp\/v2\/media\/2856"}],"wp:attachment":[{"href":"https:\/\/www.topchinapack.com\/fr\/wp-json\/wp\/v2\/media?parent=1893"}],"wp:term":[{"taxonomy":"product_brand","embeddable":true,"href":"https:\/\/www.topchinapack.com\/fr\/wp-json\/wp\/v2\/product_brand?post=1893"},{"taxonomy":"product_cat","embeddable":true,"href":"https:\/\/www.topchinapack.com\/fr\/wp-json\/wp\/v2\/product_cat?post=1893"},{"taxonomy":"product_tag","embeddable":true,"href":"https:\/\/www.topchinapack.com\/fr\/wp-json\/wp\/v2\/product_tag?post=1893"}],"curies":[{"name":"wp","href":"https:\/\/api.w.org\/{rel}","templated":true}]}}