{"id":1894,"date":"2025-08-06T06:58:41","date_gmt":"2025-08-06T06:58:41","guid":{"rendered":"https:\/\/www.topchinapack.com\/?post_type=product&#038;p=1894"},"modified":"2025-11-17T07:37:48","modified_gmt":"2025-11-17T07:37:48","slug":"custom-spout-pouches-for-beverages","status":"publish","type":"product","link":"https:\/\/www.topchinapack.com\/fr\/produit\/custom-spout-pouches-for-beverages\/","title":{"rendered":"Pochettes \u00e0 bec personnalis\u00e9es pour boissons - Emballage pour boissons au jus de fruit"},"content":{"rendered":"<div class=\"wp-block-columns is-layout-flex wp-container-core-columns-is-layout-9d6595d7 wp-block-columns-is-layout-flex\">\n<div class=\"wp-block-column is-layout-flow wp-block-column-is-layout-flow\">\n<figure class=\"wp-block-image size-full\"><img decoding=\"async\" width=\"800\" height=\"807\" src=\"https:\/\/www.topchinapack.com\/wp-content\/uploads\/2025\/08\/custom-spout-pouches-for-juice-5.webp\" alt=\"pochettes \u00e0 bec personnalis\u00e9es pour jus de fruits (5)\" class=\"wp-image-1923\" srcset=\"https:\/\/www.topchinapack.com\/wp-content\/uploads\/2025\/08\/custom-spout-pouches-for-juice-5.webp 800w, https:\/\/www.topchinapack.com\/wp-content\/uploads\/2025\/08\/custom-spout-pouches-for-juice-5-297x300.webp 297w, https:\/\/www.topchinapack.com\/wp-content\/uploads\/2025\/08\/custom-spout-pouches-for-juice-5-150x150.webp 150w, https:\/\/www.topchinapack.com\/wp-content\/uploads\/2025\/08\/custom-spout-pouches-for-juice-5-768x775.webp 768w, https:\/\/www.topchinapack.com\/wp-content\/uploads\/2025\/08\/custom-spout-pouches-for-juice-5-12x12.webp 12w, https:\/\/www.topchinapack.com\/wp-content\/uploads\/2025\/08\/custom-spout-pouches-for-juice-5-600x605.webp 600w, https:\/\/www.topchinapack.com\/wp-content\/uploads\/2025\/08\/custom-spout-pouches-for-juice-5-100x100.webp 100w\" sizes=\"(max-width: 800px) 100vw, 800px\" \/><\/figure>\n<\/div>\n\n\n\n<div class=\"wp-block-column is-layout-flow wp-block-column-is-layout-flow\">\n<figure class=\"wp-block-image size-full\"><img decoding=\"async\" width=\"800\" height=\"807\" src=\"https:\/\/www.topchinapack.com\/wp-content\/uploads\/2025\/08\/custom-spout-pouches-for-juice-6.webp\" alt=\"pochettes \u00e0 bec personnalis\u00e9es pour jus de fruits (6)\" class=\"wp-image-1924\" srcset=\"https:\/\/www.topchinapack.com\/wp-content\/uploads\/2025\/08\/custom-spout-pouches-for-juice-6.webp 800w, https:\/\/www.topchinapack.com\/wp-content\/uploads\/2025\/08\/custom-spout-pouches-for-juice-6-297x300.webp 297w, https:\/\/www.topchinapack.com\/wp-content\/uploads\/2025\/08\/custom-spout-pouches-for-juice-6-150x150.webp 150w, https:\/\/www.topchinapack.com\/wp-content\/uploads\/2025\/08\/custom-spout-pouches-for-juice-6-768x775.webp 768w, https:\/\/www.topchinapack.com\/wp-content\/uploads\/2025\/08\/custom-spout-pouches-for-juice-6-12x12.webp 12w, https:\/\/www.topchinapack.com\/wp-content\/uploads\/2025\/08\/custom-spout-pouches-for-juice-6-600x605.webp 600w, https:\/\/www.topchinapack.com\/wp-content\/uploads\/2025\/08\/custom-spout-pouches-for-juice-6-100x100.webp 100w\" sizes=\"(max-width: 800px) 100vw, 800px\" \/><\/figure>\n<\/div>\n<\/div>\n\n\n\n<div class=\"wp-block-columns is-layout-flex wp-container-core-columns-is-layout-9d6595d7 wp-block-columns-is-layout-flex\">\n<div class=\"wp-block-column is-layout-flow wp-block-column-is-layout-flow\"><\/div>\n\n\n\n<div class=\"wp-block-column is-layout-flow wp-block-column-is-layout-flow\"><\/div>\n<\/div>","protected":false},"excerpt":{"rendered":"<p>Nos sacs \u00e0 bec personnalis\u00e9s constituent la solution d'emballage id\u00e9ale pour les jus et les boissons. Fabriqu\u00e9s en PET et PE de qualit\u00e9 alimentaire, ces sacs offrent une excellente r\u00e9sistance \u00e0 l'humidit\u00e9, ce qui garantit la fra\u00eecheur de votre produit. Nous offrons des options de personnalisation compl\u00e8tes pour la taille, la couleur et le motif. Contactez-nous pour obtenir un devis sur nos services de sacs \u00e0 bec personnalis\u00e9s.<\/p>\n<h2>Caract\u00e9ristiques des poches \u00e0 bec personnalis\u00e9es pour boissons<\/h2>\n<p><strong>Service personnalis\u00e9 :<\/strong>\u00a0le mat\u00e9riau, la taille, l'impression, le motif et les options suppl\u00e9mentaires<br \/><strong>Proc\u00e9d\u00e9 d'impression :<\/strong>\u00a0impression en h\u00e9liogravure, jusqu'\u00e0 10 couleurs, possibilit\u00e9 d'impression personnalis\u00e9e<br \/><strong>Caract\u00e9ristiques :<\/strong>\u00a0durable, imperm\u00e9able<br \/><strong>D\u00e9lai de livraison :<\/strong>\u00a010-20 jours<br \/><strong>Soutien \u00e0 l'\u00e9chantillonnage gratuit<\/strong><br \/><strong>Certification :<\/strong> ISO, FDA, sans BPA, LFGB, norme europ\u00e9enne<\/p>\n<ul>\n<li><strong>PET\/PE blanc Mat\u00e9riau :<\/strong> Les poches \u00e0 bec sont fabriqu\u00e9es en PET de haute qualit\u00e9 et en PE blanc pour une plus grande solidit\u00e9 et une meilleure r\u00e9sistance \u00e0 l'humidit\u00e9.<\/li>\n<li><strong>Qualit\u00e9 alimentaire :<\/strong> Les poches \u00e0 bec sont fabriqu\u00e9es \u00e0 partir de mat\u00e9riaux certifi\u00e9s de qualit\u00e9 alimentaire, ce qui leur permet d'\u00eatre en contact direct avec les boissons. Les fabricants et les consommateurs ont ainsi l'esprit tranquille.<\/li>\n<li><strong>Personnalisable :<\/strong> Ces pochettes \u00e0 bec peuvent \u00eatre enti\u00e8rement personnalis\u00e9es avec votre marque et des \u00e9l\u00e9ments de design. Qu'il s'agisse du logo de votre entreprise, du nom du produit ou d'une illustration complexe, nous vous offrons la libert\u00e9 de cr\u00e9er un design unique qui attire l'attention.<\/li>\n<li><strong>Multi-extrusion :<\/strong> Ces sachets sont fabriqu\u00e9s \u00e0 l'aide d'un proc\u00e9d\u00e9 d'extrusion multiple, qui garantit un collage uniforme de toutes les couches du sachet, pour plus de solidit\u00e9 et de r\u00e9sistance aux fuites.<\/li>\n<li><strong>Service d'impression h\u00e9lio en dix couleurs :<\/strong> Notre service de pochettes \u00e0 bec personnalis\u00e9es utilise la technologie d'impression par h\u00e9liogravure, ce qui rend vos graphiques personnalis\u00e9s nets, \u00e9clatants et r\u00e9sistants \u00e0 la manipulation, \u00e0 la lumi\u00e8re du soleil et \u00e0 l'humidit\u00e9.<\/li>\n<\/ul>","protected":false},"featured_media":1919,"comment_status":"closed","ping_status":"closed","template":"","meta":{"_acf_changed":false},"product_brand":[],"product_cat":[22,39],"product_tag":[],"class_list":{"0":"post-1894","1":"product","2":"type-product","3":"status-publish","4":"has-post-thumbnail","6":"product_cat-custom-spout-pouches","7":"product_cat-custom-juice-spout-pouches","9":"first","10":"instock","11":"shipping-taxable","12":"product-type-simple"},"acf":[],"_links":{"self":[{"href":"https:\/\/www.topchinapack.com\/fr\/wp-json\/wp\/v2\/product\/1894","targetHints":{"allow":["GET"]}}],"collection":[{"href":"https:\/\/www.topchinapack.com\/fr\/wp-json\/wp\/v2\/product"}],"about":[{"href":"https:\/\/www.topchinapack.com\/fr\/wp-json\/wp\/v2\/types\/product"}],"replies":[{"embeddable":true,"href":"https:\/\/www.topchinapack.com\/fr\/wp-json\/wp\/v2\/comments?post=1894"}],"wp:featuredmedia":[{"embeddable":true,"href":"https:\/\/www.topchinapack.com\/fr\/wp-json\/wp\/v2\/media\/1919"}],"wp:attachment":[{"href":"https:\/\/www.topchinapack.com\/fr\/wp-json\/wp\/v2\/media?parent=1894"}],"wp:term":[{"taxonomy":"product_brand","embeddable":true,"href":"https:\/\/www.topchinapack.com\/fr\/wp-json\/wp\/v2\/product_brand?post=1894"},{"taxonomy":"product_cat","embeddable":true,"href":"https:\/\/www.topchinapack.com\/fr\/wp-json\/wp\/v2\/product_cat?post=1894"},{"taxonomy":"product_tag","embeddable":true,"href":"https:\/\/www.topchinapack.com\/fr\/wp-json\/wp\/v2\/product_tag?post=1894"}],"curies":[{"name":"wp","href":"https:\/\/api.w.org\/{rel}","templated":true}]}}