{"id":1895,"date":"2025-08-07T03:43:33","date_gmt":"2025-08-07T03:43:33","guid":{"rendered":"https:\/\/www.topchinapack.com\/?post_type=product&#038;p=1895"},"modified":"2025-11-17T07:36:23","modified_gmt":"2025-11-17T07:36:23","slug":"custom-spouted-stand-up-pouches","status":"publish","type":"product","link":"https:\/\/www.topchinapack.com\/fr\/produit\/custom-spouted-stand-up-pouches\/","title":{"rendered":"Pochette \u00e0 bec verseur pour l'emballage flexible de boissons sur mesure"},"content":{"rendered":"<div class=\"wp-block-columns is-layout-flex wp-container-core-columns-is-layout-9d6595d7 wp-block-columns-is-layout-flex\">\n<div class=\"wp-block-column is-layout-flow wp-block-column-is-layout-flow\">\n<figure class=\"wp-block-image size-full\"><img decoding=\"async\" width=\"800\" height=\"800\" src=\"https:\/\/www.topchinapack.com\/wp-content\/uploads\/2025\/08\/spouted-stand-up-pouch-5-1.webp\" alt=\"pochette \u00e0 bec verseur (5)\" class=\"wp-image-1937\" srcset=\"https:\/\/www.topchinapack.com\/wp-content\/uploads\/2025\/08\/spouted-stand-up-pouch-5-1.webp 800w, https:\/\/www.topchinapack.com\/wp-content\/uploads\/2025\/08\/spouted-stand-up-pouch-5-1-300x300.webp 300w, https:\/\/www.topchinapack.com\/wp-content\/uploads\/2025\/08\/spouted-stand-up-pouch-5-1-150x150.webp 150w, https:\/\/www.topchinapack.com\/wp-content\/uploads\/2025\/08\/spouted-stand-up-pouch-5-1-768x768.webp 768w, https:\/\/www.topchinapack.com\/wp-content\/uploads\/2025\/08\/spouted-stand-up-pouch-5-1-12x12.webp 12w, https:\/\/www.topchinapack.com\/wp-content\/uploads\/2025\/08\/spouted-stand-up-pouch-5-1-600x600.webp 600w, https:\/\/www.topchinapack.com\/wp-content\/uploads\/2025\/08\/spouted-stand-up-pouch-5-1-100x100.webp 100w\" sizes=\"(max-width: 800px) 100vw, 800px\" \/><\/figure>\n<\/div>\n\n\n\n<div class=\"wp-block-column is-layout-flow wp-block-column-is-layout-flow\">\n<figure class=\"wp-block-image size-full\"><img decoding=\"async\" width=\"800\" height=\"807\" src=\"https:\/\/www.topchinapack.com\/wp-content\/uploads\/2025\/08\/spouted-stand-up-pouch-6-1.webp\" alt=\"pochette \u00e0 bec verseur (6)\" class=\"wp-image-1938\" srcset=\"https:\/\/www.topchinapack.com\/wp-content\/uploads\/2025\/08\/spouted-stand-up-pouch-6-1.webp 800w, https:\/\/www.topchinapack.com\/wp-content\/uploads\/2025\/08\/spouted-stand-up-pouch-6-1-297x300.webp 297w, https:\/\/www.topchinapack.com\/wp-content\/uploads\/2025\/08\/spouted-stand-up-pouch-6-1-150x150.webp 150w, https:\/\/www.topchinapack.com\/wp-content\/uploads\/2025\/08\/spouted-stand-up-pouch-6-1-768x775.webp 768w, https:\/\/www.topchinapack.com\/wp-content\/uploads\/2025\/08\/spouted-stand-up-pouch-6-1-12x12.webp 12w, https:\/\/www.topchinapack.com\/wp-content\/uploads\/2025\/08\/spouted-stand-up-pouch-6-1-600x605.webp 600w, https:\/\/www.topchinapack.com\/wp-content\/uploads\/2025\/08\/spouted-stand-up-pouch-6-1-100x100.webp 100w\" sizes=\"(max-width: 800px) 100vw, 800px\" \/><\/figure>\n<\/div>\n<\/div>","protected":false},"excerpt":{"rendered":"<p>GQ PACK propose des sachets \u00e0 bec personnalis\u00e9s pour une grande vari\u00e9t\u00e9 de boissons, y compris les jus et les boissons non alcoolis\u00e9es. Nos sachets \u00e0 bec flexible de haute qualit\u00e9 sont con\u00e7us pour offrir une fra\u00eecheur et une commodit\u00e9 optimales. Personnalisables en termes de taille, de motif et de mat\u00e9riau, elles sont id\u00e9ales pour l'emballage au d\u00e9tail et en vrac. Contactez-nous pour obtenir un devis d'un fabricant de sachets \u00e0 bec fiable.<\/p>\n<h2>Caract\u00e9ristiques de la pochette \u00e0 soufflet<\/h2>\n<p><strong>Service personnalis\u00e9 :<\/strong>\u00a0le mat\u00e9riau, la taille, l'impression, le motif et les options suppl\u00e9mentaires<br \/><strong>Proc\u00e9d\u00e9 d'impression :<\/strong>\u00a0impression en h\u00e9liogravure, jusqu'\u00e0 10 couleurs, possibilit\u00e9 d'impression personnalis\u00e9e<br \/><strong>Caract\u00e9ristiques :<\/strong>\u00a0durable, imperm\u00e9able<br \/><strong>D\u00e9lai de livraison :<\/strong>\u00a010-20 jours<br \/><strong>Soutien \u00e0 l'\u00e9chantillonnage gratuit<\/strong><br \/><strong>Certification :<\/strong>\u00a0ISO, FDA, sans BPA, LFGB, norme europ\u00e9enne<\/p>\n<ul>\n<li><strong>Dur\u00e9e de conservation prolong\u00e9e :<\/strong> La combinaison du PET, de l'AL, du PA et du PE constitue une barri\u00e8re efficace contre l'humidit\u00e9 et l'oxyg\u00e8ne, ce qui contribue \u00e0 prolonger la dur\u00e9e de conservation des boissons, y compris les jus, les smoothies et les boissons laiti\u00e8res.<\/li>\n<li><strong>Peu encombrant et l\u00e9ger :<\/strong> Compar\u00e9s aux emballages rigides tels que les bouteilles en verre ou en plastique, les sachets \u00e0 becs verseurs sont l\u00e9gers et flexibles. Cela permet de r\u00e9duire l'espace de stockage et les co\u00fbts d'exp\u00e9dition, tout en \u00e9tant plus respectueux de l'environnement.<\/li>\n<li><strong>Refermable :<\/strong> Le sachet debout \u00e0 bec verseur est refermable, ce qui permet aux consommateurs de refermer le sachet apr\u00e8s l'avoir ouvert.<\/li>\n<li><strong>Solution d'emballage rentable :<\/strong> Les mat\u00e9riaux souples tels que les sachets \u00e0 bec verseur sont moins co\u00fbteux \u00e0 fabriquer et sont l\u00e9gers, ce qui r\u00e9duit les co\u00fbts d'exp\u00e9dition.<\/li>\n<li><strong>Service complet de pochettes \u00e0 bec personnalis\u00e9es :<\/strong> Gr\u00e2ce \u00e0 l'impression en h\u00e9liogravure en dix couleurs, nous produisons des graphiques de haute qualit\u00e9 qui am\u00e9liorent l'exp\u00e9rience du consommateur. Nous prenons \u00e9galement en charge la personnalisation en termes de taille, d'accessoires, de mat\u00e9riaux et d'autres dimensions.<\/li>\n<\/ul>","protected":false},"featured_media":1933,"comment_status":"closed","ping_status":"closed","template":"","meta":{"_acf_changed":false},"product_brand":[],"product_cat":[22,39],"product_tag":[],"class_list":{"0":"post-1895","1":"product","2":"type-product","3":"status-publish","4":"has-post-thumbnail","6":"product_cat-custom-spout-pouches","7":"product_cat-custom-juice-spout-pouches","9":"first","10":"instock","11":"shipping-taxable","12":"product-type-simple"},"acf":[],"_links":{"self":[{"href":"https:\/\/www.topchinapack.com\/fr\/wp-json\/wp\/v2\/product\/1895","targetHints":{"allow":["GET"]}}],"collection":[{"href":"https:\/\/www.topchinapack.com\/fr\/wp-json\/wp\/v2\/product"}],"about":[{"href":"https:\/\/www.topchinapack.com\/fr\/wp-json\/wp\/v2\/types\/product"}],"replies":[{"embeddable":true,"href":"https:\/\/www.topchinapack.com\/fr\/wp-json\/wp\/v2\/comments?post=1895"}],"wp:featuredmedia":[{"embeddable":true,"href":"https:\/\/www.topchinapack.com\/fr\/wp-json\/wp\/v2\/media\/1933"}],"wp:attachment":[{"href":"https:\/\/www.topchinapack.com\/fr\/wp-json\/wp\/v2\/media?parent=1895"}],"wp:term":[{"taxonomy":"product_brand","embeddable":true,"href":"https:\/\/www.topchinapack.com\/fr\/wp-json\/wp\/v2\/product_brand?post=1895"},{"taxonomy":"product_cat","embeddable":true,"href":"https:\/\/www.topchinapack.com\/fr\/wp-json\/wp\/v2\/product_cat?post=1895"},{"taxonomy":"product_tag","embeddable":true,"href":"https:\/\/www.topchinapack.com\/fr\/wp-json\/wp\/v2\/product_tag?post=1895"}],"curies":[{"name":"wp","href":"https:\/\/api.w.org\/{rel}","templated":true}]}}