{"id":1896,"date":"2025-08-07T04:34:59","date_gmt":"2025-08-07T04:34:59","guid":{"rendered":"https:\/\/www.topchinapack.com\/?post_type=product&#038;p=1896"},"modified":"2025-11-17T07:35:53","modified_gmt":"2025-11-17T07:35:53","slug":"custom-unique-shaped-spout-pouches","status":"publish","type":"product","link":"https:\/\/www.topchinapack.com\/fr\/produit\/custom-unique-shaped-spout-pouches\/","title":{"rendered":"Pochettes \u00e0 bec de forme unique pour le conditionnement de jus de fruits"},"content":{"rendered":"<div class=\"wp-block-columns is-layout-flex wp-container-core-columns-is-layout-9d6595d7 wp-block-columns-is-layout-flex\">\n<div class=\"wp-block-column is-layout-flow wp-block-column-is-layout-flow\">\n<figure class=\"wp-block-image size-full\"><img decoding=\"async\" width=\"800\" height=\"800\" src=\"https:\/\/www.topchinapack.com\/wp-content\/uploads\/2025\/08\/custom-unique-shaped-spout-pouches-5.webp\" alt=\"pochettes \u00e0 bec de forme unique et personnalis\u00e9e (5)\" class=\"wp-image-1945\" srcset=\"https:\/\/www.topchinapack.com\/wp-content\/uploads\/2025\/08\/custom-unique-shaped-spout-pouches-5.webp 800w, https:\/\/www.topchinapack.com\/wp-content\/uploads\/2025\/08\/custom-unique-shaped-spout-pouches-5-300x300.webp 300w, https:\/\/www.topchinapack.com\/wp-content\/uploads\/2025\/08\/custom-unique-shaped-spout-pouches-5-150x150.webp 150w, https:\/\/www.topchinapack.com\/wp-content\/uploads\/2025\/08\/custom-unique-shaped-spout-pouches-5-768x768.webp 768w, https:\/\/www.topchinapack.com\/wp-content\/uploads\/2025\/08\/custom-unique-shaped-spout-pouches-5-12x12.webp 12w, https:\/\/www.topchinapack.com\/wp-content\/uploads\/2025\/08\/custom-unique-shaped-spout-pouches-5-600x600.webp 600w, https:\/\/www.topchinapack.com\/wp-content\/uploads\/2025\/08\/custom-unique-shaped-spout-pouches-5-100x100.webp 100w\" sizes=\"(max-width: 800px) 100vw, 800px\" \/><\/figure>\n<\/div>\n\n\n\n<div class=\"wp-block-column is-layout-flow wp-block-column-is-layout-flow\">\n<figure class=\"wp-block-image size-full\"><img decoding=\"async\" width=\"800\" height=\"807\" src=\"https:\/\/www.topchinapack.com\/wp-content\/uploads\/2025\/08\/custom-unique-shaped-spout-pouches-6.webp\" alt=\"pochettes \u00e0 bec de forme unique et personnalis\u00e9e (6)\" class=\"wp-image-1946\" srcset=\"https:\/\/www.topchinapack.com\/wp-content\/uploads\/2025\/08\/custom-unique-shaped-spout-pouches-6.webp 800w, https:\/\/www.topchinapack.com\/wp-content\/uploads\/2025\/08\/custom-unique-shaped-spout-pouches-6-297x300.webp 297w, https:\/\/www.topchinapack.com\/wp-content\/uploads\/2025\/08\/custom-unique-shaped-spout-pouches-6-150x150.webp 150w, https:\/\/www.topchinapack.com\/wp-content\/uploads\/2025\/08\/custom-unique-shaped-spout-pouches-6-768x775.webp 768w, https:\/\/www.topchinapack.com\/wp-content\/uploads\/2025\/08\/custom-unique-shaped-spout-pouches-6-12x12.webp 12w, https:\/\/www.topchinapack.com\/wp-content\/uploads\/2025\/08\/custom-unique-shaped-spout-pouches-6-600x605.webp 600w, https:\/\/www.topchinapack.com\/wp-content\/uploads\/2025\/08\/custom-unique-shaped-spout-pouches-6-100x100.webp 100w\" sizes=\"(max-width: 800px) 100vw, 800px\" \/><\/figure>\n<\/div>\n<\/div>\n\n\n\n<div class=\"wp-block-columns is-layout-flex wp-container-core-columns-is-layout-9d6595d7 wp-block-columns-is-layout-flex\">\n<div class=\"wp-block-column is-layout-flow wp-block-column-is-layout-flow\"><\/div>\n\n\n\n<div class=\"wp-block-column is-layout-flow wp-block-column-is-layout-flow\"><\/div>\n<\/div>","protected":false},"excerpt":{"rendered":"<p>Les sachets \u00e0 bec personnalis\u00e9s de qualit\u00e9 alimentaire constituent une solution pratique et rentable pour l'emballage des boissons. Fabriqu\u00e9s \u00e0 partir de mat\u00e9riaux de haute qualit\u00e9 r\u00e9sistant \u00e0 l'humidit\u00e9, ils permettent de pr\u00e9server la fra\u00eecheur du produit tout en facilitant le retrait du contenu et la refermeture.<\/p>\n<p>GQ PACK offre un service enti\u00e8rement personnalisable pour les pochettes \u00e0 bec personnalis\u00e9es, y compris la personnalisation du logo, de la taille et du mat\u00e9riau. Contactez-nous pour un devis en usine.<\/p>\n<h2>Caract\u00e9ristiques du sac \u00e0 bec debout personnalis\u00e9<\/h2>\n<p><strong>Service personnalis\u00e9 :<\/strong>\u00a0le mat\u00e9riau, la taille, l'impression, le motif et les options suppl\u00e9mentaires<br \/><strong>Proc\u00e9d\u00e9 d'impression :<\/strong>\u00a0impression en h\u00e9liogravure, jusqu'\u00e0 10 couleurs, possibilit\u00e9 d'impression personnalis\u00e9e<br \/><strong>Caract\u00e9ristiques :<\/strong>\u00a0durable, imperm\u00e9able<br \/><strong>D\u00e9lai de livraison :<\/strong>\u00a010-20 jours<br \/><strong>Soutien \u00e0 l'\u00e9chantillonnage gratuit<\/strong><br \/><strong>Certification :<\/strong>\u00a0ISO, FDA, sans BPA, LFGB, norme europ\u00e9enne<\/p>\n<ul>\n<li><strong>Pratique et facile \u00e0 utiliser :<\/strong> Le bec verseur permet de verser et de refermer facilement, r\u00e9duisant ainsi le risque de renversement et de gaspillage pour les boissons telles que les jus, les smoothies et les sauces.<\/li>\n<li><strong>Dur\u00e9e de conservation prolong\u00e9e :<\/strong> Fabriqu\u00e9s \u00e0 partir de mat\u00e9riaux PET\/AL\/PET\/PE de qualit\u00e9 alimentaire, ces sacs offrent une excellente protection contre l'humidit\u00e9, l'oxyg\u00e8ne et la lumi\u00e8re. Ils pr\u00e9servent la fra\u00eecheur et la qualit\u00e9 des boissons plus longtemps, m\u00eame sans r\u00e9frig\u00e9ration.<\/li>\n<li><strong>Conception peu encombrante :<\/strong> Les sachets \u00e0 bec sont compacts et flexibles, ce qui les rend plus faciles \u00e0 stocker et \u00e0 transporter que les bouteilles ou les cartons traditionnels. Leur forme peut \u00eatre adapt\u00e9e \u00e0 diff\u00e9rents besoins d'emballage, ce qui r\u00e9duit les co\u00fbts de stockage.<\/li>\n<li><strong>Personnalisation :<\/strong> Ces sacs sont enti\u00e8rement personnalisables en termes de taille, de forme, de mat\u00e9riau et de marque. Les entreprises peuvent concevoir des sachets qui correspondent \u00e0 l'esth\u00e9tique de leur marque et aux caract\u00e9ristiques de leurs produits, cr\u00e9ant ainsi une option d'emballage unique et esth\u00e9tique.<\/li>\n<li><strong>Convivialit\u00e9 pour le consommateur :<\/strong> La conception du bec permet aux consommateurs de contr\u00f4ler facilement la quantit\u00e9 de liquide distribu\u00e9e, ce qui leur permet d'obtenir la bonne quantit\u00e9 sans effort.<\/li>\n<\/ul>","protected":false},"featured_media":1941,"comment_status":"closed","ping_status":"closed","template":"","meta":{"_acf_changed":false},"product_brand":[],"product_cat":[22,39],"product_tag":[],"class_list":{"0":"post-1896","1":"product","2":"type-product","3":"status-publish","4":"has-post-thumbnail","6":"product_cat-custom-spout-pouches","7":"product_cat-custom-juice-spout-pouches","9":"first","10":"instock","11":"shipping-taxable","12":"product-type-simple"},"acf":[],"_links":{"self":[{"href":"https:\/\/www.topchinapack.com\/fr\/wp-json\/wp\/v2\/product\/1896","targetHints":{"allow":["GET"]}}],"collection":[{"href":"https:\/\/www.topchinapack.com\/fr\/wp-json\/wp\/v2\/product"}],"about":[{"href":"https:\/\/www.topchinapack.com\/fr\/wp-json\/wp\/v2\/types\/product"}],"replies":[{"embeddable":true,"href":"https:\/\/www.topchinapack.com\/fr\/wp-json\/wp\/v2\/comments?post=1896"}],"wp:featuredmedia":[{"embeddable":true,"href":"https:\/\/www.topchinapack.com\/fr\/wp-json\/wp\/v2\/media\/1941"}],"wp:attachment":[{"href":"https:\/\/www.topchinapack.com\/fr\/wp-json\/wp\/v2\/media?parent=1896"}],"wp:term":[{"taxonomy":"product_brand","embeddable":true,"href":"https:\/\/www.topchinapack.com\/fr\/wp-json\/wp\/v2\/product_brand?post=1896"},{"taxonomy":"product_cat","embeddable":true,"href":"https:\/\/www.topchinapack.com\/fr\/wp-json\/wp\/v2\/product_cat?post=1896"},{"taxonomy":"product_tag","embeddable":true,"href":"https:\/\/www.topchinapack.com\/fr\/wp-json\/wp\/v2\/product_tag?post=1896"}],"curies":[{"name":"wp","href":"https:\/\/api.w.org\/{rel}","templated":true}]}}