{"id":1897,"date":"2025-08-07T06:22:53","date_gmt":"2025-08-07T06:22:53","guid":{"rendered":"https:\/\/www.topchinapack.com\/?post_type=product&#038;p=1897"},"modified":"2025-11-17T07:35:07","modified_gmt":"2025-11-17T07:35:07","slug":"custom-printed-spout-pouches-for-drinks","status":"publish","type":"product","link":"https:\/\/www.topchinapack.com\/fr\/produit\/custom-printed-spout-pouches-for-drinks\/","title":{"rendered":"Pochettes \u00e0 bec imprim\u00e9es sur mesure pour boissons, jus de fruits, aliments pour b\u00e9b\u00e9s"},"content":{"rendered":"<div class=\"wp-block-columns is-layout-flex wp-container-core-columns-is-layout-9d6595d7 wp-block-columns-is-layout-flex\">\n<div class=\"wp-block-column is-layout-flow wp-block-column-is-layout-flow\">\n<figure class=\"wp-block-image size-full\"><img decoding=\"async\" width=\"800\" height=\"800\" src=\"https:\/\/www.topchinapack.com\/wp-content\/uploads\/2025\/08\/custom-printed-spout-pouches-4.webp\" alt=\"pochettes \u00e0 bec imprim\u00e9es sur mesure (4)\" class=\"wp-image-1952\" srcset=\"https:\/\/www.topchinapack.com\/wp-content\/uploads\/2025\/08\/custom-printed-spout-pouches-4.webp 800w, https:\/\/www.topchinapack.com\/wp-content\/uploads\/2025\/08\/custom-printed-spout-pouches-4-300x300.webp 300w, https:\/\/www.topchinapack.com\/wp-content\/uploads\/2025\/08\/custom-printed-spout-pouches-4-150x150.webp 150w, https:\/\/www.topchinapack.com\/wp-content\/uploads\/2025\/08\/custom-printed-spout-pouches-4-768x768.webp 768w, https:\/\/www.topchinapack.com\/wp-content\/uploads\/2025\/08\/custom-printed-spout-pouches-4-12x12.webp 12w, https:\/\/www.topchinapack.com\/wp-content\/uploads\/2025\/08\/custom-printed-spout-pouches-4-600x600.webp 600w, https:\/\/www.topchinapack.com\/wp-content\/uploads\/2025\/08\/custom-printed-spout-pouches-4-100x100.webp 100w\" sizes=\"(max-width: 800px) 100vw, 800px\" \/><\/figure>\n<\/div>\n\n\n\n<div class=\"wp-block-column is-layout-flow wp-block-column-is-layout-flow\">\n<figure class=\"wp-block-image size-full\"><img decoding=\"async\" width=\"800\" height=\"800\" src=\"https:\/\/www.topchinapack.com\/wp-content\/uploads\/2025\/08\/custom-printed-spout-pouches-5.webp\" alt=\"pochettes \u00e0 bec imprim\u00e9es sur mesure (5)\" class=\"wp-image-1953\" srcset=\"https:\/\/www.topchinapack.com\/wp-content\/uploads\/2025\/08\/custom-printed-spout-pouches-5.webp 800w, https:\/\/www.topchinapack.com\/wp-content\/uploads\/2025\/08\/custom-printed-spout-pouches-5-300x300.webp 300w, https:\/\/www.topchinapack.com\/wp-content\/uploads\/2025\/08\/custom-printed-spout-pouches-5-150x150.webp 150w, https:\/\/www.topchinapack.com\/wp-content\/uploads\/2025\/08\/custom-printed-spout-pouches-5-768x768.webp 768w, https:\/\/www.topchinapack.com\/wp-content\/uploads\/2025\/08\/custom-printed-spout-pouches-5-12x12.webp 12w, https:\/\/www.topchinapack.com\/wp-content\/uploads\/2025\/08\/custom-printed-spout-pouches-5-600x600.webp 600w, https:\/\/www.topchinapack.com\/wp-content\/uploads\/2025\/08\/custom-printed-spout-pouches-5-100x100.webp 100w\" sizes=\"(max-width: 800px) 100vw, 800px\" \/><\/figure>\n<\/div>\n<\/div>\n\n\n\n<div class=\"wp-block-columns is-layout-flex wp-container-core-columns-is-layout-9d6595d7 wp-block-columns-is-layout-flex\">\n<div class=\"wp-block-column is-layout-flow wp-block-column-is-layout-flow\"><\/div>\n\n\n\n<div class=\"wp-block-column is-layout-flow wp-block-column-is-layout-flow\"><\/div>\n<\/div>","protected":false},"excerpt":{"rendered":"<p>Notre service de pochettes \u00e0 bec personnalis\u00e9es rehausse l'emballage de vos produits. Id\u00e9ales pour les boissons, les jus de fruits, les aliments pour b\u00e9b\u00e9s et autres, ces poches \u00e0 bec personnalisables se caract\u00e9risent par une impression vibrante de haute qualit\u00e9, des mat\u00e9riaux respectueux de l'environnement et une conception \u00e9tanche. Des tailles, des formes et des mat\u00e9riaux personnalis\u00e9s sont disponibles pour garantir la fonctionnalit\u00e9 et la reconnaissance de la marque.<\/p>\n<h2>Caract\u00e9ristiques des pochettes \u00e0 bec imprim\u00e9es sur mesure<\/h2>\n<p><strong>Service personnalis\u00e9 :<\/strong>\u00a0le mat\u00e9riau, la taille, l'impression, le motif et les options suppl\u00e9mentaires<br \/><strong>Proc\u00e9d\u00e9 d'impression :<\/strong>\u00a0impression en h\u00e9liogravure, jusqu'\u00e0 10 couleurs, possibilit\u00e9 d'impression personnalis\u00e9e<br \/><strong>Caract\u00e9ristiques :<\/strong>\u00a0durable, imperm\u00e9able<br \/><strong>D\u00e9lai de livraison :<\/strong>\u00a010-20 jours<br \/><strong>Soutien \u00e0 l'\u00e9chantillonnage gratuit<\/strong><br \/><strong>Certification :<\/strong>\u00a0ISO, FDA, sans BPA, LFGB, norme europ\u00e9enne<\/p>\n<ul>\n<li><strong>Pratique et portable :<\/strong> La pochette \u00e0 bec est facile \u00e0 verser. Elle est donc portable et pratique pour boire en d\u00e9placement. Il est parfait pour les boissons, les jus de fruits et les aliments pour b\u00e9b\u00e9s. Les parents occup\u00e9s et les voyageurs en profitent tout particuli\u00e8rement.<\/li>\n<li><strong>Marquage personnalis\u00e9 :<\/strong> Ces pochettes offrent d'excellentes possibilit\u00e9s de marquage. Les marques peuvent y imprimer leurs logos, leurs dessins et les informations relatives \u00e0 leurs produits. Cela permet d'am\u00e9liorer la visibilit\u00e9 du produit et la port\u00e9e du march\u00e9.<\/li>\n<li><strong>L\u00e9ger et peu encombrant :<\/strong> Les poches \u00e0 bec sont plus l\u00e9g\u00e8res et plus compactes que les bouteilles ou bocaux traditionnels. Ils prennent moins de place pour le stockage et le transport. Cette caract\u00e9ristique est id\u00e9ale pour le commerce de d\u00e9tail et la distribution.<\/li>\n<li><strong>Dur\u00e9e de conservation prolong\u00e9e :<\/strong> Le mat\u00e9riau multicouche de la poche \u00e0 bec prot\u00e8ge de l'humidit\u00e9, de l'oxyg\u00e8ne et de la lumi\u00e8re. Cela permet de conserver la fra\u00eecheur et la qualit\u00e9 du contenu. Il est particuli\u00e8rement utile pour les jus de fruits, les aliments pour b\u00e9b\u00e9s et d'autres produits qui s'ab\u00eement facilement.<\/li>\n<li><strong>Service de pochette \u00e0 bec personnalis\u00e9e :<\/strong> Vous pouvez choisir la taille, la forme et le mat\u00e9riau du sachet \u00e0 bec en fonction des besoins sp\u00e9cifiques de votre produit. Qu'il s'agisse d'un sachet \u00e0 fond plat, d'un sachet \u00e0 bec plat ou d'un design plus innovant.<\/li>\n<\/ul>","protected":false},"featured_media":1949,"comment_status":"closed","ping_status":"closed","template":"","meta":{"_acf_changed":true},"product_brand":[],"product_cat":[22,39],"product_tag":[],"class_list":{"0":"post-1897","1":"product","2":"type-product","3":"status-publish","4":"has-post-thumbnail","6":"product_cat-custom-spout-pouches","7":"product_cat-custom-juice-spout-pouches","9":"first","10":"instock","11":"shipping-taxable","12":"product-type-simple"},"acf":[],"_links":{"self":[{"href":"https:\/\/www.topchinapack.com\/fr\/wp-json\/wp\/v2\/product\/1897","targetHints":{"allow":["GET"]}}],"collection":[{"href":"https:\/\/www.topchinapack.com\/fr\/wp-json\/wp\/v2\/product"}],"about":[{"href":"https:\/\/www.topchinapack.com\/fr\/wp-json\/wp\/v2\/types\/product"}],"replies":[{"embeddable":true,"href":"https:\/\/www.topchinapack.com\/fr\/wp-json\/wp\/v2\/comments?post=1897"}],"wp:featuredmedia":[{"embeddable":true,"href":"https:\/\/www.topchinapack.com\/fr\/wp-json\/wp\/v2\/media\/1949"}],"wp:attachment":[{"href":"https:\/\/www.topchinapack.com\/fr\/wp-json\/wp\/v2\/media?parent=1897"}],"wp:term":[{"taxonomy":"product_brand","embeddable":true,"href":"https:\/\/www.topchinapack.com\/fr\/wp-json\/wp\/v2\/product_brand?post=1897"},{"taxonomy":"product_cat","embeddable":true,"href":"https:\/\/www.topchinapack.com\/fr\/wp-json\/wp\/v2\/product_cat?post=1897"},{"taxonomy":"product_tag","embeddable":true,"href":"https:\/\/www.topchinapack.com\/fr\/wp-json\/wp\/v2\/product_tag?post=1897"}],"curies":[{"name":"wp","href":"https:\/\/api.w.org\/{rel}","templated":true}]}}