{"id":1899,"date":"2025-08-07T13:42:59","date_gmt":"2025-08-07T13:42:59","guid":{"rendered":"https:\/\/www.topchinapack.com\/?post_type=product&#038;p=1899"},"modified":"2025-11-17T07:33:47","modified_gmt":"2025-11-17T07:33:47","slug":"custom-stand-up-spout-bag","status":"publish","type":"product","link":"https:\/\/www.topchinapack.com\/fr\/produit\/custom-stand-up-spout-bag\/","title":{"rendered":"Sac \u00e0 bec debout personnalis\u00e9, pochette \u00e0 bec pour aliments pour b\u00e9b\u00e9s, jus de fruits, boissons"},"content":{"rendered":"<div class=\"wp-block-columns is-layout-flex wp-container-core-columns-is-layout-9d6595d7 wp-block-columns-is-layout-flex\">\n<div class=\"wp-block-column is-layout-flow wp-block-column-is-layout-flow\">\n<figure class=\"wp-block-image size-full\"><img decoding=\"async\" width=\"800\" height=\"800\" src=\"https:\/\/www.topchinapack.com\/wp-content\/uploads\/2025\/08\/custom-stand-up-spout-bag-5.webp\" alt=\"sac \u00e0 bec personnalis\u00e9 (5)\" class=\"wp-image-1960\" srcset=\"https:\/\/www.topchinapack.com\/wp-content\/uploads\/2025\/08\/custom-stand-up-spout-bag-5.webp 800w, https:\/\/www.topchinapack.com\/wp-content\/uploads\/2025\/08\/custom-stand-up-spout-bag-5-300x300.webp 300w, https:\/\/www.topchinapack.com\/wp-content\/uploads\/2025\/08\/custom-stand-up-spout-bag-5-150x150.webp 150w, https:\/\/www.topchinapack.com\/wp-content\/uploads\/2025\/08\/custom-stand-up-spout-bag-5-768x768.webp 768w, https:\/\/www.topchinapack.com\/wp-content\/uploads\/2025\/08\/custom-stand-up-spout-bag-5-12x12.webp 12w, https:\/\/www.topchinapack.com\/wp-content\/uploads\/2025\/08\/custom-stand-up-spout-bag-5-600x600.webp 600w, https:\/\/www.topchinapack.com\/wp-content\/uploads\/2025\/08\/custom-stand-up-spout-bag-5-100x100.webp 100w\" sizes=\"(max-width: 800px) 100vw, 800px\" \/><\/figure>\n<\/div>\n\n\n\n<div class=\"wp-block-column is-layout-flow wp-block-column-is-layout-flow\">\n<figure class=\"wp-block-image size-full\"><img decoding=\"async\" width=\"800\" height=\"800\" src=\"https:\/\/www.topchinapack.com\/wp-content\/uploads\/2025\/08\/custom-stand-up-spout-bag-6.webp\" alt=\"sac \u00e0 bec debout personnalis\u00e9 (6)\" class=\"wp-image-1961\" srcset=\"https:\/\/www.topchinapack.com\/wp-content\/uploads\/2025\/08\/custom-stand-up-spout-bag-6.webp 800w, https:\/\/www.topchinapack.com\/wp-content\/uploads\/2025\/08\/custom-stand-up-spout-bag-6-300x300.webp 300w, https:\/\/www.topchinapack.com\/wp-content\/uploads\/2025\/08\/custom-stand-up-spout-bag-6-150x150.webp 150w, https:\/\/www.topchinapack.com\/wp-content\/uploads\/2025\/08\/custom-stand-up-spout-bag-6-768x768.webp 768w, https:\/\/www.topchinapack.com\/wp-content\/uploads\/2025\/08\/custom-stand-up-spout-bag-6-12x12.webp 12w, https:\/\/www.topchinapack.com\/wp-content\/uploads\/2025\/08\/custom-stand-up-spout-bag-6-600x600.webp 600w, https:\/\/www.topchinapack.com\/wp-content\/uploads\/2025\/08\/custom-stand-up-spout-bag-6-100x100.webp 100w\" sizes=\"(max-width: 800px) 100vw, 800px\" \/><\/figure>\n<\/div>\n<\/div>\n\n\n\n<div class=\"wp-block-columns is-layout-flex wp-container-core-columns-is-layout-9d6595d7 wp-block-columns-is-layout-flex\">\n<div class=\"wp-block-column is-layout-flow wp-block-column-is-layout-flow\"><\/div>\n\n\n\n<div class=\"wp-block-column is-layout-flow wp-block-column-is-layout-flow\"><\/div>\n<\/div>","protected":false},"excerpt":{"rendered":"<p>GQ PACK propose aux utilisateurs du monde entier un service personnalis\u00e9 de sacs \u00e0 bec verseur. Fabriqu\u00e9s \u00e0 partir de mat\u00e9riaux de qualit\u00e9 alimentaire et sans BPA, ces sacs \u00e0 bec sont adapt\u00e9s \u00e0 l'emballage d'aliments pour b\u00e9b\u00e9s, de jus de fruits, de smoothies et d'autres produits liquides. La taille, la forme, l'impression et les accessoires sont enti\u00e8rement personnalisables pour r\u00e9pondre aux besoins de votre marque.<\/p>\n<h2>Caract\u00e9ristiques du sac \u00e0 bec Custom Stand up<\/h2>\n<p><strong>Service personnalis\u00e9 :<\/strong>\u00a0le mat\u00e9riau, la taille, l'impression, le motif et les options suppl\u00e9mentaires<br \/><strong>Proc\u00e9d\u00e9 d'impression :<\/strong>\u00a0impression en h\u00e9liogravure, jusqu'\u00e0 10 couleurs, possibilit\u00e9 d'impression personnalis\u00e9e<br \/><strong>Caract\u00e9ristiques :<\/strong>\u00a0durable, imperm\u00e9able<br \/><strong>D\u00e9lai de livraison :<\/strong>\u00a010-20 jours<br \/><strong>Soutien \u00e0 l'\u00e9chantillonnage gratuit<\/strong><br \/><strong>Certification :<\/strong>\u00a0ISO, FDA, sans BPA, LFGB, norme europ\u00e9enne<\/p>\n<ul>\n<li><strong>Pratique et facile \u00e0 utiliser :<\/strong> Le bec int\u00e9gr\u00e9 du sac \u00e0 bec permet de verser, de boire ou de presser facilement le contenu, ce qui le rend id\u00e9al pour les enfants ou les personnes en d\u00e9placement.<\/li>\n<li><strong>Barri\u00e8re de protection solide :<\/strong> Nos sacs \u00e0 becs verseurs personnalis\u00e9s sont fabriqu\u00e9s \u00e0 partir d'un film composite multicouche qui bloque efficacement l'oxyg\u00e8ne, l'humidit\u00e9 et les rayons UV.<\/li>\n<li><strong>Stabilit\u00e9 debout :<\/strong> Le soufflet inf\u00e9rieur permet au sac de se tenir debout sur l'\u00e9tag\u00e8re, am\u00e9liorant ainsi la visibilit\u00e9 du produit et l'efficacit\u00e9 du stockage.<\/li>\n<li><strong>Sans danger pour les aliments :<\/strong> Nos sacs \u00e0 bec verseur sont fabriqu\u00e9s \u00e0 partir de mat\u00e9riaux de qualit\u00e9 alimentaire, sans BPA, qui r\u00e9pondent aux normes internationales de s\u00e9curit\u00e9 pour les aliments et les boissons pour b\u00e9b\u00e9s.<\/li>\n<li><strong>Designs personnalisables :<\/strong> Nous proposons une impression personnalis\u00e9e en couleur, une vari\u00e9t\u00e9 de tailles et d'emplacements de becs verseurs pour r\u00e9pondre aux exigences de votre marque et de votre produit.<\/li>\n<\/ul>","protected":false},"featured_media":1956,"comment_status":"closed","ping_status":"closed","template":"","meta":{"_acf_changed":true},"product_brand":[],"product_cat":[22,39],"product_tag":[],"class_list":{"0":"post-1899","1":"product","2":"type-product","3":"status-publish","4":"has-post-thumbnail","6":"product_cat-custom-spout-pouches","7":"product_cat-custom-juice-spout-pouches","9":"first","10":"instock","11":"shipping-taxable","12":"product-type-simple"},"acf":[],"_links":{"self":[{"href":"https:\/\/www.topchinapack.com\/fr\/wp-json\/wp\/v2\/product\/1899","targetHints":{"allow":["GET"]}}],"collection":[{"href":"https:\/\/www.topchinapack.com\/fr\/wp-json\/wp\/v2\/product"}],"about":[{"href":"https:\/\/www.topchinapack.com\/fr\/wp-json\/wp\/v2\/types\/product"}],"replies":[{"embeddable":true,"href":"https:\/\/www.topchinapack.com\/fr\/wp-json\/wp\/v2\/comments?post=1899"}],"wp:featuredmedia":[{"embeddable":true,"href":"https:\/\/www.topchinapack.com\/fr\/wp-json\/wp\/v2\/media\/1956"}],"wp:attachment":[{"href":"https:\/\/www.topchinapack.com\/fr\/wp-json\/wp\/v2\/media?parent=1899"}],"wp:term":[{"taxonomy":"product_brand","embeddable":true,"href":"https:\/\/www.topchinapack.com\/fr\/wp-json\/wp\/v2\/product_brand?post=1899"},{"taxonomy":"product_cat","embeddable":true,"href":"https:\/\/www.topchinapack.com\/fr\/wp-json\/wp\/v2\/product_cat?post=1899"},{"taxonomy":"product_tag","embeddable":true,"href":"https:\/\/www.topchinapack.com\/fr\/wp-json\/wp\/v2\/product_tag?post=1899"}],"curies":[{"name":"wp","href":"https:\/\/api.w.org\/{rel}","templated":true}]}}